{"id":622,"date":"2025-11-11T12:57:36","date_gmt":"2025-11-11T12:57:36","guid":{"rendered":"https:\/\/windmedya.net\/sagun\/?page_id=622"},"modified":"2025-12-29T11:29:16","modified_gmt":"2025-12-29T11:29:16","slug":"levrek","status":"publish","type":"page","link":"https:\/\/windmedya.net\/sagun\/index.php\/levrek\/","title":{"rendered":"Levrek"},"content":{"rendered":"\t\t<div data-elementor-type=\"wp-page\" data-elementor-id=\"622\" class=\"elementor elementor-622\" data-elementor-settings=\"{&quot;ha_cmc_init_switcher&quot;:&quot;no&quot;}\" data-elementor-post-type=\"page\">\n\t\t\t\t<div class=\"elementor-element elementor-element-1fbc4e2 e-flex e-con-boxed e-con e-parent\" data-id=\"1fbc4e2\" data-element_type=\"container\" data-settings=\"{&quot;background_background&quot;:&quot;classic&quot;,&quot;_ha_eqh_enable&quot;:false}\">\n\t\t\t\t\t<div class=\"e-con-inner\">\n\t\t<div class=\"elementor-element elementor-element-50f3eab e-con-full e-flex e-con e-child\" data-id=\"50f3eab\" data-element_type=\"container\" data-settings=\"{&quot;_ha_eqh_enable&quot;:false}\">\n\t\t\t\t<div class=\"elementor-element elementor-element-50bd1c3 elementor-widget elementor-widget-heading\" data-id=\"50bd1c3\" data-element_type=\"widget\" data-widget_type=\"heading.default\">\n\t\t\t\t\t<h2 class=\"elementor-heading-title elementor-size-default\">LEVREK<\/h2>\t\t\t\t<\/div>\n\t\t\t\t<\/div>\n\t\t\t\t\t<\/div>\n\t\t\t\t<\/div>\n\t\t<div class=\"elementor-element elementor-element-7c760056 e-flex e-con-boxed e-con e-parent\" data-id=\"7c760056\" data-element_type=\"container\" data-settings=\"{&quot;_ha_eqh_enable&quot;:false}\">\n\t\t\t\t\t<div class=\"e-con-inner\">\n\t\t<div class=\"elementor-element elementor-element-d656117 e-con-full e-flex e-con e-child\" data-id=\"d656117\" data-element_type=\"container\" data-settings=\"{&quot;_ha_eqh_enable&quot;:false}\">\n\t\t\t\t<div class=\"elementor-element elementor-element-c0c1085 elementor-invisible elementor-widget elementor-widget-image\" data-id=\"c0c1085\" data-element_type=\"widget\" data-settings=\"{&quot;_animation&quot;:&quot;fadeInLeft&quot;}\" data-widget_type=\"image.default\">\n\t\t\t\t\t\t\t\t\t\t\t\t\t\t\t<img decoding=\"async\" src=\"https:\/\/windmedya.net\/sagun\/wp-content\/uploads\/elementor\/thumbs\/levrek-14214985-rejt55ugp7nyzm1l2zzj8njayalmmmr9tvhbhn0ax8.jpg\" title=\"levrek-14214985\" alt=\"levrek-14214985\" loading=\"lazy\" \/>\t\t\t\t\t\t\t\t\t\t\t\t\t\t\t<\/div>\n\t\t\t\t<div class=\"elementor-element elementor-element-2d73fc13 elementor-widget__width-initial elementor-absolute ha-has-bg-overlay elementor-invisible elementor-widget elementor-widget-spacer\" data-id=\"2d73fc13\" data-element_type=\"widget\" data-settings=\"{&quot;_position&quot;:&quot;absolute&quot;,&quot;_animation&quot;:&quot;zoomIn&quot;}\" data-widget_type=\"spacer.default\">\n\t\t\t\t\t\t\t<div class=\"elementor-spacer\">\n\t\t\t<div class=\"elementor-spacer-inner\"><\/div>\n\t\t<\/div>\n\t\t\t\t\t\t<\/div>\n\t\t\t\t<\/div>\n\t\t<div class=\"elementor-element elementor-element-5aac7b53 e-con-full e-flex elementor-invisible e-con e-child\" data-id=\"5aac7b53\" data-element_type=\"container\" data-settings=\"{&quot;animation&quot;:&quot;fadeInRight&quot;,&quot;_ha_eqh_enable&quot;:false}\">\n\t\t\t\t<div class=\"elementor-element elementor-element-490bd1b5 elementor-widget elementor-widget-heading\" data-id=\"490bd1b5\" data-element_type=\"widget\" data-widget_type=\"heading.default\">\n\t\t\t\t\t<h2 class=\"elementor-heading-title elementor-size-default\">Levrek<\/h2>\t\t\t\t<\/div>\n\t\t\t\t<div class=\"elementor-element elementor-element-6ac24823 elementor-widget__width-initial elementor-widget elementor-widget-text-editor\" data-id=\"6ac24823\" data-element_type=\"widget\" data-widget_type=\"text-editor.default\">\n\t\t\t\t\t\t\t\t\t<p>Levrek, ince ve pul pul beyaz eti ile hafif, hafif tatl\u0131 lezzetiyle tan\u0131nan de\u011ferli bir bal\u0131kt\u0131r. Kalori a\u00e7\u0131s\u0131ndan d\u00fc\u015f\u00fck, ancak y\u00fcksek kaliteli protein, omega-3 ya\u011f asitleri ve selenyum, fosfor ve B vitaminleri gibi \u00f6nemli besin maddeleri bak\u0131m\u0131ndan zengindir ve genel sa\u011fl\u0131k \u00fczerinde olumlu etkiler sa\u011flar. \u00c7ok y\u00f6nl\u00fcl\u00fc\u011f\u00fc, onu \u015fefler ve evde yemek yapanlar aras\u0131nda pop\u00fcler bir se\u00e7im haline getirir; geni\u015f bir yelpazede mutfak haz\u0131rl\u0131klar\u0131na uyum sa\u011flar.<\/p><p>Latince \u0130smi: DICENTRARCHUS LABRAX<\/p><p>B\u00fct\u00fcn Levrek (Whole Round)<\/p><p>\u0130\u00e7i Temizlenmi\u015f B\u00fct\u00fcn Levrek (Whole Gutted)<\/p><p>Levrek Fileto \/ Derili \/ Pulsuz \/ Derisiz (Fillets)<\/p><table><tbody><tr><td><p class=\"urun-ic-p4\">Taze\/So\u011futulmu\u015f &amp; Dondurulmu\u015f<\/p><\/td><\/tr><tr><td><p class=\"urun-ic-p5\">Boylar : 200\/300; 300\/400; 400\/600; 600\/800; 800\/1000; 1000 +<\/p><\/td><\/tr><tr><td><p class=\"urun-ic-p7\">5 kg, 6 kg veya 10 kg\u2019lik kolilerde ambalajl\u0131<\/p><\/td><\/tr><\/tbody><\/table>\t\t\t\t\t\t\t\t<\/div>\n\t\t\t\t<\/div>\n\t\t\t\t\t<\/div>\n\t\t\t\t<\/div>\n\t\t\t\t<\/div>\n\t\t","protected":false},"excerpt":{"rendered":"<p>LEVREK Levrek Levrek, ince ve pul pul beyaz eti ile hafif, hafif tatl\u0131 lezzetiyle tan\u0131nan de\u011ferli bir bal\u0131kt\u0131r. Kalori a\u00e7\u0131s\u0131ndan d\u00fc\u015f\u00fck, ancak y\u00fcksek kaliteli protein, omega-3 ya\u011f asitleri ve selenyum, fosfor ve B vitaminleri gibi \u00f6nemli besin maddeleri bak\u0131m\u0131ndan zengindir ve genel sa\u011fl\u0131k \u00fczerinde olumlu etkiler sa\u011flar. \u00c7ok y\u00f6nl\u00fcl\u00fc\u011f\u00fc, onu \u015fefler ve evde yemek yapanlar [&hellip;]<\/p>\n","protected":false},"author":1,"featured_media":0,"parent":0,"menu_order":0,"comment_status":"closed","ping_status":"closed","template":"elementor_header_footer","meta":{"footnotes":""},"class_list":["post-622","page","type-page","status-publish","hentry"],"_links":{"self":[{"href":"https:\/\/windmedya.net\/sagun\/index.php\/wp-json\/wp\/v2\/pages\/622","targetHints":{"allow":["GET"]}}],"collection":[{"href":"https:\/\/windmedya.net\/sagun\/index.php\/wp-json\/wp\/v2\/pages"}],"about":[{"href":"https:\/\/windmedya.net\/sagun\/index.php\/wp-json\/wp\/v2\/types\/page"}],"author":[{"embeddable":true,"href":"https:\/\/windmedya.net\/sagun\/index.php\/wp-json\/wp\/v2\/users\/1"}],"replies":[{"embeddable":true,"href":"https:\/\/windmedya.net\/sagun\/index.php\/wp-json\/wp\/v2\/comments?post=622"}],"version-history":[{"count":6,"href":"https:\/\/windmedya.net\/sagun\/index.php\/wp-json\/wp\/v2\/pages\/622\/revisions"}],"predecessor-version":[{"id":3154,"href":"https:\/\/windmedya.net\/sagun\/index.php\/wp-json\/wp\/v2\/pages\/622\/revisions\/3154"}],"wp:attachment":[{"href":"https:\/\/windmedya.net\/sagun\/index.php\/wp-json\/wp\/v2\/media?parent=622"}],"curies":[{"name":"wp","href":"https:\/\/api.w.org\/{rel}","templated":true}]}}