{"id":5233,"date":"2025-11-12T10:56:53","date_gmt":"2025-11-12T10:56:53","guid":{"rendered":"https:\/\/windmedya.net\/sagun\/index.php\/topshell\/"},"modified":"2025-12-30T10:57:32","modified_gmt":"2025-12-30T10:57:32","slug":"topshell","status":"publish","type":"page","link":"https:\/\/windmedya.net\/sagun\/index.php\/topshell\/?lang=fr","title":{"rendered":"Topshell"},"content":{"rendered":"\t\t<div data-elementor-type=\"wp-page\" data-elementor-id=\"5233\" class=\"elementor elementor-5233 elementor-2038\" data-elementor-settings=\"{&quot;ha_cmc_init_switcher&quot;:&quot;no&quot;}\" data-elementor-post-type=\"page\">\n\t\t\t\t<div class=\"elementor-element elementor-element-1fbc4e2 e-flex e-con-boxed e-con e-parent\" data-id=\"1fbc4e2\" data-element_type=\"container\" data-settings=\"{&quot;background_background&quot;:&quot;classic&quot;,&quot;_ha_eqh_enable&quot;:false}\">\n\t\t\t\t\t<div class=\"e-con-inner\">\n\t\t<div class=\"elementor-element elementor-element-50f3eab e-con-full e-flex e-con e-child\" data-id=\"50f3eab\" data-element_type=\"container\" data-settings=\"{&quot;_ha_eqh_enable&quot;:false}\">\n\t\t\t\t<div class=\"elementor-element elementor-element-50bd1c3 elementor-widget elementor-widget-heading\" data-id=\"50bd1c3\" data-element_type=\"widget\" data-widget_type=\"heading.default\">\n\t\t\t\t\t<h2 class=\"elementor-heading-title elementor-size-default\">Coque sup\u00e9rieure<\/h2>\t\t\t\t<\/div>\n\t\t\t\t<\/div>\n\t\t\t\t\t<\/div>\n\t\t\t\t<\/div>\n\t\t<div class=\"elementor-element elementor-element-7c760056 e-flex e-con-boxed e-con e-parent\" data-id=\"7c760056\" data-element_type=\"container\" data-settings=\"{&quot;_ha_eqh_enable&quot;:false}\">\n\t\t\t\t\t<div class=\"e-con-inner\">\n\t\t<div class=\"elementor-element elementor-element-d656117 e-con-full e-flex e-con e-child\" data-id=\"d656117\" data-element_type=\"container\" data-settings=\"{&quot;_ha_eqh_enable&quot;:false}\">\n\t\t\t\t<div class=\"elementor-element elementor-element-c0c1085 elementor-invisible elementor-widget elementor-widget-image\" data-id=\"c0c1085\" data-element_type=\"widget\" data-settings=\"{&quot;_animation&quot;:&quot;fadeInLeft&quot;}\" data-widget_type=\"image.default\">\n\t\t\t\t\t\t\t\t\t\t\t\t\t\t\t<img fetchpriority=\"high\" decoding=\"async\" width=\"1080\" height=\"1355\" src=\"https:\/\/windmedya.net\/sagun\/wp-content\/uploads\/2025\/11\/Topshell-Kapak-Large.jpg\" class=\"attachment-full size-full wp-image-4196\" alt=\"\" srcset=\"https:\/\/windmedya.net\/sagun\/wp-content\/uploads\/2025\/11\/Topshell-Kapak-Large.jpg 1080w, https:\/\/windmedya.net\/sagun\/wp-content\/uploads\/2025\/11\/Topshell-Kapak-Large-239x300.jpg 239w, https:\/\/windmedya.net\/sagun\/wp-content\/uploads\/2025\/11\/Topshell-Kapak-Large-816x1024.jpg 816w, https:\/\/windmedya.net\/sagun\/wp-content\/uploads\/2025\/11\/Topshell-Kapak-Large-768x964.jpg 768w\" sizes=\"(max-width: 1080px) 100vw, 1080px\" \/>\t\t\t\t\t\t\t\t\t\t\t\t\t\t\t<\/div>\n\t\t\t\t<div class=\"elementor-element elementor-element-2d73fc13 elementor-widget__width-initial elementor-absolute ha-has-bg-overlay elementor-invisible elementor-widget elementor-widget-spacer\" data-id=\"2d73fc13\" data-element_type=\"widget\" data-settings=\"{&quot;_position&quot;:&quot;absolute&quot;,&quot;_animation&quot;:&quot;zoomIn&quot;}\" data-widget_type=\"spacer.default\">\n\t\t\t\t\t\t\t<div class=\"elementor-spacer\">\n\t\t\t<div class=\"elementor-spacer-inner\"><\/div>\n\t\t<\/div>\n\t\t\t\t\t\t<\/div>\n\t\t\t\t<\/div>\n\t\t<div class=\"elementor-element elementor-element-5aac7b53 e-con-full e-flex elementor-invisible e-con e-child\" data-id=\"5aac7b53\" data-element_type=\"container\" data-settings=\"{&quot;animation&quot;:&quot;fadeInRight&quot;,&quot;_ha_eqh_enable&quot;:false}\">\n\t\t\t\t<div class=\"elementor-element elementor-element-490bd1b5 elementor-widget elementor-widget-heading\" data-id=\"490bd1b5\" data-element_type=\"widget\" data-widget_type=\"heading.default\">\n\t\t\t\t\t<h2 class=\"elementor-heading-title elementor-size-default\">Coque sup\u00e9rieure<\/h2>\t\t\t\t<\/div>\n\t\t\t\t<div class=\"elementor-element elementor-element-6ac24823 elementor-widget__width-initial elementor-widget elementor-widget-text-editor\" data-id=\"6ac24823\" data-element_type=\"widget\" data-widget_type=\"text-editor.default\">\n\t\t\t\t\t\t\t\t\t<p>La chair de bulot est un fruit de mer nutritif et savoureux, appr\u00e9ci\u00e9 pour sa faible teneur en mati\u00e8res grasses et sa richesse en nutriments essentiels, notamment l&#8217;iode, le phosphore, le calcium et les vitamines A, M, R et B. Elle contient \u00e9galement des acides amin\u00e9s essentiels indispensables \u00e0 la sant\u00e9. Ces atouts nutritionnels font du bulot un ingr\u00e9dient pris\u00e9 de la cuisine d&#8217;Extr\u00eame-Orient. On l&#8217;appelle aussi chair d&#8217;escargot de mer, chair de coquillage, Rapana venosa, Rapana thomasiana ou chair de bulot. <\/p>\n<p>Nom latin\u00a0: RAPANA TOMASIANA<\/p>\n<\/p>\n<table width=\"297\">\n<tbody>\n<tr>\n<td colspan=\"2\"><strong>Tailles\u00a0: (g)<\/strong><\/td>\n<\/tr>\n<tr>\n<td width=\"144\">3L\u00a0: 0-12 pi\u00e8ces\/kg<\/td>\n<td>2L\u00a0: 13-25 pi\u00e8ces\/kg<\/td>\n<\/tr>\n<tr>\n<td width=\"144\">L\u00a0: 26-50 pi\u00e8ces\/kg<\/td>\n<td>M\u00a0: 51-70 pi\u00e8ces\/kg<\/td>\n<\/tr>\n<tr>\n<td width=\"144\">S\u00a0: 71-95 pi\u00e8ces\/kg<\/td>\n<td>2S\u00a0: 96-140 pi\u00e8ces\/kg<\/td>\n<\/tr>\n<tr>\n<td width=\"144\">3S\u00a0: 141-220 pi\u00e8ces\/kg<\/td>\n<td>4S\u00a0: 221-300 pi\u00e8ces\/kg<\/td>\n<\/tr>\n<\/tbody>\n<\/table>\n<p><strong>Conditionn\u00e9 en cartons de 10 kg ou 20 kg<\/strong><\/p>\n\t\t\t\t\t\t\t\t<\/div>\n\t\t\t\t<\/div>\n\t\t\t\t\t<\/div>\n\t\t\t\t<\/div>\n\t\t\t\t<\/div>\n\t\t","protected":false},"excerpt":{"rendered":"<p>Coque sup\u00e9rieure Coque sup\u00e9rieure La chair de bulot est un fruit de mer nutritif et savoureux, appr\u00e9ci\u00e9 pour sa faible teneur en mati\u00e8res grasses et sa richesse en nutriments essentiels, notamment l&#8217;iode, le phosphore, le calcium et les vitamines A, M, R et B. Elle contient \u00e9galement des acides amin\u00e9s essentiels indispensables \u00e0 la sant\u00e9. [&hellip;]<\/p>\n","protected":false},"author":1,"featured_media":0,"parent":0,"menu_order":0,"comment_status":"closed","ping_status":"closed","template":"elementor_header_footer","meta":{"footnotes":""},"class_list":["post-5233","page","type-page","status-publish","hentry"],"_links":{"self":[{"href":"https:\/\/windmedya.net\/sagun\/index.php\/wp-json\/wp\/v2\/pages\/5233","targetHints":{"allow":["GET"]}}],"collection":[{"href":"https:\/\/windmedya.net\/sagun\/index.php\/wp-json\/wp\/v2\/pages"}],"about":[{"href":"https:\/\/windmedya.net\/sagun\/index.php\/wp-json\/wp\/v2\/types\/page"}],"author":[{"embeddable":true,"href":"https:\/\/windmedya.net\/sagun\/index.php\/wp-json\/wp\/v2\/users\/1"}],"replies":[{"embeddable":true,"href":"https:\/\/windmedya.net\/sagun\/index.php\/wp-json\/wp\/v2\/comments?post=5233"}],"version-history":[{"count":1,"href":"https:\/\/windmedya.net\/sagun\/index.php\/wp-json\/wp\/v2\/pages\/5233\/revisions"}],"predecessor-version":[{"id":5234,"href":"https:\/\/windmedya.net\/sagun\/index.php\/wp-json\/wp\/v2\/pages\/5233\/revisions\/5234"}],"wp:attachment":[{"href":"https:\/\/windmedya.net\/sagun\/index.php\/wp-json\/wp\/v2\/media?parent=5233"}],"curies":[{"name":"wp","href":"https:\/\/api.w.org\/{rel}","templated":true}]}}