{"id":5225,"date":"2025-11-11T13:08:58","date_gmt":"2025-11-11T13:08:58","guid":{"rendered":"https:\/\/windmedya.net\/sagun\/index.php\/granyoz\/"},"modified":"2025-12-30T10:53:13","modified_gmt":"2025-12-30T10:53:13","slug":"granyoz","status":"publish","type":"page","link":"https:\/\/windmedya.net\/sagun\/index.php\/granyoz\/?lang=ar","title":{"rendered":"Grany\u00f6z"},"content":{"rendered":"\t\t<div data-elementor-type=\"wp-page\" data-elementor-id=\"5225\" class=\"elementor elementor-5225 elementor-1181\" data-elementor-settings=\"{&quot;ha_cmc_init_switcher&quot;:&quot;no&quot;}\" data-elementor-post-type=\"page\">\n\t\t\t\t<div class=\"elementor-element elementor-element-1fbc4e2 e-flex e-con-boxed e-con e-parent\" data-id=\"1fbc4e2\" data-element_type=\"container\" data-settings=\"{&quot;background_background&quot;:&quot;classic&quot;,&quot;_ha_eqh_enable&quot;:false}\">\n\t\t\t\t\t<div class=\"e-con-inner\">\n\t\t<div class=\"elementor-element elementor-element-50f3eab e-con-full e-flex e-con e-child\" data-id=\"50f3eab\" data-element_type=\"container\" data-settings=\"{&quot;_ha_eqh_enable&quot;:false}\">\n\t\t\t\t<div class=\"elementor-element elementor-element-50bd1c3 elementor-widget elementor-widget-heading\" data-id=\"50bd1c3\" data-element_type=\"widget\" data-widget_type=\"heading.default\">\n\t\t\t\t\t<h2 class=\"elementor-heading-title elementor-size-default\">GRNYOZ<\/h2>\t\t\t\t<\/div>\n\t\t\t\t<\/div>\n\t\t\t\t\t<\/div>\n\t\t\t\t<\/div>\n\t\t<div class=\"elementor-element elementor-element-7c760056 e-flex e-con-boxed e-con e-parent\" data-id=\"7c760056\" data-element_type=\"container\" data-settings=\"{&quot;_ha_eqh_enable&quot;:false}\">\n\t\t\t\t\t<div class=\"e-con-inner\">\n\t\t<div class=\"elementor-element elementor-element-d656117 e-con-full e-flex e-con e-child\" data-id=\"d656117\" data-element_type=\"container\" data-settings=\"{&quot;_ha_eqh_enable&quot;:false}\">\n\t\t\t\t<div class=\"elementor-element elementor-element-c0c1085 elementor-invisible elementor-widget elementor-widget-image\" data-id=\"c0c1085\" data-element_type=\"widget\" data-settings=\"{&quot;_animation&quot;:&quot;fadeInLeft&quot;}\" data-widget_type=\"image.default\">\n\t\t\t\t\t\t\t\t\t\t\t\t\t\t\t<img decoding=\"async\" src=\"https:\/\/windmedya.net\/sagun\/wp-content\/uploads\/elementor\/thumbs\/granyoz-rejtqgurm0ty5f3go7j3r9zfopl53nc8rbtj3ff1vw.jpg\" title=\"grany\u00f6z\" alt=\"grany\u00f6z\" loading=\"lazy\" \/>\t\t\t\t\t\t\t\t\t\t\t\t\t\t\t<\/div>\n\t\t\t\t<div class=\"elementor-element elementor-element-2d73fc13 elementor-widget__width-initial elementor-absolute ha-has-bg-overlay elementor-invisible elementor-widget elementor-widget-spacer\" data-id=\"2d73fc13\" data-element_type=\"widget\" data-settings=\"{&quot;_position&quot;:&quot;absolute&quot;,&quot;_animation&quot;:&quot;zoomIn&quot;}\" data-widget_type=\"spacer.default\">\n\t\t\t\t\t\t\t<div class=\"elementor-spacer\">\n\t\t\t<div class=\"elementor-spacer-inner\"><\/div>\n\t\t<\/div>\n\t\t\t\t\t\t<\/div>\n\t\t\t\t<\/div>\n\t\t<div class=\"elementor-element elementor-element-5aac7b53 e-con-full e-flex elementor-invisible e-con e-child\" data-id=\"5aac7b53\" data-element_type=\"container\" data-settings=\"{&quot;animation&quot;:&quot;fadeInRight&quot;,&quot;_ha_eqh_enable&quot;:false}\">\n\t\t\t\t<div class=\"elementor-element elementor-element-490bd1b5 elementor-widget elementor-widget-heading\" data-id=\"490bd1b5\" data-element_type=\"widget\" data-widget_type=\"heading.default\">\n\t\t\t\t\t<h2 class=\"elementor-heading-title elementor-size-default\">Grany\u00f6z<\/h2>\t\t\t\t<\/div>\n\t\t\t\t<div class=\"elementor-element elementor-element-6ac24823 elementor-widget__width-initial elementor-widget elementor-widget-text-editor\" data-id=\"6ac24823\" data-element_type=\"widget\" data-widget_type=\"text-editor.default\">\n\t\t\t\t\t\t\t\t\t<p>\u30e6\u30e0\u30b7\u30e3\u30af\u3001\u3042\u306a\u305f\u306f\u3042\u306a\u305f\u3092\u77e5\u3063\u3066\u3044\u307e\u3059\u304b\u3001\u30b6\u30ea\u30d5 \u30ec\u30bc\u30c6\u30a3\u30a4\u30eb \u30d3\u30ea\u30cd\u30f3 \u30d7\u30ec\u30df\u30a2\u30e0 \u30d9\u30e4\u30ba \u30d0\u30eb\u30af<strong data-start=\"79\" data-end=\"89\">\u30b0\u30e9\u30cb\u30e7\u30b9<\/strong>\u3001\u30c7\u30cb\u30ba \u30a6\u30eb\u30f3\u30ec\u30ea \u30c8\u30a5\u30c8\u30a5\u30af\u30f3\u30e9\u30fc\u30eb \u30a2\u30e9\u30b9\u30f3\u30c0\u3068\u6700\u7d42\u30c6\u30eb\u30b7\u30ec\u30eb\u30c7\u30f3 \u30d3\u30ea\u30c7\u30a3\u30eb\u3002<br data-start=\"154\" data-end=\"157\" \/>Do\u011fal olarak d\u00fc\u015f\u00fck ya\u011fl\u0131\u3001y\u00fcksek proteinli\u3001omega-3 ya\u011f asitleri ve temel mikro besin maddeleri bak\u0131m\u0131ndan zengin olan<strong data-start=\"276\" data-end=\"286\">\u30b0\u30e9\u30cb\u30e7\u30b9<\/strong>\u3001\u30b5\u30eb\u30af\u30eb \u30f4\u30a7 \u30c7\u30f3\u30b2\u30ea \u30d3\u30eb \u30c7\u30a3\u30a8\u30c6\u30ab\u30c8\u30ad\u30c0\u30fb\u30d6\u30eb\u30cc\u30fc\u30eb\u3002 Izgaradan f\u0131r\u0131nla\u200b\u200bmaya\u3001nazik\u00e7e ha\u015flamaya kadar geni\u015f bir haz\u0131rl\u0131k \u00e7e\u015fitlili\u011fi sunarak\u3001ince mutfakta \u00f6ne \u00e7\u0131kan bir malzeme olmas\u0131n\u0131 sa\u011flar.<\/p>\n<p>Latince \u0130smi: ARGYROSOMUS REG\u0130US<\/p>\n<p>B\u00fct\u00fcn Grany\u00f6z (\u30db\u30fc\u30eb\u30e9\u30a6\u30f3\u30c9)<\/p>\n<table>\n<tbody>\n<tr>\n<td>\n<p class=\"urun-ic-p4\">Taze\/So\u011futulmu\u015f &amp;\u30c9\u30f3\u30c9\u30a5\u30eb\u30eb\u30e0\u30b7\u30e5<\/p>\n<\/td>\n<\/tr>\n<tr>\n<td>\n<p class=\"urun-ic-p5\">\u30dc\u30a4\u30e9\u30fc : 200\/300; 300\/400; 400\/600; 600\/800; 800\/1000; 1000\/2000; 2000\/3000; 3000\/5000<\/p>\n<\/td>\n<\/tr>\n<tr>\n<td>\n<p class=\"urun-ic-p7\">5 kg\u30016 kg veya 10 kg&#8217;lik kolilerde ambalajl\u0131<\/p>\n<\/td>\n<\/tr>\n<\/tbody>\n<\/table>\n\t\t\t\t\t\t\t\t<\/div>\n\t\t\t\t<\/div>\n\t\t\t\t\t<\/div>\n\t\t\t\t<\/div>\n\t\t\t\t<\/div>\n\t\t","protected":false},"excerpt":{"rendered":"<p>GRNYOZ Grany\u00f6z \u30e6\u30e0\u30b7\u30e3\u30af\u3001\u3042\u306a\u305f\u306f\u3042\u306a\u305f\u3092\u77e5\u3063\u3066\u3044\u307e\u3059\u304b\u3001\u30b6\u30ea\u30d5 \u30ec\u30bc\u30c6\u30a3\u30a4\u30eb \u30d3\u30ea\u30cd\u30f3 \u30d7\u30ec\u30df\u30a2\u30e0 \u30d9\u30e4\u30ba \u30d0\u30eb\u30af\u30b0\u30e9\u30cb\u30e7\u30b9\u3001\u30c7\u30cb\u30ba \u30a6\u30eb\u30f3\u30ec\u30ea \u30c8\u30a5\u30c8\u30a5\u30af\u30f3\u30e9\u30fc\u30eb \u30a2\u30e9\u30b9\u30f3\u30c0\u3068\u6700\u7d42\u30c6\u30eb\u30b7\u30ec\u30eb\u30c7\u30f3 \u30d3\u30ea\u30c7\u30a3\u30eb\u3002Do\u011fal olarak d\u00fc\u015f\u00fck ya\u011fl\u0131\u3001y\u00fcksek proteinli\u3001omega-3 ya\u011f asitleri ve temel mikro besin maddeleri bak\u0131m\u0131ndan zengin olan\u30b0\u30e9\u30cb\u30e7\u30b9\u3001\u30b5\u30eb\u30af\u30eb \u30f4\u30a7 \u30c7\u30f3\u30b2\u30ea \u30d3\u30eb \u30c7\u30a3\u30a8\u30c6\u30ab\u30c8\u30ad\u30c0\u30fb\u30d6\u30eb\u30cc\u30fc\u30eb\u3002 Izgaradan f\u0131r\u0131nla\u200b\u200bmaya\u3001nazik\u00e7e ha\u015flamaya kadar geni\u015f bir haz\u0131rl\u0131k \u00e7e\u015fitlili\u011fi sunarak\u3001ince mutfakta \u00f6ne \u00e7\u0131kan bir malzeme olmas\u0131n\u0131 sa\u011flar. Latince \u0130smi: ARGYROSOMUS REG\u0130US B\u00fct\u00fcn Grany\u00f6z (\u30db\u30fc\u30eb\u30e9\u30a6\u30f3\u30c9) Taze\/So\u011futulmu\u015f &amp;\u30c9\u30f3\u30c9\u30a5\u30eb\u30eb\u30e0\u30b7\u30e5 [&hellip;]<\/p>\n","protected":false},"author":1,"featured_media":0,"parent":0,"menu_order":0,"comment_status":"closed","ping_status":"closed","template":"elementor_header_footer","meta":{"footnotes":""},"class_list":["post-5225","page","type-page","status-publish","hentry"],"_links":{"self":[{"href":"https:\/\/windmedya.net\/sagun\/index.php\/wp-json\/wp\/v2\/pages\/5225","targetHints":{"allow":["GET"]}}],"collection":[{"href":"https:\/\/windmedya.net\/sagun\/index.php\/wp-json\/wp\/v2\/pages"}],"about":[{"href":"https:\/\/windmedya.net\/sagun\/index.php\/wp-json\/wp\/v2\/types\/page"}],"author":[{"embeddable":true,"href":"https:\/\/windmedya.net\/sagun\/index.php\/wp-json\/wp\/v2\/users\/1"}],"replies":[{"embeddable":true,"href":"https:\/\/windmedya.net\/sagun\/index.php\/wp-json\/wp\/v2\/comments?post=5225"}],"version-history":[{"count":1,"href":"https:\/\/windmedya.net\/sagun\/index.php\/wp-json\/wp\/v2\/pages\/5225\/revisions"}],"predecessor-version":[{"id":5226,"href":"https:\/\/windmedya.net\/sagun\/index.php\/wp-json\/wp\/v2\/pages\/5225\/revisions\/5226"}],"wp:attachment":[{"href":"https:\/\/windmedya.net\/sagun\/index.php\/wp-json\/wp\/v2\/media?parent=5225"}],"curies":[{"name":"wp","href":"https:\/\/api.w.org\/{rel}","templated":true}]}}