{"id":5202,"date":"2025-10-14T11:25:35","date_gmt":"2025-10-14T11:25:35","guid":{"rendered":"https:\/\/windmedya.net\/sagun\/index.php\/aquaculture-products\/"},"modified":"2025-12-30T10:42:08","modified_gmt":"2025-12-30T10:42:08","slug":"aquaculture-products","status":"publish","type":"page","link":"https:\/\/windmedya.net\/sagun\/index.php\/aquaculture-products\/?lang=fr","title":{"rendered":"Aquaculture Products"},"content":{"rendered":"\t\t<div data-elementor-type=\"wp-page\" data-elementor-id=\"5202\" class=\"elementor elementor-5202 elementor-2064\" data-elementor-settings=\"{&quot;ha_cmc_init_switcher&quot;:&quot;no&quot;}\" data-elementor-post-type=\"page\">\n\t\t\t\t<div class=\"elementor-element elementor-element-13ca4e8a e-flex e-con-boxed e-con e-parent\" data-id=\"13ca4e8a\" data-element_type=\"container\" data-settings=\"{&quot;background_background&quot;:&quot;classic&quot;,&quot;_ha_eqh_enable&quot;:false}\">\n\t\t\t\t\t<div class=\"e-con-inner\">\n\t\t<div class=\"elementor-element elementor-element-1527fa0a e-con-full e-flex e-con e-child\" data-id=\"1527fa0a\" data-element_type=\"container\" data-settings=\"{&quot;_ha_eqh_enable&quot;:false}\">\n\t\t\t\t<div class=\"elementor-element elementor-element-35d8b242 elementor-widget elementor-widget-heading\" data-id=\"35d8b242\" data-element_type=\"widget\" data-widget_type=\"heading.default\">\n\t\t\t\t\t<h2 class=\"elementor-heading-title elementor-size-default\">PRODUITS D'AQUACULTURE<\/h2>\t\t\t\t<\/div>\n\t\t\t\t<\/div>\n\t\t\t\t\t<\/div>\n\t\t\t\t<\/div>\n\t\t<div class=\"elementor-element elementor-element-089c3db e-flex e-con-boxed e-con e-parent\" data-id=\"089c3db\" data-element_type=\"container\" data-settings=\"{&quot;_ha_eqh_enable&quot;:false}\">\n\t\t\t\t\t<div class=\"e-con-inner\">\n\t\t<div class=\"elementor-element elementor-element-a8e2ecf e-con-full e-flex e-con e-child\" data-id=\"a8e2ecf\" data-element_type=\"container\" data-settings=\"{&quot;_ha_eqh_enable&quot;:false}\">\n\t\t\t\t<div class=\"elementor-element elementor-element-f559eaa elementor-position-top elementor-widget elementor-widget-image-box\" data-id=\"f559eaa\" data-element_type=\"widget\" data-widget_type=\"image-box.default\">\n\t\t\t\t\t<div class=\"elementor-image-box-wrapper\"><figure class=\"elementor-image-box-img\"><a href=\"https:\/\/windmedya.net\/sagun\/index.php\/sea-bream\/?lang=fr\" tabindex=\"-1\"><img fetchpriority=\"high\" decoding=\"async\" width=\"757\" height=\"500\" src=\"https:\/\/windmedya.net\/sagun\/wp-content\/uploads\/2025\/10\/cipura-yeni.jpg\" class=\"attachment-full size-full wp-image-3962\" alt=\"\" srcset=\"https:\/\/windmedya.net\/sagun\/wp-content\/uploads\/2025\/10\/cipura-yeni.jpg 757w, https:\/\/windmedya.net\/sagun\/wp-content\/uploads\/2025\/10\/cipura-yeni-300x198.jpg 300w\" sizes=\"(max-width: 757px) 100vw, 757px\" \/><\/a><\/figure><div class=\"elementor-image-box-content\"><h3 class=\"elementor-image-box-title\"><a href=\"https:\/\/windmedya.net\/sagun\/index.php\/sea-bream\/?lang=fr\">DORADE<\/a><\/h3><p class=\"elementor-image-box-description\">Cliquez ici pour plus de d\u00e9tails.<\/p><\/div><\/div>\t\t\t\t<\/div>\n\t\t\t\t<\/div>\n\t\t<div class=\"elementor-element elementor-element-4b7b872 e-con-full e-flex e-con e-child\" data-id=\"4b7b872\" data-element_type=\"container\" data-settings=\"{&quot;_ha_eqh_enable&quot;:false}\">\n\t\t\t\t<div class=\"elementor-element elementor-element-75538c5 elementor-position-top elementor-widget elementor-widget-image-box\" data-id=\"75538c5\" data-element_type=\"widget\" data-widget_type=\"image-box.default\">\n\t\t\t\t\t<div class=\"elementor-image-box-wrapper\"><figure class=\"elementor-image-box-img\"><a href=\"https:\/\/windmedya.net\/sagun\/index.php\/sea-bass\/?lang=fr\" tabindex=\"-1\"><img decoding=\"async\" width=\"757\" height=\"500\" src=\"https:\/\/windmedya.net\/sagun\/wp-content\/uploads\/2025\/10\/levrek.jpg\" class=\"attachment-full size-full wp-image-3963\" alt=\"\" srcset=\"https:\/\/windmedya.net\/sagun\/wp-content\/uploads\/2025\/10\/levrek.jpg 757w, https:\/\/windmedya.net\/sagun\/wp-content\/uploads\/2025\/10\/levrek-300x198.jpg 300w\" sizes=\"(max-width: 757px) 100vw, 757px\" \/><\/a><\/figure><div class=\"elementor-image-box-content\"><h3 class=\"elementor-image-box-title\"><a href=\"https:\/\/windmedya.net\/sagun\/index.php\/sea-bass\/?lang=fr\">BAR<\/a><\/h3><p class=\"elementor-image-box-description\">Cliquez ici pour plus de d\u00e9tails.<\/p><\/div><\/div>\t\t\t\t<\/div>\n\t\t\t\t<\/div>\n\t\t<div class=\"elementor-element elementor-element-b679e1f e-con-full e-flex e-con e-child\" data-id=\"b679e1f\" data-element_type=\"container\" data-settings=\"{&quot;_ha_eqh_enable&quot;:false}\">\n\t\t\t\t<div class=\"elementor-element elementor-element-6379d1d elementor-position-top elementor-widget elementor-widget-image-box\" data-id=\"6379d1d\" data-element_type=\"widget\" data-widget_type=\"image-box.default\">\n\t\t\t\t\t<div class=\"elementor-image-box-wrapper\"><figure class=\"elementor-image-box-img\"><a href=\"https:\/\/windmedya.net\/sagun\/index.php\/meagre\/?lang=fr\" tabindex=\"-1\"><img decoding=\"async\" width=\"757\" height=\"500\" src=\"https:\/\/windmedya.net\/sagun\/wp-content\/uploads\/2025\/12\/granyoz-son-198517825981-1.jpg\" class=\"attachment-full size-full wp-image-3972\" alt=\"\" srcset=\"https:\/\/windmedya.net\/sagun\/wp-content\/uploads\/2025\/12\/granyoz-son-198517825981-1.jpg 757w, https:\/\/windmedya.net\/sagun\/wp-content\/uploads\/2025\/12\/granyoz-son-198517825981-1-300x198.jpg 300w\" sizes=\"(max-width: 757px) 100vw, 757px\" \/><\/a><\/figure><div class=\"elementor-image-box-content\"><h3 class=\"elementor-image-box-title\"><a href=\"https:\/\/windmedya.net\/sagun\/index.php\/meagre\/?lang=fr\">MEAGRE<\/a><\/h3><p class=\"elementor-image-box-description\">Cliquez ici pour plus de d\u00e9tails.<\/p><\/div><\/div>\t\t\t\t<\/div>\n\t\t\t\t<\/div>\n\t\t\t\t\t<\/div>\n\t\t\t\t<\/div>\n\t\t<div class=\"elementor-element elementor-element-03ea193 e-flex e-con-boxed e-con e-parent\" data-id=\"03ea193\" data-element_type=\"container\" data-settings=\"{&quot;_ha_eqh_enable&quot;:false}\">\n\t\t\t\t\t<div class=\"e-con-inner\">\n\t\t<div class=\"elementor-element elementor-element-2f4a059 e-con-full e-flex e-con e-child\" data-id=\"2f4a059\" data-element_type=\"container\" data-settings=\"{&quot;_ha_eqh_enable&quot;:false}\">\n\t\t\t\t<div class=\"elementor-element elementor-element-25e6d81 elementor-position-top elementor-widget elementor-widget-image-box\" data-id=\"25e6d81\" data-element_type=\"widget\" data-widget_type=\"image-box.default\">\n\t\t\t\t\t<div class=\"elementor-image-box-wrapper\"><figure class=\"elementor-image-box-img\"><a href=\"https:\/\/windmedya.net\/sagun\/index.php\/rainbow-trout\/?lang=fr\" tabindex=\"-1\"><img loading=\"lazy\" decoding=\"async\" width=\"757\" height=\"500\" src=\"https:\/\/windmedya.net\/sagun\/wp-content\/uploads\/2025\/10\/13.jpg\" class=\"attachment-full size-full wp-image-3965\" alt=\"\" srcset=\"https:\/\/windmedya.net\/sagun\/wp-content\/uploads\/2025\/10\/13.jpg 757w, https:\/\/windmedya.net\/sagun\/wp-content\/uploads\/2025\/10\/13-300x198.jpg 300w\" sizes=\"(max-width: 757px) 100vw, 757px\" \/><\/a><\/figure><div class=\"elementor-image-box-content\"><h3 class=\"elementor-image-box-title\"><a href=\"https:\/\/windmedya.net\/sagun\/index.php\/rainbow-trout\/?lang=fr\">TRUITE ARC-EN-CIEL<\/a><\/h3><p class=\"elementor-image-box-description\">Cliquez ici pour plus de d\u00e9tails.<\/p><\/div><\/div>\t\t\t\t<\/div>\n\t\t\t\t<\/div>\n\t\t<div class=\"elementor-element elementor-element-e22235d e-con-full e-flex e-con e-child\" data-id=\"e22235d\" data-element_type=\"container\" data-settings=\"{&quot;_ha_eqh_enable&quot;:false}\">\n\t\t\t\t<div class=\"elementor-element elementor-element-4906f11 elementor-position-top elementor-widget elementor-widget-image-box\" data-id=\"4906f11\" data-element_type=\"widget\" data-widget_type=\"image-box.default\">\n\t\t\t\t\t<div class=\"elementor-image-box-wrapper\"><figure class=\"elementor-image-box-img\"><a href=\"https:\/\/windmedya.net\/sagun\/index.php\/turkish-salmon\/?lang=fr\" tabindex=\"-1\"><img loading=\"lazy\" decoding=\"async\" width=\"757\" height=\"500\" src=\"https:\/\/windmedya.net\/sagun\/wp-content\/uploads\/2025\/10\/turk-somonu-2.jpg\" class=\"attachment-full size-full wp-image-3966\" alt=\"\" srcset=\"https:\/\/windmedya.net\/sagun\/wp-content\/uploads\/2025\/10\/turk-somonu-2.jpg 757w, https:\/\/windmedya.net\/sagun\/wp-content\/uploads\/2025\/10\/turk-somonu-2-300x198.jpg 300w\" sizes=\"(max-width: 757px) 100vw, 757px\" \/><\/a><\/figure><div class=\"elementor-image-box-content\"><h3 class=\"elementor-image-box-title\"><a href=\"https:\/\/windmedya.net\/sagun\/index.php\/turkish-salmon\/?lang=fr\">SAUMON TURC<\/a><\/h3><p class=\"elementor-image-box-description\">Cliquez ici pour plus de d\u00e9tails.<\/p><\/div><\/div>\t\t\t\t<\/div>\n\t\t\t\t<\/div>\n\t\t<div class=\"elementor-element elementor-element-8abbce4 e-con-full e-flex e-con e-child\" data-id=\"8abbce4\" data-element_type=\"container\" data-settings=\"{&quot;_ha_eqh_enable&quot;:false}\">\n\t\t\t\t<div class=\"elementor-element elementor-element-2415efc elementor-position-top elementor-widget elementor-widget-image-box\" data-id=\"2415efc\" data-element_type=\"widget\" data-widget_type=\"image-box.default\">\n\t\t\t\t\t<div class=\"elementor-image-box-wrapper\"><figure class=\"elementor-image-box-img\"><a href=\"https:\/\/windmedya.net\/sagun\/index.php\/bluefin-tuna\/?lang=fr\" tabindex=\"-1\"><img loading=\"lazy\" decoding=\"async\" width=\"757\" height=\"500\" src=\"https:\/\/windmedya.net\/sagun\/wp-content\/uploads\/2025\/10\/mavi-yuzgecli-orkinos.jpg\" class=\"attachment-full size-full wp-image-3967\" alt=\"\" srcset=\"https:\/\/windmedya.net\/sagun\/wp-content\/uploads\/2025\/10\/mavi-yuzgecli-orkinos.jpg 757w, https:\/\/windmedya.net\/sagun\/wp-content\/uploads\/2025\/10\/mavi-yuzgecli-orkinos-300x198.jpg 300w\" sizes=\"(max-width: 757px) 100vw, 757px\" \/><\/a><\/figure><div class=\"elementor-image-box-content\"><h3 class=\"elementor-image-box-title\"><a href=\"https:\/\/windmedya.net\/sagun\/index.php\/bluefin-tuna\/?lang=fr\">THON ROUGE<\/a><\/h3><p class=\"elementor-image-box-description\">Cliquez ici pour plus de d\u00e9tails.<\/p><\/div><\/div>\t\t\t\t<\/div>\n\t\t\t\t<\/div>\n\t\t\t\t\t<\/div>\n\t\t\t\t<\/div>\n\t\t\t\t<\/div>\n\t\t","protected":false},"excerpt":{"rendered":"<p>PRODUITS D&#8217;AQUACULTURE DORADE Cliquez ici pour plus de d\u00e9tails. BAR Cliquez ici pour plus de d\u00e9tails. MEAGRE Cliquez ici pour plus de d\u00e9tails. TRUITE ARC-EN-CIEL Cliquez ici pour plus de d\u00e9tails. SAUMON TURC Cliquez ici pour plus de d\u00e9tails. THON ROUGE Cliquez ici pour plus de d\u00e9tails.<\/p>\n","protected":false},"author":1,"featured_media":0,"parent":0,"menu_order":0,"comment_status":"closed","ping_status":"closed","template":"elementor_header_footer","meta":{"footnotes":""},"class_list":["post-5202","page","type-page","status-publish","hentry"],"_links":{"self":[{"href":"https:\/\/windmedya.net\/sagun\/index.php\/wp-json\/wp\/v2\/pages\/5202","targetHints":{"allow":["GET"]}}],"collection":[{"href":"https:\/\/windmedya.net\/sagun\/index.php\/wp-json\/wp\/v2\/pages"}],"about":[{"href":"https:\/\/windmedya.net\/sagun\/index.php\/wp-json\/wp\/v2\/types\/page"}],"author":[{"embeddable":true,"href":"https:\/\/windmedya.net\/sagun\/index.php\/wp-json\/wp\/v2\/users\/1"}],"replies":[{"embeddable":true,"href":"https:\/\/windmedya.net\/sagun\/index.php\/wp-json\/wp\/v2\/comments?post=5202"}],"version-history":[{"count":1,"href":"https:\/\/windmedya.net\/sagun\/index.php\/wp-json\/wp\/v2\/pages\/5202\/revisions"}],"predecessor-version":[{"id":5207,"href":"https:\/\/windmedya.net\/sagun\/index.php\/wp-json\/wp\/v2\/pages\/5202\/revisions\/5207"}],"wp:attachment":[{"href":"https:\/\/windmedya.net\/sagun\/index.php\/wp-json\/wp\/v2\/media?parent=5202"}],"curies":[{"name":"wp","href":"https:\/\/api.w.org\/{rel}","templated":true}]}}