{"id":4703,"date":"2025-11-14T10:28:35","date_gmt":"2025-11-14T10:28:35","guid":{"rendered":"https:\/\/windmedya.net\/sagun\/index.php\/nazlican-sagun-ciftci\/"},"modified":"2025-12-29T20:53:57","modified_gmt":"2025-12-29T20:53:57","slug":"nazlican-sagun-ciftci","status":"publish","type":"page","link":"https:\/\/windmedya.net\/sagun\/index.php\/nazlican-sagun-ciftci\/?lang=ru","title":{"rendered":"Nazlican Sagun \u00c7ift\u00e7i"},"content":{"rendered":"\t\t<div data-elementor-type=\"wp-page\" data-elementor-id=\"4703\" class=\"elementor elementor-4703 elementor-1852\" data-elementor-settings=\"{&quot;ha_cmc_init_switcher&quot;:&quot;no&quot;}\" data-elementor-post-type=\"page\">\n\t\t\t\t<div class=\"elementor-element elementor-element-1fbc4e2 e-flex e-con-boxed elementor-invisible e-con e-parent\" data-id=\"1fbc4e2\" data-element_type=\"container\" data-settings=\"{&quot;background_background&quot;:&quot;classic&quot;,&quot;animation&quot;:&quot;slideInDown&quot;,&quot;_ha_eqh_enable&quot;:false}\">\n\t\t\t\t\t<div class=\"e-con-inner\">\n\t\t<div class=\"elementor-element elementor-element-50f3eab e-con-full e-flex e-con e-child\" data-id=\"50f3eab\" data-element_type=\"container\" data-settings=\"{&quot;_ha_eqh_enable&quot;:false}\">\n\t\t\t\t<div class=\"elementor-element elementor-element-50bd1c3 elementor-widget elementor-widget-heading\" data-id=\"50bd1c3\" data-element_type=\"widget\" data-widget_type=\"heading.default\">\n\t\t\t\t\t<h2 class=\"elementor-heading-title elementor-size-default\">NAZLICAN SAGUN \u00c7\u0130FT\u00c7I<\/h2>\t\t\t\t<\/div>\n\t\t\t\t<\/div>\n\t\t\t\t\t<\/div>\n\t\t\t\t<\/div>\n\t\t<div class=\"elementor-element elementor-element-6251e8f e-flex e-con-boxed elementor-invisible e-con e-parent\" data-id=\"6251e8f\" data-element_type=\"container\" data-settings=\"{&quot;animation&quot;:&quot;slideInUp&quot;,&quot;_ha_eqh_enable&quot;:false}\">\n\t\t\t\t\t<div class=\"e-con-inner\">\n\t\t\t\t<div class=\"elementor-element elementor-element-bbc8010 elementor-widget elementor-widget-heading\" data-id=\"bbc8010\" data-element_type=\"widget\" data-widget_type=\"heading.default\">\n\t\t\t\t\t<h2 class=\"elementor-heading-title elementor-size-default\">Nazlican Sagun \u00c7ift\u00e7i<\/h2>\t\t\t\t<\/div>\n\t\t\t\t<div class=\"elementor-element elementor-element-9dc359e elementor-widget__width-initial elementor-widget elementor-widget-text-editor\" data-id=\"9dc359e\" data-element_type=\"widget\" data-widget_type=\"text-editor.default\">\n\t\t\t\t\t\t\t\t\t<p>\u041d\u0430\u0437\u043b\u044b\u0434\u0436\u0430\u043d \u0421\u0430\u0433\u0443\u043d \u0427\u0438\u0444\u0442\u0447\u0438 \u0440\u043e\u0434\u0438\u043b\u0430\u0441\u044c \u0432 1995 \u0433\u043e\u0434\u0443 \u0432 \u0421\u0442\u0430\u043c\u0431\u0443\u043b\u0435. \u041e\u043d\u0430 \u043e\u043a\u043e\u043d\u0447\u0438\u043b\u0430 \u0441\u0440\u0435\u0434\u043d\u044e\u044e \u0448\u043a\u043e\u043b\u0443 \u0421\u0435\u043d-\u0411\u0435\u043d\u0443\u0430 (\u0444\u0440\u0430\u043d\u0446\u0443\u0437\u0441\u043a\u0430\u044f \u0448\u043a\u043e\u043b\u0430) \u0438 \u0432 2019 \u0433\u043e\u0434\u0443 \u043f\u043e\u043b\u0443\u0447\u0438\u043b\u0430 \u0434\u0438\u043f\u043b\u043e\u043c \u044e\u0440\u0438\u0434\u0438\u0447\u0435\u0441\u043a\u043e\u0433\u043e \u0444\u0430\u043a\u0443\u043b\u044c\u0442\u0435\u0442\u0430 \u0423\u043d\u0438\u0432\u0435\u0440\u0441\u0438\u0442\u0435\u0442\u0430 \u041e\u0437\u0438\u0435\u0433\u0438\u043d. \u0421\u0432\u043e\u044e \u043f\u0440\u043e\u0444\u0435\u0441\u0441\u0438\u043e\u043d\u0430\u043b\u044c\u043d\u0443\u044e \u043a\u0430\u0440\u044c\u0435\u0440\u0443 \u043e\u043d\u0430 \u043d\u0430\u0447\u0430\u043b\u0430 \u0432 \u0447\u0435\u0442\u0432\u0435\u0440\u0442\u043e\u043c \u043f\u043e\u043a\u043e\u043b\u0435\u043d\u0438\u0438 \u0441\u0435\u043c\u0435\u0439\u043d\u043e\u0439 \u043a\u043e\u043c\u043f\u0430\u043d\u0438\u0438.  <\/p><p>\u041f\u043e\u043c\u0438\u043c\u043e \u0434\u043e\u043b\u0436\u043d\u043e\u0441\u0442\u0438 \u0437\u0430\u043c\u0435\u0441\u0442\u0438\u0442\u0435\u043b\u044f \u043f\u0440\u0435\u0434\u0441\u0435\u0434\u0430\u0442\u0435\u043b\u044f \u0441\u043e\u0432\u0435\u0442\u0430 \u0434\u0438\u0440\u0435\u043a\u0442\u043e\u0440\u043e\u0432 \u0432 \u0433\u0440\u0443\u043f\u043f\u0435 \u043a\u043e\u043c\u043f\u0430\u043d\u0438\u0439 Sagun, \u041d\u0430\u0437\u043b\u044b\u0434\u0436\u0430\u043d \u0421\u0430\u0433\u0443\u043d \u0427\u0438\u0444\u0442\u0447\u0438 \u0442\u0430\u043a\u0436\u0435 \u0440\u0430\u0431\u043e\u0442\u0430\u0435\u0442 \u044e\u0440\u0438\u0441\u043a\u043e\u043d\u0441\u0443\u043b\u044c\u0442\u043e\u043c \u043a\u043e\u043c\u043f\u0430\u043d\u0438\u0438. <\/p>\t\t\t\t\t\t\t\t<\/div>\n\t\t\t\t\t<\/div>\n\t\t\t\t<\/div>\n\t\t\t\t<\/div>\n\t\t","protected":false},"excerpt":{"rendered":"<p>NAZLICAN SAGUN \u00c7\u0130FT\u00c7I Nazlican Sagun \u00c7ift\u00e7i \u041d\u0430\u0437\u043b\u044b\u0434\u0436\u0430\u043d \u0421\u0430\u0433\u0443\u043d \u0427\u0438\u0444\u0442\u0447\u0438 \u0440\u043e\u0434\u0438\u043b\u0430\u0441\u044c \u0432 1995 \u0433\u043e\u0434\u0443 \u0432 \u0421\u0442\u0430\u043c\u0431\u0443\u043b\u0435. \u041e\u043d\u0430 \u043e\u043a\u043e\u043d\u0447\u0438\u043b\u0430 \u0441\u0440\u0435\u0434\u043d\u044e\u044e \u0448\u043a\u043e\u043b\u0443 \u0421\u0435\u043d-\u0411\u0435\u043d\u0443\u0430 (\u0444\u0440\u0430\u043d\u0446\u0443\u0437\u0441\u043a\u0430\u044f \u0448\u043a\u043e\u043b\u0430) \u0438 \u0432 2019 \u0433\u043e\u0434\u0443 \u043f\u043e\u043b\u0443\u0447\u0438\u043b\u0430 \u0434\u0438\u043f\u043b\u043e\u043c \u044e\u0440\u0438\u0434\u0438\u0447\u0435\u0441\u043a\u043e\u0433\u043e \u0444\u0430\u043a\u0443\u043b\u044c\u0442\u0435\u0442\u0430 \u0423\u043d\u0438\u0432\u0435\u0440\u0441\u0438\u0442\u0435\u0442\u0430 \u041e\u0437\u0438\u0435\u0433\u0438\u043d. \u0421\u0432\u043e\u044e \u043f\u0440\u043e\u0444\u0435\u0441\u0441\u0438\u043e\u043d\u0430\u043b\u044c\u043d\u0443\u044e \u043a\u0430\u0440\u044c\u0435\u0440\u0443 \u043e\u043d\u0430 \u043d\u0430\u0447\u0430\u043b\u0430 \u0432 \u0447\u0435\u0442\u0432\u0435\u0440\u0442\u043e\u043c \u043f\u043e\u043a\u043e\u043b\u0435\u043d\u0438\u0438 \u0441\u0435\u043c\u0435\u0439\u043d\u043e\u0439 \u043a\u043e\u043c\u043f\u0430\u043d\u0438\u0438. \u041f\u043e\u043c\u0438\u043c\u043e \u0434\u043e\u043b\u0436\u043d\u043e\u0441\u0442\u0438 \u0437\u0430\u043c\u0435\u0441\u0442\u0438\u0442\u0435\u043b\u044f \u043f\u0440\u0435\u0434\u0441\u0435\u0434\u0430\u0442\u0435\u043b\u044f \u0441\u043e\u0432\u0435\u0442\u0430 \u0434\u0438\u0440\u0435\u043a\u0442\u043e\u0440\u043e\u0432 \u0432 \u0433\u0440\u0443\u043f\u043f\u0435 \u043a\u043e\u043c\u043f\u0430\u043d\u0438\u0439 Sagun, \u041d\u0430\u0437\u043b\u044b\u0434\u0436\u0430\u043d \u0421\u0430\u0433\u0443\u043d \u0427\u0438\u0444\u0442\u0447\u0438 [&hellip;]<\/p>\n","protected":false},"author":1,"featured_media":0,"parent":0,"menu_order":0,"comment_status":"closed","ping_status":"closed","template":"elementor_header_footer","meta":{"footnotes":""},"class_list":["post-4703","page","type-page","status-publish","hentry"],"_links":{"self":[{"href":"https:\/\/windmedya.net\/sagun\/index.php\/wp-json\/wp\/v2\/pages\/4703","targetHints":{"allow":["GET"]}}],"collection":[{"href":"https:\/\/windmedya.net\/sagun\/index.php\/wp-json\/wp\/v2\/pages"}],"about":[{"href":"https:\/\/windmedya.net\/sagun\/index.php\/wp-json\/wp\/v2\/types\/page"}],"author":[{"embeddable":true,"href":"https:\/\/windmedya.net\/sagun\/index.php\/wp-json\/wp\/v2\/users\/1"}],"replies":[{"embeddable":true,"href":"https:\/\/windmedya.net\/sagun\/index.php\/wp-json\/wp\/v2\/comments?post=4703"}],"version-history":[{"count":1,"href":"https:\/\/windmedya.net\/sagun\/index.php\/wp-json\/wp\/v2\/pages\/4703\/revisions"}],"predecessor-version":[{"id":4704,"href":"https:\/\/windmedya.net\/sagun\/index.php\/wp-json\/wp\/v2\/pages\/4703\/revisions\/4704"}],"wp:attachment":[{"href":"https:\/\/windmedya.net\/sagun\/index.php\/wp-json\/wp\/v2\/media?parent=4703"}],"curies":[{"name":"wp","href":"https:\/\/api.w.org\/{rel}","templated":true}]}}