{"id":4651,"date":"2025-10-21T21:51:21","date_gmt":"2025-10-21T21:51:21","guid":{"rendered":"https:\/\/windmedya.net\/sagun\/index.php\/kemal-balikcilik\/"},"modified":"2025-12-29T20:46:14","modified_gmt":"2025-12-29T20:46:14","slug":"kemal-balikcilik","status":"publish","type":"page","link":"https:\/\/windmedya.net\/sagun\/index.php\/kemal-balikcilik\/?lang=ru","title":{"rendered":"Kemal Bal\u0131k\u00e7\u0131l\u0131k"},"content":{"rendered":"\t\t<div data-elementor-type=\"wp-page\" data-elementor-id=\"4651\" class=\"elementor elementor-4651 elementor-1894\" data-elementor-settings=\"{&quot;ha_cmc_init_switcher&quot;:&quot;no&quot;}\" data-elementor-post-type=\"page\">\n\t\t\t\t<div class=\"elementor-element elementor-element-5d8388d4 e-flex e-con-boxed e-con e-parent\" data-id=\"5d8388d4\" data-element_type=\"container\" data-settings=\"{&quot;background_background&quot;:&quot;classic&quot;,&quot;_ha_eqh_enable&quot;:false}\">\n\t\t\t\t\t<div class=\"e-con-inner\">\n\t\t<div class=\"elementor-element elementor-element-58ab2f46 e-con-full e-flex e-con e-child\" data-id=\"58ab2f46\" data-element_type=\"container\" data-settings=\"{&quot;_ha_eqh_enable&quot;:false}\">\n\t\t\t\t<div class=\"elementor-element elementor-element-090a9ed elementor-invisible elementor-widget elementor-widget-image\" data-id=\"090a9ed\" data-element_type=\"widget\" data-settings=\"{&quot;_animation&quot;:&quot;fadeIn&quot;}\" data-widget_type=\"image.default\">\n\t\t\t\t\t\t\t\t\t\t\t\t\t\t\t<img fetchpriority=\"high\" decoding=\"async\" width=\"300\" height=\"308\" src=\"https:\/\/windmedya.net\/sagun\/wp-content\/uploads\/2025\/12\/kml-blk-new-919.png\" class=\"attachment-full size-full wp-image-4650\" alt=\"\" srcset=\"https:\/\/windmedya.net\/sagun\/wp-content\/uploads\/2025\/12\/kml-blk-new-919.png 300w, https:\/\/windmedya.net\/sagun\/wp-content\/uploads\/2025\/12\/kml-blk-new-919-292x300.png 292w\" sizes=\"(max-width: 300px) 100vw, 300px\" \/>\t\t\t\t\t\t\t\t\t\t\t\t\t\t\t<\/div>\n\t\t\t\t<\/div>\n\t\t\t\t\t<\/div>\n\t\t\t\t<\/div>\n\t\t<div class=\"elementor-element elementor-element-81d4cf2 e-flex e-con-boxed e-con e-parent\" data-id=\"81d4cf2\" data-element_type=\"container\" data-settings=\"{&quot;_ha_eqh_enable&quot;:false}\">\n\t\t\t\t\t<div class=\"e-con-inner\">\n\t\t\t\t<div class=\"elementor-element elementor-element-c25f2cf elementor-widget elementor-widget-heading\" data-id=\"c25f2cf\" data-element_type=\"widget\" data-widget_type=\"heading.default\">\n\t\t\t\t\t<h2 class=\"elementor-heading-title elementor-size-default\">KEMAL BALIK\u00c7ILIK<\/h2>\t\t\t\t<\/div>\n\t\t\t\t<div class=\"elementor-element elementor-element-0e3899f elementor-widget__width-initial elementor-widget elementor-widget-text-editor\" data-id=\"0e3899f\" data-element_type=\"widget\" data-widget_type=\"text-editor.default\">\n\t\t\t\t\t\t\t\t\t<p>\u041a\u043e\u043c\u043f\u0430\u043d\u0438\u044f Kemal Bal\u0131k\u00e7\u0131l\u0131k \u0431\u044b\u043b\u0430 \u043e\u0441\u043d\u043e\u0432\u0430\u043d\u0430 \u0432 \u0421\u0430\u043c\u0441\u0443\u043d\u0435 \u0432 \u043d\u0430\u0447\u0430\u043b\u0435 1960-\u0445 \u0433\u043e\u0434\u043e\u0432, \u0430 \u043f\u043e\u0437\u0436\u0435 \u0440\u0430\u0441\u0448\u0438\u0440\u0438\u043b\u0430 \u0441\u0432\u043e\u044e \u0434\u0435\u044f\u0442\u0435\u043b\u044c\u043d\u043e\u0441\u0442\u044c, \u043e\u0442\u043a\u0440\u044b\u0432 \u043c\u0430\u0433\u0430\u0437\u0438\u043d \u043d\u0430 \u0440\u044b\u0431\u043d\u043e\u043c \u0440\u044b\u043d\u043a\u0435 \u041a\u0443\u043c\u043a\u0430\u043f\u044b \u0432 \u0421\u0442\u0430\u043c\u0431\u0443\u043b\u0435. \u0411\u0443\u0434\u0443\u0447\u0438 \u043f\u0435\u0440\u0432\u043e\u0439 \u043a\u043e\u043c\u043f\u0430\u043d\u0438\u0435\u0439 \u0433\u0440\u0443\u043f\u043f\u044b Sagun \u0438 \u043e\u0441\u0443\u0449\u0435\u0441\u0442\u0432\u043b\u044f\u0432\u0448\u0435\u0439 \u043f\u0435\u0440\u0432\u043e\u043d\u0430\u0447\u0430\u043b\u044c\u043d\u044b\u0439 \u044d\u043a\u0441\u043f\u043e\u0440\u0442 \u0433\u0440\u0443\u043f\u043f\u044b, \u043e\u043d\u0430 \u0437\u0430\u043d\u0438\u043c\u0430\u0435\u0442 \u0432\u0435\u0434\u0443\u0449\u0435\u0435 \u043f\u043e\u043b\u043e\u0436\u0435\u043d\u0438\u0435 \u0432 \u043e\u0440\u0433\u0430\u043d\u0438\u0437\u0430\u0446\u0438\u0438.  <\/p><p>\u0421\u0435\u0433\u043e\u0434\u043d\u044f \u043a\u043e\u043c\u043f\u0430\u043d\u0438\u044f Kemal Bal\u0131k\u00e7\u0131l\u0131k \u044d\u043a\u0441\u043f\u043e\u0440\u0442\u0438\u0440\u0443\u0435\u0442 \u0441\u0432\u043e\u044e \u043f\u0440\u043e\u0434\u0443\u043a\u0446\u0438\u044e \u0432\u043e \u043c\u043d\u043e\u0433\u0438\u0435 \u0441\u0442\u0440\u0430\u043d\u044b, \u043e\u0442 \u0424\u0440\u0430\u043d\u0446\u0438\u0438 \u0434\u043e \u0413\u0435\u0440\u043c\u0430\u043d\u0438\u0438, \u043e\u0442 \u0428\u0432\u0435\u0439\u0446\u0430\u0440\u0438\u0438 \u0434\u043e \u041f\u043e\u043b\u044c\u0448\u0438, \u043e\u0442 \u0418\u0442\u0430\u043b\u0438\u0438 \u0434\u043e \u0420\u043e\u0441\u0441\u0438\u0438, \u043e\u0442 \u0421\u0428\u0410 \u0434\u043e \u042f\u043f\u043e\u043d\u0438\u0438, \u0430 \u0442\u0430\u043a\u0436\u0435 \u043e\u0442 \u041a\u0430\u043d\u0430\u0434\u044b \u0434\u043e \u042e\u0436\u043d\u043e\u0439 \u041a\u043e\u0440\u0435\u0438 \u0438 \u041a\u0438\u0442\u0430\u044f. \u041a\u043e\u043c\u043f\u0430\u043d\u0438\u044f \u0443\u0434\u043e\u0441\u0442\u043e\u0435\u043d\u0430 \u043c\u043d\u043e\u0436\u0435\u0441\u0442\u0432\u0430 \u043d\u0430\u0433\u0440\u0430\u0434 \u0438 \u0437\u0430\u043d\u0438\u043c\u0430\u0435\u0442 \u043b\u0438\u0434\u0438\u0440\u0443\u044e\u0449\u0438\u0435 \u043f\u043e\u0437\u0438\u0446\u0438\u0438 \u0432 \u0441\u0432\u043e\u0435\u0439 \u043e\u0442\u0440\u0430\u0441\u043b\u0438.  <\/p><p>\u041f\u043e\u043c\u0438\u043c\u043e \u0441\u043e\u0431\u0441\u0442\u0432\u0435\u043d\u043d\u043e\u0439 \u0432\u044b\u0440\u0430\u0449\u0435\u043d\u043d\u043e\u0439 \u0440\u044b\u0431\u044b, \u0442\u0430\u043a\u043e\u0439 \u043a\u0430\u043a \u0442\u0443\u043d\u0435\u0446, \u043c\u043e\u0440\u0441\u043a\u043e\u0439 \u043b\u0435\u0449, \u043c\u043e\u0440\u0441\u043a\u043e\u0439 \u043e\u043a\u0443\u043d\u044c, \u0442\u0435\u043c\u043d\u044b\u0439 \u0433\u0440\u0443\u043f\u0435\u0440, \u0444\u043e\u0440\u0435\u043b\u044c \u0438 \u0447\u0435\u0440\u043d\u043e\u043c\u043e\u0440\u0441\u043a\u0438\u0439 \u043b\u043e\u0441\u043e\u0441\u044c, \u043a\u043e\u043c\u043f\u0430\u043d\u0438\u044f Sagun \u0442\u0430\u043a\u0436\u0435 \u044d\u043a\u0441\u043f\u043e\u0440\u0442\u0438\u0440\u0443\u0435\u0442 \u0442\u0430\u043a\u0438\u0435 \u043f\u0440\u043e\u0434\u0443\u043a\u0442\u044b, \u043a\u0430\u043a \u043b\u044f\u0433\u0443\u0448\u043a\u0438, \u0433\u0440\u0438\u0431\u044b \u0438 \u0443\u043b\u0438\u0442\u043a\u0438, \u043f\u0440\u0435\u0434\u043b\u0430\u0433\u0430\u044f \u0448\u0438\u0440\u043e\u043a\u0438\u0439 \u0430\u0441\u0441\u043e\u0440\u0442\u0438\u043c\u0435\u043d\u0442 \u043f\u0440\u043e\u0434\u0443\u043a\u0446\u0438\u0438.<\/p><p>\u041a\u043e\u043c\u043f\u0430\u043d\u0438\u044f \u043d\u0430\u0445\u043e\u0434\u0438\u0442\u0441\u044f \u043f\u043e\u0434 \u0443\u043f\u0440\u0430\u0432\u043b\u0435\u043d\u0438\u0435\u043c \u0441\u0435\u043c\u044c\u0438 \u0421\u0430\u0433\u0443\u043d \u043d\u0430 \u043f\u0440\u043e\u0442\u044f\u0436\u0435\u043d\u0438\u0438 \u0447\u0435\u0442\u044b\u0440\u0435\u0445 \u043f\u043e\u043a\u043e\u043b\u0435\u043d\u0438\u0439.<\/p>\t\t\t\t\t\t\t\t<\/div>\n\t\t\t\t\t<\/div>\n\t\t\t\t<\/div>\n\t\t<div class=\"elementor-element elementor-element-b16740a e-con-full e-flex e-con e-parent\" data-id=\"b16740a\" data-element_type=\"container\" data-settings=\"{&quot;_ha_eqh_enable&quot;:false}\">\n\t\t\t\t<div class=\"elementor-element elementor-element-6027459 elementor-widget elementor-widget-google_maps\" data-id=\"6027459\" data-element_type=\"widget\" data-widget_type=\"google_maps.default\">\n\t\t\t\t\t\t\t<div class=\"elementor-custom-embed\">\n\t\t\t<iframe loading=\"lazy\"\n\t\t\t\t\tsrc=\"https:\/\/maps.google.com\/maps?q=Osmangazi%20Mah.%20Battalgazi%20Cad.%20Sagun%20Plaza%20No%3A%2021&#038;t=m&#038;z=14&#038;output=embed&#038;iwloc=near\"\n\t\t\t\t\ttitle=\"Osmangazi Mah. Battalgazi Cad. Sagun Plaza No: 21\"\n\t\t\t\t\taria-label=\"Osmangazi Mah. Battalgazi Cad. Sagun Plaza No: 21\"\n\t\t\t><\/iframe>\n\t\t<\/div>\n\t\t\t\t\t\t<\/div>\n\t\t\t\t<\/div>\n\t\t\t\t<\/div>\n\t\t","protected":false},"excerpt":{"rendered":"<p>KEMAL BALIK\u00c7ILIK \u041a\u043e\u043c\u043f\u0430\u043d\u0438\u044f Kemal Bal\u0131k\u00e7\u0131l\u0131k \u0431\u044b\u043b\u0430 \u043e\u0441\u043d\u043e\u0432\u0430\u043d\u0430 \u0432 \u0421\u0430\u043c\u0441\u0443\u043d\u0435 \u0432 \u043d\u0430\u0447\u0430\u043b\u0435 1960-\u0445 \u0433\u043e\u0434\u043e\u0432, \u0430 \u043f\u043e\u0437\u0436\u0435 \u0440\u0430\u0441\u0448\u0438\u0440\u0438\u043b\u0430 \u0441\u0432\u043e\u044e \u0434\u0435\u044f\u0442\u0435\u043b\u044c\u043d\u043e\u0441\u0442\u044c, \u043e\u0442\u043a\u0440\u044b\u0432 \u043c\u0430\u0433\u0430\u0437\u0438\u043d \u043d\u0430 \u0440\u044b\u0431\u043d\u043e\u043c \u0440\u044b\u043d\u043a\u0435 \u041a\u0443\u043c\u043a\u0430\u043f\u044b \u0432 \u0421\u0442\u0430\u043c\u0431\u0443\u043b\u0435. \u0411\u0443\u0434\u0443\u0447\u0438 \u043f\u0435\u0440\u0432\u043e\u0439 \u043a\u043e\u043c\u043f\u0430\u043d\u0438\u0435\u0439 \u0433\u0440\u0443\u043f\u043f\u044b Sagun \u0438 \u043e\u0441\u0443\u0449\u0435\u0441\u0442\u0432\u043b\u044f\u0432\u0448\u0435\u0439 \u043f\u0435\u0440\u0432\u043e\u043d\u0430\u0447\u0430\u043b\u044c\u043d\u044b\u0439 \u044d\u043a\u0441\u043f\u043e\u0440\u0442 \u0433\u0440\u0443\u043f\u043f\u044b, \u043e\u043d\u0430 \u0437\u0430\u043d\u0438\u043c\u0430\u0435\u0442 \u0432\u0435\u0434\u0443\u0449\u0435\u0435 \u043f\u043e\u043b\u043e\u0436\u0435\u043d\u0438\u0435 \u0432 \u043e\u0440\u0433\u0430\u043d\u0438\u0437\u0430\u0446\u0438\u0438. \u0421\u0435\u0433\u043e\u0434\u043d\u044f \u043a\u043e\u043c\u043f\u0430\u043d\u0438\u044f Kemal Bal\u0131k\u00e7\u0131l\u0131k \u044d\u043a\u0441\u043f\u043e\u0440\u0442\u0438\u0440\u0443\u0435\u0442 \u0441\u0432\u043e\u044e \u043f\u0440\u043e\u0434\u0443\u043a\u0446\u0438\u044e \u0432\u043e \u043c\u043d\u043e\u0433\u0438\u0435 \u0441\u0442\u0440\u0430\u043d\u044b, \u043e\u0442 \u0424\u0440\u0430\u043d\u0446\u0438\u0438 \u0434\u043e [&hellip;]<\/p>\n","protected":false},"author":1,"featured_media":0,"parent":0,"menu_order":0,"comment_status":"closed","ping_status":"closed","template":"elementor_header_footer","meta":{"footnotes":""},"class_list":["post-4651","page","type-page","status-publish","hentry"],"_links":{"self":[{"href":"https:\/\/windmedya.net\/sagun\/index.php\/wp-json\/wp\/v2\/pages\/4651","targetHints":{"allow":["GET"]}}],"collection":[{"href":"https:\/\/windmedya.net\/sagun\/index.php\/wp-json\/wp\/v2\/pages"}],"about":[{"href":"https:\/\/windmedya.net\/sagun\/index.php\/wp-json\/wp\/v2\/types\/page"}],"author":[{"embeddable":true,"href":"https:\/\/windmedya.net\/sagun\/index.php\/wp-json\/wp\/v2\/users\/1"}],"replies":[{"embeddable":true,"href":"https:\/\/windmedya.net\/sagun\/index.php\/wp-json\/wp\/v2\/comments?post=4651"}],"version-history":[{"count":1,"href":"https:\/\/windmedya.net\/sagun\/index.php\/wp-json\/wp\/v2\/pages\/4651\/revisions"}],"predecessor-version":[{"id":4653,"href":"https:\/\/windmedya.net\/sagun\/index.php\/wp-json\/wp\/v2\/pages\/4651\/revisions\/4653"}],"wp:attachment":[{"href":"https:\/\/windmedya.net\/sagun\/index.php\/wp-json\/wp\/v2\/media?parent=4651"}],"curies":[{"name":"wp","href":"https:\/\/api.w.org\/{rel}","templated":true}]}}