{"id":4622,"date":"2025-11-14T10:26:54","date_gmt":"2025-11-14T10:26:54","guid":{"rendered":"https:\/\/windmedya.net\/sagun\/index.php\/firdevs-kulekcioglu\/"},"modified":"2025-12-29T20:37:52","modified_gmt":"2025-12-29T20:37:52","slug":"firdevs-kulekcioglu","status":"publish","type":"page","link":"https:\/\/windmedya.net\/sagun\/index.php\/firdevs-kulekcioglu\/?lang=ru","title":{"rendered":"Firdevs K\u00fclek\u00e7io\u011flu"},"content":{"rendered":"\t\t<div data-elementor-type=\"wp-page\" data-elementor-id=\"4622\" class=\"elementor elementor-4622 elementor-1856\" data-elementor-settings=\"{&quot;ha_cmc_init_switcher&quot;:&quot;no&quot;}\" data-elementor-post-type=\"page\">\n\t\t\t\t<div class=\"elementor-element elementor-element-1fbc4e2 e-flex e-con-boxed elementor-invisible e-con e-parent\" data-id=\"1fbc4e2\" data-element_type=\"container\" data-settings=\"{&quot;background_background&quot;:&quot;classic&quot;,&quot;animation&quot;:&quot;slideInDown&quot;,&quot;_ha_eqh_enable&quot;:false}\">\n\t\t\t\t\t<div class=\"e-con-inner\">\n\t\t<div class=\"elementor-element elementor-element-50f3eab e-con-full e-flex e-con e-child\" data-id=\"50f3eab\" data-element_type=\"container\" data-settings=\"{&quot;_ha_eqh_enable&quot;:false}\">\n\t\t\t\t<div class=\"elementor-element elementor-element-50bd1c3 elementor-widget elementor-widget-heading\" data-id=\"50bd1c3\" data-element_type=\"widget\" data-widget_type=\"heading.default\">\n\t\t\t\t\t<h2 class=\"elementor-heading-title elementor-size-default\">F\u0130RDEVS K\u00dcLEK\u00c7\u0130O\u011eLU<\/h2>\t\t\t\t<\/div>\n\t\t\t\t<\/div>\n\t\t\t\t\t<\/div>\n\t\t\t\t<\/div>\n\t\t<div class=\"elementor-element elementor-element-6251e8f e-flex e-con-boxed elementor-invisible e-con e-parent\" data-id=\"6251e8f\" data-element_type=\"container\" data-settings=\"{&quot;animation&quot;:&quot;slideInUp&quot;,&quot;_ha_eqh_enable&quot;:false}\">\n\t\t\t\t\t<div class=\"e-con-inner\">\n\t\t\t\t<div class=\"elementor-element elementor-element-bbc8010 elementor-widget elementor-widget-heading\" data-id=\"bbc8010\" data-element_type=\"widget\" data-widget_type=\"heading.default\">\n\t\t\t\t\t<h2 class=\"elementor-heading-title elementor-size-default\">Firdevs K\u00fclek\u00e7io\u011flu<\/h2>\t\t\t\t<\/div>\n\t\t\t\t<div class=\"elementor-element elementor-element-9dc359e elementor-widget__width-initial elementor-widget elementor-widget-text-editor\" data-id=\"9dc359e\" data-element_type=\"widget\" data-widget_type=\"text-editor.default\">\n\t\t\t\t\t\t\t\t\t<p>\u0424\u0438\u0440\u0434\u0435\u0432\u0441 \u041a\u044e\u043b\u0435\u043a\u0447\u0438\u043e\u0433\u043b\u0443, \u0440\u043e\u0434\u0438\u0432\u0448\u0430\u044f\u0441\u044f \u0432 1980 \u0433\u043e\u0434\u0443, \u043d\u0430\u0447\u0430\u043b\u0430 \u0441\u0432\u043e\u044e \u043f\u0440\u043e\u0444\u0435\u0441\u0441\u0438\u043e\u043d\u0430\u043b\u044c\u043d\u0443\u044e \u043a\u0430\u0440\u044c\u0435\u0440\u0443 \u0432 \u0441\u0435\u043c\u0435\u0439\u043d\u043e\u043c \u0431\u0438\u0437\u043d\u0435\u0441\u0435 \u043f\u043e\u0441\u043b\u0435 \u043e\u043a\u043e\u043d\u0447\u0430\u043d\u0438\u044f \u0423\u043d\u0438\u0432\u0435\u0440\u0441\u0438\u0442\u0435\u0442\u0430 \u0423\u043b\u0443\u0434\u0430\u0433 \u043f\u043e \u0441\u043f\u0435\u0446\u0438\u0430\u043b\u044c\u043d\u043e\u0441\u0442\u0438 \u00ab\u0412\u043d\u0435\u0448\u043d\u044f\u044f \u0442\u043e\u0440\u0433\u043e\u0432\u043b\u044f \u0438 \u0443\u043f\u0440\u0430\u0432\u043b\u0435\u043d\u0438\u0435 \u0431\u0438\u0437\u043d\u0435\u0441\u043e\u043c\u00bb.Born in 1980, Firdevs K\u00fclek\u00e7io\u011flu began her professional career in the family business after graduating from Uluda\u011f University with a degree in Foreign Trade and Business Administration. \u041e\u043d\u0430 \u044f\u0432\u043b\u044f\u0435\u0442\u0441\u044f \u0447\u043b\u0435\u043d\u043e\u043c \u0441\u043e\u0432\u0435\u0442\u0430 \u0434\u0438\u0440\u0435\u043a\u0442\u043e\u0440\u043e\u0432 Group Sagun \u0441 2001 \u0433\u043e\u0434\u0430.<br>\u0412 2018 \u0433\u043e\u0434\u0443 \u043e\u043d\u0430 \u0441\u0442\u0430\u043b\u0430 \u043f\u0435\u0440\u0432\u043e\u0439 \u0436\u0435\u043d\u0449\u0438\u043d\u043e\u0439-\u0447\u043b\u0435\u043d\u043e\u043c \u0441\u043e\u0432\u0435\u0442\u0430 \u0434\u0438\u0440\u0435\u043a\u0442\u043e\u0440\u043e\u0432 \u0421\u0442\u0430\u043c\u0431\u0443\u043b\u044c\u0441\u043a\u043e\u0439 \u0430\u0441\u0441\u043e\u0446\u0438\u0430\u0446\u0438\u0438 \u044d\u043a\u0441\u043f\u043e\u0440\u0442\u0435\u0440\u043e\u0432 \u043c\u043e\u0440\u0435\u043f\u0440\u043e\u0434\u0443\u043a\u0442\u043e\u0432 \u0438 \u043f\u0440\u043e\u0434\u0443\u043a\u0442\u043e\u0432 \u0436\u0438\u0432\u043e\u0442\u043d\u043e\u0433\u043e \u043f\u0440\u043e\u0438\u0441\u0445\u043e\u0436\u0434\u0435\u043d\u0438\u044f \u0438 \u043f\u0440\u043e\u0434\u043e\u043b\u0436\u0430\u0435\u0442 \u0437\u0430\u043d\u0438\u043c\u0430\u0442\u044c \u044d\u0442\u0438 \u0434\u043e\u043b\u0436\u043d\u043e\u0441\u0442\u0438 \u043f\u043e \u0441\u0435\u0439 \u0434\u0435\u043d\u044c.<\/p>\t\t\t\t\t\t\t\t<\/div>\n\t\t\t\t\t<\/div>\n\t\t\t\t<\/div>\n\t\t\t\t<\/div>\n\t\t","protected":false},"excerpt":{"rendered":"<p>F\u0130RDEVS K\u00dcLEK\u00c7\u0130O\u011eLU Firdevs K\u00fclek\u00e7io\u011flu \u0424\u0438\u0440\u0434\u0435\u0432\u0441 \u041a\u044e\u043b\u0435\u043a\u0447\u0438\u043e\u0433\u043b\u0443, \u0440\u043e\u0434\u0438\u0432\u0448\u0430\u044f\u0441\u044f \u0432 1980 \u0433\u043e\u0434\u0443, \u043d\u0430\u0447\u0430\u043b\u0430 \u0441\u0432\u043e\u044e \u043f\u0440\u043e\u0444\u0435\u0441\u0441\u0438\u043e\u043d\u0430\u043b\u044c\u043d\u0443\u044e \u043a\u0430\u0440\u044c\u0435\u0440\u0443 \u0432 \u0441\u0435\u043c\u0435\u0439\u043d\u043e\u043c \u0431\u0438\u0437\u043d\u0435\u0441\u0435 \u043f\u043e\u0441\u043b\u0435 \u043e\u043a\u043e\u043d\u0447\u0430\u043d\u0438\u044f \u0423\u043d\u0438\u0432\u0435\u0440\u0441\u0438\u0442\u0435\u0442\u0430 \u0423\u043b\u0443\u0434\u0430\u0433 \u043f\u043e \u0441\u043f\u0435\u0446\u0438\u0430\u043b\u044c\u043d\u043e\u0441\u0442\u0438 \u00ab\u0412\u043d\u0435\u0448\u043d\u044f\u044f \u0442\u043e\u0440\u0433\u043e\u0432\u043b\u044f \u0438 \u0443\u043f\u0440\u0430\u0432\u043b\u0435\u043d\u0438\u0435 \u0431\u0438\u0437\u043d\u0435\u0441\u043e\u043c\u00bb.Born in 1980, Firdevs K\u00fclek\u00e7io\u011flu began her professional career in the family business after graduating from Uluda\u011f University with a degree in Foreign Trade and Business Administration. \u041e\u043d\u0430 [&hellip;]<\/p>\n","protected":false},"author":1,"featured_media":0,"parent":0,"menu_order":0,"comment_status":"closed","ping_status":"closed","template":"elementor_header_footer","meta":{"footnotes":""},"class_list":["post-4622","page","type-page","status-publish","hentry"],"_links":{"self":[{"href":"https:\/\/windmedya.net\/sagun\/index.php\/wp-json\/wp\/v2\/pages\/4622","targetHints":{"allow":["GET"]}}],"collection":[{"href":"https:\/\/windmedya.net\/sagun\/index.php\/wp-json\/wp\/v2\/pages"}],"about":[{"href":"https:\/\/windmedya.net\/sagun\/index.php\/wp-json\/wp\/v2\/types\/page"}],"author":[{"embeddable":true,"href":"https:\/\/windmedya.net\/sagun\/index.php\/wp-json\/wp\/v2\/users\/1"}],"replies":[{"embeddable":true,"href":"https:\/\/windmedya.net\/sagun\/index.php\/wp-json\/wp\/v2\/comments?post=4622"}],"version-history":[{"count":1,"href":"https:\/\/windmedya.net\/sagun\/index.php\/wp-json\/wp\/v2\/pages\/4622\/revisions"}],"predecessor-version":[{"id":4623,"href":"https:\/\/windmedya.net\/sagun\/index.php\/wp-json\/wp\/v2\/pages\/4622\/revisions\/4623"}],"wp:attachment":[{"href":"https:\/\/windmedya.net\/sagun\/index.php\/wp-json\/wp\/v2\/media?parent=4622"}],"curies":[{"name":"wp","href":"https:\/\/api.w.org\/{rel}","templated":true}]}}