{"id":4589,"date":"2025-11-14T09:30:25","date_gmt":"2025-11-14T09:30:25","guid":{"rendered":"https:\/\/windmedya.net\/sagun\/index.php\/antalya-balik\/"},"modified":"2025-12-29T20:28:37","modified_gmt":"2025-12-29T20:28:37","slug":"antalya-balik","status":"publish","type":"page","link":"https:\/\/windmedya.net\/sagun\/index.php\/antalya-balik\/?lang=ru","title":{"rendered":"Antalya Bal\u0131k"},"content":{"rendered":"\t\t<div data-elementor-type=\"wp-page\" data-elementor-id=\"4589\" class=\"elementor elementor-4589 elementor-2131\" data-elementor-settings=\"{&quot;ha_cmc_init_switcher&quot;:&quot;no&quot;}\" data-elementor-post-type=\"page\">\n\t\t\t\t<div class=\"elementor-element elementor-element-67a7bbf e-flex e-con-boxed e-con e-parent\" data-id=\"67a7bbf\" data-element_type=\"container\" data-settings=\"{&quot;background_background&quot;:&quot;classic&quot;,&quot;_ha_eqh_enable&quot;:false}\">\n\t\t\t\t\t<div class=\"e-con-inner\">\n\t\t\t\t<div class=\"elementor-element elementor-element-08ae5ba elementor-invisible elementor-widget elementor-widget-image\" data-id=\"08ae5ba\" data-element_type=\"widget\" data-settings=\"{&quot;_animation&quot;:&quot;fadeIn&quot;}\" data-widget_type=\"image.default\">\n\t\t\t\t\t\t\t\t\t\t\t\t\t\t\t<img fetchpriority=\"high\" decoding=\"async\" width=\"300\" height=\"308\" src=\"https:\/\/windmedya.net\/sagun\/wp-content\/uploads\/2025\/12\/antalya-balik-new-9812985.png\" class=\"attachment-full size-full wp-image-4569\" alt=\"\" srcset=\"https:\/\/windmedya.net\/sagun\/wp-content\/uploads\/2025\/12\/antalya-balik-new-9812985.png 300w, https:\/\/windmedya.net\/sagun\/wp-content\/uploads\/2025\/12\/antalya-balik-new-9812985-292x300.png 292w\" sizes=\"(max-width: 300px) 100vw, 300px\" \/>\t\t\t\t\t\t\t\t\t\t\t\t\t\t\t<\/div>\n\t\t\t\t\t<\/div>\n\t\t\t\t<\/div>\n\t\t<div class=\"elementor-element elementor-element-20722ab e-flex e-con-boxed e-con e-parent\" data-id=\"20722ab\" data-element_type=\"container\" data-settings=\"{&quot;_ha_eqh_enable&quot;:false}\">\n\t\t\t\t\t<div class=\"e-con-inner\">\n\t\t\t\t<div class=\"elementor-element elementor-element-4e2cbf7 elementor-widget elementor-widget-heading\" data-id=\"4e2cbf7\" data-element_type=\"widget\" data-widget_type=\"heading.default\">\n\t\t\t\t\t<h2 class=\"elementor-heading-title elementor-size-default\">ANTALYA BALIK<\/h2>\t\t\t\t<\/div>\n\t\t\t\t<div class=\"elementor-element elementor-element-e5d5611 elementor-widget__width-initial elementor-widget elementor-widget-text-editor\" data-id=\"e5d5611\" data-element_type=\"widget\" data-widget_type=\"text-editor.default\">\n\t\t\t\t\t\t\t\t\t<p>\u041a\u043e\u043c\u043f\u0430\u043d\u0438\u044f Antalya Bal\u0131k Turizm G\u0131da Ta\u015f\u0131mac\u0131l\u0131k \u0130n\u015faat Sanayi ve Ticaret A.\u015e., \u043e\u0441\u043d\u043e\u0432\u0430\u043d\u043d\u0430\u044f \u0432 \u0410\u043d\u0442\u0430\u043b\u0438\u0438 \u0432 1985 \u0433\u043e\u0434\u0443, \u0443\u043f\u0440\u0430\u0432\u043b\u044f\u0435\u0442 \u043a\u0440\u0443\u043f\u043d\u044b\u043c \u043f\u0440\u0435\u0434\u043f\u0440\u0438\u044f\u0442\u0438\u0435\u043c \u043f\u043e \u043f\u0440\u043e\u0438\u0437\u0432\u043e\u0434\u0441\u0442\u0432\u0443 \u043c\u043e\u0440\u0435\u043f\u0440\u043e\u0434\u0443\u043a\u0442\u043e\u0432, \u0433\u0434\u0435 \u043e\u0441\u0443\u0449\u0435\u0441\u0442\u0432\u043b\u044f\u0435\u0442 \u043f\u0435\u0440\u0435\u0440\u0430\u0431\u043e\u0442\u043a\u0443, \u0437\u0430\u043c\u043e\u0440\u043e\u0437\u043a\u0443, \u0433\u043b\u0430\u0437\u0438\u0440\u043e\u0432\u0430\u043d\u0438\u0435, \u043c\u0430\u0440\u0438\u043d\u043e\u0432\u0430\u043d\u0438\u0435, \u043f\u0440\u043e\u0438\u0437\u0432\u043e\u0434\u0441\u0442\u0432\u043e \u043a\u043e\u043f\u0447\u0435\u043d\u043e\u0439 \u043f\u0440\u043e\u0434\u0443\u043a\u0446\u0438\u0438, \u0443\u043f\u0430\u043a\u043e\u0432\u043a\u0443 \u0438 \u0445\u0440\u0430\u043d\u0435\u043d\u0438\u0435 \u043c\u043e\u0440\u0435\u043f\u0440\u043e\u0434\u0443\u043a\u0442\u043e\u0432.<\/p>\t\t\t\t\t\t\t\t<\/div>\n\t\t\t\t\t<\/div>\n\t\t\t\t<\/div>\n\t\t<div class=\"elementor-element elementor-element-6db97e6 e-con-full e-flex e-con e-parent\" data-id=\"6db97e6\" data-element_type=\"container\" data-settings=\"{&quot;_ha_eqh_enable&quot;:false}\">\n\t\t\t\t<div class=\"elementor-element elementor-element-7fa0815 elementor-widget elementor-widget-google_maps\" data-id=\"7fa0815\" data-element_type=\"widget\" data-widget_type=\"google_maps.default\">\n\t\t\t\t\t\t\t<div class=\"elementor-custom-embed\">\n\t\t\t<iframe loading=\"lazy\"\n\t\t\t\t\tsrc=\"https:\/\/maps.google.com\/maps?q=Organize%20Sanayi%20B%C3%B6lgesi%202.%20K%C4%B1s%C4%B1m%2024.%20Cadde%20D%C3%96%C5%9EEMEALTI%2FANTALYA%20-%20Antalya%20%2F%20T%C3%BCrkiye&#038;t=m&#038;z=14&#038;output=embed&#038;iwloc=near\"\n\t\t\t\t\ttitle=\"Organize Sanayi B\u00f6lgesi 2. K\u0131s\u0131m 24. Cadde D\u00d6\u015eEMEALTI\/ANTALYA - Antalya \/ T\u00fcrkiye\"\n\t\t\t\t\taria-label=\"Organize Sanayi B\u00f6lgesi 2. K\u0131s\u0131m 24. Cadde D\u00d6\u015eEMEALTI\/ANTALYA - Antalya \/ T\u00fcrkiye\"\n\t\t\t><\/iframe>\n\t\t<\/div>\n\t\t\t\t\t\t<\/div>\n\t\t\t\t<\/div>\n\t\t\t\t<\/div>\n\t\t","protected":false},"excerpt":{"rendered":"<p>ANTALYA BALIK \u041a\u043e\u043c\u043f\u0430\u043d\u0438\u044f Antalya Bal\u0131k Turizm G\u0131da Ta\u015f\u0131mac\u0131l\u0131k \u0130n\u015faat Sanayi ve Ticaret A.\u015e., \u043e\u0441\u043d\u043e\u0432\u0430\u043d\u043d\u0430\u044f \u0432 \u0410\u043d\u0442\u0430\u043b\u0438\u0438 \u0432 1985 \u0433\u043e\u0434\u0443, \u0443\u043f\u0440\u0430\u0432\u043b\u044f\u0435\u0442 \u043a\u0440\u0443\u043f\u043d\u044b\u043c \u043f\u0440\u0435\u0434\u043f\u0440\u0438\u044f\u0442\u0438\u0435\u043c \u043f\u043e \u043f\u0440\u043e\u0438\u0437\u0432\u043e\u0434\u0441\u0442\u0432\u0443 \u043c\u043e\u0440\u0435\u043f\u0440\u043e\u0434\u0443\u043a\u0442\u043e\u0432, \u0433\u0434\u0435 \u043e\u0441\u0443\u0449\u0435\u0441\u0442\u0432\u043b\u044f\u0435\u0442 \u043f\u0435\u0440\u0435\u0440\u0430\u0431\u043e\u0442\u043a\u0443, \u0437\u0430\u043c\u043e\u0440\u043e\u0437\u043a\u0443, \u0433\u043b\u0430\u0437\u0438\u0440\u043e\u0432\u0430\u043d\u0438\u0435, \u043c\u0430\u0440\u0438\u043d\u043e\u0432\u0430\u043d\u0438\u0435, \u043f\u0440\u043e\u0438\u0437\u0432\u043e\u0434\u0441\u0442\u0432\u043e \u043a\u043e\u043f\u0447\u0435\u043d\u043e\u0439 \u043f\u0440\u043e\u0434\u0443\u043a\u0446\u0438\u0438, \u0443\u043f\u0430\u043a\u043e\u0432\u043a\u0443 \u0438 \u0445\u0440\u0430\u043d\u0435\u043d\u0438\u0435 \u043c\u043e\u0440\u0435\u043f\u0440\u043e\u0434\u0443\u043a\u0442\u043e\u0432.<\/p>\n","protected":false},"author":1,"featured_media":0,"parent":0,"menu_order":0,"comment_status":"closed","ping_status":"closed","template":"elementor_header_footer","meta":{"footnotes":""},"class_list":["post-4589","page","type-page","status-publish","hentry"],"_links":{"self":[{"href":"https:\/\/windmedya.net\/sagun\/index.php\/wp-json\/wp\/v2\/pages\/4589","targetHints":{"allow":["GET"]}}],"collection":[{"href":"https:\/\/windmedya.net\/sagun\/index.php\/wp-json\/wp\/v2\/pages"}],"about":[{"href":"https:\/\/windmedya.net\/sagun\/index.php\/wp-json\/wp\/v2\/types\/page"}],"author":[{"embeddable":true,"href":"https:\/\/windmedya.net\/sagun\/index.php\/wp-json\/wp\/v2\/users\/1"}],"replies":[{"embeddable":true,"href":"https:\/\/windmedya.net\/sagun\/index.php\/wp-json\/wp\/v2\/comments?post=4589"}],"version-history":[{"count":1,"href":"https:\/\/windmedya.net\/sagun\/index.php\/wp-json\/wp\/v2\/pages\/4589\/revisions"}],"predecessor-version":[{"id":4590,"href":"https:\/\/windmedya.net\/sagun\/index.php\/wp-json\/wp\/v2\/pages\/4589\/revisions\/4590"}],"wp:attachment":[{"href":"https:\/\/windmedya.net\/sagun\/index.php\/wp-json\/wp\/v2\/media?parent=4589"}],"curies":[{"name":"wp","href":"https:\/\/api.w.org\/{rel}","templated":true}]}}