{"id":457,"date":"2025-10-21T22:17:18","date_gmt":"2025-10-21T22:17:18","guid":{"rendered":"https:\/\/windmedya.net\/sagun\/?page_id=457"},"modified":"2025-12-15T16:14:22","modified_gmt":"2025-12-15T16:14:22","slug":"merlion-deniz","status":"publish","type":"page","link":"https:\/\/windmedya.net\/sagun\/index.php\/merlion-deniz\/","title":{"rendered":"Merlion Deniz"},"content":{"rendered":"\t\t<div data-elementor-type=\"wp-page\" data-elementor-id=\"457\" class=\"elementor elementor-457\" data-elementor-settings=\"{&quot;ha_cmc_init_switcher&quot;:&quot;no&quot;}\" data-elementor-post-type=\"page\">\n\t\t\t\t<div class=\"elementor-element elementor-element-5d8388d4 e-flex e-con-boxed e-con e-parent\" data-id=\"5d8388d4\" data-element_type=\"container\" data-settings=\"{&quot;background_background&quot;:&quot;classic&quot;,&quot;_ha_eqh_enable&quot;:false}\">\n\t\t\t\t\t<div class=\"e-con-inner\">\n\t\t<div class=\"elementor-element elementor-element-58ab2f46 e-con-full e-flex e-con e-child\" data-id=\"58ab2f46\" data-element_type=\"container\" data-settings=\"{&quot;_ha_eqh_enable&quot;:false}\">\n\t\t\t\t<div class=\"elementor-element elementor-element-adc6a30 elementor-invisible elementor-widget elementor-widget-image\" data-id=\"adc6a30\" data-element_type=\"widget\" data-settings=\"{&quot;_animation&quot;:&quot;fadeIn&quot;}\" data-widget_type=\"image.default\">\n\t\t\t\t\t\t\t\t\t\t\t\t\t\t\t<img fetchpriority=\"high\" decoding=\"async\" width=\"300\" height=\"308\" src=\"https:\/\/windmedya.net\/sagun\/wp-content\/uploads\/2025\/12\/merlion-new-19248125.png\" class=\"attachment-full size-full wp-image-2967\" alt=\"\" srcset=\"https:\/\/windmedya.net\/sagun\/wp-content\/uploads\/2025\/12\/merlion-new-19248125.png 300w, https:\/\/windmedya.net\/sagun\/wp-content\/uploads\/2025\/12\/merlion-new-19248125-292x300.png 292w\" sizes=\"(max-width: 300px) 100vw, 300px\" \/>\t\t\t\t\t\t\t\t\t\t\t\t\t\t\t<\/div>\n\t\t\t\t<\/div>\n\t\t\t\t\t<\/div>\n\t\t\t\t<\/div>\n\t\t<div class=\"elementor-element elementor-element-81d4cf2 e-flex e-con-boxed e-con e-parent\" data-id=\"81d4cf2\" data-element_type=\"container\" data-settings=\"{&quot;_ha_eqh_enable&quot;:false}\">\n\t\t\t\t\t<div class=\"e-con-inner\">\n\t\t\t\t<div class=\"elementor-element elementor-element-c25f2cf elementor-widget elementor-widget-heading\" data-id=\"c25f2cf\" data-element_type=\"widget\" data-widget_type=\"heading.default\">\n\t\t\t\t\t<h2 class=\"elementor-heading-title elementor-size-default\">MERLION DEN\u0130Z<\/h2>\t\t\t\t<\/div>\n\t\t\t\t<div class=\"elementor-element elementor-element-0e3899f elementor-widget__width-initial elementor-widget elementor-widget-text-editor\" data-id=\"0e3899f\" data-element_type=\"widget\" data-widget_type=\"text-editor.default\">\n\t\t\t\t\t\t\t\t\t<p>Grubun su \u00fcr\u00fcnleri ithalat\u0131 alan\u0131na odaklanm\u0131\u015f \u015firketi olan\u00a0Merlion Deniz \u00dcr\u00fcnleri San. ve Tic. A.\u015e.,\u00a0d\u00fcnya genelinden titizlikle ara\u015ft\u0131rarak ithal etti\u011fi kaliteli su \u00fcr\u00fcnlerini T\u00fcrkiye pazar\u0131na sunmaktad\u0131r.<\/p><p>Merlion,\u00a0\u00fcr\u00fcnlerde standardizasyon, uygunluk ve sa\u011fl\u0131kl\u0131 ko\u015fullarla T\u00fcrkiye\u2019deki su \u00fcr\u00fcnleri bilincini ve t\u00fcketimini artt\u0131rmay\u0131 ama\u00e7 edinmi\u015ftir.<\/p><p>Taze somon bal\u0131\u011f\u0131, dondurulmu\u015f uskumru, saithe (mezgit) fileto, ringa bal\u0131\u011f\u0131, t\u00fcp kalamar, halka kalamar, b\u00fct\u00fcn kalamar ve karides gibi \u00e7e\u015fitler Merlion taraf\u0131ndan ithal edilen ve piyasaya sunulan \u00fcr\u00fcnlerin baz\u0131lar\u0131d\u0131r.<\/p>\t\t\t\t\t\t\t\t<\/div>\n\t\t\t\t\t<\/div>\n\t\t\t\t<\/div>\n\t\t<div class=\"elementor-element elementor-element-b16740a e-con-full e-flex e-con e-parent\" data-id=\"b16740a\" data-element_type=\"container\" data-settings=\"{&quot;_ha_eqh_enable&quot;:false}\">\n\t\t\t\t<div class=\"elementor-element elementor-element-6027459 elementor-widget elementor-widget-google_maps\" data-id=\"6027459\" data-element_type=\"widget\" data-widget_type=\"google_maps.default\">\n\t\t\t\t\t\t\t<div class=\"elementor-custom-embed\">\n\t\t\t<iframe loading=\"lazy\"\n\t\t\t\t\tsrc=\"https:\/\/maps.google.com\/maps?q=Osmangazi%20Mah.%20Battalgazi%20Cad.%20Sagun%20Plaza%20No%3A%2021%2034887%20Sancaktepe%20%2F%20%C4%B0stanbul%20%2F%20T%C3%9CRK%C4%B0YE&#038;t=m&#038;z=14&#038;output=embed&#038;iwloc=near\"\n\t\t\t\t\ttitle=\"Osmangazi Mah. Battalgazi Cad. Sagun Plaza No: 21 34887 Sancaktepe \/ \u0130stanbul \/ T\u00dcRK\u0130YE\"\n\t\t\t\t\taria-label=\"Osmangazi Mah. Battalgazi Cad. Sagun Plaza No: 21 34887 Sancaktepe \/ \u0130stanbul \/ T\u00dcRK\u0130YE\"\n\t\t\t><\/iframe>\n\t\t<\/div>\n\t\t\t\t\t\t<\/div>\n\t\t\t\t<\/div>\n\t\t\t\t<\/div>\n\t\t","protected":false},"excerpt":{"rendered":"<p>MERLION DEN\u0130Z Grubun su \u00fcr\u00fcnleri ithalat\u0131 alan\u0131na odaklanm\u0131\u015f \u015firketi olan\u00a0Merlion Deniz \u00dcr\u00fcnleri San. ve Tic. A.\u015e.,\u00a0d\u00fcnya genelinden titizlikle ara\u015ft\u0131rarak ithal etti\u011fi kaliteli su \u00fcr\u00fcnlerini T\u00fcrkiye pazar\u0131na sunmaktad\u0131r. Merlion,\u00a0\u00fcr\u00fcnlerde standardizasyon, uygunluk ve sa\u011fl\u0131kl\u0131 ko\u015fullarla T\u00fcrkiye\u2019deki su \u00fcr\u00fcnleri bilincini ve t\u00fcketimini artt\u0131rmay\u0131 ama\u00e7 edinmi\u015ftir. Taze somon bal\u0131\u011f\u0131, dondurulmu\u015f uskumru, saithe (mezgit) fileto, ringa bal\u0131\u011f\u0131, t\u00fcp kalamar, halka [&hellip;]<\/p>\n","protected":false},"author":1,"featured_media":0,"parent":0,"menu_order":0,"comment_status":"closed","ping_status":"closed","template":"elementor_header_footer","meta":{"footnotes":""},"class_list":["post-457","page","type-page","status-publish","hentry"],"_links":{"self":[{"href":"https:\/\/windmedya.net\/sagun\/index.php\/wp-json\/wp\/v2\/pages\/457","targetHints":{"allow":["GET"]}}],"collection":[{"href":"https:\/\/windmedya.net\/sagun\/index.php\/wp-json\/wp\/v2\/pages"}],"about":[{"href":"https:\/\/windmedya.net\/sagun\/index.php\/wp-json\/wp\/v2\/types\/page"}],"author":[{"embeddable":true,"href":"https:\/\/windmedya.net\/sagun\/index.php\/wp-json\/wp\/v2\/users\/1"}],"replies":[{"embeddable":true,"href":"https:\/\/windmedya.net\/sagun\/index.php\/wp-json\/wp\/v2\/comments?post=457"}],"version-history":[{"count":30,"href":"https:\/\/windmedya.net\/sagun\/index.php\/wp-json\/wp\/v2\/pages\/457\/revisions"}],"predecessor-version":[{"id":2974,"href":"https:\/\/windmedya.net\/sagun\/index.php\/wp-json\/wp\/v2\/pages\/457\/revisions\/2974"}],"wp:attachment":[{"href":"https:\/\/windmedya.net\/sagun\/index.php\/wp-json\/wp\/v2\/media?parent=457"}],"curies":[{"name":"wp","href":"https:\/\/api.w.org\/{rel}","templated":true}]}}