{"id":4546,"date":"2025-11-14T10:22:29","date_gmt":"2025-11-14T10:22:29","guid":{"rendered":"https:\/\/windmedya.net\/sagun\/index.php\/ahmet-tuncay-sagun\/"},"modified":"2025-12-29T20:18:46","modified_gmt":"2025-12-29T20:18:46","slug":"ahmet-tuncay-sagun","status":"publish","type":"page","link":"https:\/\/windmedya.net\/sagun\/index.php\/ahmet-tuncay-sagun\/?lang=ru","title":{"rendered":"Ahmet Tuncay Sagun"},"content":{"rendered":"\t\t<div data-elementor-type=\"wp-page\" data-elementor-id=\"4546\" class=\"elementor elementor-4546 elementor-1858\" data-elementor-settings=\"{&quot;ha_cmc_init_switcher&quot;:&quot;no&quot;}\" data-elementor-post-type=\"page\">\n\t\t\t\t<div class=\"elementor-element elementor-element-1fbc4e2 e-flex e-con-boxed elementor-invisible e-con e-parent\" data-id=\"1fbc4e2\" data-element_type=\"container\" data-settings=\"{&quot;background_background&quot;:&quot;classic&quot;,&quot;animation&quot;:&quot;slideInDown&quot;,&quot;_ha_eqh_enable&quot;:false}\">\n\t\t\t\t\t<div class=\"e-con-inner\">\n\t\t<div class=\"elementor-element elementor-element-50f3eab e-con-full e-flex e-con e-child\" data-id=\"50f3eab\" data-element_type=\"container\" data-settings=\"{&quot;_ha_eqh_enable&quot;:false}\">\n\t\t\t\t<div class=\"elementor-element elementor-element-50bd1c3 elementor-widget elementor-widget-heading\" data-id=\"50bd1c3\" data-element_type=\"widget\" data-widget_type=\"heading.default\">\n\t\t\t\t\t<h2 class=\"elementor-heading-title elementor-size-default\">AHMET TUNCAY SAGUN<\/h2>\t\t\t\t<\/div>\n\t\t\t\t<\/div>\n\t\t\t\t\t<\/div>\n\t\t\t\t<\/div>\n\t\t<div class=\"elementor-element elementor-element-6251e8f e-flex e-con-boxed elementor-invisible e-con e-parent\" data-id=\"6251e8f\" data-element_type=\"container\" data-settings=\"{&quot;animation&quot;:&quot;slideInUp&quot;,&quot;_ha_eqh_enable&quot;:false}\">\n\t\t\t\t\t<div class=\"e-con-inner\">\n\t\t\t\t<div class=\"elementor-element elementor-element-0cb5131 elementor-widget elementor-widget-video\" data-id=\"0cb5131\" data-element_type=\"widget\" data-settings=\"{&quot;youtube_url&quot;:&quot;https:\\\/\\\/www.youtube.com\\\/watch?v=W_kJHXg_6HE&amp;t=1s&quot;,&quot;video_type&quot;:&quot;youtube&quot;,&quot;controls&quot;:&quot;yes&quot;}\" data-widget_type=\"video.default\">\n\t\t\t\t\t\t\t<div class=\"elementor-wrapper elementor-open-inline\">\n\t\t\t<div class=\"elementor-video\"><\/div>\t\t<\/div>\n\t\t\t\t\t\t<\/div>\n\t\t\t\t<div class=\"elementor-element elementor-element-bbc8010 elementor-widget elementor-widget-heading\" data-id=\"bbc8010\" data-element_type=\"widget\" data-widget_type=\"heading.default\">\n\t\t\t\t\t<h2 class=\"elementor-heading-title elementor-size-default\">\u0418\u0441\u0442\u043e\u0440\u0438\u044f \u0443\u0441\u043f\u0435\u0445\u0430\u2026<\/h2>\t\t\t\t<\/div>\n\t\t\t\t<div class=\"elementor-element elementor-element-9dc359e elementor-widget__width-initial elementor-widget elementor-widget-text-editor\" data-id=\"9dc359e\" data-element_type=\"widget\" data-widget_type=\"text-editor.default\">\n\t\t\t\t\t\t\t\t\t<p>\u0420\u044b\u0431\u043e\u043b\u043e\u0432\u043d\u043e\u0435 \u043f\u0443\u0442\u0435\u0448\u0435\u0441\u0442\u0432\u0438\u0435, \u043d\u0430\u0447\u0430\u0432\u0448\u0435\u0435\u0441\u044f \u0432 \u0421\u0430\u043c\u0441\u0443\u043d\u0435\u2026 \u200b\u200b\u041f\u0440\u0435\u0434\u0441\u0435\u0434\u0430\u0442\u0435\u043b\u044c \u0441\u043e\u0432\u0435\u0442\u0430 \u0434\u0438\u0440\u0435\u043a\u0442\u043e\u0440\u043e\u0432 Group SAGUN, \u0410. \u0422\u0443\u043d\u0434\u0436\u0430\u0439 \u0421\u0430\u0433\u0443\u043d, \u043f\u0440\u043e\u0434\u043e\u043b\u0436\u0438\u043b \u0434\u0435\u043b\u043e \u041a\u0435\u043c\u0430\u043b\u044f \u0411\u0430\u043b\u044b\u043a\u0447\u0438\u043b\u044b\u043a\u0430, \u0443\u043d\u0430\u0441\u043b\u0435\u0434\u043e\u0432\u0430\u043d\u043d\u043e\u0435 \u043e\u0442 \u0435\u0433\u043e \u043e\u0442\u0446\u0430 \u041a\u0435\u043c\u0430\u043b\u044f \u0421\u0430\u0433\u0443\u043d\u0430, \u0438 \u043f\u0440\u0435\u0432\u0440\u0430\u0442\u0438\u043b \u0435\u0433\u043e \u0432 Group SAGUN \u2014 \u043a\u043e\u043c\u043f\u0430\u043d\u0438\u044e, \u043a\u043e\u0442\u043e\u0440\u0430\u044f \u0432 \u043d\u0430\u0441\u0442\u043e\u044f\u0449\u0435\u0435 \u0432\u0440\u0435\u043c\u044f \u0432\u043a\u043b\u044e\u0447\u0430\u0435\u0442 8 \u0434\u043e\u0447\u0435\u0440\u043d\u0438\u0445 \u043f\u0440\u0435\u0434\u043f\u0440\u0438\u044f\u0442\u0438\u0439, \u0443\u043f\u0440\u0430\u0432\u043b\u044f\u0435\u0442 18 \u043f\u0440\u0435\u0434\u043f\u0440\u0438\u044f\u0442\u0438\u044f\u043c\u0438 \u0432 6 \u0440\u0435\u0433\u0438\u043e\u043d\u0430\u0445 \u0422\u0443\u0440\u0446\u0438\u0438 \u0438 \u0438\u043c\u0435\u0435\u0442 \u043f\u0440\u043e\u0438\u0437\u0432\u043e\u0434\u0441\u0442\u0432\u0435\u043d\u043d\u044b\u0435 \u043c\u043e\u0449\u043d\u043e\u0441\u0442\u0438 \u0432 3 \u0441\u0442\u0440\u0430\u043d\u0430\u0445 \u043c\u0438\u0440\u0430. \u0417\u0430\u043c\u0435\u0447\u0430\u0442\u0435\u043b\u044c\u043d\u044b\u0439 \u0443\u0441\u043f\u0435\u0445 \u0422\u0443\u043d\u0434\u0436\u0430\u044f \u0421\u0430\u0433\u0443\u043d\u0430 \u043a\u043e\u0440\u0435\u043d\u0438\u0442\u0441\u044f \u0432 \u043e\u0434\u043d\u043e\u043c \u043e\u043f\u0440\u0435\u0434\u0435\u043b\u044f\u044e\u0449\u0435\u043c \u044d\u043b\u0435\u043c\u0435\u043d\u0442\u0435: \u0435\u0433\u043e \u0433\u043b\u0443\u0431\u043e\u043a\u043e\u0439, \u043f\u043e\u0447\u0442\u0438 \u0441\u0442\u0440\u0430\u0441\u0442\u043d\u043e\u0439 \u043b\u044e\u0431\u0432\u0438 \u043a \u0440\u044b\u0431\u0430\u043b\u043a\u0435. \u041f\u043e\u0434 \u0435\u0433\u043e \u0440\u0443\u043a\u043e\u0432\u043e\u0434\u0441\u0442\u0432\u043e\u043c Group SAGUN \u0441\u0442\u0430\u043b\u0430 \u043e\u0434\u043d\u043e\u0439 \u0438\u0437 \u0432\u0435\u0434\u0443\u0449\u0438\u0445 \u043c\u0438\u0440\u043e\u0432\u044b\u0445 \u043a\u043e\u043c\u043f\u0430\u043d\u0438\u0439 \u0432 \u0441\u0432\u043e\u0435\u0439 \u043e\u0431\u043b\u0430\u0441\u0442\u0438, \u0443\u0441\u0442\u0430\u043d\u0430\u0432\u043b\u0438\u0432\u0430\u044f \u0440\u0435\u043a\u043e\u0440\u0434\u044b \u043f\u043e \u0440\u0430\u0437\u043d\u043e\u043e\u0431\u0440\u0430\u0437\u0438\u044e \u0438 \u043e\u0431\u044a\u0435\u043c\u0443 \u043f\u0440\u043e\u0438\u0437\u0432\u043e\u0434\u0438\u043c\u043e\u0439 \u043f\u0440\u043e\u0434\u0443\u043a\u0446\u0438\u0438. \u0421\u0435\u0433\u043e\u0434\u043d\u044f Group \u044d\u043a\u0441\u043f\u043e\u0440\u0442\u0438\u0440\u0443\u0435\u0442 70% \u0441\u0432\u043e\u0435\u0439 \u043f\u0440\u043e\u0434\u0443\u043a\u0446\u0438\u0438 \u0438 \u043d\u0430\u0441\u0447\u0438\u0442\u044b\u0432\u0430\u0435\u0442 1500 \u0441\u043e\u0442\u0440\u0443\u0434\u043d\u0438\u043a\u043e\u0432. \u0411\u043b\u0430\u0433\u043e\u0434\u0430\u0440\u044f \u043e\u0431\u0448\u0438\u0440\u043d\u043e\u043c\u0443 \u0430\u0441\u0441\u043e\u0440\u0442\u0438\u043c\u0435\u043d\u0442\u0443 \u043f\u0440\u043e\u0434\u0443\u043a\u0446\u0438\u0438 \u0438 \u0443\u0441\u043b\u0443\u0433 \u0432\u043e \u0432\u0441\u0435\u0445 \u0441\u0435\u043a\u0442\u043e\u0440\u0430\u0445, \u0432 \u043a\u043e\u0442\u043e\u0440\u044b\u0445 \u043e\u043d\u0430 \u0440\u0430\u0431\u043e\u0442\u0430\u0435\u0442, \u0433\u0440\u0443\u043f\u043f\u0430 SAGUN \u0432\u0445\u043e\u0434\u0438\u0442 \u0432 \u0447\u0438\u0441\u043b\u043e \u043a\u0440\u0443\u043f\u043d\u0435\u0439\u0448\u0438\u0445 \u043f\u0440\u043e\u043c\u044b\u0448\u043b\u0435\u043d\u043d\u044b\u0445 \u043f\u0440\u0435\u0434\u043f\u0440\u0438\u044f\u0442\u0438\u0439 \u0422\u0443\u0440\u0446\u0438\u0438 \u0438 \u0437\u0430\u043d\u0438\u043c\u0430\u0435\u0442 \u043b\u0438\u0434\u0438\u0440\u0443\u044e\u0449\u0438\u0435 \u043f\u043e\u0437\u0438\u0446\u0438\u0438 \u0432 \u0441\u0432\u043e\u0435\u043c \u0441\u0435\u043a\u0442\u043e\u0440\u0435, \u043d\u0435\u0438\u0437\u043c\u0435\u043d\u043d\u043e \u0432\u0445\u043e\u0434\u044f \u0432 \u0447\u0438\u0441\u043b\u043e 500 \u043a\u0440\u0443\u043f\u043d\u0435\u0439\u0448\u0438\u0445 \u044d\u043a\u0441\u043f\u043e\u0440\u0442\u0435\u0440\u043e\u0432 \u0422\u0443\u0440\u0446\u0438\u0438. \u0412 \u043d\u0430\u0441\u0442\u043e\u044f\u0449\u0435\u0435 \u0432\u0440\u0435\u043c\u044f \u0433\u0440\u0443\u043f\u043f\u0430 \u044d\u043a\u0441\u043f\u043e\u0440\u0442\u0438\u0440\u0443\u0435\u0442 \u043f\u0440\u043e\u0434\u0443\u043a\u0446\u0438\u044e \u043d\u0430\u043f\u0440\u044f\u043c\u0443\u044e \u0432 35 \u0441\u0442\u0440\u0430\u043d, \u043f\u0440\u0435\u0438\u043c\u0443\u0449\u0435\u0441\u0442\u0432\u0435\u043d\u043d\u043e \u0432 \u0415\u0432\u0440\u043e\u043f\u0443 \u0438 \u042f\u043f\u043e\u043d\u0438\u044e.     <\/p><p>\u041f\u0440\u0435\u043e\u0431\u0440\u0430\u0437\u043e\u0432\u0430\u0432 \u0440\u044b\u0431\u043e\u043b\u043e\u0432\u0441\u0442\u0432\u043e \u0432 \u043f\u043e\u043b\u043d\u043e\u0441\u0442\u044c\u044e \u0438\u043d\u0434\u0443\u0441\u0442\u0440\u0438\u0430\u043b\u0438\u0437\u0438\u0440\u043e\u0432\u0430\u043d\u043d\u044b\u0439 \u0441\u0435\u043a\u0442\u043e\u0440, Tuncay SAGUN \u043e\u0431\u0435\u0441\u043f\u0435\u0447\u0438\u0432\u0430\u0435\u0442 \u0440\u0430\u0431\u043e\u0442\u0443 \u0433\u0440\u0443\u043f\u043f\u044b \u043a\u043e\u043c\u043f\u0430\u043d\u0438\u0439 SAGUN \u043d\u0430 \u0432\u0441\u0435\u0445 \u044d\u0442\u0430\u043f\u0430\u0445 \u043e\u0442\u0440\u0430\u0441\u043b\u0438 \u2014 \u043e\u0442 \u0440\u044b\u0431\u043e\u043b\u043e\u0432\u0441\u0442\u0432\u0430 \u0438 \u0430\u043a\u0432\u0430\u043a\u0443\u043b\u044c\u0442\u0443\u0440\u044b \u0434\u043e \u043f\u0435\u0440\u0435\u0440\u0430\u0431\u043e\u0442\u043a\u0438, \u0445\u0440\u0430\u043d\u0435\u043d\u0438\u044f, \u0438\u043c\u043f\u043e\u0440\u0442\u0430, \u044d\u043a\u0441\u043f\u043e\u0440\u0442\u0430 \u0438 \u043b\u043e\u0433\u0438\u0441\u0442\u0438\u043a\u0438.<\/p><p>\u0417\u0430 40 \u043b\u0435\u0442 \u0440\u0430\u0431\u043e\u0442\u044b \u0410. \u0422\u0443\u043d\u0434\u0436\u0430\u0439 \u0421\u0430\u0433\u0443\u043d \u043f\u0440\u0435\u0432\u0440\u0430\u0442\u0438\u043b \u043a\u043e\u043c\u043f\u0430\u043d\u0438\u044e Kemal Bal\u0131k\u00e7\u0131l\u0131k \u0432 \u043a\u0440\u0443\u043f\u043d\u0435\u0439\u0448\u0435\u0435 \u043f\u0440\u0435\u0434\u043f\u0440\u0438\u044f\u0442\u0438\u0435 \u0422\u0443\u0440\u0446\u0438\u0438 \u0432 \u0441\u0432\u043e\u0435\u0439 \u043e\u0442\u0440\u0430\u0441\u043b\u0438, \u0438 \u0435\u0433\u043e \u0433\u043b\u0430\u0432\u043d\u0430\u044f \u0446\u0435\u043b\u044c \u2014 \u0432\u044b\u0432\u0435\u0441\u0442\u0438 SAGUN \u043d\u0430 \u043c\u0438\u0440\u043e\u0432\u043e\u0439 \u0443\u0440\u043e\u0432\u0435\u043d\u044c. \u041f\u043e\u043c\u0438\u043c\u043e \u0434\u043e\u0441\u0442\u0438\u0436\u0435\u043d\u0438\u0439 \u0432 \u0431\u0438\u0437\u043d\u0435\u0441\u0435, \u0410. \u0422\u0443\u043d\u0434\u0436\u0430\u0439 \u0421\u0430\u0433\u0443\u043d \u0432 \u0442\u0435\u0447\u0435\u043d\u0438\u0435 12 \u043b\u0435\u0442 \u0437\u0430\u043d\u0438\u043c\u0430\u043b \u043f\u043e\u0441\u0442 \u043f\u0440\u0435\u0437\u0438\u0434\u0435\u043d\u0442\u0430 \u0421\u0442\u0430\u043c\u0431\u0443\u043b\u044c\u0441\u043a\u043e\u0439 \u0430\u0441\u0441\u043e\u0446\u0438\u0430\u0446\u0438\u0438 \u044d\u043a\u0441\u043f\u043e\u0440\u0442\u0435\u0440\u043e\u0432 \u043c\u043e\u0440\u0435\u043f\u0440\u043e\u0434\u0443\u043a\u0442\u043e\u0432 \u0438 \u043f\u0440\u043e\u0434\u0443\u043a\u0442\u043e\u0432 \u0436\u0438\u0432\u043e\u0442\u043d\u043e\u0433\u043e \u043f\u0440\u043e\u0438\u0441\u0445\u043e\u0436\u0434\u0435\u043d\u0438\u044f, \u0430 \u0442\u0430\u043a\u0436\u0435 \u0431\u044b\u043b \u0447\u043b\u0435\u043d\u043e\u043c \u043e\u0442\u0440\u0430\u0441\u043b\u0435\u0432\u043e\u0433\u043e \u0441\u043e\u0432\u0435\u0442\u0430 \u0410\u0441\u0441\u0430\u043c\u0431\u043b\u0435\u0438 \u044d\u043a\u0441\u043f\u043e\u0440\u0442\u0435\u0440\u043e\u0432 \u0422\u0443\u0440\u0446\u0438\u0438. <\/p><p>\u0422\u0443\u043d\u0447\u0430\u0439 \u0421\u0430\u0433\u0443\u043d, \u0440\u043e\u0434\u0438\u0432\u0448\u0438\u0439\u0441\u044f \u0432 1963 \u0433\u043e\u0434\u0443, \u0436\u0435\u043d\u0430\u0442 \u0438 \u044f\u0432\u043b\u044f\u0435\u0442\u0441\u044f \u043e\u0442\u0446\u043e\u043c \u0434\u0432\u043e\u0438\u0445 \u0434\u0435\u0442\u0435\u0439.<\/p><p><strong>\u041e\u0441\u043d\u043e\u0432\u043d\u044b\u0435 \u043c\u043e\u043c\u0435\u043d\u0442\u044b \u0438\u0441\u0442\u043e\u0440\u0438\u0438 \u0443\u0441\u043f\u0435\u0445\u0430 \u043a\u043e\u043c\u043f\u0430\u043d\u0438\u0438 Tuncay SAGUN\u2026<\/strong><\/p><ul><li>\u0421\u043e\u0437\u0434\u0430\u043d\u043e \u043f\u0435\u0440\u0432\u043e\u0435 \u0432 \u0422\u0443\u0440\u0446\u0438\u0438 \u043f\u0440\u0435\u0434\u043f\u0440\u0438\u044f\u0442\u0438\u0435 \u043f\u043e \u0440\u0430\u0437\u0432\u0435\u0434\u0435\u043d\u0438\u044e \u0442\u0443\u043d\u0446\u0430.<\/li><li>Created Marines \u2014 \u0435\u0434\u0438\u043d\u0441\u0442\u0432\u0435\u043d\u043d\u044b\u0439 \u0432 \u0422\u0443\u0440\u0446\u0438\u0438 \u0441\u043f\u0435\u0446\u0438\u0430\u043b\u0438\u0437\u0438\u0440\u043e\u0432\u0430\u043d\u043d\u044b\u0439 \u0431\u0440\u0435\u043d\u0434 \u043c\u043e\u0440\u0435\u043f\u0440\u043e\u0434\u0443\u043a\u0442\u043e\u0432.<\/li><li>\u041e\u0441\u043d\u043e\u0432\u0430\u043b \u043f\u0435\u0440\u0432\u043e\u0435 \u0432 \u0441\u0442\u0440\u0430\u043d\u0435 \u043f\u0440\u0435\u0434\u043f\u0440\u0438\u044f\u0442\u0438\u0435 \u043f\u043e \u0440\u0430\u0437\u0432\u0435\u0434\u0435\u043d\u0438\u044e \u0436\u0438\u0432\u044b\u0445 \u043b\u044f\u0433\u0443\u0448\u0435\u043a.<\/li><li>\u0417\u0430\u043f\u0443\u0449\u0435\u043d\u044b \u043f\u0440\u043e\u0438\u0437\u0432\u043e\u0434\u0441\u0442\u0432\u0435\u043d\u043d\u044b\u0435 \u043f\u0440\u0435\u0434\u043f\u0440\u0438\u044f\u0442\u0438\u044f \u0437\u0430 \u0440\u0443\u0431\u0435\u0436\u043e\u043c.<\/li><li>\u0421\u0442\u0430\u043b \u0442\u0443\u0440\u0435\u0446\u043a\u0438\u043c \u043f\u0430\u0440\u0442\u043d\u0435\u0440\u043e\u043c Mitsubishi, \u043e\u0434\u043d\u043e\u0433\u043e \u0438\u0437 \u043a\u0440\u0443\u043f\u043d\u0435\u0439\u0448\u0438\u0445 \u044f\u043f\u043e\u043d\u0441\u043a\u0438\u0445 \u043c\u0438\u0440\u043e\u0432\u044b\u0445 \u0433\u0438\u0433\u0430\u043d\u0442\u043e\u0432 \u0432 \u043e\u0442\u0440\u0430\u0441\u043b\u0438.<\/li><li>\u0412 2004 \u0433\u043e\u0434\u0443 \u0444\u0435\u0440\u043c\u0430 \u0432 \u0410\u043d\u0442\u0430\u043b\u0438\u0438 \u043f\u043e\u043b\u0443\u0447\u0438\u043b\u0430 \u0441\u0435\u0440\u0442\u0438\u0444\u0438\u043a\u0430\u0442 \u043a\u0430\u0447\u0435\u0441\u0442\u0432\u0430 ISO 9001, \u0441\u0442\u0430\u0432 \u043d\u0430 \u0442\u043e\u0442 \u043c\u043e\u043c\u0435\u043d\u0442 \u0435\u0434\u0438\u043d\u0441\u0442\u0432\u0435\u043d\u043d\u043e\u0439 \u0444\u0435\u0440\u043c\u043e\u0439 \u043f\u043e \u0432\u044b\u0440\u0430\u0449\u0438\u0432\u0430\u043d\u0438\u044e \u0442\u0443\u043d\u0446\u0430 \u0432\u043e \u0432\u0441\u0435\u043c \u0421\u0440\u0435\u0434\u0438\u0437\u0435\u043c\u043d\u043e\u043c\u043e\u0440\u0441\u043a\u043e\u043c \u0440\u0435\u0433\u0438\u043e\u043d\u0435, \u0438\u043c\u0435\u044e\u0449\u0435\u0439 \u0441\u0435\u0440\u0442\u0438\u0444\u0438\u043a\u0430\u0442 ISO.<\/li><li>\u0412 2015 \u0433\u043e\u0434\u0443 \u0432 \u0423\u0440\u043b\u0435 \u0431\u044b\u043b \u043f\u043e\u0441\u0442\u0440\u043e\u0435\u043d \u043e\u0434\u0438\u043d \u0438\u0437 \u0441\u0430\u043c\u044b\u0445 \u0441\u043e\u0432\u0440\u0435\u043c\u0435\u043d\u043d\u044b\u0445 \u0440\u044b\u0431\u043e\u043f\u0435\u0440\u0435\u0440\u0430\u0431\u0430\u0442\u044b\u0432\u0430\u044e\u0449\u0438\u0445 \u0438 \u0445\u043e\u043b\u043e\u0434\u0438\u043b\u044c\u043d\u044b\u0445 \u043a\u043e\u043c\u043f\u043b\u0435\u043a\u0441\u043e\u0432 \u0432 \u0422\u0443\u0440\u0446\u0438\u0438 \u0438 \u0415\u0432\u0440\u043e\u043f\u0435.<\/li><li>\u0412 2016 \u0433\u043e\u0434\u0443 \u043e\u0441\u043d\u043e\u0432\u0430\u043b \u043a\u043e\u043c\u043f\u0430\u043d\u0438\u044e BioMar\u2013Sagun \u0434\u043b\u044f \u0443\u0434\u043e\u0432\u043b\u0435\u0442\u0432\u043e\u0440\u0435\u043d\u0438\u044f \u043f\u043e\u0442\u0440\u0435\u0431\u043d\u043e\u0441\u0442\u0435\u0439 \u0422\u0443\u0440\u0446\u0438\u0438 \u0438 \u0411\u043b\u0438\u0436\u043d\u0435\u0433\u043e \u0412\u043e\u0441\u0442\u043e\u043a\u0430 \u0432 \u043a\u043e\u0440\u043c\u0430\u0445 \u0434\u043b\u044f \u0440\u044b\u0431.<\/li><li>\u0412 2018 \u0433\u043e\u0434\u0443 \u0432 \u0421\u0438\u043d\u043e\u043f\u0435 \u0431\u044b\u043b\u0438 \u0441\u043e\u0437\u0434\u0430\u043d\u044b \u043f\u0440\u0435\u0434\u043f\u0440\u0438\u044f\u0442\u0438\u044f \u043f\u043e \u043f\u0435\u0440\u0435\u0440\u0430\u0431\u043e\u0442\u043a\u0435 \u0447\u0435\u0440\u043d\u043e\u043c\u043e\u0440\u0441\u043a\u043e\u0433\u043e \u043b\u043e\u0441\u043e\u0441\u044f, \u0447\u0442\u043e \u043f\u043e\u0437\u0432\u043e\u043b\u0438\u043b\u043e \u0432\u044b\u0432\u0435\u0441\u0442\u0438 \u044d\u0442\u043e\u0442 \u0446\u0435\u043d\u043d\u044b\u0439 \u043d\u0430\u0446\u0438\u043e\u043d\u0430\u043b\u044c\u043d\u044b\u0439 \u043f\u0440\u043e\u0434\u0443\u043a\u0442 \u043d\u0430 \u043c\u0438\u0440\u043e\u0432\u043e\u0439 \u0440\u044b\u043d\u043e\u043a.<\/li><li>\u0412 2020 \u0433\u043e\u0434\u0443 \u043f\u043e\u043b\u0443\u0447\u0438\u043b\u0430 \u043d\u0430\u0433\u0440\u0430\u0434\u0443 \u043f\u043e\u0441\u043b\u0430 \u042f\u043f\u043e\u043d\u0438\u0438 \u043e\u0442 \u0415\u0433\u043e \u041f\u0440\u0435\u0432\u043e\u0441\u0445\u043e\u0434\u0438\u0442\u0435\u043b\u044c\u0441\u0442\u0432\u0430 \u0410\u043a\u0438\u043e \u041c\u0438\u044f\u0434\u0437\u0438\u043c\u044b \u0437\u0430 \u0432\u043a\u043b\u0430\u0434 \u0432 \u0440\u0430\u0437\u0432\u0438\u0442\u0438\u0435 \u0442\u043e\u0440\u0433\u043e\u0432\u044b\u0445 \u043e\u0442\u043d\u043e\u0448\u0435\u043d\u0438\u0439 \u043c\u0435\u0436\u0434\u0443 \u0422\u0443\u0440\u0446\u0438\u0435\u0439 \u0438 \u042f\u043f\u043e\u043d\u0438\u0435\u0439.<\/li><li>\u0412 2021 \u0433\u043e\u0434\u0443 \u043a\u043e\u043c\u043f\u0430\u043d\u0438\u044f Antalya Bal\u0131k A.\u015e., \u043a\u0440\u0443\u043f\u043d\u043e\u0435 \u043f\u0440\u0435\u0434\u043f\u0440\u0438\u044f\u0442\u0438\u0435 \u043f\u043e \u043f\u0435\u0440\u0435\u0440\u0430\u0431\u043e\u0442\u043a\u0435 \u0438 \u0441\u0431\u044b\u0442\u0443 \u043c\u043e\u0440\u0435\u043f\u0440\u043e\u0434\u0443\u043a\u0442\u043e\u0432 \u0432 \u0421\u0440\u0435\u0434\u0438\u0437\u0435\u043c\u043d\u043e\u043c\u043e\u0440\u0441\u043a\u043e\u043c \u0438 \u042d\u0433\u0435\u0439\u0441\u043a\u043e\u043c \u0440\u0435\u0433\u0438\u043e\u043d\u0430\u0445, \u0431\u044b\u043b\u0430 \u0432\u043a\u043b\u044e\u0447\u0435\u043d\u0430 \u0432 \u0441\u043e\u0441\u0442\u0430\u0432 \u0413\u0440\u0443\u043f\u043f\u044b.<\/li><li>\u0412 2022 \u0433\u043e\u0434\u0443 \u0431\u044b\u043b\u0430 \u043e\u0441\u043d\u043e\u0432\u0430\u043d\u0430 \u043a\u043e\u043c\u043f\u0430\u043d\u0438\u044f Sagun Tunisia \u0434\u043b\u044f \u043e\u0441\u0443\u0449\u0435\u0441\u0442\u0432\u043b\u0435\u043d\u0438\u044f \u043e\u043f\u0435\u0440\u0430\u0446\u0438\u0439 \u043f\u043e \u043e\u0442\u043a\u043e\u0440\u043c\u0443 \u0442\u0443\u043d\u0446\u0430 \u0432 \u0422\u0443\u043d\u0438\u0441\u0435.<\/li><li>\u0412 2023 \u0433\u043e\u0434\u0443 \u0431\u044b\u043b\u0430 \u043e\u0441\u043d\u043e\u0432\u0430\u043d\u0430 \u043a\u043e\u043c\u043f\u0430\u043d\u0438\u044f Sagun Korea \u0441 \u0446\u0435\u043b\u044c\u044e \u0440\u0430\u0441\u0448\u0438\u0440\u0435\u043d\u0438\u044f \u043f\u0440\u0438\u0441\u0443\u0442\u0441\u0442\u0432\u0438\u044f \u0438 \u0432\u043b\u0438\u044f\u043d\u0438\u044f \u043d\u0430 \u0430\u0437\u0438\u0430\u0442\u0441\u043a\u043e\u043c \u0440\u044b\u043d\u043a\u0435.<\/li><li>\u0412 2025 \u0433\u043e\u0434\u0443 \u0431\u044b\u043b \u0441\u043f\u0443\u0449\u0435\u043d \u043d\u0430 \u0432\u043e\u0434\u0443 MME SEDA SAGUN, \u043f\u0435\u0440\u0432\u043e\u0435 \u0432 \u0422\u0443\u0440\u0446\u0438\u0438 \u0440\u0435\u0444\u0440\u0438\u0436\u0435\u0440\u0430\u0442\u043e\u0440\u043d\u043e\u0435 \u0441\u0443\u0434\u043d\u043e \u0434\u043b\u044f \u0445\u0440\u0430\u043d\u0435\u043d\u0438\u044f \u0438 \u043f\u0435\u0440\u0435\u0440\u0430\u0431\u043e\u0442\u043a\u0438 \u043d\u0435\u0444\u0442\u0438.<\/li><\/ul>\t\t\t\t\t\t\t\t<\/div>\n\t\t\t\t\t<\/div>\n\t\t\t\t<\/div>\n\t\t\t\t<\/div>\n\t\t","protected":false},"excerpt":{"rendered":"<p>AHMET TUNCAY SAGUN https:\/\/www.youtube.com\/watch?v=W_kJHXg_6HE&#038;t=1s \u0418\u0441\u0442\u043e\u0440\u0438\u044f \u0443\u0441\u043f\u0435\u0445\u0430\u2026 \u0420\u044b\u0431\u043e\u043b\u043e\u0432\u043d\u043e\u0435 \u043f\u0443\u0442\u0435\u0448\u0435\u0441\u0442\u0432\u0438\u0435, \u043d\u0430\u0447\u0430\u0432\u0448\u0435\u0435\u0441\u044f \u0432 \u0421\u0430\u043c\u0441\u0443\u043d\u0435\u2026 \u200b\u200b\u041f\u0440\u0435\u0434\u0441\u0435\u0434\u0430\u0442\u0435\u043b\u044c \u0441\u043e\u0432\u0435\u0442\u0430 \u0434\u0438\u0440\u0435\u043a\u0442\u043e\u0440\u043e\u0432 Group SAGUN, \u0410. \u0422\u0443\u043d\u0434\u0436\u0430\u0439 \u0421\u0430\u0433\u0443\u043d, \u043f\u0440\u043e\u0434\u043e\u043b\u0436\u0438\u043b \u0434\u0435\u043b\u043e \u041a\u0435\u043c\u0430\u043b\u044f \u0411\u0430\u043b\u044b\u043a\u0447\u0438\u043b\u044b\u043a\u0430, \u0443\u043d\u0430\u0441\u043b\u0435\u0434\u043e\u0432\u0430\u043d\u043d\u043e\u0435 \u043e\u0442 \u0435\u0433\u043e \u043e\u0442\u0446\u0430 \u041a\u0435\u043c\u0430\u043b\u044f \u0421\u0430\u0433\u0443\u043d\u0430, \u0438 \u043f\u0440\u0435\u0432\u0440\u0430\u0442\u0438\u043b \u0435\u0433\u043e \u0432 Group SAGUN \u2014 \u043a\u043e\u043c\u043f\u0430\u043d\u0438\u044e, \u043a\u043e\u0442\u043e\u0440\u0430\u044f \u0432 \u043d\u0430\u0441\u0442\u043e\u044f\u0449\u0435\u0435 \u0432\u0440\u0435\u043c\u044f \u0432\u043a\u043b\u044e\u0447\u0430\u0435\u0442 8 \u0434\u043e\u0447\u0435\u0440\u043d\u0438\u0445 \u043f\u0440\u0435\u0434\u043f\u0440\u0438\u044f\u0442\u0438\u0439, \u0443\u043f\u0440\u0430\u0432\u043b\u044f\u0435\u0442 18 \u043f\u0440\u0435\u0434\u043f\u0440\u0438\u044f\u0442\u0438\u044f\u043c\u0438 \u0432 6 \u0440\u0435\u0433\u0438\u043e\u043d\u0430\u0445 \u0422\u0443\u0440\u0446\u0438\u0438 \u0438 \u0438\u043c\u0435\u0435\u0442 \u043f\u0440\u043e\u0438\u0437\u0432\u043e\u0434\u0441\u0442\u0432\u0435\u043d\u043d\u044b\u0435 [&hellip;]<\/p>\n","protected":false},"author":1,"featured_media":0,"parent":0,"menu_order":0,"comment_status":"closed","ping_status":"closed","template":"elementor_header_footer","meta":{"footnotes":""},"class_list":["post-4546","page","type-page","status-publish","hentry"],"_links":{"self":[{"href":"https:\/\/windmedya.net\/sagun\/index.php\/wp-json\/wp\/v2\/pages\/4546","targetHints":{"allow":["GET"]}}],"collection":[{"href":"https:\/\/windmedya.net\/sagun\/index.php\/wp-json\/wp\/v2\/pages"}],"about":[{"href":"https:\/\/windmedya.net\/sagun\/index.php\/wp-json\/wp\/v2\/types\/page"}],"author":[{"embeddable":true,"href":"https:\/\/windmedya.net\/sagun\/index.php\/wp-json\/wp\/v2\/users\/1"}],"replies":[{"embeddable":true,"href":"https:\/\/windmedya.net\/sagun\/index.php\/wp-json\/wp\/v2\/comments?post=4546"}],"version-history":[{"count":1,"href":"https:\/\/windmedya.net\/sagun\/index.php\/wp-json\/wp\/v2\/pages\/4546\/revisions"}],"predecessor-version":[{"id":4547,"href":"https:\/\/windmedya.net\/sagun\/index.php\/wp-json\/wp\/v2\/pages\/4546\/revisions\/4547"}],"wp:attachment":[{"href":"https:\/\/windmedya.net\/sagun\/index.php\/wp-json\/wp\/v2\/media?parent=4546"}],"curies":[{"name":"wp","href":"https:\/\/api.w.org\/{rel}","templated":true}]}}