{"id":4525,"date":"2025-10-21T21:53:03","date_gmt":"2025-10-21T21:53:03","guid":{"rendered":"https:\/\/windmedya.net\/sagun\/index.php\/tsm-deniz-urunleri\/"},"modified":"2025-12-29T19:49:10","modified_gmt":"2025-12-29T19:49:10","slug":"tsm-deniz-urunleri","status":"publish","type":"page","link":"https:\/\/windmedya.net\/sagun\/index.php\/tsm-deniz-urunleri\/?lang=ja","title":{"rendered":"TSM Deniz \u00dcr\u00fcnleri"},"content":{"rendered":"\t\t<div data-elementor-type=\"wp-page\" data-elementor-id=\"4525\" class=\"elementor elementor-4525 elementor-2125\" data-elementor-settings=\"{&quot;ha_cmc_init_switcher&quot;:&quot;no&quot;}\" data-elementor-post-type=\"page\">\n\t\t\t\t<div class=\"elementor-element elementor-element-5d8388d4 e-flex e-con-boxed e-con e-parent\" data-id=\"5d8388d4\" data-element_type=\"container\" data-settings=\"{&quot;background_background&quot;:&quot;classic&quot;,&quot;_ha_eqh_enable&quot;:false}\">\n\t\t\t\t\t<div class=\"e-con-inner\">\n\t\t<div class=\"elementor-element elementor-element-58ab2f46 e-con-full e-flex e-con e-child\" data-id=\"58ab2f46\" data-element_type=\"container\" data-settings=\"{&quot;_ha_eqh_enable&quot;:false}\">\n\t\t\t\t<div class=\"elementor-element elementor-element-989aa74 elementor-invisible elementor-widget elementor-widget-image\" data-id=\"989aa74\" data-element_type=\"widget\" data-settings=\"{&quot;_animation&quot;:&quot;fadeIn&quot;}\" data-widget_type=\"image.default\">\n\t\t\t\t\t\t\t\t\t\t\t\t\t\t\t<img fetchpriority=\"high\" decoding=\"async\" width=\"300\" height=\"308\" src=\"https:\/\/windmedya.net\/sagun\/wp-content\/uploads\/2025\/12\/tsm-new-8912984.png\" class=\"attachment-full size-full wp-image-4501\" alt=\"\" srcset=\"https:\/\/windmedya.net\/sagun\/wp-content\/uploads\/2025\/12\/tsm-new-8912984.png 300w, https:\/\/windmedya.net\/sagun\/wp-content\/uploads\/2025\/12\/tsm-new-8912984-292x300.png 292w\" sizes=\"(max-width: 300px) 100vw, 300px\" \/>\t\t\t\t\t\t\t\t\t\t\t\t\t\t\t<\/div>\n\t\t\t\t<\/div>\n\t\t\t\t\t<\/div>\n\t\t\t\t<\/div>\n\t\t<div class=\"elementor-element elementor-element-81d4cf2 e-flex e-con-boxed e-con e-parent\" data-id=\"81d4cf2\" data-element_type=\"container\" data-settings=\"{&quot;_ha_eqh_enable&quot;:false}\">\n\t\t\t\t\t<div class=\"e-con-inner\">\n\t\t\t\t<div class=\"elementor-element elementor-element-c25f2cf elementor-widget elementor-widget-heading\" data-id=\"c25f2cf\" data-element_type=\"widget\" data-widget_type=\"heading.default\">\n\t\t\t\t\t<h2 class=\"elementor-heading-title elementor-size-default\">TSM DEN\u0130Z \u00dcR\u00dcNLER\u0130<\/h2>\t\t\t\t<\/div>\n\t\t\t\t<div class=\"elementor-element elementor-element-0e3899f elementor-widget__width-initial elementor-widget elementor-widget-text-editor\" data-id=\"0e3899f\" data-element_type=\"widget\" data-widget_type=\"text-editor.default\">\n\t\t\t\t\t\t\t\t\t<p>TSM Deniz \u00dcr\u00fcnleri \u306f\u30012002 \u5e74\u306b\u30b0\u30eb\u30fc\u30d7\u5185\u3067\u30af\u30ed\u30de\u30b0\u30ed\u306e\u990a\u6b96\u4e8b\u696d\u3092\u884c\u3046\u305f\u3081\u306b\u8a2d\u7acb\u3055\u308c\u3001\u8a2d\u7acb\u4ee5\u6765\u7740\u5b9f\u306b\u6210\u9577\u3068\u767a\u5c55\u3092\u7d9a\u3051\u3066\u3044\u307e\u3059\u3002<\/p><p>2011\u5e74\u3001\u5f53\u793e\u306f\u30a2\u30f3\u30bf\u30eb\u30e4\u306e\u7d44\u7e54\u5316\u5de5\u696d\u56e3\u5730\u306b\u65bd\u8a2d\u3092\u958b\u8a2d\u3057\u307e\u3057\u305f\u3002\u8fb2\u696d\u7701\u306e\u691c\u67fb\u306b\u5408\u683c\u3057\u3001EU\u767b\u9332\u756a\u53f7\u3092\u53d6\u5f97\u3057\u307e\u3057\u305f\u3002<br>\u73fe\u5728\u3001\u6f01\u696d\u3084\u990a\u6b96\u696d\u3067\u5f97\u3089\u308c\u305f\u591a\u304f\u306e\u88fd\u54c1\u304c\u3053\u306e\u65bd\u8a2d\u3067\u52a0\u5de5\u3055\u308c\u3001\u8f38\u51fa\u3055\u308c\u3066\u3044\u307e\u3059\u3002  <\/p>\t\t\t\t\t\t\t\t<\/div>\n\t\t\t\t\t<\/div>\n\t\t\t\t<\/div>\n\t\t<div class=\"elementor-element elementor-element-b16740a e-con-full e-flex e-con e-parent\" data-id=\"b16740a\" data-element_type=\"container\" data-settings=\"{&quot;_ha_eqh_enable&quot;:false}\">\n\t\t\t\t<div class=\"elementor-element elementor-element-6027459 elementor-widget elementor-widget-google_maps\" data-id=\"6027459\" data-element_type=\"widget\" data-widget_type=\"google_maps.default\">\n\t\t\t\t\t\t\t<div class=\"elementor-custom-embed\">\n\t\t\t<iframe loading=\"lazy\"\n\t\t\t\t\tsrc=\"https:\/\/maps.google.com\/maps?q=TSM%20Deniz%20%C3%9Cr%C3%BCnleri&#038;t=m&#038;z=14&#038;output=embed&#038;iwloc=near\"\n\t\t\t\t\ttitle=\"TSM Deniz \u00dcr\u00fcnleri\"\n\t\t\t\t\taria-label=\"TSM Deniz \u00dcr\u00fcnleri\"\n\t\t\t><\/iframe>\n\t\t<\/div>\n\t\t\t\t\t\t<\/div>\n\t\t\t\t<\/div>\n\t\t\t\t<\/div>\n\t\t","protected":false},"excerpt":{"rendered":"<p>TSM DEN\u0130Z \u00dcR\u00dcNLER\u0130 TSM Deniz \u00dcr\u00fcnleri \u306f\u30012002 \u5e74\u306b\u30b0\u30eb\u30fc\u30d7\u5185\u3067\u30af\u30ed\u30de\u30b0\u30ed\u306e\u990a\u6b96\u4e8b\u696d\u3092\u884c\u3046\u305f\u3081\u306b\u8a2d\u7acb\u3055\u308c\u3001\u8a2d\u7acb\u4ee5\u6765\u7740\u5b9f\u306b\u6210\u9577\u3068\u767a\u5c55\u3092\u7d9a\u3051\u3066\u3044\u307e\u3059\u3002 2011\u5e74\u3001\u5f53\u793e\u306f\u30a2\u30f3\u30bf\u30eb\u30e4\u306e\u7d44\u7e54\u5316\u5de5\u696d\u56e3\u5730\u306b\u65bd\u8a2d\u3092\u958b\u8a2d\u3057\u307e\u3057\u305f\u3002\u8fb2\u696d\u7701\u306e\u691c\u67fb\u306b\u5408\u683c\u3057\u3001EU\u767b\u9332\u756a\u53f7\u3092\u53d6\u5f97\u3057\u307e\u3057\u305f\u3002\u73fe\u5728\u3001\u6f01\u696d\u3084\u990a\u6b96\u696d\u3067\u5f97\u3089\u308c\u305f\u591a\u304f\u306e\u88fd\u54c1\u304c\u3053\u306e\u65bd\u8a2d\u3067\u52a0\u5de5\u3055\u308c\u3001\u8f38\u51fa\u3055\u308c\u3066\u3044\u307e\u3059\u3002<\/p>\n","protected":false},"author":1,"featured_media":0,"parent":0,"menu_order":0,"comment_status":"closed","ping_status":"closed","template":"elementor_header_footer","meta":{"footnotes":""},"class_list":["post-4525","page","type-page","status-publish","hentry"],"_links":{"self":[{"href":"https:\/\/windmedya.net\/sagun\/index.php\/wp-json\/wp\/v2\/pages\/4525","targetHints":{"allow":["GET"]}}],"collection":[{"href":"https:\/\/windmedya.net\/sagun\/index.php\/wp-json\/wp\/v2\/pages"}],"about":[{"href":"https:\/\/windmedya.net\/sagun\/index.php\/wp-json\/wp\/v2\/types\/page"}],"author":[{"embeddable":true,"href":"https:\/\/windmedya.net\/sagun\/index.php\/wp-json\/wp\/v2\/users\/1"}],"replies":[{"embeddable":true,"href":"https:\/\/windmedya.net\/sagun\/index.php\/wp-json\/wp\/v2\/comments?post=4525"}],"version-history":[{"count":1,"href":"https:\/\/windmedya.net\/sagun\/index.php\/wp-json\/wp\/v2\/pages\/4525\/revisions"}],"predecessor-version":[{"id":4529,"href":"https:\/\/windmedya.net\/sagun\/index.php\/wp-json\/wp\/v2\/pages\/4525\/revisions\/4529"}],"wp:attachment":[{"href":"https:\/\/windmedya.net\/sagun\/index.php\/wp-json\/wp\/v2\/media?parent=4525"}],"curies":[{"name":"wp","href":"https:\/\/api.w.org\/{rel}","templated":true}]}}