{"id":4408,"date":"2025-11-14T10:28:35","date_gmt":"2025-11-14T10:28:35","guid":{"rendered":"https:\/\/windmedya.net\/sagun\/index.php\/nazlican-sagun-ciftci\/"},"modified":"2025-12-29T19:32:45","modified_gmt":"2025-12-29T19:32:45","slug":"nazlican-sagun-ciftci","status":"publish","type":"page","link":"https:\/\/windmedya.net\/sagun\/index.php\/nazlican-sagun-ciftci\/?lang=ja","title":{"rendered":"Nazlican Sagun \u00c7ift\u00e7i"},"content":{"rendered":"\t\t<div data-elementor-type=\"wp-page\" data-elementor-id=\"4408\" class=\"elementor elementor-4408 elementor-1852\" data-elementor-settings=\"{&quot;ha_cmc_init_switcher&quot;:&quot;no&quot;}\" data-elementor-post-type=\"page\">\n\t\t\t\t<div class=\"elementor-element elementor-element-1fbc4e2 e-flex e-con-boxed elementor-invisible e-con e-parent\" data-id=\"1fbc4e2\" data-element_type=\"container\" data-settings=\"{&quot;background_background&quot;:&quot;classic&quot;,&quot;animation&quot;:&quot;slideInDown&quot;,&quot;_ha_eqh_enable&quot;:false}\">\n\t\t\t\t\t<div class=\"e-con-inner\">\n\t\t<div class=\"elementor-element elementor-element-50f3eab e-con-full e-flex e-con e-child\" data-id=\"50f3eab\" data-element_type=\"container\" data-settings=\"{&quot;_ha_eqh_enable&quot;:false}\">\n\t\t\t\t<div class=\"elementor-element elementor-element-50bd1c3 elementor-widget elementor-widget-heading\" data-id=\"50bd1c3\" data-element_type=\"widget\" data-widget_type=\"heading.default\">\n\t\t\t\t\t<h2 class=\"elementor-heading-title elementor-size-default\">NAZLICAN SAGUN \u00c7\u0130FT\u00c7I<\/h2>\t\t\t\t<\/div>\n\t\t\t\t<\/div>\n\t\t\t\t\t<\/div>\n\t\t\t\t<\/div>\n\t\t<div class=\"elementor-element elementor-element-6251e8f e-flex e-con-boxed elementor-invisible e-con e-parent\" data-id=\"6251e8f\" data-element_type=\"container\" data-settings=\"{&quot;animation&quot;:&quot;slideInUp&quot;,&quot;_ha_eqh_enable&quot;:false}\">\n\t\t\t\t\t<div class=\"e-con-inner\">\n\t\t\t\t<div class=\"elementor-element elementor-element-bbc8010 elementor-widget elementor-widget-heading\" data-id=\"bbc8010\" data-element_type=\"widget\" data-widget_type=\"heading.default\">\n\t\t\t\t\t<h2 class=\"elementor-heading-title elementor-size-default\">Nazlican Sagun \u00c7ift\u00e7i<\/h2>\t\t\t\t<\/div>\n\t\t\t\t<div class=\"elementor-element elementor-element-9dc359e elementor-widget__width-initial elementor-widget elementor-widget-text-editor\" data-id=\"9dc359e\" data-element_type=\"widget\" data-widget_type=\"text-editor.default\">\n\t\t\t\t\t\t\t\t\t<p>1995\u5e74\u306b\u30a4\u30b9\u30bf\u30f3\u30d6\u30fc\u30eb\u3067\u751f\u307e\u308c\u305f\u30ca\u30ba\u30ea\u30b8\u30e3\u30f3\u30fb\u30b5\u30b0\u30f3\u30fb\u30c1\u30d5\u30c1\u306f\u3001\u30b5\u30f3\u30fb\u30d6\u30ce\u30ef\u30fb\u30d5\u30e9\u30f3\u30b9\u9ad8\u7b49\u5b66\u6821\u3067\u9ad8\u6821\u6559\u80b2\u3092\u4fee\u4e86\u3057\u30012019\u5e74\u306b\u30aa\u30ba\u30a3\u30a8\u30a4\u30f3\u5927\u5b66\u6cd5\u5b66\u90e8\u3092\u5352\u696d\u3057\u307e\u3057\u305f\u3002\u5f7c\u5973\u306f\u5bb6\u65cf\u7d4c\u55b6\u306e\u4f1a\u793e\u306e4\u4ee3\u76ee\u3068\u3057\u3066\u30d7\u30ed\u3068\u3057\u3066\u306e\u30ad\u30e3\u30ea\u30a2\u3092\u30b9\u30bf\u30fc\u30c8\u3057\u307e\u3057\u305f\u3002  <\/p><p>Nazl\u0131can Sagun \u00c7ift\u00e7i \u6c0f\u306f\u3001Group Sagun \u306e\u53d6\u7de0\u5f79\u4f1a\u526f\u4f1a\u9577\u3092\u52d9\u3081\u308b\u307b\u304b\u3001\u540c\u793e\u306e\u6cd5\u52d9\u9867\u554f\u3082\u52d9\u3081\u3066\u3044\u307e\u3059\u3002 <\/p>\t\t\t\t\t\t\t\t<\/div>\n\t\t\t\t\t<\/div>\n\t\t\t\t<\/div>\n\t\t\t\t<\/div>\n\t\t","protected":false},"excerpt":{"rendered":"<p>NAZLICAN SAGUN \u00c7\u0130FT\u00c7I Nazlican Sagun \u00c7ift\u00e7i 1995\u5e74\u306b\u30a4\u30b9\u30bf\u30f3\u30d6\u30fc\u30eb\u3067\u751f\u307e\u308c\u305f\u30ca\u30ba\u30ea\u30b8\u30e3\u30f3\u30fb\u30b5\u30b0\u30f3\u30fb\u30c1\u30d5\u30c1\u306f\u3001\u30b5\u30f3\u30fb\u30d6\u30ce\u30ef\u30fb\u30d5\u30e9\u30f3\u30b9\u9ad8\u7b49\u5b66\u6821\u3067\u9ad8\u6821\u6559\u80b2\u3092\u4fee\u4e86\u3057\u30012019\u5e74\u306b\u30aa\u30ba\u30a3\u30a8\u30a4\u30f3\u5927\u5b66\u6cd5\u5b66\u90e8\u3092\u5352\u696d\u3057\u307e\u3057\u305f\u3002\u5f7c\u5973\u306f\u5bb6\u65cf\u7d4c\u55b6\u306e\u4f1a\u793e\u306e4\u4ee3\u76ee\u3068\u3057\u3066\u30d7\u30ed\u3068\u3057\u3066\u306e\u30ad\u30e3\u30ea\u30a2\u3092\u30b9\u30bf\u30fc\u30c8\u3057\u307e\u3057\u305f\u3002 Nazl\u0131can Sagun \u00c7ift\u00e7i \u6c0f\u306f\u3001Group Sagun \u306e\u53d6\u7de0\u5f79\u4f1a\u526f\u4f1a\u9577\u3092\u52d9\u3081\u308b\u307b\u304b\u3001\u540c\u793e\u306e\u6cd5\u52d9\u9867\u554f\u3082\u52d9\u3081\u3066\u3044\u307e\u3059\u3002<\/p>\n","protected":false},"author":1,"featured_media":0,"parent":0,"menu_order":0,"comment_status":"closed","ping_status":"closed","template":"elementor_header_footer","meta":{"footnotes":""},"class_list":["post-4408","page","type-page","status-publish","hentry"],"_links":{"self":[{"href":"https:\/\/windmedya.net\/sagun\/index.php\/wp-json\/wp\/v2\/pages\/4408","targetHints":{"allow":["GET"]}}],"collection":[{"href":"https:\/\/windmedya.net\/sagun\/index.php\/wp-json\/wp\/v2\/pages"}],"about":[{"href":"https:\/\/windmedya.net\/sagun\/index.php\/wp-json\/wp\/v2\/types\/page"}],"author":[{"embeddable":true,"href":"https:\/\/windmedya.net\/sagun\/index.php\/wp-json\/wp\/v2\/users\/1"}],"replies":[{"embeddable":true,"href":"https:\/\/windmedya.net\/sagun\/index.php\/wp-json\/wp\/v2\/comments?post=4408"}],"version-history":[{"count":1,"href":"https:\/\/windmedya.net\/sagun\/index.php\/wp-json\/wp\/v2\/pages\/4408\/revisions"}],"predecessor-version":[{"id":4409,"href":"https:\/\/windmedya.net\/sagun\/index.php\/wp-json\/wp\/v2\/pages\/4408\/revisions\/4409"}],"wp:attachment":[{"href":"https:\/\/windmedya.net\/sagun\/index.php\/wp-json\/wp\/v2\/media?parent=4408"}],"curies":[{"name":"wp","href":"https:\/\/api.w.org\/{rel}","templated":true}]}}