{"id":439,"date":"2025-10-21T22:03:15","date_gmt":"2025-10-21T22:03:15","guid":{"rendered":"https:\/\/windmedya.net\/sagun\/?page_id=439"},"modified":"2025-12-15T16:08:00","modified_gmt":"2025-12-15T16:08:00","slug":"biomar-sagun","status":"publish","type":"page","link":"https:\/\/windmedya.net\/sagun\/index.php\/biomar-sagun\/","title":{"rendered":"Biomar &#8211; Sagun"},"content":{"rendered":"\t\t<div data-elementor-type=\"wp-page\" data-elementor-id=\"439\" class=\"elementor elementor-439\" data-elementor-settings=\"{&quot;ha_cmc_init_switcher&quot;:&quot;no&quot;}\" data-elementor-post-type=\"page\">\n\t\t\t\t<div class=\"elementor-element elementor-element-5d8388d4 e-flex e-con-boxed e-con e-parent\" data-id=\"5d8388d4\" data-element_type=\"container\" data-settings=\"{&quot;background_background&quot;:&quot;classic&quot;,&quot;_ha_eqh_enable&quot;:false}\">\n\t\t\t\t\t<div class=\"e-con-inner\">\n\t\t<div class=\"elementor-element elementor-element-58ab2f46 e-con-full e-flex e-con e-child\" data-id=\"58ab2f46\" data-element_type=\"container\" data-settings=\"{&quot;_ha_eqh_enable&quot;:false}\">\n\t\t\t\t<div class=\"elementor-element elementor-element-95f54d3 elementor-invisible elementor-widget elementor-widget-image\" data-id=\"95f54d3\" data-element_type=\"widget\" data-settings=\"{&quot;_animation&quot;:&quot;fadeIn&quot;}\" data-widget_type=\"image.default\">\n\t\t\t\t\t\t\t\t\t\t\t\t\t\t\t<img fetchpriority=\"high\" decoding=\"async\" width=\"300\" height=\"308\" src=\"https:\/\/windmedya.net\/sagun\/wp-content\/uploads\/2025\/12\/biomar-sagun-new-919521.png\" class=\"attachment-full size-full wp-image-2951\" alt=\"\" srcset=\"https:\/\/windmedya.net\/sagun\/wp-content\/uploads\/2025\/12\/biomar-sagun-new-919521.png 300w, https:\/\/windmedya.net\/sagun\/wp-content\/uploads\/2025\/12\/biomar-sagun-new-919521-292x300.png 292w\" sizes=\"(max-width: 300px) 100vw, 300px\" \/>\t\t\t\t\t\t\t\t\t\t\t\t\t\t\t<\/div>\n\t\t\t\t<\/div>\n\t\t\t\t\t<\/div>\n\t\t\t\t<\/div>\n\t\t<div class=\"elementor-element elementor-element-81d4cf2 e-flex e-con-boxed e-con e-parent\" data-id=\"81d4cf2\" data-element_type=\"container\" data-settings=\"{&quot;_ha_eqh_enable&quot;:false}\">\n\t\t\t\t\t<div class=\"e-con-inner\">\n\t\t\t\t<div class=\"elementor-element elementor-element-c25f2cf elementor-widget elementor-widget-heading\" data-id=\"c25f2cf\" data-element_type=\"widget\" data-widget_type=\"heading.default\">\n\t\t\t\t\t<h2 class=\"elementor-heading-title elementor-size-default\">BIOMAR \u2013 SAGUN<\/h2>\t\t\t\t<\/div>\n\t\t\t\t<div class=\"elementor-element elementor-element-0e3899f elementor-widget__width-initial elementor-widget elementor-widget-text-editor\" data-id=\"0e3899f\" data-element_type=\"widget\" data-widget_type=\"text-editor.default\">\n\t\t\t\t\t\t\t\t\t<p>BioMar Group Danimarka (%50) ve Group Sagun T\u00fcrkiye (%50) aras\u0131ndaki ortak giri\u015fimdir. BioMar-Sagun Yem San. Tic. A.\u015e. y\u00fcksek performansl\u0131 bal\u0131k yemi \u00fcreticili\u011fine ve T\u00fcrkiye\u2019deki bal\u0131k \u00fcreticilerine destek vermek amac\u0131yla kurulmu\u015ftur. Y\u00fcksek enerjili ve sindirilebilirli\u011fi y\u00fcksek yemleri T\u00fcrk akuak\u00fclt\u00fcr \u00fcreticisiyle bulu\u015fturmak amac\u0131yla BiomarSagun, faaliyetlerini S\u00f6ke Organize Sanayi\u2019de bulunan bal\u0131k yemi tesisinde s\u00fcrd\u00fcrmektedir. Hakk\u0131nda detayl\u0131 bilgiye <a href=\"https:\/\/biomar-sagun.com.tr\/tr\/turkey\/\"><strong>https:\/\/biomar-sagun.com.tr\/tr\/turkey\/<\/strong><\/a> adresinden ula\u015fabilirsiniz.<\/p>\t\t\t\t\t\t\t\t<\/div>\n\t\t\t\t\t<\/div>\n\t\t\t\t<\/div>\n\t\t<div class=\"elementor-element elementor-element-b16740a e-con-full e-flex e-con e-parent\" data-id=\"b16740a\" data-element_type=\"container\" data-settings=\"{&quot;_ha_eqh_enable&quot;:false}\">\n\t\t\t\t<div class=\"elementor-element elementor-element-6027459 elementor-widget elementor-widget-google_maps\" data-id=\"6027459\" data-element_type=\"widget\" data-widget_type=\"google_maps.default\">\n\t\t\t\t\t\t\t<div class=\"elementor-custom-embed\">\n\t\t\t<iframe loading=\"lazy\"\n\t\t\t\t\tsrc=\"https:\/\/maps.google.com\/maps?q=S%C3%B6ke%20OSB%201.%20Cadde%20No%3A%2027%2009200%20Ayd%C4%B1n&#038;t=m&#038;z=14&#038;output=embed&#038;iwloc=near\"\n\t\t\t\t\ttitle=\"S\u00f6ke OSB 1. Cadde No: 27 09200 Ayd\u0131n\"\n\t\t\t\t\taria-label=\"S\u00f6ke OSB 1. Cadde No: 27 09200 Ayd\u0131n\"\n\t\t\t><\/iframe>\n\t\t<\/div>\n\t\t\t\t\t\t<\/div>\n\t\t\t\t<\/div>\n\t\t\t\t<\/div>\n\t\t","protected":false},"excerpt":{"rendered":"<p>BIOMAR \u2013 SAGUN BioMar Group Danimarka (%50) ve Group Sagun T\u00fcrkiye (%50) aras\u0131ndaki ortak giri\u015fimdir. BioMar-Sagun Yem San. Tic. A.\u015e. y\u00fcksek performansl\u0131 bal\u0131k yemi \u00fcreticili\u011fine ve T\u00fcrkiye\u2019deki bal\u0131k \u00fcreticilerine destek vermek amac\u0131yla kurulmu\u015ftur. Y\u00fcksek enerjili ve sindirilebilirli\u011fi y\u00fcksek yemleri T\u00fcrk akuak\u00fclt\u00fcr \u00fcreticisiyle bulu\u015fturmak amac\u0131yla BiomarSagun, faaliyetlerini S\u00f6ke Organize Sanayi\u2019de bulunan bal\u0131k yemi tesisinde s\u00fcrd\u00fcrmektedir. Hakk\u0131nda [&hellip;]<\/p>\n","protected":false},"author":1,"featured_media":0,"parent":0,"menu_order":0,"comment_status":"closed","ping_status":"closed","template":"elementor_header_footer","meta":{"footnotes":""},"class_list":["post-439","page","type-page","status-publish","hentry"],"_links":{"self":[{"href":"https:\/\/windmedya.net\/sagun\/index.php\/wp-json\/wp\/v2\/pages\/439","targetHints":{"allow":["GET"]}}],"collection":[{"href":"https:\/\/windmedya.net\/sagun\/index.php\/wp-json\/wp\/v2\/pages"}],"about":[{"href":"https:\/\/windmedya.net\/sagun\/index.php\/wp-json\/wp\/v2\/types\/page"}],"author":[{"embeddable":true,"href":"https:\/\/windmedya.net\/sagun\/index.php\/wp-json\/wp\/v2\/users\/1"}],"replies":[{"embeddable":true,"href":"https:\/\/windmedya.net\/sagun\/index.php\/wp-json\/wp\/v2\/comments?post=439"}],"version-history":[{"count":42,"href":"https:\/\/windmedya.net\/sagun\/index.php\/wp-json\/wp\/v2\/pages\/439\/revisions"}],"predecessor-version":[{"id":2958,"href":"https:\/\/windmedya.net\/sagun\/index.php\/wp-json\/wp\/v2\/pages\/439\/revisions\/2958"}],"wp:attachment":[{"href":"https:\/\/windmedya.net\/sagun\/index.php\/wp-json\/wp\/v2\/media?parent=439"}],"curies":[{"name":"wp","href":"https:\/\/api.w.org\/{rel}","templated":true}]}}