{"id":4368,"date":"2025-10-21T21:51:21","date_gmt":"2025-10-21T21:51:21","guid":{"rendered":"https:\/\/windmedya.net\/sagun\/index.php\/kemal-balikcilik\/"},"modified":"2025-12-29T19:18:26","modified_gmt":"2025-12-29T19:18:26","slug":"kemal-balikcilik","status":"publish","type":"page","link":"https:\/\/windmedya.net\/sagun\/index.php\/kemal-balikcilik\/?lang=ja","title":{"rendered":"Kemal Bal\u0131k\u00e7\u0131l\u0131k"},"content":{"rendered":"\t\t<div data-elementor-type=\"wp-page\" data-elementor-id=\"4368\" class=\"elementor elementor-4368 elementor-1894\" data-elementor-settings=\"{&quot;ha_cmc_init_switcher&quot;:&quot;no&quot;}\" data-elementor-post-type=\"page\">\n\t\t\t\t<div class=\"elementor-element elementor-element-5d8388d4 e-flex e-con-boxed e-con e-parent\" data-id=\"5d8388d4\" data-element_type=\"container\" data-settings=\"{&quot;background_background&quot;:&quot;classic&quot;,&quot;_ha_eqh_enable&quot;:false}\">\n\t\t\t\t\t<div class=\"e-con-inner\">\n\t\t<div class=\"elementor-element elementor-element-58ab2f46 e-con-full e-flex e-con e-child\" data-id=\"58ab2f46\" data-element_type=\"container\" data-settings=\"{&quot;_ha_eqh_enable&quot;:false}\">\n\t\t\t\t<div class=\"elementor-element elementor-element-090a9ed elementor-invisible elementor-widget elementor-widget-image\" data-id=\"090a9ed\" data-element_type=\"widget\" data-settings=\"{&quot;_animation&quot;:&quot;fadeIn&quot;}\" data-widget_type=\"image.default\">\n\t\t\t\t\t\t\t\t\t\t\t\t\t\t\t<img fetchpriority=\"high\" decoding=\"async\" width=\"300\" height=\"308\" src=\"https:\/\/windmedya.net\/sagun\/wp-content\/uploads\/2025\/12\/kml-blk-new-919.png\" class=\"attachment-full size-full wp-image-4340\" alt=\"\" srcset=\"https:\/\/windmedya.net\/sagun\/wp-content\/uploads\/2025\/12\/kml-blk-new-919.png 300w, https:\/\/windmedya.net\/sagun\/wp-content\/uploads\/2025\/12\/kml-blk-new-919-292x300.png 292w\" sizes=\"(max-width: 300px) 100vw, 300px\" \/>\t\t\t\t\t\t\t\t\t\t\t\t\t\t\t<\/div>\n\t\t\t\t<\/div>\n\t\t\t\t\t<\/div>\n\t\t\t\t<\/div>\n\t\t<div class=\"elementor-element elementor-element-81d4cf2 e-flex e-con-boxed e-con e-parent\" data-id=\"81d4cf2\" data-element_type=\"container\" data-settings=\"{&quot;_ha_eqh_enable&quot;:false}\">\n\t\t\t\t\t<div class=\"e-con-inner\">\n\t\t\t\t<div class=\"elementor-element elementor-element-c25f2cf elementor-widget elementor-widget-heading\" data-id=\"c25f2cf\" data-element_type=\"widget\" data-widget_type=\"heading.default\">\n\t\t\t\t\t<h2 class=\"elementor-heading-title elementor-size-default\">KEMAL BALIK\u00c7ILIK<\/h2>\t\t\t\t<\/div>\n\t\t\t\t<div class=\"elementor-element elementor-element-0e3899f elementor-widget__width-initial elementor-widget elementor-widget-text-editor\" data-id=\"0e3899f\" data-element_type=\"widget\" data-widget_type=\"text-editor.default\">\n\t\t\t\t\t\t\t\t\t<p>\u30b1\u30de\u30eb\u30fb\u30d0\u30eb\u30af\u30c1\u30ea\u30af\u306f 1960 \u5e74\u4ee3\u521d\u982d\u306b\u30b5\u30e0\u30b9\u30f3\u3067\u8a2d\u7acb\u3055\u308c\u3001\u305d\u306e\u5f8c\u30a4\u30b9\u30bf\u30f3\u30d6\u30fc\u30eb\u306e\u30af\u30e0\u30ab\u30d7\u9b5a\u5e02\u5834\u306b\u5e97\u8217\u3092\u30aa\u30fc\u30d7\u30f3\u3057\u3066\u53d6\u5f15\u3092\u62e1\u5927\u3057\u307e\u3057\u305f\u3002 \u30b5\u30b0\u30f3\u30b0\u30eb\u30fc\u30d7\u306e\u6700\u521d\u306e\u4f01\u696d\u3067\u3042\u308a\u3001\u30b0\u30eb\u30fc\u30d7\u306e\u6700\u521d\u306e\u8f38\u51fa\u3092\u5b9f\u884c\u3057\u305f\u4f01\u696d\u3068\u3057\u3066\u3001\u7d44\u7e54\u5185\u3067\u65d7\u8266\u7684\u306a\u5730\u4f4d\u3092\u5360\u3081\u3066\u3044\u307e\u3059\u3002 <\/p><p>\u73fe\u5728\u3001\u30b1\u30de\u30eb\u30fb\u30d0\u30eb\u30af\u30c1\u30ea\u30af\u306f\u3001\u30d5\u30e9\u30f3\u30b9\u304b\u3089\u30c9\u30a4\u30c4\u3001\u30b9\u30a4\u30b9\u304b\u3089\u30dd\u30fc\u30e9\u30f3\u30c9\u3001\u30a4\u30bf\u30ea\u30a2\u304b\u3089\u30ed\u30b7\u30a2\u3001\u30a2\u30e1\u30ea\u30ab\u304b\u3089\u65e5\u672c\u3001\u30ab\u30ca\u30c0\u304b\u3089\u97d3\u56fd\u3001\u4e2d\u56fd\u307e\u3067\u3001\u6570\u591a\u304f\u306e\u56fd\u306b\u8f38\u51fa\u3057\u3066\u3044\u307e\u3059\u3002 \u540c\u793e\u306f\u305d\u306e\u5206\u91ce\u3067\u6570\u3005\u306e\u8cde\u3068\u30c8\u30c3\u30d7\u30e9\u30f3\u30af\u3092\u7372\u5f97\u3057\u3066\u3044\u307e\u3059\u3002 <\/p><p>\u30b5\u30b0\u30f3\u793e\u306f\u3001\u30de\u30b0\u30ed\u3001\u30e8\u30fc\u30ed\u30c3\u30d1\u30d8\u30c0\u30a4\u3001\u30b9\u30ba\u30ad\u3001\u30cf\u30bf\u3001\u30de\u30b9\u3001\u9ed2\u6d77\u30b5\u30fc\u30e2\u30f3\u306a\u3069\u306e\u81ea\u793e\u990a\u6b96\u9b5a\u306b\u52a0\u3048\u3001\u30ab\u30a8\u30eb\u3001\u30ad\u30ce\u30b3\u3001\u30ab\u30bf\u30c4\u30e0\u30ea\u306a\u3069\u306e\u88fd\u54c1\u3082\u8f38\u51fa\u3057\u3066\u304a\u308a\u3001\u5e45\u5e83\u3044\u88fd\u54c1\u30e9\u30a4\u30f3\u30ca\u30c3\u30d7\u3092\u63d0\u4f9b\u3057\u3066\u3044\u308b\u3002<\/p><p>\u5f53\u793e\u306f4\u4e16\u4ee3\u306b\u308f\u305f\u308a\u30b5\u30b0\u30f3\u5bb6\u306b\u3088\u3063\u3066\u7d4c\u55b6\u3055\u308c\u3066\u304d\u307e\u3057\u305f\u3002<\/p>\t\t\t\t\t\t\t\t<\/div>\n\t\t\t\t\t<\/div>\n\t\t\t\t<\/div>\n\t\t<div class=\"elementor-element elementor-element-b16740a e-con-full e-flex e-con e-parent\" data-id=\"b16740a\" data-element_type=\"container\" data-settings=\"{&quot;_ha_eqh_enable&quot;:false}\">\n\t\t\t\t<div class=\"elementor-element elementor-element-6027459 elementor-widget elementor-widget-google_maps\" data-id=\"6027459\" data-element_type=\"widget\" data-widget_type=\"google_maps.default\">\n\t\t\t\t\t\t\t<div class=\"elementor-custom-embed\">\n\t\t\t<iframe loading=\"lazy\"\n\t\t\t\t\tsrc=\"https:\/\/maps.google.com\/maps?q=Osmangazi%20Mah.%20Battalgazi%20Cad.%20Sagun%20Plaza%20No%3A%2021&#038;t=m&#038;z=14&#038;output=embed&#038;iwloc=near\"\n\t\t\t\t\ttitle=\"Osmangazi Mah. Battalgazi Cad. Sagun Plaza No: 21\"\n\t\t\t\t\taria-label=\"Osmangazi Mah. Battalgazi Cad. Sagun Plaza No: 21\"\n\t\t\t><\/iframe>\n\t\t<\/div>\n\t\t\t\t\t\t<\/div>\n\t\t\t\t<\/div>\n\t\t\t\t<\/div>\n\t\t","protected":false},"excerpt":{"rendered":"<p>KEMAL BALIK\u00c7ILIK \u30b1\u30de\u30eb\u30fb\u30d0\u30eb\u30af\u30c1\u30ea\u30af\u306f 1960 \u5e74\u4ee3\u521d\u982d\u306b\u30b5\u30e0\u30b9\u30f3\u3067\u8a2d\u7acb\u3055\u308c\u3001\u305d\u306e\u5f8c\u30a4\u30b9\u30bf\u30f3\u30d6\u30fc\u30eb\u306e\u30af\u30e0\u30ab\u30d7\u9b5a\u5e02\u5834\u306b\u5e97\u8217\u3092\u30aa\u30fc\u30d7\u30f3\u3057\u3066\u53d6\u5f15\u3092\u62e1\u5927\u3057\u307e\u3057\u305f\u3002 \u30b5\u30b0\u30f3\u30b0\u30eb\u30fc\u30d7\u306e\u6700\u521d\u306e\u4f01\u696d\u3067\u3042\u308a\u3001\u30b0\u30eb\u30fc\u30d7\u306e\u6700\u521d\u306e\u8f38\u51fa\u3092\u5b9f\u884c\u3057\u305f\u4f01\u696d\u3068\u3057\u3066\u3001\u7d44\u7e54\u5185\u3067\u65d7\u8266\u7684\u306a\u5730\u4f4d\u3092\u5360\u3081\u3066\u3044\u307e\u3059\u3002 \u73fe\u5728\u3001\u30b1\u30de\u30eb\u30fb\u30d0\u30eb\u30af\u30c1\u30ea\u30af\u306f\u3001\u30d5\u30e9\u30f3\u30b9\u304b\u3089\u30c9\u30a4\u30c4\u3001\u30b9\u30a4\u30b9\u304b\u3089\u30dd\u30fc\u30e9\u30f3\u30c9\u3001\u30a4\u30bf\u30ea\u30a2\u304b\u3089\u30ed\u30b7\u30a2\u3001\u30a2\u30e1\u30ea\u30ab\u304b\u3089\u65e5\u672c\u3001\u30ab\u30ca\u30c0\u304b\u3089\u97d3\u56fd\u3001\u4e2d\u56fd\u307e\u3067\u3001\u6570\u591a\u304f\u306e\u56fd\u306b\u8f38\u51fa\u3057\u3066\u3044\u307e\u3059\u3002 \u540c\u793e\u306f\u305d\u306e\u5206\u91ce\u3067\u6570\u3005\u306e\u8cde\u3068\u30c8\u30c3\u30d7\u30e9\u30f3\u30af\u3092\u7372\u5f97\u3057\u3066\u3044\u307e\u3059\u3002 \u30b5\u30b0\u30f3\u793e\u306f\u3001\u30de\u30b0\u30ed\u3001\u30e8\u30fc\u30ed\u30c3\u30d1\u30d8\u30c0\u30a4\u3001\u30b9\u30ba\u30ad\u3001\u30cf\u30bf\u3001\u30de\u30b9\u3001\u9ed2\u6d77\u30b5\u30fc\u30e2\u30f3\u306a\u3069\u306e\u81ea\u793e\u990a\u6b96\u9b5a\u306b\u52a0\u3048\u3001\u30ab\u30a8\u30eb\u3001\u30ad\u30ce\u30b3\u3001\u30ab\u30bf\u30c4\u30e0\u30ea\u306a\u3069\u306e\u88fd\u54c1\u3082\u8f38\u51fa\u3057\u3066\u304a\u308a\u3001\u5e45\u5e83\u3044\u88fd\u54c1\u30e9\u30a4\u30f3\u30ca\u30c3\u30d7\u3092\u63d0\u4f9b\u3057\u3066\u3044\u308b\u3002 \u5f53\u793e\u306f4\u4e16\u4ee3\u306b\u308f\u305f\u308a\u30b5\u30b0\u30f3\u5bb6\u306b\u3088\u3063\u3066\u7d4c\u55b6\u3055\u308c\u3066\u304d\u307e\u3057\u305f\u3002<\/p>\n","protected":false},"author":1,"featured_media":0,"parent":0,"menu_order":0,"comment_status":"closed","ping_status":"closed","template":"elementor_header_footer","meta":{"footnotes":""},"class_list":["post-4368","page","type-page","status-publish","hentry"],"_links":{"self":[{"href":"https:\/\/windmedya.net\/sagun\/index.php\/wp-json\/wp\/v2\/pages\/4368","targetHints":{"allow":["GET"]}}],"collection":[{"href":"https:\/\/windmedya.net\/sagun\/index.php\/wp-json\/wp\/v2\/pages"}],"about":[{"href":"https:\/\/windmedya.net\/sagun\/index.php\/wp-json\/wp\/v2\/types\/page"}],"author":[{"embeddable":true,"href":"https:\/\/windmedya.net\/sagun\/index.php\/wp-json\/wp\/v2\/users\/1"}],"replies":[{"embeddable":true,"href":"https:\/\/windmedya.net\/sagun\/index.php\/wp-json\/wp\/v2\/comments?post=4368"}],"version-history":[{"count":1,"href":"https:\/\/windmedya.net\/sagun\/index.php\/wp-json\/wp\/v2\/pages\/4368\/revisions"}],"predecessor-version":[{"id":4370,"href":"https:\/\/windmedya.net\/sagun\/index.php\/wp-json\/wp\/v2\/pages\/4368\/revisions\/4370"}],"wp:attachment":[{"href":"https:\/\/windmedya.net\/sagun\/index.php\/wp-json\/wp\/v2\/media?parent=4368"}],"curies":[{"name":"wp","href":"https:\/\/api.w.org\/{rel}","templated":true}]}}