{"id":433,"date":"2025-10-21T22:00:23","date_gmt":"2025-10-21T22:00:23","guid":{"rendered":"https:\/\/windmedya.net\/sagun\/?page_id=433"},"modified":"2025-12-15T16:20:14","modified_gmt":"2025-12-15T16:20:14","slug":"su-urunleri-halii","status":"publish","type":"page","link":"https:\/\/windmedya.net\/sagun\/index.php\/su-urunleri-halii\/","title":{"rendered":"Sagun Su \u00dcr\u00fcnleri"},"content":{"rendered":"\t\t<div data-elementor-type=\"wp-page\" data-elementor-id=\"433\" class=\"elementor elementor-433\" data-elementor-settings=\"{&quot;ha_cmc_init_switcher&quot;:&quot;no&quot;}\" data-elementor-post-type=\"page\">\n\t\t\t\t<div class=\"elementor-element elementor-element-5d8388d4 e-flex e-con-boxed e-con e-parent\" data-id=\"5d8388d4\" data-element_type=\"container\" data-settings=\"{&quot;background_background&quot;:&quot;classic&quot;,&quot;_ha_eqh_enable&quot;:false}\">\n\t\t\t\t\t<div class=\"e-con-inner\">\n\t\t<div class=\"elementor-element elementor-element-58ab2f46 e-con-full e-flex e-con e-child\" data-id=\"58ab2f46\" data-element_type=\"container\" data-settings=\"{&quot;_ha_eqh_enable&quot;:false}\">\n\t\t\t\t<div class=\"elementor-element elementor-element-97c6bfa elementor-invisible elementor-widget elementor-widget-image\" data-id=\"97c6bfa\" data-element_type=\"widget\" data-settings=\"{&quot;_animation&quot;:&quot;fadeIn&quot;}\" data-widget_type=\"image.default\">\n\t\t\t\t\t\t\t\t\t\t\t\t\t\t\t<img fetchpriority=\"high\" decoding=\"async\" width=\"300\" height=\"308\" src=\"https:\/\/windmedya.net\/sagun\/wp-content\/uploads\/2025\/12\/ssu-1598732.png\" class=\"attachment-full size-full wp-image-2983\" alt=\"\" srcset=\"https:\/\/windmedya.net\/sagun\/wp-content\/uploads\/2025\/12\/ssu-1598732.png 300w, https:\/\/windmedya.net\/sagun\/wp-content\/uploads\/2025\/12\/ssu-1598732-292x300.png 292w\" sizes=\"(max-width: 300px) 100vw, 300px\" \/>\t\t\t\t\t\t\t\t\t\t\t\t\t\t\t<\/div>\n\t\t\t\t<\/div>\n\t\t\t\t\t<\/div>\n\t\t\t\t<\/div>\n\t\t<div class=\"elementor-element elementor-element-81d4cf2 e-flex e-con-boxed e-con e-parent\" data-id=\"81d4cf2\" data-element_type=\"container\" data-settings=\"{&quot;_ha_eqh_enable&quot;:false}\">\n\t\t\t\t\t<div class=\"e-con-inner\">\n\t\t\t\t<div class=\"elementor-element elementor-element-c25f2cf elementor-widget elementor-widget-heading\" data-id=\"c25f2cf\" data-element_type=\"widget\" data-widget_type=\"heading.default\">\n\t\t\t\t\t<h2 class=\"elementor-heading-title elementor-size-default\">SAGUN SU \u00dcR\u00dcNLER\u0130<\/h2>\t\t\t\t<\/div>\n\t\t\t\t<div class=\"elementor-element elementor-element-0e3899f elementor-widget__width-initial elementor-widget elementor-widget-text-editor\" data-id=\"0e3899f\" data-element_type=\"widget\" data-widget_type=\"text-editor.default\">\n\t\t\t\t\t\t\t\t\t<p>Sagun Su \u00dcr\u00fcnleri Ltd. \u015eti., K\u0131r\u015fehir Hirfanl\u0131 Baraj\u0131 G\u00f6l\u00fc\u2019nde kurulu alabal\u0131k \u00e7iftli\u011finde alabal\u0131k yeti\u015ftiricili\u011fi yan\u0131 s\u0131ra \u00e7ok say\u0131da deniz \u00fcr\u00fcn\u00fc \u00e7e\u015fidini hem toptan hem de perakende m\u00fc\u015fterilerine taze veya dondurulmu\u015f olarak sunmaktad\u0131r.<\/p>\t\t\t\t\t\t\t\t<\/div>\n\t\t\t\t\t<\/div>\n\t\t\t\t<\/div>\n\t\t<div class=\"elementor-element elementor-element-b16740a e-con-full e-flex e-con e-parent\" data-id=\"b16740a\" data-element_type=\"container\" data-settings=\"{&quot;_ha_eqh_enable&quot;:false}\">\n\t\t\t\t<div class=\"elementor-element elementor-element-6027459 elementor-widget elementor-widget-google_maps\" data-id=\"6027459\" data-element_type=\"widget\" data-widget_type=\"google_maps.default\">\n\t\t\t\t\t\t\t<div class=\"elementor-custom-embed\">\n\t\t\t<iframe loading=\"lazy\"\n\t\t\t\t\tsrc=\"https:\/\/maps.google.com\/maps?q=Osmangazi%20Mah.%20Battalgazi%20Cad.%20Sagun%20Plaza%20No%3A%2021&#038;t=m&#038;z=14&#038;output=embed&#038;iwloc=near\"\n\t\t\t\t\ttitle=\"Osmangazi Mah. Battalgazi Cad. Sagun Plaza No: 21\"\n\t\t\t\t\taria-label=\"Osmangazi Mah. Battalgazi Cad. Sagun Plaza No: 21\"\n\t\t\t><\/iframe>\n\t\t<\/div>\n\t\t\t\t\t\t<\/div>\n\t\t\t\t<\/div>\n\t\t\t\t<\/div>\n\t\t","protected":false},"excerpt":{"rendered":"<p>SAGUN SU \u00dcR\u00dcNLER\u0130 Sagun Su \u00dcr\u00fcnleri Ltd. \u015eti., K\u0131r\u015fehir Hirfanl\u0131 Baraj\u0131 G\u00f6l\u00fc\u2019nde kurulu alabal\u0131k \u00e7iftli\u011finde alabal\u0131k yeti\u015ftiricili\u011fi yan\u0131 s\u0131ra \u00e7ok say\u0131da deniz \u00fcr\u00fcn\u00fc \u00e7e\u015fidini hem toptan hem de perakende m\u00fc\u015fterilerine taze veya dondurulmu\u015f olarak sunmaktad\u0131r.<\/p>\n","protected":false},"author":1,"featured_media":0,"parent":0,"menu_order":0,"comment_status":"closed","ping_status":"closed","template":"elementor_header_footer","meta":{"footnotes":""},"class_list":["post-433","page","type-page","status-publish","hentry"],"_links":{"self":[{"href":"https:\/\/windmedya.net\/sagun\/index.php\/wp-json\/wp\/v2\/pages\/433","targetHints":{"allow":["GET"]}}],"collection":[{"href":"https:\/\/windmedya.net\/sagun\/index.php\/wp-json\/wp\/v2\/pages"}],"about":[{"href":"https:\/\/windmedya.net\/sagun\/index.php\/wp-json\/wp\/v2\/types\/page"}],"author":[{"embeddable":true,"href":"https:\/\/windmedya.net\/sagun\/index.php\/wp-json\/wp\/v2\/users\/1"}],"replies":[{"embeddable":true,"href":"https:\/\/windmedya.net\/sagun\/index.php\/wp-json\/wp\/v2\/comments?post=433"}],"version-history":[{"count":35,"href":"https:\/\/windmedya.net\/sagun\/index.php\/wp-json\/wp\/v2\/pages\/433\/revisions"}],"predecessor-version":[{"id":2990,"href":"https:\/\/windmedya.net\/sagun\/index.php\/wp-json\/wp\/v2\/pages\/433\/revisions\/2990"}],"wp:attachment":[{"href":"https:\/\/windmedya.net\/sagun\/index.php\/wp-json\/wp\/v2\/media?parent=433"}],"curies":[{"name":"wp","href":"https:\/\/api.w.org\/{rel}","templated":true}]}}