{"id":4214,"date":"2025-11-12T09:26:49","date_gmt":"2025-11-12T09:26:49","guid":{"rendered":"https:\/\/windmedya.net\/sagun\/index.php\/trout-fillet\/"},"modified":"2025-12-29T18:29:30","modified_gmt":"2025-12-29T18:29:30","slug":"trout-fillet","status":"publish","type":"page","link":"https:\/\/windmedya.net\/sagun\/index.php\/trout-fillet\/?lang=fr","title":{"rendered":"Trout Fillet"},"content":{"rendered":"\t\t<div data-elementor-type=\"wp-page\" data-elementor-id=\"4214\" class=\"elementor elementor-4214 elementor-2053\" data-elementor-settings=\"{&quot;ha_cmc_init_switcher&quot;:&quot;no&quot;}\" data-elementor-post-type=\"page\">\n\t\t\t\t<div class=\"elementor-element elementor-element-1fbc4e2 e-flex e-con-boxed e-con e-parent\" data-id=\"1fbc4e2\" data-element_type=\"container\" data-settings=\"{&quot;background_background&quot;:&quot;classic&quot;,&quot;_ha_eqh_enable&quot;:false}\">\n\t\t\t\t\t<div class=\"e-con-inner\">\n\t\t<div class=\"elementor-element elementor-element-50f3eab e-con-full e-flex e-con e-child\" data-id=\"50f3eab\" data-element_type=\"container\" data-settings=\"{&quot;_ha_eqh_enable&quot;:false}\">\n\t\t\t\t<div class=\"elementor-element elementor-element-50bd1c3 elementor-widget elementor-widget-heading\" data-id=\"50bd1c3\" data-element_type=\"widget\" data-widget_type=\"heading.default\">\n\t\t\t\t\t<h2 class=\"elementor-heading-title elementor-size-default\">FILET DE TRUITE<\/h2>\t\t\t\t<\/div>\n\t\t\t\t<\/div>\n\t\t\t\t\t<\/div>\n\t\t\t\t<\/div>\n\t\t<div class=\"elementor-element elementor-element-7c760056 e-flex e-con-boxed e-con e-parent\" data-id=\"7c760056\" data-element_type=\"container\" data-settings=\"{&quot;_ha_eqh_enable&quot;:false}\">\n\t\t\t\t\t<div class=\"e-con-inner\">\n\t\t<div class=\"elementor-element elementor-element-d656117 e-con-full e-flex e-con e-child\" data-id=\"d656117\" data-element_type=\"container\" data-settings=\"{&quot;_ha_eqh_enable&quot;:false}\">\n\t\t\t\t<div class=\"elementor-element elementor-element-c0c1085 elementor-invisible elementor-widget elementor-widget-image\" data-id=\"c0c1085\" data-element_type=\"widget\" data-settings=\"{&quot;_animation&quot;:&quot;fadeInLeft&quot;}\" data-widget_type=\"image.default\">\n\t\t\t\t\t\t\t\t\t\t\t\t\t\t\t<img fetchpriority=\"high\" decoding=\"async\" width=\"1080\" height=\"1410\" src=\"https:\/\/windmedya.net\/sagun\/wp-content\/uploads\/2025\/11\/Marines-Mockup_Alabal\u2500\u2592k-Fileto-1-Large.jpg\" class=\"attachment-full size-full wp-image-4200\" alt=\"\" srcset=\"https:\/\/windmedya.net\/sagun\/wp-content\/uploads\/2025\/11\/Marines-Mockup_Alabal\u2500\u2592k-Fileto-1-Large.jpg 1080w, https:\/\/windmedya.net\/sagun\/wp-content\/uploads\/2025\/11\/Marines-Mockup_Alabal\u2500\u2592k-Fileto-1-Large-230x300.jpg 230w, https:\/\/windmedya.net\/sagun\/wp-content\/uploads\/2025\/11\/Marines-Mockup_Alabal\u2500\u2592k-Fileto-1-Large-784x1024.jpg 784w, https:\/\/windmedya.net\/sagun\/wp-content\/uploads\/2025\/11\/Marines-Mockup_Alabal\u2500\u2592k-Fileto-1-Large-768x1003.jpg 768w\" sizes=\"(max-width: 1080px) 100vw, 1080px\" \/>\t\t\t\t\t\t\t\t\t\t\t\t\t\t\t<\/div>\n\t\t\t\t<div class=\"elementor-element elementor-element-2d73fc13 elementor-widget__width-initial elementor-absolute ha-has-bg-overlay elementor-invisible elementor-widget elementor-widget-spacer\" data-id=\"2d73fc13\" data-element_type=\"widget\" data-settings=\"{&quot;_position&quot;:&quot;absolute&quot;,&quot;_animation&quot;:&quot;zoomIn&quot;}\" data-widget_type=\"spacer.default\">\n\t\t\t\t\t\t\t<div class=\"elementor-spacer\">\n\t\t\t<div class=\"elementor-spacer-inner\"><\/div>\n\t\t<\/div>\n\t\t\t\t\t\t<\/div>\n\t\t\t\t<\/div>\n\t\t<div class=\"elementor-element elementor-element-5aac7b53 e-con-full e-flex elementor-invisible e-con e-child\" data-id=\"5aac7b53\" data-element_type=\"container\" data-settings=\"{&quot;animation&quot;:&quot;fadeInRight&quot;,&quot;_ha_eqh_enable&quot;:false}\">\n\t\t\t\t<div class=\"elementor-element elementor-element-490bd1b5 elementor-widget elementor-widget-heading\" data-id=\"490bd1b5\" data-element_type=\"widget\" data-widget_type=\"heading.default\">\n\t\t\t\t\t<h2 class=\"elementor-heading-title elementor-size-default\">Filet de truite<\/h2>\t\t\t\t<\/div>\n\t\t\t\t<div class=\"elementor-element elementor-element-6ac24823 elementor-widget__width-initial elementor-widget elementor-widget-text-editor\" data-id=\"6ac24823\" data-element_type=\"widget\" data-widget_type=\"text-editor.default\">\n\t\t\t\t\t\t\t\t\t<table class=\"product-specs mtr-table mtr-thead-th\" role=\"table\"><caption>Informations techniques sur le produit<\/caption>\n  <thead><tr><th data-mtr-content=\"Poids net\" class=\"mtr-th-tag\"><div class=\"mtr-cell-content\">Poids net<\/div><\/th>\n      <th data-mtr-content=\"Num\u00e9ro dans la case\" class=\"mtr-th-tag\"><div class=\"mtr-cell-content\">Num\u00e9ro dans la case<\/div><\/th>\n      <th data-mtr-content=\"Sp\u00e9cialit\u00e9 du produit\" class=\"mtr-th-tag\"><div class=\"mtr-cell-content\">Sp\u00e9cialit\u00e9 du produit<\/div><\/th>\n      <th data-mtr-content=\"Code-barres du produit\" class=\"mtr-th-tag\"><div class=\"mtr-cell-content\">Code-barres du produit<\/div><\/th>\n      <th data-mtr-content=\"Code-barres du produit\" class=\"mtr-th-tag\"><div class=\"mtr-cell-content\">Code-barres du produit<\/div><\/th>\n      <th data-mtr-content=\"dur\u00e9e de conservation\" class=\"mtr-th-tag\"><div class=\"mtr-cell-content\">dur\u00e9e de conservation<\/div><\/th>\n    <\/tr><\/thead><tbody><tr><td data-mtr-content=\"Poids net\" class=\"mtr-td-tag\"><div class=\"mtr-cell-content\">10 kg<\/div><\/td>\n      <td data-mtr-content=\"Num\u00e9ro dans la case\" class=\"mtr-td-tag\"><div class=\"mtr-cell-content\">2 \u00d7 5 kg \u2013 1 \u00d7 10 kg<\/div><\/td>\n      <td data-mtr-content=\"Sp\u00e9cialit\u00e9 du produit\" class=\"mtr-td-tag\"><div class=\"mtr-cell-content\">60\u2013100 g\/quantit\u00e9<\/div><\/td>\n      <td data-mtr-content=\"Code-barres du produit\" class=\"mtr-td-tag\"><div class=\"mtr-cell-content\">8691934210843<\/div><\/td>\n      <td data-mtr-content=\"Code-barres du produit\" class=\"mtr-td-tag\"><div class=\"mtr-cell-content\">8691934210850<\/div><\/td>\n      <td data-mtr-content=\"dur\u00e9e de conservation\" class=\"mtr-td-tag\"><div class=\"mtr-cell-content\">18 mois<\/div><\/td>\n    <\/tr><\/tbody><\/table>\n\t\t\t\t\t\t\t\t<\/div>\n\t\t\t\t<\/div>\n\t\t\t\t\t<\/div>\n\t\t\t\t<\/div>\n\t\t\t\t<\/div>\n\t\t","protected":false},"excerpt":{"rendered":"<p>FILET DE TRUITE Filet de truite Informations techniques sur le produit Poids net Num\u00e9ro dans la case Sp\u00e9cialit\u00e9 du produit Code-barres du produit Code-barres du produit dur\u00e9e de conservation 10 kg 2 \u00d7 5 kg \u2013 1 \u00d7 10 kg 60\u2013100 g\/quantit\u00e9 8691934210843 8691934210850 18 mois<\/p>\n","protected":false},"author":1,"featured_media":0,"parent":0,"menu_order":0,"comment_status":"closed","ping_status":"closed","template":"elementor_header_footer","meta":{"footnotes":""},"class_list":["post-4214","page","type-page","status-publish","hentry"],"_links":{"self":[{"href":"https:\/\/windmedya.net\/sagun\/index.php\/wp-json\/wp\/v2\/pages\/4214","targetHints":{"allow":["GET"]}}],"collection":[{"href":"https:\/\/windmedya.net\/sagun\/index.php\/wp-json\/wp\/v2\/pages"}],"about":[{"href":"https:\/\/windmedya.net\/sagun\/index.php\/wp-json\/wp\/v2\/types\/page"}],"author":[{"embeddable":true,"href":"https:\/\/windmedya.net\/sagun\/index.php\/wp-json\/wp\/v2\/users\/1"}],"replies":[{"embeddable":true,"href":"https:\/\/windmedya.net\/sagun\/index.php\/wp-json\/wp\/v2\/comments?post=4214"}],"version-history":[{"count":1,"href":"https:\/\/windmedya.net\/sagun\/index.php\/wp-json\/wp\/v2\/pages\/4214\/revisions"}],"predecessor-version":[{"id":4215,"href":"https:\/\/windmedya.net\/sagun\/index.php\/wp-json\/wp\/v2\/pages\/4214\/revisions\/4215"}],"wp:attachment":[{"href":"https:\/\/windmedya.net\/sagun\/index.php\/wp-json\/wp\/v2\/media?parent=4214"}],"curies":[{"name":"wp","href":"https:\/\/api.w.org\/{rel}","templated":true}]}}