{"id":4209,"date":"2025-10-21T21:53:03","date_gmt":"2025-10-21T21:53:03","guid":{"rendered":"https:\/\/windmedya.net\/sagun\/index.php\/tsm-deniz-urunleri\/"},"modified":"2025-12-29T18:29:30","modified_gmt":"2025-12-29T18:29:30","slug":"tsm-deniz-urunleri","status":"publish","type":"page","link":"https:\/\/windmedya.net\/sagun\/index.php\/tsm-deniz-urunleri\/?lang=fr","title":{"rendered":"TSM Deniz \u00dcr\u00fcnleri"},"content":{"rendered":"\t\t<div data-elementor-type=\"wp-page\" data-elementor-id=\"4209\" class=\"elementor elementor-4209 elementor-2125\" data-elementor-settings=\"{&quot;ha_cmc_init_switcher&quot;:&quot;no&quot;}\" data-elementor-post-type=\"page\">\n\t\t\t\t<div class=\"elementor-element elementor-element-5d8388d4 e-flex e-con-boxed e-con e-parent\" data-id=\"5d8388d4\" data-element_type=\"container\" data-settings=\"{&quot;background_background&quot;:&quot;classic&quot;,&quot;_ha_eqh_enable&quot;:false}\">\n\t\t\t\t\t<div class=\"e-con-inner\">\n\t\t<div class=\"elementor-element elementor-element-58ab2f46 e-con-full e-flex e-con e-child\" data-id=\"58ab2f46\" data-element_type=\"container\" data-settings=\"{&quot;_ha_eqh_enable&quot;:false}\">\n\t\t\t\t<div class=\"elementor-element elementor-element-989aa74 elementor-invisible elementor-widget elementor-widget-image\" data-id=\"989aa74\" data-element_type=\"widget\" data-settings=\"{&quot;_animation&quot;:&quot;fadeIn&quot;}\" data-widget_type=\"image.default\">\n\t\t\t\t\t\t\t\t\t\t\t\t\t\t\t<img fetchpriority=\"high\" decoding=\"async\" width=\"300\" height=\"308\" src=\"https:\/\/windmedya.net\/sagun\/wp-content\/uploads\/2025\/12\/tsm-new-8912984.png\" class=\"attachment-full size-full wp-image-4203\" alt=\"\" srcset=\"https:\/\/windmedya.net\/sagun\/wp-content\/uploads\/2025\/12\/tsm-new-8912984.png 300w, https:\/\/windmedya.net\/sagun\/wp-content\/uploads\/2025\/12\/tsm-new-8912984-292x300.png 292w\" sizes=\"(max-width: 300px) 100vw, 300px\" \/>\t\t\t\t\t\t\t\t\t\t\t\t\t\t\t<\/div>\n\t\t\t\t<\/div>\n\t\t\t\t\t<\/div>\n\t\t\t\t<\/div>\n\t\t<div class=\"elementor-element elementor-element-81d4cf2 e-flex e-con-boxed e-con e-parent\" data-id=\"81d4cf2\" data-element_type=\"container\" data-settings=\"{&quot;_ha_eqh_enable&quot;:false}\">\n\t\t\t\t\t<div class=\"e-con-inner\">\n\t\t\t\t<div class=\"elementor-element elementor-element-c25f2cf elementor-widget elementor-widget-heading\" data-id=\"c25f2cf\" data-element_type=\"widget\" data-widget_type=\"heading.default\">\n\t\t\t\t\t<h2 class=\"elementor-heading-title elementor-size-default\">TSM DEN\u0130Z \u00dcR\u00dcNLER\u0130<\/h2>\t\t\t\t<\/div>\n\t\t\t\t<div class=\"elementor-element elementor-element-0e3899f elementor-widget__width-initial elementor-widget elementor-widget-text-editor\" data-id=\"0e3899f\" data-element_type=\"widget\" data-widget_type=\"text-editor.default\">\n\t\t\t\t\t\t\t\t\t<p>Fond\u00e9e en 2002 au sein du Groupe pour mener des activit\u00e9s d&#8217;\u00e9levage de thon rouge, TSM Deniz \u00dcr\u00fcnleri n&#8217;a cess\u00e9 de cro\u00eetre et de se d\u00e9velopper depuis sa cr\u00e9ation.<\/p><p>En 2011, l&#8217;entreprise a inaugur\u00e9 ses installations dans la zone industrielle organis\u00e9e d&#8217;Antalya. Ayant pass\u00e9 avec succ\u00e8s les inspections du minist\u00e8re de l&#8217;Agriculture, elle a obtenu l&#8217;agr\u00e9ment europ\u00e9en.<br>Aujourd&#8217;hui, de nombreux produits issus de la p\u00eache et de l&#8217;aquaculture y sont transform\u00e9s et export\u00e9s.  <\/p>\t\t\t\t\t\t\t\t<\/div>\n\t\t\t\t\t<\/div>\n\t\t\t\t<\/div>\n\t\t<div class=\"elementor-element elementor-element-b16740a e-con-full e-flex e-con e-parent\" data-id=\"b16740a\" data-element_type=\"container\" data-settings=\"{&quot;_ha_eqh_enable&quot;:false}\">\n\t\t\t\t<div class=\"elementor-element elementor-element-6027459 elementor-widget elementor-widget-google_maps\" data-id=\"6027459\" data-element_type=\"widget\" data-widget_type=\"google_maps.default\">\n\t\t\t\t\t\t\t<div class=\"elementor-custom-embed\">\n\t\t\t<iframe loading=\"lazy\"\n\t\t\t\t\tsrc=\"https:\/\/maps.google.com\/maps?q=TSM%20Deniz%20%C3%9Cr%C3%BCnleri&#038;t=m&#038;z=14&#038;output=embed&#038;iwloc=near\"\n\t\t\t\t\ttitle=\"TSM Deniz \u00dcr\u00fcnleri\"\n\t\t\t\t\taria-label=\"TSM Deniz \u00dcr\u00fcnleri\"\n\t\t\t><\/iframe>\n\t\t<\/div>\n\t\t\t\t\t\t<\/div>\n\t\t\t\t<\/div>\n\t\t\t\t<\/div>\n\t\t","protected":false},"excerpt":{"rendered":"<p>TSM DEN\u0130Z \u00dcR\u00dcNLER\u0130 Fond\u00e9e en 2002 au sein du Groupe pour mener des activit\u00e9s d&#8217;\u00e9levage de thon rouge, TSM Deniz \u00dcr\u00fcnleri n&#8217;a cess\u00e9 de cro\u00eetre et de se d\u00e9velopper depuis sa cr\u00e9ation. En 2011, l&#8217;entreprise a inaugur\u00e9 ses installations dans la zone industrielle organis\u00e9e d&#8217;Antalya. Ayant pass\u00e9 avec succ\u00e8s les inspections du minist\u00e8re de l&#8217;Agriculture, [&hellip;]<\/p>\n","protected":false},"author":1,"featured_media":0,"parent":0,"menu_order":0,"comment_status":"closed","ping_status":"closed","template":"elementor_header_footer","meta":{"footnotes":""},"class_list":["post-4209","page","type-page","status-publish","hentry"],"_links":{"self":[{"href":"https:\/\/windmedya.net\/sagun\/index.php\/wp-json\/wp\/v2\/pages\/4209","targetHints":{"allow":["GET"]}}],"collection":[{"href":"https:\/\/windmedya.net\/sagun\/index.php\/wp-json\/wp\/v2\/pages"}],"about":[{"href":"https:\/\/windmedya.net\/sagun\/index.php\/wp-json\/wp\/v2\/types\/page"}],"author":[{"embeddable":true,"href":"https:\/\/windmedya.net\/sagun\/index.php\/wp-json\/wp\/v2\/users\/1"}],"replies":[{"embeddable":true,"href":"https:\/\/windmedya.net\/sagun\/index.php\/wp-json\/wp\/v2\/comments?post=4209"}],"version-history":[{"count":1,"href":"https:\/\/windmedya.net\/sagun\/index.php\/wp-json\/wp\/v2\/pages\/4209\/revisions"}],"predecessor-version":[{"id":4213,"href":"https:\/\/windmedya.net\/sagun\/index.php\/wp-json\/wp\/v2\/pages\/4209\/revisions\/4213"}],"wp:attachment":[{"href":"https:\/\/windmedya.net\/sagun\/index.php\/wp-json\/wp\/v2\/media?parent=4209"}],"curies":[{"name":"wp","href":"https:\/\/api.w.org\/{rel}","templated":true}]}}