{"id":415,"date":"2025-10-21T21:51:21","date_gmt":"2025-10-21T21:51:21","guid":{"rendered":"https:\/\/windmedya.net\/sagun\/?page_id=415"},"modified":"2026-01-06T19:48:20","modified_gmt":"2026-01-06T19:48:20","slug":"kemal-balikcilik","status":"publish","type":"page","link":"https:\/\/windmedya.net\/sagun\/index.php\/kemal-balikcilik\/","title":{"rendered":"Kemal Bal\u0131k\u00e7\u0131l\u0131k"},"content":{"rendered":"\t\t<div data-elementor-type=\"wp-page\" data-elementor-id=\"415\" class=\"elementor elementor-415\" data-elementor-settings=\"{&quot;ha_cmc_init_switcher&quot;:&quot;no&quot;}\" data-elementor-post-type=\"page\">\n\t\t\t\t<div class=\"elementor-element elementor-element-5d8388d4 e-flex e-con-boxed e-con e-parent\" data-id=\"5d8388d4\" data-element_type=\"container\" data-settings=\"{&quot;background_background&quot;:&quot;classic&quot;,&quot;_ha_eqh_enable&quot;:false}\">\n\t\t\t\t\t<div class=\"e-con-inner\">\n\t\t<div class=\"elementor-element elementor-element-58ab2f46 e-con-full e-flex e-con e-child\" data-id=\"58ab2f46\" data-element_type=\"container\" data-settings=\"{&quot;_ha_eqh_enable&quot;:false}\">\n\t\t\t\t<div class=\"elementor-element elementor-element-7ce74d9 elementor-invisible elementor-widget elementor-widget-image\" data-id=\"7ce74d9\" data-element_type=\"widget\" data-settings=\"{&quot;_animation&quot;:&quot;fadeIn&quot;}\" data-widget_type=\"image.default\">\n\t\t\t\t\t\t\t\t\t\t\t\t\t\t\t<img fetchpriority=\"high\" decoding=\"async\" width=\"300\" height=\"308\" src=\"https:\/\/windmedya.net\/sagun\/wp-content\/uploads\/2025\/12\/kml-blk-new-919.png\" class=\"attachment-full size-full wp-image-2928\" alt=\"\" srcset=\"https:\/\/windmedya.net\/sagun\/wp-content\/uploads\/2025\/12\/kml-blk-new-919.png 300w, https:\/\/windmedya.net\/sagun\/wp-content\/uploads\/2025\/12\/kml-blk-new-919-292x300.png 292w\" sizes=\"(max-width: 300px) 100vw, 300px\" \/>\t\t\t\t\t\t\t\t\t\t\t\t\t\t\t<\/div>\n\t\t\t\t<\/div>\n\t\t\t\t\t<\/div>\n\t\t\t\t<\/div>\n\t\t<div class=\"elementor-element elementor-element-81d4cf2 e-flex e-con-boxed e-con e-parent\" data-id=\"81d4cf2\" data-element_type=\"container\" data-settings=\"{&quot;_ha_eqh_enable&quot;:false}\">\n\t\t\t\t\t<div class=\"e-con-inner\">\n\t\t\t\t<div class=\"elementor-element elementor-element-c25f2cf elementor-widget elementor-widget-heading\" data-id=\"c25f2cf\" data-element_type=\"widget\" data-widget_type=\"heading.default\">\n\t\t\t\t\t<h2 class=\"elementor-heading-title elementor-size-default\">KEMAL BALIK\u00c7ILIK<\/h2>\t\t\t\t<\/div>\n\t\t\t\t<div class=\"elementor-element elementor-element-0e3899f elementor-widget__width-initial elementor-widget elementor-widget-text-editor\" data-id=\"0e3899f\" data-element_type=\"widget\" data-widget_type=\"text-editor.default\">\n\t\t\t\t\t\t\t\t\t<p>Kemal Bal\u0131k\u00e7\u0131l\u0131k Ltd. \u015eti.,\u00a060\u2019l\u0131 y\u0131llar\u0131n ba\u015flar\u0131nda Samsun\u2019da kurulmu\u015f ve daha sonra \u0130stanbul Kumkap\u0131 Bal\u0131k Hali\u2019nde a\u00e7\u0131lan bir d\u00fckk\u00e2nla ticareti geli\u015fmi\u015ftir. Bug\u00fcn bir \u015firketler toplulu\u011fu olan Group Sagun\u2019un ilk \u015firketi olmas\u0131 ve ihracatlar\u0131n\u0131 ger\u00e7ekle\u015ftirmesi nedeniyle grup i\u00e7in bir amiral gemi niteli\u011fi ta\u015f\u0131maktad\u0131r.<\/p><p>G\u00fcn\u00fcm\u00fczde Fransa\u2019dan Almanya\u2019ya, \u0130svi\u00e7re\u2019den Polonya\u2019ya, \u0130talya\u2019dan Rusya\u2019ya, ABD\u2019den Japonya\u2019ya, Kanada\u2019dan G\u00fcney Kore\u2019ye ve \u00c7in\u2019e kadar pek \u00e7ok \u00fclkeye ihracat ger\u00e7ekle\u015ftiren\u00a0Kemal Bal\u0131k\u00e7\u0131l\u0131k, sekt\u00f6r\u00fcnde pek \u00e7ok \u00f6d\u00fcl\u00fcn ve birincili\u011fin sahibidir.\u00a0<\/p><p>Su \u00fcr\u00fcnlerinde Sagun\u2019un kendi yeti\u015ftirdi\u011fi orkinos, \u00e7ipura, levrek, grany\u00f6z, alabal\u0131k ve Karadeniz somonu bal\u0131klar\u0131n\u0131n yan\u0131 s\u0131ra kurba\u011fa, mantar, salyangoz gibi \u00fcr\u00fcnlerin de ihracat\u0131n\u0131 ger\u00e7ekle\u015ftiren firma geni\u015f bir \u00fcr\u00fcn yelpazesine sahiptir.<\/p><p>Firma d\u00f6rt ku\u015fakt\u0131r Sagun Ailesi taraf\u0131ndan y\u00f6netilmektedir.<\/p>\t\t\t\t\t\t\t\t<\/div>\n\t\t\t\t\t<\/div>\n\t\t\t\t<\/div>\n\t\t<div class=\"elementor-element elementor-element-8029265 e-con-full e-flex e-con e-parent\" data-id=\"8029265\" data-element_type=\"container\" data-settings=\"{&quot;_ha_eqh_enable&quot;:false}\">\n\t\t\t\t<div class=\"elementor-element elementor-element-71cd8d2 elementor-widget elementor-widget-google_maps\" data-id=\"71cd8d2\" data-element_type=\"widget\" data-widget_type=\"google_maps.default\">\n\t\t\t\t\t\t\t<div class=\"elementor-custom-embed\">\n\t\t\t<iframe loading=\"lazy\"\n\t\t\t\t\tsrc=\"https:\/\/maps.google.com\/maps?q=Osmangazi%20Mah.%20Battalgazi%20Cad.%20Sagun%20Plaza%20No%3A%2021&#038;t=m&#038;z=14&#038;output=embed&#038;iwloc=near\"\n\t\t\t\t\ttitle=\"Osmangazi Mah. Battalgazi Cad. Sagun Plaza No: 21\"\n\t\t\t\t\taria-label=\"Osmangazi Mah. Battalgazi Cad. Sagun Plaza No: 21\"\n\t\t\t><\/iframe>\n\t\t<\/div>\n\t\t\t\t\t\t<\/div>\n\t\t\t\t<\/div>\n\t\t\t\t<\/div>\n\t\t","protected":false},"excerpt":{"rendered":"<p>KEMAL BALIK\u00c7ILIK Kemal Bal\u0131k\u00e7\u0131l\u0131k Ltd. \u015eti.,\u00a060\u2019l\u0131 y\u0131llar\u0131n ba\u015flar\u0131nda Samsun\u2019da kurulmu\u015f ve daha sonra \u0130stanbul Kumkap\u0131 Bal\u0131k Hali\u2019nde a\u00e7\u0131lan bir d\u00fckk\u00e2nla ticareti geli\u015fmi\u015ftir. Bug\u00fcn bir \u015firketler toplulu\u011fu olan Group Sagun\u2019un ilk \u015firketi olmas\u0131 ve ihracatlar\u0131n\u0131 ger\u00e7ekle\u015ftirmesi nedeniyle grup i\u00e7in bir amiral gemi niteli\u011fi ta\u015f\u0131maktad\u0131r. G\u00fcn\u00fcm\u00fczde Fransa\u2019dan Almanya\u2019ya, \u0130svi\u00e7re\u2019den Polonya\u2019ya, \u0130talya\u2019dan Rusya\u2019ya, ABD\u2019den Japonya\u2019ya, Kanada\u2019dan G\u00fcney Kore\u2019ye [&hellip;]<\/p>\n","protected":false},"author":1,"featured_media":0,"parent":0,"menu_order":0,"comment_status":"closed","ping_status":"closed","template":"elementor_header_footer","meta":{"footnotes":""},"class_list":["post-415","page","type-page","status-publish","hentry"],"_links":{"self":[{"href":"https:\/\/windmedya.net\/sagun\/index.php\/wp-json\/wp\/v2\/pages\/415","targetHints":{"allow":["GET"]}}],"collection":[{"href":"https:\/\/windmedya.net\/sagun\/index.php\/wp-json\/wp\/v2\/pages"}],"about":[{"href":"https:\/\/windmedya.net\/sagun\/index.php\/wp-json\/wp\/v2\/types\/page"}],"author":[{"embeddable":true,"href":"https:\/\/windmedya.net\/sagun\/index.php\/wp-json\/wp\/v2\/users\/1"}],"replies":[{"embeddable":true,"href":"https:\/\/windmedya.net\/sagun\/index.php\/wp-json\/wp\/v2\/comments?post=415"}],"version-history":[{"count":57,"href":"https:\/\/windmedya.net\/sagun\/index.php\/wp-json\/wp\/v2\/pages\/415\/revisions"}],"predecessor-version":[{"id":5727,"href":"https:\/\/windmedya.net\/sagun\/index.php\/wp-json\/wp\/v2\/pages\/415\/revisions\/5727"}],"wp:attachment":[{"href":"https:\/\/windmedya.net\/sagun\/index.php\/wp-json\/wp\/v2\/media?parent=415"}],"curies":[{"name":"wp","href":"https:\/\/api.w.org\/{rel}","templated":true}]}}