{"id":4123,"date":"2025-11-11T13:13:48","date_gmt":"2025-11-11T13:13:48","guid":{"rendered":"https:\/\/windmedya.net\/sagun\/index.php\/rainbow-trout\/"},"modified":"2025-12-29T18:15:29","modified_gmt":"2025-12-29T18:15:29","slug":"rainbow-trout","status":"publish","type":"page","link":"https:\/\/windmedya.net\/sagun\/index.php\/rainbow-trout\/?lang=fr","title":{"rendered":"Rainbow Trout"},"content":{"rendered":"\t\t<div data-elementor-type=\"wp-page\" data-elementor-id=\"4123\" class=\"elementor elementor-4123 elementor-2055\" data-elementor-settings=\"{&quot;ha_cmc_init_switcher&quot;:&quot;no&quot;}\" data-elementor-post-type=\"page\">\n\t\t\t\t<div class=\"elementor-element elementor-element-1fbc4e2 e-flex e-con-boxed e-con e-parent\" data-id=\"1fbc4e2\" data-element_type=\"container\" data-settings=\"{&quot;background_background&quot;:&quot;classic&quot;,&quot;_ha_eqh_enable&quot;:false}\">\n\t\t\t\t\t<div class=\"e-con-inner\">\n\t\t<div class=\"elementor-element elementor-element-50f3eab e-con-full e-flex e-con e-child\" data-id=\"50f3eab\" data-element_type=\"container\" data-settings=\"{&quot;_ha_eqh_enable&quot;:false}\">\n\t\t\t\t<div class=\"elementor-element elementor-element-50bd1c3 elementor-widget elementor-widget-heading\" data-id=\"50bd1c3\" data-element_type=\"widget\" data-widget_type=\"heading.default\">\n\t\t\t\t\t<h2 class=\"elementor-heading-title elementor-size-default\">TRUITE ARC-EN-CIEL<\/h2>\t\t\t\t<\/div>\n\t\t\t\t<\/div>\n\t\t\t\t\t<\/div>\n\t\t\t\t<\/div>\n\t\t<div class=\"elementor-element elementor-element-7c760056 e-flex e-con-boxed e-con e-parent\" data-id=\"7c760056\" data-element_type=\"container\" data-settings=\"{&quot;_ha_eqh_enable&quot;:false}\">\n\t\t\t\t\t<div class=\"e-con-inner\">\n\t\t<div class=\"elementor-element elementor-element-d656117 e-con-full e-flex e-con e-child\" data-id=\"d656117\" data-element_type=\"container\" data-settings=\"{&quot;_ha_eqh_enable&quot;:false}\">\n\t\t\t\t<div class=\"elementor-element elementor-element-c0c1085 elementor-invisible elementor-widget elementor-widget-image\" data-id=\"c0c1085\" data-element_type=\"widget\" data-settings=\"{&quot;_animation&quot;:&quot;fadeInLeft&quot;}\" data-widget_type=\"image.default\">\n\t\t\t\t\t\t\t\t\t\t\t\t\t\t\t<img decoding=\"async\" src=\"https:\/\/windmedya.net\/sagun\/wp-content\/uploads\/elementor\/thumbs\/alabalik-rejtwmooex9m9e58ovf23q07vn7rk7sw9ts4cqa53g.jpg\" title=\"alabal\u0131k\" alt=\"alabal\u0131k\" loading=\"lazy\" \/>\t\t\t\t\t\t\t\t\t\t\t\t\t\t\t<\/div>\n\t\t\t\t<div class=\"elementor-element elementor-element-2d73fc13 elementor-widget__width-initial elementor-absolute ha-has-bg-overlay elementor-invisible elementor-widget elementor-widget-spacer\" data-id=\"2d73fc13\" data-element_type=\"widget\" data-settings=\"{&quot;_position&quot;:&quot;absolute&quot;,&quot;_animation&quot;:&quot;zoomIn&quot;}\" data-widget_type=\"spacer.default\">\n\t\t\t\t\t\t\t<div class=\"elementor-spacer\">\n\t\t\t<div class=\"elementor-spacer-inner\"><\/div>\n\t\t<\/div>\n\t\t\t\t\t\t<\/div>\n\t\t\t\t<\/div>\n\t\t<div class=\"elementor-element elementor-element-5aac7b53 e-con-full e-flex elementor-invisible e-con e-child\" data-id=\"5aac7b53\" data-element_type=\"container\" data-settings=\"{&quot;animation&quot;:&quot;fadeInRight&quot;,&quot;_ha_eqh_enable&quot;:false}\">\n\t\t\t\t<div class=\"elementor-element elementor-element-490bd1b5 elementor-widget elementor-widget-heading\" data-id=\"490bd1b5\" data-element_type=\"widget\" data-widget_type=\"heading.default\">\n\t\t\t\t\t<h2 class=\"elementor-heading-title elementor-size-default\">Truite arc-en-ciel<\/h2>\t\t\t\t<\/div>\n\t\t\t\t<div class=\"elementor-element elementor-element-6ac24823 elementor-widget__width-initial elementor-widget elementor-widget-text-editor\" data-id=\"6ac24823\" data-element_type=\"widget\" data-widget_type=\"text-editor.default\">\n\t\t\t\t\t\t\t\t\t<p>La truite arc-en-ciel, poisson d&#8217;eau douce tr\u00e8s appr\u00e9ci\u00e9, est r\u00e9put\u00e9e pour sa chair d\u00e9licate et ses qualit\u00e9s nutritionnelles exceptionnelles. Riche en prot\u00e9ines de haute qualit\u00e9 et en acides gras om\u00e9ga-3, elle offre un go\u00fbt exceptionnel et des bienfaits essentiels pour la sant\u00e9. Notre truite arc-en-ciel fra\u00eeche est disponible toute l&#8217;ann\u00e9e, et nos truites surgel\u00e9es sont soigneusement conserv\u00e9es pour pr\u00e9server leur saveur et leur texture incomparables. D\u00e9couvrez l&#8217;harmonie parfaite entre puret\u00e9, valeur nutritive et saveur avec notre truite arc-en-ciel de qualit\u00e9 sup\u00e9rieure.   <br><br><\/p><p>Nom latin : ONCORHYNCHUS MYKISS<\/p><p>Enti\u00e8rement \u00e9visc\u00e9r\u00e9<\/p><p>Trout Fillet \/ Skin-On (Fillets)<\/p><p>Tour complet<\/p><table><tbody><tr><td><p class=\"urun-ic-p4\">Frais\/R\u00e9frig\u00e9r\u00e9 et surgel\u00e9<\/p><\/td><\/tr><tr><td><p class=\"urun-ic-p5\">Tailles : 180\/200 ; 200\/250 ; 250\/300 ; 300\/350 ; 350\/400<\/p><\/td><\/tr><tr><td><p class=\"urun-ic-p7\">Conditionn\u00e9 en cartons de 5 kg, 6 kg ou 10 kg.<\/p><\/td><\/tr><\/tbody><\/table>\t\t\t\t\t\t\t\t<\/div>\n\t\t\t\t<\/div>\n\t\t\t\t\t<\/div>\n\t\t\t\t<\/div>\n\t\t\t\t<\/div>\n\t\t","protected":false},"excerpt":{"rendered":"<p>TRUITE ARC-EN-CIEL Truite arc-en-ciel La truite arc-en-ciel, poisson d&#8217;eau douce tr\u00e8s appr\u00e9ci\u00e9, est r\u00e9put\u00e9e pour sa chair d\u00e9licate et ses qualit\u00e9s nutritionnelles exceptionnelles. Riche en prot\u00e9ines de haute qualit\u00e9 et en acides gras om\u00e9ga-3, elle offre un go\u00fbt exceptionnel et des bienfaits essentiels pour la sant\u00e9. Notre truite arc-en-ciel fra\u00eeche est disponible toute l&#8217;ann\u00e9e, et [&hellip;]<\/p>\n","protected":false},"author":1,"featured_media":0,"parent":0,"menu_order":0,"comment_status":"closed","ping_status":"closed","template":"elementor_header_footer","meta":{"footnotes":""},"class_list":["post-4123","page","type-page","status-publish","hentry"],"_links":{"self":[{"href":"https:\/\/windmedya.net\/sagun\/index.php\/wp-json\/wp\/v2\/pages\/4123","targetHints":{"allow":["GET"]}}],"collection":[{"href":"https:\/\/windmedya.net\/sagun\/index.php\/wp-json\/wp\/v2\/pages"}],"about":[{"href":"https:\/\/windmedya.net\/sagun\/index.php\/wp-json\/wp\/v2\/types\/page"}],"author":[{"embeddable":true,"href":"https:\/\/windmedya.net\/sagun\/index.php\/wp-json\/wp\/v2\/users\/1"}],"replies":[{"embeddable":true,"href":"https:\/\/windmedya.net\/sagun\/index.php\/wp-json\/wp\/v2\/comments?post=4123"}],"version-history":[{"count":1,"href":"https:\/\/windmedya.net\/sagun\/index.php\/wp-json\/wp\/v2\/pages\/4123\/revisions"}],"predecessor-version":[{"id":4124,"href":"https:\/\/windmedya.net\/sagun\/index.php\/wp-json\/wp\/v2\/pages\/4123\/revisions\/4124"}],"wp:attachment":[{"href":"https:\/\/windmedya.net\/sagun\/index.php\/wp-json\/wp\/v2\/media?parent=4123"}],"curies":[{"name":"wp","href":"https:\/\/api.w.org\/{rel}","templated":true}]}}