{"id":4119,"date":"2025-10-21T14:55:20","date_gmt":"2025-10-21T14:55:20","guid":{"rendered":"https:\/\/windmedya.net\/sagun\/index.php\/rd-innovation\/"},"modified":"2025-12-29T18:14:49","modified_gmt":"2025-12-29T18:14:49","slug":"rd-innovation","status":"publish","type":"page","link":"https:\/\/windmedya.net\/sagun\/index.php\/rd-innovation\/?lang=fr","title":{"rendered":"R&amp;D &amp; Innovation"},"content":{"rendered":"\t\t<div data-elementor-type=\"wp-page\" data-elementor-id=\"4119\" class=\"elementor elementor-4119 elementor-1862\" data-elementor-settings=\"{&quot;ha_cmc_init_switcher&quot;:&quot;no&quot;}\" data-elementor-post-type=\"page\">\n\t\t\t\t<div class=\"elementor-element elementor-element-1fbc4e2 e-flex e-con-boxed elementor-invisible e-con e-parent\" data-id=\"1fbc4e2\" data-element_type=\"container\" data-settings=\"{&quot;background_background&quot;:&quot;classic&quot;,&quot;animation&quot;:&quot;slideInDown&quot;,&quot;_ha_eqh_enable&quot;:false}\">\n\t\t\t\t\t<div class=\"e-con-inner\">\n\t\t<div class=\"elementor-element elementor-element-50f3eab e-con-full e-flex e-con e-child\" data-id=\"50f3eab\" data-element_type=\"container\" data-settings=\"{&quot;_ha_eqh_enable&quot;:false}\">\n\t\t\t\t<div class=\"elementor-element elementor-element-50bd1c3 elementor-widget elementor-widget-heading\" data-id=\"50bd1c3\" data-element_type=\"widget\" data-widget_type=\"heading.default\">\n\t\t\t\t\t<h2 class=\"elementor-heading-title elementor-size-default\">Recherche et d\u00e9veloppement et innovation<\/h2>\t\t\t\t<\/div>\n\t\t\t\t<\/div>\n\t\t\t\t\t<\/div>\n\t\t\t\t<\/div>\n\t\t<div class=\"elementor-element elementor-element-76fb5df e-flex e-con-boxed elementor-invisible e-con e-parent\" data-id=\"76fb5df\" data-element_type=\"container\" data-settings=\"{&quot;animation&quot;:&quot;slideInUp&quot;,&quot;_ha_eqh_enable&quot;:false}\">\n\t\t\t\t\t<div class=\"e-con-inner\">\n\t\t<div class=\"elementor-element elementor-element-6fb706c e-con-full e-flex e-con e-child\" data-id=\"6fb706c\" data-element_type=\"container\" data-settings=\"{&quot;_ha_eqh_enable&quot;:false}\">\n\t\t\t\t<div class=\"elementor-element elementor-element-d6b1832 elementor-widget elementor-widget-image\" data-id=\"d6b1832\" data-element_type=\"widget\" data-widget_type=\"image.default\">\n\t\t\t\t\t\t\t\t\t\t\t\t\t\t\t<img fetchpriority=\"high\" decoding=\"async\" width=\"800\" height=\"933\" src=\"https:\/\/windmedya.net\/sagun\/wp-content\/uploads\/2025\/10\/Sagun-Lab-Check02-Large-878x1024.jpg\" class=\"attachment-large size-large wp-image-4117\" alt=\"\" srcset=\"https:\/\/windmedya.net\/sagun\/wp-content\/uploads\/2025\/10\/Sagun-Lab-Check02-Large-878x1024.jpg 878w, https:\/\/windmedya.net\/sagun\/wp-content\/uploads\/2025\/10\/Sagun-Lab-Check02-Large-257x300.jpg 257w, https:\/\/windmedya.net\/sagun\/wp-content\/uploads\/2025\/10\/Sagun-Lab-Check02-Large-768x896.jpg 768w, https:\/\/windmedya.net\/sagun\/wp-content\/uploads\/2025\/10\/Sagun-Lab-Check02-Large.jpg 1080w\" sizes=\"(max-width: 800px) 100vw, 800px\" \/>\t\t\t\t\t\t\t\t\t\t\t\t\t\t\t<\/div>\n\t\t\t\t<\/div>\n\t\t<div class=\"elementor-element elementor-element-29300c6 e-con-full e-flex e-con e-child\" data-id=\"29300c6\" data-element_type=\"container\" data-settings=\"{&quot;_ha_eqh_enable&quot;:false}\">\n\t\t\t\t<div class=\"elementor-element elementor-element-142226d elementor-widget elementor-widget-heading\" data-id=\"142226d\" data-element_type=\"widget\" data-widget_type=\"heading.default\">\n\t\t\t\t\t<h2 class=\"elementor-heading-title elementor-size-default\">Recherche et d\u00e9veloppement et innovation<\/h2>\t\t\t\t<\/div>\n\t\t\t\t<div class=\"elementor-element elementor-element-7f5e8d4 elementor-widget__width-initial elementor-widget elementor-widget-text-editor\" data-id=\"7f5e8d4\" data-element_type=\"widget\" data-widget_type=\"text-editor.default\">\n\t\t\t\t\t\t\t\t\t<p>Au sein du Groupe Sagun, notre priorit\u00e9 est de garantir une production durable de produits de la mer dans toutes les r\u00e9gions de Turquie \u2013 pays bord\u00e9 par la mer sur trois c\u00f4t\u00e9s \u2013 dans le respect de la nature et conform\u00e9ment aux normes internationales les plus exigeantes. Compte tenu de notre position dans le secteur, la recherche et le d\u00e9veloppement continus figurent parmi nos priorit\u00e9s absolues. <\/p><p>De plus, notre entreprise emploie une \u00e9quipe de 150 sp\u00e9cialistes, tous dipl\u00f4m\u00e9s des facult\u00e9s de p\u00eache de diverses universit\u00e9s, notamment des ing\u00e9nieurs en aquaculture et en technologies de la p\u00eache. Ces \u00e9quipes d&#8217;ing\u00e9nieurs interviennent dans nos nombreuses usines et fermes \u00e0 travers la Turquie, tout en consacrant des efforts consid\u00e9rables \u00e0 la formation et \u00e0 l&#8217;int\u00e9gration des nouveaux employ\u00e9s ainsi qu&#8217;au d\u00e9veloppement continu de l&#8217;entreprise. Nos installations sont \u00e9quip\u00e9es de technologies de pointe pour la transformation, la cong\u00e9lation et le conditionnement du poisson, et fonctionnent selon des normes d&#8217;hygi\u00e8ne rigoureuses. Dans les laboratoires pr\u00e9sents sur chacun de nos sites, des cultures microbiologiques sont r\u00e9alis\u00e9es, non seulement pour le contr\u00f4le sanitaire des poissons, mais aussi pour nos usines et nos fermes, garantissant ainsi le maintien de normes de production \u00e9lev\u00e9es.   <\/p>\t\t\t\t\t\t\t\t<\/div>\n\t\t\t\t<\/div>\n\t\t\t\t\t<\/div>\n\t\t\t\t<\/div>\n\t\t\t\t<\/div>\n\t\t","protected":false},"excerpt":{"rendered":"<p>Recherche et d\u00e9veloppement et innovation Recherche et d\u00e9veloppement et innovation Au sein du Groupe Sagun, notre priorit\u00e9 est de garantir une production durable de produits de la mer dans toutes les r\u00e9gions de Turquie \u2013 pays bord\u00e9 par la mer sur trois c\u00f4t\u00e9s \u2013 dans le respect de la nature et conform\u00e9ment aux normes internationales [&hellip;]<\/p>\n","protected":false},"author":1,"featured_media":0,"parent":0,"menu_order":0,"comment_status":"closed","ping_status":"closed","template":"elementor_header_footer","meta":{"footnotes":""},"class_list":["post-4119","page","type-page","status-publish","hentry"],"_links":{"self":[{"href":"https:\/\/windmedya.net\/sagun\/index.php\/wp-json\/wp\/v2\/pages\/4119","targetHints":{"allow":["GET"]}}],"collection":[{"href":"https:\/\/windmedya.net\/sagun\/index.php\/wp-json\/wp\/v2\/pages"}],"about":[{"href":"https:\/\/windmedya.net\/sagun\/index.php\/wp-json\/wp\/v2\/types\/page"}],"author":[{"embeddable":true,"href":"https:\/\/windmedya.net\/sagun\/index.php\/wp-json\/wp\/v2\/users\/1"}],"replies":[{"embeddable":true,"href":"https:\/\/windmedya.net\/sagun\/index.php\/wp-json\/wp\/v2\/comments?post=4119"}],"version-history":[{"count":1,"href":"https:\/\/windmedya.net\/sagun\/index.php\/wp-json\/wp\/v2\/pages\/4119\/revisions"}],"predecessor-version":[{"id":4122,"href":"https:\/\/windmedya.net\/sagun\/index.php\/wp-json\/wp\/v2\/pages\/4119\/revisions\/4122"}],"wp:attachment":[{"href":"https:\/\/windmedya.net\/sagun\/index.php\/wp-json\/wp\/v2\/media?parent=4119"}],"curies":[{"name":"wp","href":"https:\/\/api.w.org\/{rel}","templated":true}]}}