{"id":4106,"date":"2025-10-21T12:18:10","date_gmt":"2025-10-21T12:18:10","guid":{"rendered":"https:\/\/windmedya.net\/sagun\/index.php\/processing-freezing-transportation-at-sea\/"},"modified":"2026-01-06T14:00:19","modified_gmt":"2026-01-06T14:00:19","slug":"processing-freezing-transportation-at-sea","status":"publish","type":"page","link":"https:\/\/windmedya.net\/sagun\/index.php\/processing-freezing-transportation-at-sea\/?lang=fr","title":{"rendered":"Processing, Freezing &amp; Transportation at Sea"},"content":{"rendered":"\t\t<div data-elementor-type=\"wp-page\" data-elementor-id=\"4106\" class=\"elementor elementor-4106 elementor-268\" data-elementor-settings=\"{&quot;ha_cmc_init_switcher&quot;:&quot;no&quot;}\" data-elementor-post-type=\"page\">\n\t\t\t\t<div class=\"elementor-element elementor-element-e879e9b e-flex e-con-boxed e-con e-parent\" data-id=\"e879e9b\" data-element_type=\"container\" data-settings=\"{&quot;background_background&quot;:&quot;classic&quot;,&quot;_ha_eqh_enable&quot;:false}\">\n\t\t\t\t\t<div class=\"e-con-inner\">\n\t\t<div class=\"elementor-element elementor-element-f044146 e-con-full e-flex e-con e-child\" data-id=\"f044146\" data-element_type=\"container\" data-settings=\"{&quot;_ha_eqh_enable&quot;:false}\">\n\t\t\t\t<div class=\"elementor-element elementor-element-d4c3139 elementor-widget elementor-widget-heading\" data-id=\"d4c3139\" data-element_type=\"widget\" data-widget_type=\"heading.default\">\n\t\t\t\t\t<h2 class=\"elementor-heading-title elementor-size-default\">TRANSFORMATION, CONG\u00c9LATION ET TRANSPORT EN MER<\/h2>\t\t\t\t<\/div>\n\t\t\t\t<\/div>\n\t\t\t\t\t<\/div>\n\t\t\t\t<\/div>\n\t\t<div class=\"elementor-element elementor-element-2148e2a e-flex e-con-boxed e-con e-parent\" data-id=\"2148e2a\" data-element_type=\"container\" data-settings=\"{&quot;_ha_eqh_enable&quot;:false}\">\n\t\t\t\t\t<div class=\"e-con-inner\">\n\t\t<div class=\"elementor-element elementor-element-7a61a2eb e-con-full e-flex elementor-invisible e-con e-child\" data-id=\"7a61a2eb\" data-element_type=\"container\" data-settings=\"{&quot;animation&quot;:&quot;fadeInLeft&quot;,&quot;_ha_eqh_enable&quot;:false}\">\n\t\t\t\t<div class=\"elementor-element elementor-element-5e893329 elementor-widget elementor-widget-heading\" data-id=\"5e893329\" data-element_type=\"widget\" data-widget_type=\"heading.default\">\n\t\t\t\t\t<h2 class=\"elementor-heading-title elementor-size-default\">Transformation, cong\u00e9lation et transport en mer<\/h2>\t\t\t\t<\/div>\n\t\t\t\t<div class=\"elementor-element elementor-element-1279621 elementor-widget__width-initial elementor-widget elementor-widget-text-editor\" data-id=\"1279621\" data-element_type=\"widget\" data-widget_type=\"text-editor.default\">\n\t\t\t\t\t\t\t\t\t<p>Le groupe Sagun est l&#8217;une des entreprises les plus performantes de Turquie dans le secteur de la transformation des produits de la mer et de la logistique maritime. Gr\u00e2ce \u00e0 sa flotte de navires sp\u00e9cialis\u00e9s, l&#8217;entreprise ma\u00eetrise l&#8217;int\u00e9gralit\u00e9 de la cha\u00eene de valeur, de la p\u00eache \u00e0 la transformation, en passant par la cong\u00e9lation, le conditionnement et la distribution des produits de la mer sur les march\u00e9s internationaux.  <\/p>\t\t\t\t\t\t\t\t<\/div>\n\t\t\t\t<\/div>\n\t\t<div class=\"elementor-element elementor-element-6e06b100 e-con-full e-flex e-con e-child\" data-id=\"6e06b100\" data-element_type=\"container\" data-settings=\"{&quot;_ha_eqh_enable&quot;:false}\">\n\t\t<div class=\"elementor-element elementor-element-77043bc e-con-full e-flex e-con e-child\" data-id=\"77043bc\" data-element_type=\"container\" data-settings=\"{&quot;_ha_eqh_enable&quot;:false}\">\n\t\t\t\t<div class=\"elementor-element elementor-element-4f233a7 elementor-arrows-position-inside elementor-invisible elementor-widget elementor-widget-image-carousel\" data-id=\"4f233a7\" data-element_type=\"widget\" data-settings=\"{&quot;slides_to_show&quot;:&quot;1&quot;,&quot;navigation&quot;:&quot;arrows&quot;,&quot;_animation&quot;:&quot;fadeInLeft&quot;,&quot;autoplay&quot;:&quot;yes&quot;,&quot;pause_on_hover&quot;:&quot;yes&quot;,&quot;pause_on_interaction&quot;:&quot;yes&quot;,&quot;autoplay_speed&quot;:5000,&quot;infinite&quot;:&quot;yes&quot;,&quot;effect&quot;:&quot;slide&quot;,&quot;speed&quot;:500}\" data-widget_type=\"image-carousel.default\">\n\t\t\t\t\t\t\t<div class=\"elementor-image-carousel-wrapper swiper\" role=\"region\" aria-roledescription=\"carousel\" aria-label=\"Image Carousel\" dir=\"ltr\">\n\t\t\t<div class=\"elementor-image-carousel swiper-wrapper\" aria-live=\"off\">\n\t\t\t\t\t\t\t\t<div class=\"swiper-slide\" role=\"group\" aria-roledescription=\"slide\" aria-label=\"1 sur 2\"><figure class=\"swiper-slide-inner\"><img decoding=\"async\" class=\"swiper-slide-image\" src=\"https:\/\/windmedya.net\/sagun\/wp-content\/uploads\/elementor\/thumbs\/Generated-Image-December-15-2025-6_09PM-rg75zdwjhcrg8w3qboyi395ez3bc64ol9dww7tagi0.jpeg\" alt=\"Generated Image December 15, 2025 - 6_09PM\" \/><\/figure><\/div><div class=\"swiper-slide\" role=\"group\" aria-roledescription=\"slide\" aria-label=\"2 sur 2\"><figure class=\"swiper-slide-inner\"><img decoding=\"async\" class=\"swiper-slide-image\" src=\"https:\/\/windmedya.net\/sagun\/wp-content\/uploads\/elementor\/thumbs\/Generated-Image-December-15-2025-6_12PM-rg75zkhet70gi5u699sw2phn4sewo0epmahakr0pag.jpeg\" alt=\"Generated Image December 15, 2025 - 6_12PM\" \/><\/figure><\/div>\t\t\t<\/div>\n\t\t\t\t\t\t\t\t\t\t\t\t<div class=\"elementor-swiper-button elementor-swiper-button-prev\" role=\"button\" tabindex=\"0\">\n\t\t\t\t\t\t<svg aria-hidden=\"true\" class=\"e-font-icon-svg e-eicon-chevron-left\" viewBox=\"0 0 1000 1000\" xmlns=\"http:\/\/www.w3.org\/2000\/svg\"><path d=\"M646 125C629 125 613 133 604 142L308 442C296 454 292 471 292 487 292 504 296 521 308 533L604 854C617 867 629 875 646 875 663 875 679 871 692 858 704 846 713 829 713 812 713 796 708 779 692 767L438 487 692 225C700 217 708 204 708 187 708 171 704 154 692 142 675 129 663 125 646 125Z\"><\/path><\/svg>\t\t\t\t\t<\/div>\n\t\t\t\t\t<div class=\"elementor-swiper-button elementor-swiper-button-next\" role=\"button\" tabindex=\"0\">\n\t\t\t\t\t\t<svg aria-hidden=\"true\" class=\"e-font-icon-svg e-eicon-chevron-right\" viewBox=\"0 0 1000 1000\" xmlns=\"http:\/\/www.w3.org\/2000\/svg\"><path d=\"M696 533C708 521 713 504 713 487 713 471 708 454 696 446L400 146C388 133 375 125 354 125 338 125 325 129 313 142 300 154 292 171 292 187 292 204 296 221 308 233L563 492 304 771C292 783 288 800 288 817 288 833 296 850 308 863 321 871 338 875 354 875 371 875 388 867 400 854L696 533Z\"><\/path><\/svg>\t\t\t\t\t<\/div>\n\t\t\t\t\n\t\t\t\t\t\t\t\t\t<\/div>\n\t\t\t\t\t\t<\/div>\n\t\t\t\t<\/div>\n\t\t<div class=\"elementor-element elementor-element-5a0e67c1 e-con-full e-flex e-con e-child\" data-id=\"5a0e67c1\" data-element_type=\"container\" data-settings=\"{&quot;_ha_eqh_enable&quot;:false}\">\n\t\t<div class=\"elementor-element elementor-element-c2e9cbf e-con-full e-flex e-con e-child\" data-id=\"c2e9cbf\" data-element_type=\"container\" data-settings=\"{&quot;_ha_eqh_enable&quot;:false}\">\n\t\t<div class=\"elementor-element elementor-element-59a868fc e-con-full e-flex elementor-invisible e-con e-child\" data-id=\"59a868fc\" data-element_type=\"container\" data-settings=\"{&quot;animation&quot;:&quot;zoomIn&quot;,&quot;_ha_eqh_enable&quot;:false}\">\n\t\t\t\t<div class=\"elementor-element elementor-element-7b0ad202 jkit-equal-height-disable elementor-widget elementor-widget-jkit_icon_box\" data-id=\"7b0ad202\" data-element_type=\"widget\" data-widget_type=\"jkit_icon_box.default\">\n\t\t\t\t\t<div  class=\"jeg-elementor-kit jkit-icon-box icon-position- elementor-animation- jeg_module___69d4d0cbdc123\" ><div class=\"jkit-icon-box-wrapper hover-from-left\"><div class=\"icon-box icon-box-header elementor-animation-\"><div class=\"icon style-color\"><i aria-hidden=\"true\" class=\"huge huge-recycle-01\"><\/i><\/div><\/div><div class=\"icon-box icon-box-body\">\n                <h2 class=\"title\">Production durable<\/h2>\n            <\/div>\n            \n            <\/div><\/div>\t\t\t\t<\/div>\n\t\t\t\t<\/div>\n\t\t<div class=\"elementor-element elementor-element-7639a9f1 e-con-full e-flex elementor-invisible e-con e-child\" data-id=\"7639a9f1\" data-element_type=\"container\" data-settings=\"{&quot;animation&quot;:&quot;fadeInRight&quot;,&quot;_ha_eqh_enable&quot;:false}\">\n\t\t\t\t<div class=\"elementor-element elementor-element-948df4a jkit-equal-height-disable elementor-widget elementor-widget-jkit_icon_box\" data-id=\"948df4a\" data-element_type=\"widget\" data-widget_type=\"jkit_icon_box.default\">\n\t\t\t\t\t<div  class=\"jeg-elementor-kit jkit-icon-box icon-position- elementor-animation- jeg_module__1_69d4d0cbddb5d\" ><div class=\"jkit-icon-box-wrapper hover-from-left\"><div class=\"icon-box icon-box-header elementor-animation-\"><div class=\"icon style-color\"><i aria-hidden=\"true\" class=\"jki jki-diamond11-light\"><\/i><\/div><\/div><div class=\"icon-box icon-box-body\">\n                <h2 class=\"title\">Normes de qualit\u00e9 \u00e9lev\u00e9es<\/h2>\n            <\/div>\n            \n            <\/div><\/div>\t\t\t\t<\/div>\n\t\t\t\t<\/div>\n\t\t\t\t<\/div>\n\t\t<div class=\"elementor-element elementor-element-71f4a8dc e-con-full e-flex e-con e-child\" data-id=\"71f4a8dc\" data-element_type=\"container\" data-settings=\"{&quot;_ha_eqh_enable&quot;:false}\">\n\t\t<div class=\"elementor-element elementor-element-4b3bbe04 e-con-full e-flex elementor-invisible e-con e-child\" data-id=\"4b3bbe04\" data-element_type=\"container\" data-settings=\"{&quot;animation&quot;:&quot;zoomIn&quot;,&quot;_ha_eqh_enable&quot;:false}\">\n\t\t\t\t<div class=\"elementor-element elementor-element-52b492c7 jkit-equal-height-disable elementor-widget elementor-widget-jkit_icon_box\" data-id=\"52b492c7\" data-element_type=\"widget\" data-widget_type=\"jkit_icon_box.default\">\n\t\t\t\t\t<div  class=\"jeg-elementor-kit jkit-icon-box icon-position- elementor-animation- jeg_module__2_69d4d0cbde96a\" ><div class=\"jkit-icon-box-wrapper hover-from-left\"><div class=\"icon-box icon-box-header elementor-animation-\"><div class=\"icon style-color\"><i aria-hidden=\"true\" class=\"jki jki-user-line\"><\/i><\/div><\/div><div class=\"icon-box icon-box-body\">\n                <h2 class=\"title\">\u00c9quipe d'experts<\/h2>\n            <\/div>\n            \n            <\/div><\/div>\t\t\t\t<\/div>\n\t\t\t\t<\/div>\n\t\t<div class=\"elementor-element elementor-element-e482320 e-con-full e-flex elementor-invisible e-con e-child\" data-id=\"e482320\" data-element_type=\"container\" data-settings=\"{&quot;animation&quot;:&quot;fadeInRight&quot;,&quot;_ha_eqh_enable&quot;:false}\">\n\t\t\t\t<div class=\"elementor-element elementor-element-323ab33d jkit-equal-height-disable elementor-widget elementor-widget-jkit_icon_box\" data-id=\"323ab33d\" data-element_type=\"widget\" data-widget_type=\"jkit_icon_box.default\">\n\t\t\t\t\t<div  class=\"jeg-elementor-kit jkit-icon-box icon-position- elementor-animation- jeg_module__3_69d4d0cbe0033\" ><div class=\"jkit-icon-box-wrapper hover-from-left\"><div class=\"icon-box icon-box-header elementor-animation-\"><div class=\"icon style-color\"><i aria-hidden=\"true\" class=\"hm hm-plane\"><\/i><\/div><\/div><div class=\"icon-box icon-box-body\">\n                <h2 class=\"title\">Livraison internationale<\/h2>\n            <\/div>\n            \n            <\/div><\/div>\t\t\t\t<\/div>\n\t\t\t\t<\/div>\n\t\t\t\t<\/div>\n\t\t<div class=\"elementor-element elementor-element-7d2df8cd e-con-full e-flex e-con e-child\" data-id=\"7d2df8cd\" data-element_type=\"container\" data-settings=\"{&quot;_ha_eqh_enable&quot;:false}\">\n\t\t<div class=\"elementor-element elementor-element-49cbcf64 e-con-full e-flex elementor-invisible e-con e-child\" data-id=\"49cbcf64\" data-element_type=\"container\" data-settings=\"{&quot;animation&quot;:&quot;zoomIn&quot;,&quot;_ha_eqh_enable&quot;:false}\">\n\t\t\t\t<div class=\"elementor-element elementor-element-2354c787 jkit-equal-height-disable elementor-widget elementor-widget-jkit_icon_box\" data-id=\"2354c787\" data-element_type=\"widget\" data-widget_type=\"jkit_icon_box.default\">\n\t\t\t\t\t<div  class=\"jeg-elementor-kit jkit-icon-box icon-position- elementor-animation- jeg_module__4_69d4d0cbe19bb\" ><div class=\"jkit-icon-box-wrapper hover-from-left\"><div class=\"icon-box icon-box-header elementor-animation-\"><div class=\"icon style-color\"><i aria-hidden=\"true\" class=\"jki jki-certificate-solid\"><\/i><\/div><\/div><div class=\"icon-box icon-box-body\">\n                <h2 class=\"title\">Production certifi\u00e9e<\/h2>\n            <\/div>\n            \n            <\/div><\/div>\t\t\t\t<\/div>\n\t\t\t\t<\/div>\n\t\t<div class=\"elementor-element elementor-element-416c4668 e-con-full e-flex elementor-invisible e-con e-child\" data-id=\"416c4668\" data-element_type=\"container\" data-settings=\"{&quot;animation&quot;:&quot;fadeInRight&quot;,&quot;_ha_eqh_enable&quot;:false}\">\n\t\t\t\t<div class=\"elementor-element elementor-element-cdcfd0a jkit-equal-height-disable elementor-widget elementor-widget-jkit_icon_box\" data-id=\"cdcfd0a\" data-element_type=\"widget\" data-widget_type=\"jkit_icon_box.default\">\n\t\t\t\t\t<div  class=\"jeg-elementor-kit jkit-icon-box icon-position- elementor-animation- jeg_module__5_69d4d0cbe2fc1\" ><div class=\"jkit-icon-box-wrapper hover-from-left\"><div class=\"icon-box icon-box-header elementor-animation-\"><div class=\"icon style-color\"><i aria-hidden=\"true\" class=\"jki jki-leaf-light\"><\/i><\/div><\/div><div class=\"icon-box icon-box-body\">\n                <h2 class=\"title\">Production respectueuse de l'environnement<\/h2>\n            <\/div>\n            \n            <\/div><\/div>\t\t\t\t<\/div>\n\t\t\t\t<\/div>\n\t\t\t\t<\/div>\n\t\t\t\t<\/div>\n\t\t\t\t<\/div>\n\t\t\t\t\t<\/div>\n\t\t\t\t<\/div>\n\t\t<div class=\"elementor-element elementor-element-5c8ca99 e-flex e-con-boxed e-con e-parent\" data-id=\"5c8ca99\" data-element_type=\"container\" data-settings=\"{&quot;_ha_eqh_enable&quot;:false}\">\n\t\t\t\t\t<div class=\"e-con-inner\">\n\t\t\t\t<div class=\"elementor-element elementor-element-fd6d640 elementor-widget__width-initial elementor-widget elementor-widget-text-editor\" data-id=\"fd6d640\" data-element_type=\"widget\" data-widget_type=\"text-editor.default\">\n\t\t\t\t\t\t\t\t\t<p><strong>Flotte moderne et p\u00eache durable<\/strong><\/p><p>La flotte maritime de Sagun combine des navires de p\u00eache modernes, des thoniers et des navires de soutien \u00e9quip\u00e9s de techniques de p\u00eache traditionnelles et de syst\u00e8mes de surveillance de pointe. Cette structure int\u00e9gr\u00e9e garantit que toutes les op\u00e9rations de p\u00eache sont men\u00e9es dans le respect total des principes de durabilit\u00e9 et d&#8217;une tra\u00e7abilit\u00e9 compl\u00e8te. Une fois p\u00each\u00e9s en mer, les poissons sont imm\u00e9diatement conserv\u00e9s gr\u00e2ce \u00e0 des syst\u00e8mes de r\u00e9frig\u00e9ration et de cong\u00e9lation rapides embarqu\u00e9s, pr\u00e9servant ainsi leur fra\u00eecheur optimale d\u00e8s la capture.   <\/p><p>Outre ses thoniers, la flotte de Sagun comprend un cargo frigorifique et de transformation enti\u00e8rement \u00e9quip\u00e9. Ce navire sp\u00e9cialis\u00e9 permet la transformation, la cong\u00e9lation et le transport international du thon rouge et d&#8217;autres esp\u00e8ces, garantissant ainsi la pr\u00e9servation de la qualit\u00e9 du produit tout au long du trajet, des eaux internationales jusqu&#8217;aux march\u00e9s mondiaux. <\/p>\t\t\t\t\t\t\t\t<\/div>\n\t\t\t\t\t<\/div>\n\t\t\t\t<\/div>\n\t\t\t\t<\/div>\n\t\t","protected":false},"excerpt":{"rendered":"<p>TRANSFORMATION, CONG\u00c9LATION ET TRANSPORT EN MER Transformation, cong\u00e9lation et transport en mer Le groupe Sagun est l&#8217;une des entreprises les plus performantes de Turquie dans le secteur de la transformation des produits de la mer et de la logistique maritime. Gr\u00e2ce \u00e0 sa flotte de navires sp\u00e9cialis\u00e9s, l&#8217;entreprise ma\u00eetrise l&#8217;int\u00e9gralit\u00e9 de la cha\u00eene de valeur, [&hellip;]<\/p>\n","protected":false},"author":1,"featured_media":0,"parent":0,"menu_order":0,"comment_status":"closed","ping_status":"closed","template":"elementor_header_footer","meta":{"footnotes":""},"class_list":["post-4106","page","type-page","status-publish","hentry"],"_links":{"self":[{"href":"https:\/\/windmedya.net\/sagun\/index.php\/wp-json\/wp\/v2\/pages\/4106","targetHints":{"allow":["GET"]}}],"collection":[{"href":"https:\/\/windmedya.net\/sagun\/index.php\/wp-json\/wp\/v2\/pages"}],"about":[{"href":"https:\/\/windmedya.net\/sagun\/index.php\/wp-json\/wp\/v2\/types\/page"}],"author":[{"embeddable":true,"href":"https:\/\/windmedya.net\/sagun\/index.php\/wp-json\/wp\/v2\/users\/1"}],"replies":[{"embeddable":true,"href":"https:\/\/windmedya.net\/sagun\/index.php\/wp-json\/wp\/v2\/comments?post=4106"}],"version-history":[{"count":4,"href":"https:\/\/windmedya.net\/sagun\/index.php\/wp-json\/wp\/v2\/pages\/4106\/revisions"}],"predecessor-version":[{"id":5540,"href":"https:\/\/windmedya.net\/sagun\/index.php\/wp-json\/wp\/v2\/pages\/4106\/revisions\/5540"}],"wp:attachment":[{"href":"https:\/\/windmedya.net\/sagun\/index.php\/wp-json\/wp\/v2\/media?parent=4106"}],"curies":[{"name":"wp","href":"https:\/\/api.w.org\/{rel}","templated":true}]}}