{"id":4010,"date":"2025-11-14T10:26:54","date_gmt":"2025-11-14T10:26:54","guid":{"rendered":"https:\/\/windmedya.net\/sagun\/index.php\/firdevs-kulekcioglu\/"},"modified":"2025-12-29T17:41:46","modified_gmt":"2025-12-29T17:41:46","slug":"firdevs-kulekcioglu","status":"publish","type":"page","link":"https:\/\/windmedya.net\/sagun\/index.php\/firdevs-kulekcioglu\/?lang=fr","title":{"rendered":"Firdevs K\u00fclek\u00e7io\u011flu"},"content":{"rendered":"\t\t<div data-elementor-type=\"wp-page\" data-elementor-id=\"4010\" class=\"elementor elementor-4010 elementor-1856\" data-elementor-settings=\"{&quot;ha_cmc_init_switcher&quot;:&quot;no&quot;}\" data-elementor-post-type=\"page\">\n\t\t\t\t<div class=\"elementor-element elementor-element-1fbc4e2 e-flex e-con-boxed elementor-invisible e-con e-parent\" data-id=\"1fbc4e2\" data-element_type=\"container\" data-settings=\"{&quot;background_background&quot;:&quot;classic&quot;,&quot;animation&quot;:&quot;slideInDown&quot;,&quot;_ha_eqh_enable&quot;:false}\">\n\t\t\t\t\t<div class=\"e-con-inner\">\n\t\t<div class=\"elementor-element elementor-element-50f3eab e-con-full e-flex e-con e-child\" data-id=\"50f3eab\" data-element_type=\"container\" data-settings=\"{&quot;_ha_eqh_enable&quot;:false}\">\n\t\t\t\t<div class=\"elementor-element elementor-element-50bd1c3 elementor-widget elementor-widget-heading\" data-id=\"50bd1c3\" data-element_type=\"widget\" data-widget_type=\"heading.default\">\n\t\t\t\t\t<h2 class=\"elementor-heading-title elementor-size-default\">F\u0130RDEVS K\u00dcLEK\u00c7\u0130O\u011eLU<\/h2>\t\t\t\t<\/div>\n\t\t\t\t<\/div>\n\t\t\t\t\t<\/div>\n\t\t\t\t<\/div>\n\t\t<div class=\"elementor-element elementor-element-6251e8f e-flex e-con-boxed elementor-invisible e-con e-parent\" data-id=\"6251e8f\" data-element_type=\"container\" data-settings=\"{&quot;animation&quot;:&quot;slideInUp&quot;,&quot;_ha_eqh_enable&quot;:false}\">\n\t\t\t\t\t<div class=\"e-con-inner\">\n\t\t\t\t<div class=\"elementor-element elementor-element-bbc8010 elementor-widget elementor-widget-heading\" data-id=\"bbc8010\" data-element_type=\"widget\" data-widget_type=\"heading.default\">\n\t\t\t\t\t<h2 class=\"elementor-heading-title elementor-size-default\">Firdevs K\u00fclek\u00e7io\u011flu<\/h2>\t\t\t\t<\/div>\n\t\t\t\t<div class=\"elementor-element elementor-element-9dc359e elementor-widget__width-initial elementor-widget elementor-widget-text-editor\" data-id=\"9dc359e\" data-element_type=\"widget\" data-widget_type=\"text-editor.default\">\n\t\t\t\t\t\t\t\t\t<p>N\u00e9e en 1980, Firdevs K\u00fclek\u00e7io\u011flu a d\u00e9but\u00e9 sa carri\u00e8re professionnelle dans l&#8217;entreprise familiale apr\u00e8s avoir obtenu un dipl\u00f4me en commerce ext\u00e9rieur et administration des affaires \u00e0 l&#8217;universit\u00e9 d&#8217;Uluda\u011f. Elle si\u00e8ge au conseil d&#8217;administration du groupe Sagun depuis 2001.<br>En 2018, elle est devenue la premi\u00e8re femme membre du conseil d&#8217;administration de l&#8217;Association des exportateurs de produits de la mer et d&#8217;animaux d&#8217;Istanbul, fonctions qu&#8217;elle occupe encore aujourd&#8217;hui.<\/p>\t\t\t\t\t\t\t\t<\/div>\n\t\t\t\t\t<\/div>\n\t\t\t\t<\/div>\n\t\t\t\t<\/div>\n\t\t","protected":false},"excerpt":{"rendered":"<p>F\u0130RDEVS K\u00dcLEK\u00c7\u0130O\u011eLU Firdevs K\u00fclek\u00e7io\u011flu N\u00e9e en 1980, Firdevs K\u00fclek\u00e7io\u011flu a d\u00e9but\u00e9 sa carri\u00e8re professionnelle dans l&#8217;entreprise familiale apr\u00e8s avoir obtenu un dipl\u00f4me en commerce ext\u00e9rieur et administration des affaires \u00e0 l&#8217;universit\u00e9 d&#8217;Uluda\u011f. Elle si\u00e8ge au conseil d&#8217;administration du groupe Sagun depuis 2001.En 2018, elle est devenue la premi\u00e8re femme membre du conseil d&#8217;administration de l&#8217;Association [&hellip;]<\/p>\n","protected":false},"author":1,"featured_media":0,"parent":0,"menu_order":0,"comment_status":"closed","ping_status":"closed","template":"elementor_header_footer","meta":{"footnotes":""},"class_list":["post-4010","page","type-page","status-publish","hentry"],"_links":{"self":[{"href":"https:\/\/windmedya.net\/sagun\/index.php\/wp-json\/wp\/v2\/pages\/4010","targetHints":{"allow":["GET"]}}],"collection":[{"href":"https:\/\/windmedya.net\/sagun\/index.php\/wp-json\/wp\/v2\/pages"}],"about":[{"href":"https:\/\/windmedya.net\/sagun\/index.php\/wp-json\/wp\/v2\/types\/page"}],"author":[{"embeddable":true,"href":"https:\/\/windmedya.net\/sagun\/index.php\/wp-json\/wp\/v2\/users\/1"}],"replies":[{"embeddable":true,"href":"https:\/\/windmedya.net\/sagun\/index.php\/wp-json\/wp\/v2\/comments?post=4010"}],"version-history":[{"count":1,"href":"https:\/\/windmedya.net\/sagun\/index.php\/wp-json\/wp\/v2\/pages\/4010\/revisions"}],"predecessor-version":[{"id":4011,"href":"https:\/\/windmedya.net\/sagun\/index.php\/wp-json\/wp\/v2\/pages\/4010\/revisions\/4011"}],"wp:attachment":[{"href":"https:\/\/windmedya.net\/sagun\/index.php\/wp-json\/wp\/v2\/media?parent=4010"}],"curies":[{"name":"wp","href":"https:\/\/api.w.org\/{rel}","templated":true}]}}