{"id":3934,"date":"2025-11-14T10:22:29","date_gmt":"2025-11-14T10:22:29","guid":{"rendered":"https:\/\/windmedya.net\/sagun\/index.php\/ahmet-tuncay-sagun\/"},"modified":"2025-12-29T17:07:50","modified_gmt":"2025-12-29T17:07:50","slug":"ahmet-tuncay-sagun","status":"publish","type":"page","link":"https:\/\/windmedya.net\/sagun\/index.php\/ahmet-tuncay-sagun\/?lang=fr","title":{"rendered":"Ahmet Tuncay Sagun"},"content":{"rendered":"\t\t<div data-elementor-type=\"wp-page\" data-elementor-id=\"3934\" class=\"elementor elementor-3934 elementor-1858\" data-elementor-settings=\"{&quot;ha_cmc_init_switcher&quot;:&quot;no&quot;}\" data-elementor-post-type=\"page\">\n\t\t\t\t<div class=\"elementor-element elementor-element-1fbc4e2 e-flex e-con-boxed elementor-invisible e-con e-parent\" data-id=\"1fbc4e2\" data-element_type=\"container\" data-settings=\"{&quot;background_background&quot;:&quot;classic&quot;,&quot;animation&quot;:&quot;slideInDown&quot;,&quot;_ha_eqh_enable&quot;:false}\">\n\t\t\t\t\t<div class=\"e-con-inner\">\n\t\t<div class=\"elementor-element elementor-element-50f3eab e-con-full e-flex e-con e-child\" data-id=\"50f3eab\" data-element_type=\"container\" data-settings=\"{&quot;_ha_eqh_enable&quot;:false}\">\n\t\t\t\t<div class=\"elementor-element elementor-element-50bd1c3 elementor-widget elementor-widget-heading\" data-id=\"50bd1c3\" data-element_type=\"widget\" data-widget_type=\"heading.default\">\n\t\t\t\t\t<h2 class=\"elementor-heading-title elementor-size-default\">AHMET TUNCAY SAGUN<\/h2>\t\t\t\t<\/div>\n\t\t\t\t<\/div>\n\t\t\t\t\t<\/div>\n\t\t\t\t<\/div>\n\t\t<div class=\"elementor-element elementor-element-6251e8f e-flex e-con-boxed elementor-invisible e-con e-parent\" data-id=\"6251e8f\" data-element_type=\"container\" data-settings=\"{&quot;animation&quot;:&quot;slideInUp&quot;,&quot;_ha_eqh_enable&quot;:false}\">\n\t\t\t\t\t<div class=\"e-con-inner\">\n\t\t\t\t<div class=\"elementor-element elementor-element-0cb5131 elementor-widget elementor-widget-video\" data-id=\"0cb5131\" data-element_type=\"widget\" data-settings=\"{&quot;youtube_url&quot;:&quot;https:\\\/\\\/www.youtube.com\\\/watch?v=W_kJHXg_6HE&amp;t=1s&quot;,&quot;video_type&quot;:&quot;youtube&quot;,&quot;controls&quot;:&quot;yes&quot;}\" data-widget_type=\"video.default\">\n\t\t\t\t\t\t\t<div class=\"elementor-wrapper elementor-open-inline\">\n\t\t\t<div class=\"elementor-video\"><\/div>\t\t<\/div>\n\t\t\t\t\t\t<\/div>\n\t\t\t\t<div class=\"elementor-element elementor-element-bbc8010 elementor-widget elementor-widget-heading\" data-id=\"bbc8010\" data-element_type=\"widget\" data-widget_type=\"heading.default\">\n\t\t\t\t\t<h2 class=\"elementor-heading-title elementor-size-default\">Une histoire \u00e0 succ\u00e8s\u2026<\/h2>\t\t\t\t<\/div>\n\t\t\t\t<div class=\"elementor-element elementor-element-9dc359e elementor-widget__width-initial elementor-widget elementor-widget-text-editor\" data-id=\"9dc359e\" data-element_type=\"widget\" data-widget_type=\"text-editor.default\">\n\t\t\t\t\t\t\t\t\t<p>L&#8217;aventure de la p\u00eache, qui a d\u00e9but\u00e9 \u00e0 Samsun\u2026 Le pr\u00e9sident du conseil d&#8217;administration du Groupe SAGUN, A. Tuncay SAGUN, a poursuivi l&#8217;\u0153uvre de son p\u00e8re, Kemal SAGUN, et l&#8217;a transform\u00e9e en Groupe SAGUN. Cette entreprise compte aujourd&#8217;hui 8 filiales, exploite 18 sites de production r\u00e9partis dans 6 r\u00e9gions de Turquie et poss\u00e8de des usines dans 3 pays \u00e9trangers. Le succ\u00e8s remarquable de Tuncay SAGUN repose sur un \u00e9l\u00e9ment fondamental : sa passion profonde pour la p\u00eache. Sous sa direction, le Groupe SAGUN est devenu l&#8217;une des entreprises leaders mondiales de son secteur, \u00e9tablissant des records en termes de vari\u00e9t\u00e9 et de volume de production. Aujourd&#8217;hui, le Groupe exporte 70 % de sa production et emploie 1 500 personnes. Gr\u00e2ce \u00e0 son vaste portefeuille de produits et de services couvrant tous les secteurs d&#8217;activit\u00e9, le Groupe SAGUN figure parmi les plus grandes entreprises industrielles de Turquie et occupe une position de leader dans son secteur, se classant r\u00e9guli\u00e8rement parmi les 500 premiers exportateurs turcs. Le Groupe exporte actuellement directement vers 35 pays, principalement en Europe et au Japon.     <\/p><p>En transformant la p\u00eache en un secteur pleinement industrialis\u00e9, Tuncay SAGUN garantit que le Groupe SAGUN op\u00e8re \u00e0 chaque \u00e9tape de la fili\u00e8re \u2014 de la p\u00eache et de l&#8217;aquaculture \u00e0 la transformation, au stockage, \u00e0 l&#8217;importation, \u00e0 l&#8217;exportation et \u00e0 la logistique.<\/p><p>Apr\u00e8s avoir fait de Kemal Bal\u0131k\u00e7\u0131l\u0131k la plus grande entreprise de Turquie dans son secteur en quarante ans, A. Tuncay SAGUN ambitionne de faire de SAGUN une marque mondialement reconnue. Outre ses succ\u00e8s en tant qu&#8217;homme d&#8217;affaires, A. Tuncay SAGUN a pr\u00e9sid\u00e9 pendant douze ans l&#8217;Association des exportateurs de produits de la mer et d&#8217;animaux d&#8217;Istanbul et a \u00e9galement \u00e9t\u00e9 membre du Conseil sectoriel de l&#8217;Assembl\u00e9e des exportateurs turcs. <\/p><p>N\u00e9 en 1963, Tuncay SAGUN est mari\u00e9 et p\u00e8re de deux enfants.<\/p><p><strong>Points saillants de l\u2019histoire \u00e0 succ\u00e8s de Tuncay SAGUN\u2026<\/strong><\/p><ul><li>Cr\u00e9ation de la premi\u00e8re installation d&#8217;\u00e9levage de thon de Turquie.<\/li><li>Marines, la seule marque de produits de la mer sp\u00e9cialis\u00e9e en Turquie, a \u00e9t\u00e9 cr\u00e9\u00e9e.<\/li><li>Il a fond\u00e9 le premier \u00e9levage de grenouilles vivantes du pays.<\/li><li>Ouverture d&#8217;usines de production \u00e0 l&#8217;\u00e9tranger.<\/li><li>Elle est devenue le partenaire turc de Mitsubishi, l&#8217;un des g\u00e9ants mondiaux japonais du secteur.<\/li><li>L&#8217;exploitation d&#8217;Antalya a obtenu la certification de qualit\u00e9 ISO 9001 en 2004, ce qui en faisait \u00e0 l&#8217;\u00e9poque la seule ferme thoni\u00e8re de toute la r\u00e9gion m\u00e9diterran\u00e9enne \u00e0 poss\u00e9der cette certification.<\/li><li>En 2015, ils ont construit \u00e0 Urla l&#8217;une des installations de transformation et de stockage frigorifique du poisson les plus modernes de Turquie et d&#8217;Europe.<\/li><li>En 2016, j&#8217;ai fond\u00e9 BioMar\u2013Sagun pour r\u00e9pondre aux besoins en aliments pour poissons de la Turquie et du Moyen-Orient.<\/li><li>En 2018, des installations de transformation du saumon de la mer Noire ont \u00e9t\u00e9 cr\u00e9\u00e9es \u00e0 Sinop, permettant ainsi d&#8217;exporter ce pr\u00e9cieux produit national vers le march\u00e9 mondial.<\/li><li>En 2020, il a re\u00e7u le prix d&#8217;ambassadeur du Japon d\u00e9cern\u00e9 par S.E. Akio Miyajima pour sa contribution aux relations commerciales entre la Turquie et le Japon.<\/li><li>En 2021, le Groupe a int\u00e9gr\u00e9 Antalya Bal\u0131k A.\u015e., une importante entreprise de transformation et de commercialisation de produits de la mer dans les r\u00e9gions m\u00e9diterran\u00e9enne et \u00e9g\u00e9enne.<\/li><li>En 2022, elle a fond\u00e9 Sagun Tunisie pour mener des op\u00e9rations d&#8217;engraissement de thon en Tunisie.<\/li><li>En 2023, elle a fond\u00e9 Sagun Korea afin d&#8217;\u00e9tendre sa pr\u00e9sence et son influence sur le march\u00e9 asiatique.<\/li><li>In 2025, launched MME SEDA SAGUN, T\u00fcrkiye\u2019s first refrigerated storage and processing vessel.<\/li><\/ul>\t\t\t\t\t\t\t\t<\/div>\n\t\t\t\t\t<\/div>\n\t\t\t\t<\/div>\n\t\t\t\t<\/div>\n\t\t","protected":false},"excerpt":{"rendered":"<p>AHMET TUNCAY SAGUN https:\/\/www.youtube.com\/watch?v=W_kJHXg_6HE&#038;t=1s Une histoire \u00e0 succ\u00e8s\u2026 L&#8217;aventure de la p\u00eache, qui a d\u00e9but\u00e9 \u00e0 Samsun\u2026 Le pr\u00e9sident du conseil d&#8217;administration du Groupe SAGUN, A. Tuncay SAGUN, a poursuivi l&#8217;\u0153uvre de son p\u00e8re, Kemal SAGUN, et l&#8217;a transform\u00e9e en Groupe SAGUN. Cette entreprise compte aujourd&#8217;hui 8 filiales, exploite 18 sites de production r\u00e9partis dans [&hellip;]<\/p>\n","protected":false},"author":1,"featured_media":0,"parent":0,"menu_order":0,"comment_status":"closed","ping_status":"closed","template":"elementor_header_footer","meta":{"footnotes":""},"class_list":["post-3934","page","type-page","status-publish","hentry"],"_links":{"self":[{"href":"https:\/\/windmedya.net\/sagun\/index.php\/wp-json\/wp\/v2\/pages\/3934","targetHints":{"allow":["GET"]}}],"collection":[{"href":"https:\/\/windmedya.net\/sagun\/index.php\/wp-json\/wp\/v2\/pages"}],"about":[{"href":"https:\/\/windmedya.net\/sagun\/index.php\/wp-json\/wp\/v2\/types\/page"}],"author":[{"embeddable":true,"href":"https:\/\/windmedya.net\/sagun\/index.php\/wp-json\/wp\/v2\/users\/1"}],"replies":[{"embeddable":true,"href":"https:\/\/windmedya.net\/sagun\/index.php\/wp-json\/wp\/v2\/comments?post=3934"}],"version-history":[{"count":1,"href":"https:\/\/windmedya.net\/sagun\/index.php\/wp-json\/wp\/v2\/pages\/3934\/revisions"}],"predecessor-version":[{"id":3935,"href":"https:\/\/windmedya.net\/sagun\/index.php\/wp-json\/wp\/v2\/pages\/3934\/revisions\/3935"}],"wp:attachment":[{"href":"https:\/\/windmedya.net\/sagun\/index.php\/wp-json\/wp\/v2\/media?parent=3934"}],"curies":[{"name":"wp","href":"https:\/\/api.w.org\/{rel}","templated":true}]}}