{"id":3931,"date":"2025-11-10T12:44:34","date_gmt":"2025-11-10T12:44:34","guid":{"rendered":"https:\/\/windmedya.net\/sagun\/index.php\/ahmet-tuncay-seda-sagun-family-foundation\/"},"modified":"2025-12-29T17:05:48","modified_gmt":"2025-12-29T17:05:48","slug":"ahmet-tuncay-seda-sagun-family-foundation","status":"publish","type":"page","link":"https:\/\/windmedya.net\/sagun\/index.php\/ahmet-tuncay-seda-sagun-family-foundation\/?lang=fr","title":{"rendered":"Ahmet Tuncay &amp; Seda Sagun Family Foundation"},"content":{"rendered":"\t\t<div data-elementor-type=\"wp-page\" data-elementor-id=\"3931\" class=\"elementor elementor-3931 elementor-1877\" data-elementor-settings=\"{&quot;ha_cmc_init_switcher&quot;:&quot;no&quot;}\" data-elementor-post-type=\"page\">\n\t\t\t\t<div class=\"elementor-element elementor-element-4b5cdce e-flex e-con-boxed elementor-invisible e-con e-parent\" data-id=\"4b5cdce\" data-element_type=\"container\" data-settings=\"{&quot;background_background&quot;:&quot;classic&quot;,&quot;animation&quot;:&quot;slideInDown&quot;,&quot;_ha_eqh_enable&quot;:false}\">\n\t\t\t\t\t<div class=\"e-con-inner\">\n\t\t<div class=\"elementor-element elementor-element-b6e60eb e-con-full e-flex e-con e-child\" data-id=\"b6e60eb\" data-element_type=\"container\" data-settings=\"{&quot;_ha_eqh_enable&quot;:false}\">\n\t\t\t\t<div class=\"elementor-element elementor-element-82b62af elementor-widget elementor-widget-heading\" data-id=\"82b62af\" data-element_type=\"widget\" data-widget_type=\"heading.default\">\n\t\t\t\t\t<h2 class=\"elementor-heading-title elementor-size-default\">Fondation familiale Ahmet Tuncay et Seda Sagun<\/h2>\t\t\t\t<\/div>\n\t\t\t\t<\/div>\n\t\t\t\t\t<\/div>\n\t\t\t\t<\/div>\n\t\t<div class=\"elementor-element elementor-element-df7bbce e-flex e-con-boxed elementor-invisible e-con e-parent\" data-id=\"df7bbce\" data-element_type=\"container\" data-settings=\"{&quot;animation&quot;:&quot;slideInUp&quot;,&quot;_ha_eqh_enable&quot;:false}\">\n\t\t\t\t\t<div class=\"e-con-inner\">\n\t\t\t\t<div class=\"elementor-element elementor-element-c4bb5a6 elementor-widget elementor-widget-heading\" data-id=\"c4bb5a6\" data-element_type=\"widget\" data-widget_type=\"heading.default\">\n\t\t\t\t\t<h2 class=\"elementor-heading-title elementor-size-default\">Fondation familiale Ahmet Tuncay et Seda Sagun<\/h2>\t\t\t\t<\/div>\n\t\t\t\t<div class=\"elementor-element elementor-element-9fa2c90 elementor-widget__width-initial elementor-widget elementor-widget-text-editor\" data-id=\"9fa2c90\" data-element_type=\"widget\" data-widget_type=\"text-editor.default\">\n\t\t\t\t\t\t\t\t\t<p>Fond\u00e9e par Ahmet Sagun et Seda Sagun, la fondation a pour objectif de soutenir l&#8217;\u00e9ducation des g\u00e9n\u00e9rations futures de la famille dans le respect des valeurs nationales et morales. Au-del\u00e0 de cet objectif, elle contribue au renforcement de la solidarit\u00e9 sociale en aidant \u00e0 r\u00e9pondre aux besoins financiers et mat\u00e9riels des individus \u2013 sans distinction de religion, de langue ou d&#8217;origine ethnique \u2013 principalement les orphelins, les enfants sans tuteur, les \u00e9tudiants brillants, ainsi que les personnes n\u00e9cessitant aide et\/ou soutien. <\/p><p>Pour accomplir cette mission sociale, la fondation m\u00e8ne un large \u00e9ventail d&#8217;activit\u00e9s, notamment toutes sortes de services \u00e9ducatifs et p\u00e9dagogiques, des initiatives de recherche et de d\u00e9veloppement, des programmes sociaux et culturels, et des actions de relations publiques.<\/p>\t\t\t\t\t\t\t\t<\/div>\n\t\t\t\t\t<\/div>\n\t\t\t\t<\/div>\n\t\t\t\t<\/div>\n\t\t","protected":false},"excerpt":{"rendered":"<p>Fondation familiale Ahmet Tuncay et Seda Sagun Fondation familiale Ahmet Tuncay et Seda Sagun Fond\u00e9e par Ahmet Sagun et Seda Sagun, la fondation a pour objectif de soutenir l&#8217;\u00e9ducation des g\u00e9n\u00e9rations futures de la famille dans le respect des valeurs nationales et morales. Au-del\u00e0 de cet objectif, elle contribue au renforcement de la solidarit\u00e9 sociale [&hellip;]<\/p>\n","protected":false},"author":1,"featured_media":0,"parent":0,"menu_order":0,"comment_status":"closed","ping_status":"closed","template":"elementor_header_footer","meta":{"footnotes":""},"class_list":["post-3931","page","type-page","status-publish","hentry"],"_links":{"self":[{"href":"https:\/\/windmedya.net\/sagun\/index.php\/wp-json\/wp\/v2\/pages\/3931","targetHints":{"allow":["GET"]}}],"collection":[{"href":"https:\/\/windmedya.net\/sagun\/index.php\/wp-json\/wp\/v2\/pages"}],"about":[{"href":"https:\/\/windmedya.net\/sagun\/index.php\/wp-json\/wp\/v2\/types\/page"}],"author":[{"embeddable":true,"href":"https:\/\/windmedya.net\/sagun\/index.php\/wp-json\/wp\/v2\/users\/1"}],"replies":[{"embeddable":true,"href":"https:\/\/windmedya.net\/sagun\/index.php\/wp-json\/wp\/v2\/comments?post=3931"}],"version-history":[{"count":1,"href":"https:\/\/windmedya.net\/sagun\/index.php\/wp-json\/wp\/v2\/pages\/3931\/revisions"}],"predecessor-version":[{"id":3932,"href":"https:\/\/windmedya.net\/sagun\/index.php\/wp-json\/wp\/v2\/pages\/3931\/revisions\/3932"}],"wp:attachment":[{"href":"https:\/\/windmedya.net\/sagun\/index.php\/wp-json\/wp\/v2\/media?parent=3931"}],"curies":[{"name":"wp","href":"https:\/\/api.w.org\/{rel}","templated":true}]}}