{"id":3781,"date":"2025-11-14T10:28:35","date_gmt":"2025-11-14T10:28:35","guid":{"rendered":"https:\/\/windmedya.net\/sagun\/index.php\/nazlican-sagun-ciftci\/"},"modified":"2025-12-29T15:46:30","modified_gmt":"2025-12-29T15:46:30","slug":"nazlican-sagun-ciftci","status":"publish","type":"page","link":"https:\/\/windmedya.net\/sagun\/index.php\/nazlican-sagun-ciftci\/?lang=zh-hans","title":{"rendered":"Nazlican Sagun \u00c7ift\u00e7i"},"content":{"rendered":"\t\t<div data-elementor-type=\"wp-page\" data-elementor-id=\"3781\" class=\"elementor elementor-3781 elementor-1852\" data-elementor-settings=\"{&quot;ha_cmc_init_switcher&quot;:&quot;no&quot;}\" data-elementor-post-type=\"page\">\n\t\t\t\t<div class=\"elementor-element elementor-element-1fbc4e2 e-flex e-con-boxed elementor-invisible e-con e-parent\" data-id=\"1fbc4e2\" data-element_type=\"container\" data-settings=\"{&quot;background_background&quot;:&quot;classic&quot;,&quot;animation&quot;:&quot;slideInDown&quot;,&quot;_ha_eqh_enable&quot;:false}\">\n\t\t\t\t\t<div class=\"e-con-inner\">\n\t\t<div class=\"elementor-element elementor-element-50f3eab e-con-full e-flex e-con e-child\" data-id=\"50f3eab\" data-element_type=\"container\" data-settings=\"{&quot;_ha_eqh_enable&quot;:false}\">\n\t\t\t\t<div class=\"elementor-element elementor-element-50bd1c3 elementor-widget elementor-widget-heading\" data-id=\"50bd1c3\" data-element_type=\"widget\" data-widget_type=\"heading.default\">\n\t\t\t\t\t<h2 class=\"elementor-heading-title elementor-size-default\">NAZLICAN SAGUN \u00c7\u0130FT\u00c7I<\/h2>\t\t\t\t<\/div>\n\t\t\t\t<\/div>\n\t\t\t\t\t<\/div>\n\t\t\t\t<\/div>\n\t\t<div class=\"elementor-element elementor-element-6251e8f e-flex e-con-boxed elementor-invisible e-con e-parent\" data-id=\"6251e8f\" data-element_type=\"container\" data-settings=\"{&quot;animation&quot;:&quot;slideInUp&quot;,&quot;_ha_eqh_enable&quot;:false}\">\n\t\t\t\t\t<div class=\"e-con-inner\">\n\t\t\t\t<div class=\"elementor-element elementor-element-bbc8010 elementor-widget elementor-widget-heading\" data-id=\"bbc8010\" data-element_type=\"widget\" data-widget_type=\"heading.default\">\n\t\t\t\t\t<h2 class=\"elementor-heading-title elementor-size-default\">Nazlican Sagun \u00c7ift\u00e7i<\/h2>\t\t\t\t<\/div>\n\t\t\t\t<div class=\"elementor-element elementor-element-9dc359e elementor-widget__width-initial elementor-widget elementor-widget-text-editor\" data-id=\"9dc359e\" data-element_type=\"widget\" data-widget_type=\"text-editor.default\">\n\t\t\t\t\t\t\t\t\t<p>\u7eb3\u5179\u5229\u574e\u00b7\u8428\u8d21\u00b7\u5947\u592b\u7279\u5947 (Nazl\u0131can Sagun \u00c7ift\u00e7i) \u4e8e 1995 \u5e74\u51fa\u751f\u4e8e\u4f0a\u65af\u5766\u5e03\u5c14\uff0c\u5728\u5723\u8d1d\u52aa\u74e6\u6cd5\u56fd\u9ad8\u4e2d\u5b8c\u6210\u9ad8\u4e2d\u5b66\u4e1a\uff0c\u5e76\u4e8e 2019 \u5e74\u6bd5\u4e1a\u4e8e\u5384\u5179\u8036\u91d1\u5927\u5b66\u6cd5\u5b66\u9662\u3002\u5979\u4f5c\u4e3a\u5bb6\u65cf\u4f01\u4e1a\u7684\u7b2c\u56db\u4ee3\u4f20\u4eba\u5f00\u59cb\u4e86\u5979\u7684\u804c\u4e1a\u751f\u6daf\u3002  <\/p><p>\u9664\u4e86\u62c5\u4efb\u8428\u8d21\u96c6\u56e2\u8463\u4e8b\u4f1a\u526f\u4e3b\u5e2d\u5916\uff0c\u7eb3\u5179\u5229\u574e\u00b7\u8428\u8d21\u00b7\u5947\u592b\u7279\u5947\u8fd8\u62c5\u4efb\u8be5\u516c\u53f8\u7684\u6cd5\u5f8b\u987e\u95ee\u3002 <\/p>\t\t\t\t\t\t\t\t<\/div>\n\t\t\t\t\t<\/div>\n\t\t\t\t<\/div>\n\t\t\t\t<\/div>\n\t\t","protected":false},"excerpt":{"rendered":"<p>NAZLICAN SAGUN \u00c7\u0130FT\u00c7I Nazlican Sagun \u00c7ift\u00e7i \u7eb3\u5179\u5229\u574e\u00b7\u8428\u8d21\u00b7\u5947\u592b\u7279\u5947 (Nazl\u0131can Sagun \u00c7ift\u00e7i) \u4e8e 1995 \u5e74\u51fa\u751f\u4e8e\u4f0a\u65af\u5766\u5e03\u5c14\uff0c\u5728\u5723\u8d1d\u52aa\u74e6\u6cd5\u56fd\u9ad8\u4e2d\u5b8c\u6210\u9ad8\u4e2d\u5b66\u4e1a\uff0c\u5e76\u4e8e 2019 \u5e74\u6bd5\u4e1a\u4e8e\u5384\u5179\u8036\u91d1\u5927\u5b66\u6cd5\u5b66\u9662\u3002\u5979\u4f5c\u4e3a\u5bb6\u65cf\u4f01\u4e1a\u7684\u7b2c\u56db\u4ee3\u4f20\u4eba\u5f00\u59cb\u4e86\u5979\u7684\u804c\u4e1a\u751f\u6daf\u3002 \u9664\u4e86\u62c5\u4efb\u8428\u8d21\u96c6\u56e2\u8463\u4e8b\u4f1a\u526f\u4e3b\u5e2d\u5916\uff0c\u7eb3\u5179\u5229\u574e\u00b7\u8428\u8d21\u00b7\u5947\u592b\u7279\u5947\u8fd8\u62c5\u4efb\u8be5\u516c\u53f8\u7684\u6cd5\u5f8b\u987e\u95ee\u3002<\/p>\n","protected":false},"author":1,"featured_media":0,"parent":0,"menu_order":0,"comment_status":"closed","ping_status":"closed","template":"elementor_header_footer","meta":{"footnotes":""},"class_list":["post-3781","page","type-page","status-publish","hentry"],"_links":{"self":[{"href":"https:\/\/windmedya.net\/sagun\/index.php\/wp-json\/wp\/v2\/pages\/3781","targetHints":{"allow":["GET"]}}],"collection":[{"href":"https:\/\/windmedya.net\/sagun\/index.php\/wp-json\/wp\/v2\/pages"}],"about":[{"href":"https:\/\/windmedya.net\/sagun\/index.php\/wp-json\/wp\/v2\/types\/page"}],"author":[{"embeddable":true,"href":"https:\/\/windmedya.net\/sagun\/index.php\/wp-json\/wp\/v2\/users\/1"}],"replies":[{"embeddable":true,"href":"https:\/\/windmedya.net\/sagun\/index.php\/wp-json\/wp\/v2\/comments?post=3781"}],"version-history":[{"count":3,"href":"https:\/\/windmedya.net\/sagun\/index.php\/wp-json\/wp\/v2\/pages\/3781\/revisions"}],"predecessor-version":[{"id":3790,"href":"https:\/\/windmedya.net\/sagun\/index.php\/wp-json\/wp\/v2\/pages\/3781\/revisions\/3790"}],"wp:attachment":[{"href":"https:\/\/windmedya.net\/sagun\/index.php\/wp-json\/wp\/v2\/media?parent=3781"}],"curies":[{"name":"wp","href":"https:\/\/api.w.org\/{rel}","templated":true}]}}