{"id":3759,"date":"2025-10-21T21:51:21","date_gmt":"2025-10-21T21:51:21","guid":{"rendered":"https:\/\/windmedya.net\/sagun\/index.php\/kemal-balikcilik\/"},"modified":"2025-12-29T15:38:32","modified_gmt":"2025-12-29T15:38:32","slug":"kemal-balikcilik","status":"publish","type":"page","link":"https:\/\/windmedya.net\/sagun\/index.php\/kemal-balikcilik\/?lang=zh-hans","title":{"rendered":"Kemal Bal\u0131k\u00e7\u0131l\u0131k"},"content":{"rendered":"\t\t<div data-elementor-type=\"wp-page\" data-elementor-id=\"3759\" class=\"elementor elementor-3759 elementor-1894\" data-elementor-settings=\"{&quot;ha_cmc_init_switcher&quot;:&quot;no&quot;}\" data-elementor-post-type=\"page\">\n\t\t\t\t<div class=\"elementor-element elementor-element-5d8388d4 e-flex e-con-boxed e-con e-parent\" data-id=\"5d8388d4\" data-element_type=\"container\" data-settings=\"{&quot;background_background&quot;:&quot;classic&quot;,&quot;_ha_eqh_enable&quot;:false}\">\n\t\t\t\t\t<div class=\"e-con-inner\">\n\t\t<div class=\"elementor-element elementor-element-58ab2f46 e-con-full e-flex e-con e-child\" data-id=\"58ab2f46\" data-element_type=\"container\" data-settings=\"{&quot;_ha_eqh_enable&quot;:false}\">\n\t\t\t\t<div class=\"elementor-element elementor-element-090a9ed elementor-invisible elementor-widget elementor-widget-image\" data-id=\"090a9ed\" data-element_type=\"widget\" data-settings=\"{&quot;_animation&quot;:&quot;fadeIn&quot;}\" data-widget_type=\"image.default\">\n\t\t\t\t\t\t\t\t\t\t\t\t\t\t\t<img fetchpriority=\"high\" decoding=\"async\" width=\"300\" height=\"308\" src=\"https:\/\/windmedya.net\/sagun\/wp-content\/uploads\/2025\/12\/kml-blk-new-919.png\" class=\"attachment-full size-full wp-image-2928\" alt=\"\" srcset=\"https:\/\/windmedya.net\/sagun\/wp-content\/uploads\/2025\/12\/kml-blk-new-919.png 300w, https:\/\/windmedya.net\/sagun\/wp-content\/uploads\/2025\/12\/kml-blk-new-919-292x300.png 292w\" sizes=\"(max-width: 300px) 100vw, 300px\" \/>\t\t\t\t\t\t\t\t\t\t\t\t\t\t\t<\/div>\n\t\t\t\t<\/div>\n\t\t\t\t\t<\/div>\n\t\t\t\t<\/div>\n\t\t<div class=\"elementor-element elementor-element-81d4cf2 e-flex e-con-boxed e-con e-parent\" data-id=\"81d4cf2\" data-element_type=\"container\" data-settings=\"{&quot;_ha_eqh_enable&quot;:false}\">\n\t\t\t\t\t<div class=\"e-con-inner\">\n\t\t\t\t<div class=\"elementor-element elementor-element-c25f2cf elementor-widget elementor-widget-heading\" data-id=\"c25f2cf\" data-element_type=\"widget\" data-widget_type=\"heading.default\">\n\t\t\t\t\t<h2 class=\"elementor-heading-title elementor-size-default\">KEMAL BALIK\u00c7ILIK<\/h2>\t\t\t\t<\/div>\n\t\t\t\t<div class=\"elementor-element elementor-element-0e3899f elementor-widget__width-initial elementor-widget elementor-widget-text-editor\" data-id=\"0e3899f\" data-element_type=\"widget\" data-widget_type=\"text-editor.default\">\n\t\t\t\t\t\t\t\t\t<p>Kemal Bal\u0131k\u00e7\u0131l\u0131k \u516c\u53f8\u4e8e 20 \u4e16\u7eaa 60 \u5e74\u4ee3\u521d\u5728\u8428\u59c6\u677e\u6210\u7acb\uff0c\u540e\u6765\u5728\u4f0a\u65af\u5766\u5e03\u5c14\u5e93\u59c6\u5361\u666e\u9c7c\u5e02\u5f00\u8bbe\u4e86\u4e00\u5bb6\u5e97\u94fa\uff0c\u6269\u5927\u4e86\u4e1a\u52a1\u3002\u4f5c\u4e3a\u8428\u8d21\u96c6\u56e2\u7684\u7b2c\u4e00\u5bb6\u516c\u53f8\uff0c\u4e5f\u662f\u8be5\u96c6\u56e2\u6700\u521d\u51fa\u53e3\u4e1a\u52a1\u7684\u6267\u884c\u8005\uff0c\u5b83\u5728\u96c6\u56e2\u5185\u90e8\u5360\u636e\u7740\u65d7\u8230\u5730\u4f4d\u3002  <\/p><p>\u5982\u4eca\uff0c\u51ef\u672b\u5c14\u00b7\u5df4\u52d2\u514b\u5947\u52d2\u514b\u516c\u53f8\u7684\u4ea7\u54c1\u51fa\u53e3\u5230\u4f17\u591a\u56fd\u5bb6\uff0c\u4ece\u6cd5\u56fd\u5230\u5fb7\u56fd\uff0c\u4ece\u745e\u58eb\u5230\u6ce2\u5170\uff0c\u4ece\u610f\u5927\u5229\u5230\u4fc4\u7f57\u65af\uff0c\u4ece\u7f8e\u56fd\u5230\u65e5\u672c\uff0c\u4ece\u52a0\u62ff\u5927\u5230\u97e9\u56fd\u548c\u4e2d\u56fd\u3002\u8be5\u516c\u53f8\u5728\u4e1a\u5185\u5c61\u83b7\u6b8a\u8363\uff0c\u540d\u5217\u524d\u8305\u3002  <\/p><p>\u9664\u4e86 Sagun \u516c\u53f8\u81ea\u5df1\u517b\u6b96\u7684\u91d1\u67aa\u9c7c\u3001\u91d1\u5934\u9cb7\u3001\u6d77\u9c88\u3001\u6697\u8272\u77f3\u6591\u9c7c\u3001\u9cdf\u9c7c\u548c\u9ed1\u6d77\u9c91\u9c7c\u7b49\u9c7c\u7c7b\u5916\uff0c\u8be5\u516c\u53f8\u8fd8\u51fa\u53e3\u9752\u86d9\u3001\u8611\u83c7\u548c\u8717\u725b\u7b49\u4ea7\u54c1\uff0c\u63d0\u4f9b\u5e7f\u6cdb\u7684\u4ea7\u54c1\u79cd\u7c7b\u3002<\/p><p>\u8fd9\u5bb6\u516c\u53f8\u5df2\u7ecf\u7531\u8428\u8d21\u5bb6\u65cf\u7ecf\u8425\u4e86\u56db\u4ee3\u3002<\/p>\t\t\t\t\t\t\t\t<\/div>\n\t\t\t\t\t<\/div>\n\t\t\t\t<\/div>\n\t\t<div class=\"elementor-element elementor-element-b16740a e-con-full e-flex e-con e-parent\" data-id=\"b16740a\" data-element_type=\"container\" data-settings=\"{&quot;_ha_eqh_enable&quot;:false}\">\n\t\t\t\t<div class=\"elementor-element elementor-element-6027459 elementor-widget elementor-widget-google_maps\" data-id=\"6027459\" data-element_type=\"widget\" data-widget_type=\"google_maps.default\">\n\t\t\t\t\t\t\t<div class=\"elementor-custom-embed\">\n\t\t\t<iframe loading=\"lazy\"\n\t\t\t\t\tsrc=\"https:\/\/maps.google.com\/maps?q=Osmangazi%20Mah.%20Battalgazi%20Cad.%20Sagun%20Plaza%20No%3A%2021&#038;t=m&#038;z=14&#038;output=embed&#038;iwloc=near\"\n\t\t\t\t\ttitle=\"Osmangazi Mah. Battalgazi Cad. Sagun Plaza No: 21\"\n\t\t\t\t\taria-label=\"Osmangazi Mah. Battalgazi Cad. Sagun Plaza No: 21\"\n\t\t\t><\/iframe>\n\t\t<\/div>\n\t\t\t\t\t\t<\/div>\n\t\t\t\t<\/div>\n\t\t\t\t<\/div>\n\t\t","protected":false},"excerpt":{"rendered":"<p>KEMAL BALIK\u00c7ILIK Kemal Bal\u0131k\u00e7\u0131l\u0131k \u516c\u53f8\u4e8e 20 \u4e16\u7eaa 60 \u5e74\u4ee3\u521d\u5728\u8428\u59c6\u677e\u6210\u7acb\uff0c\u540e\u6765\u5728\u4f0a\u65af\u5766\u5e03\u5c14\u5e93\u59c6\u5361\u666e\u9c7c\u5e02\u5f00\u8bbe\u4e86\u4e00\u5bb6\u5e97\u94fa\uff0c\u6269\u5927\u4e86\u4e1a\u52a1\u3002\u4f5c\u4e3a\u8428\u8d21\u96c6\u56e2\u7684\u7b2c\u4e00\u5bb6\u516c\u53f8\uff0c\u4e5f\u662f\u8be5\u96c6\u56e2\u6700\u521d\u51fa\u53e3\u4e1a\u52a1\u7684\u6267\u884c\u8005\uff0c\u5b83\u5728\u96c6\u56e2\u5185\u90e8\u5360\u636e\u7740\u65d7\u8230\u5730\u4f4d\u3002 \u5982\u4eca\uff0c\u51ef\u672b\u5c14\u00b7\u5df4\u52d2\u514b\u5947\u52d2\u514b\u516c\u53f8\u7684\u4ea7\u54c1\u51fa\u53e3\u5230\u4f17\u591a\u56fd\u5bb6\uff0c\u4ece\u6cd5\u56fd\u5230\u5fb7\u56fd\uff0c\u4ece\u745e\u58eb\u5230\u6ce2\u5170\uff0c\u4ece\u610f\u5927\u5229\u5230\u4fc4\u7f57\u65af\uff0c\u4ece\u7f8e\u56fd\u5230\u65e5\u672c\uff0c\u4ece\u52a0\u62ff\u5927\u5230\u97e9\u56fd\u548c\u4e2d\u56fd\u3002\u8be5\u516c\u53f8\u5728\u4e1a\u5185\u5c61\u83b7\u6b8a\u8363\uff0c\u540d\u5217\u524d\u8305\u3002 \u9664\u4e86 Sagun \u516c\u53f8\u81ea\u5df1\u517b\u6b96\u7684\u91d1\u67aa\u9c7c\u3001\u91d1\u5934\u9cb7\u3001\u6d77\u9c88\u3001\u6697\u8272\u77f3\u6591\u9c7c\u3001\u9cdf\u9c7c\u548c\u9ed1\u6d77\u9c91\u9c7c\u7b49\u9c7c\u7c7b\u5916\uff0c\u8be5\u516c\u53f8\u8fd8\u51fa\u53e3\u9752\u86d9\u3001\u8611\u83c7\u548c\u8717\u725b\u7b49\u4ea7\u54c1\uff0c\u63d0\u4f9b\u5e7f\u6cdb\u7684\u4ea7\u54c1\u79cd\u7c7b\u3002 \u8fd9\u5bb6\u516c\u53f8\u5df2\u7ecf\u7531\u8428\u8d21\u5bb6\u65cf\u7ecf\u8425\u4e86\u56db\u4ee3\u3002<\/p>\n","protected":false},"author":1,"featured_media":0,"parent":0,"menu_order":0,"comment_status":"closed","ping_status":"closed","template":"elementor_header_footer","meta":{"footnotes":""},"class_list":["post-3759","page","type-page","status-publish","hentry"],"_links":{"self":[{"href":"https:\/\/windmedya.net\/sagun\/index.php\/wp-json\/wp\/v2\/pages\/3759","targetHints":{"allow":["GET"]}}],"collection":[{"href":"https:\/\/windmedya.net\/sagun\/index.php\/wp-json\/wp\/v2\/pages"}],"about":[{"href":"https:\/\/windmedya.net\/sagun\/index.php\/wp-json\/wp\/v2\/types\/page"}],"author":[{"embeddable":true,"href":"https:\/\/windmedya.net\/sagun\/index.php\/wp-json\/wp\/v2\/users\/1"}],"replies":[{"embeddable":true,"href":"https:\/\/windmedya.net\/sagun\/index.php\/wp-json\/wp\/v2\/comments?post=3759"}],"version-history":[{"count":1,"href":"https:\/\/windmedya.net\/sagun\/index.php\/wp-json\/wp\/v2\/pages\/3759\/revisions"}],"predecessor-version":[{"id":3761,"href":"https:\/\/windmedya.net\/sagun\/index.php\/wp-json\/wp\/v2\/pages\/3759\/revisions\/3761"}],"wp:attachment":[{"href":"https:\/\/windmedya.net\/sagun\/index.php\/wp-json\/wp\/v2\/media?parent=3759"}],"curies":[{"name":"wp","href":"https:\/\/api.w.org\/{rel}","templated":true}]}}