{"id":3715,"date":"2025-11-14T10:26:54","date_gmt":"2025-11-14T10:26:54","guid":{"rendered":"https:\/\/windmedya.net\/sagun\/index.php\/firdevs-kulekcioglu\/"},"modified":"2025-12-29T15:34:51","modified_gmt":"2025-12-29T15:34:51","slug":"firdevs-kulekcioglu","status":"publish","type":"page","link":"https:\/\/windmedya.net\/sagun\/index.php\/firdevs-kulekcioglu\/?lang=zh-hans","title":{"rendered":"Firdevs K\u00fclek\u00e7io\u011flu"},"content":{"rendered":"\t\t<div data-elementor-type=\"wp-page\" data-elementor-id=\"3715\" class=\"elementor elementor-3715 elementor-1856\" data-elementor-settings=\"{&quot;ha_cmc_init_switcher&quot;:&quot;no&quot;}\" data-elementor-post-type=\"page\">\n\t\t\t\t<div class=\"elementor-element elementor-element-1fbc4e2 e-flex e-con-boxed elementor-invisible e-con e-parent\" data-id=\"1fbc4e2\" data-element_type=\"container\" data-settings=\"{&quot;background_background&quot;:&quot;classic&quot;,&quot;animation&quot;:&quot;slideInDown&quot;,&quot;_ha_eqh_enable&quot;:false}\">\n\t\t\t\t\t<div class=\"e-con-inner\">\n\t\t<div class=\"elementor-element elementor-element-50f3eab e-con-full e-flex e-con e-child\" data-id=\"50f3eab\" data-element_type=\"container\" data-settings=\"{&quot;_ha_eqh_enable&quot;:false}\">\n\t\t\t\t<div class=\"elementor-element elementor-element-50bd1c3 elementor-widget elementor-widget-heading\" data-id=\"50bd1c3\" data-element_type=\"widget\" data-widget_type=\"heading.default\">\n\t\t\t\t\t<h2 class=\"elementor-heading-title elementor-size-default\">F\u0130RDEVS K\u00dcLEK\u00c7\u0130O\u011eLU<\/h2>\t\t\t\t<\/div>\n\t\t\t\t<\/div>\n\t\t\t\t\t<\/div>\n\t\t\t\t<\/div>\n\t\t<div class=\"elementor-element elementor-element-6251e8f e-flex e-con-boxed elementor-invisible e-con e-parent\" data-id=\"6251e8f\" data-element_type=\"container\" data-settings=\"{&quot;animation&quot;:&quot;slideInUp&quot;,&quot;_ha_eqh_enable&quot;:false}\">\n\t\t\t\t\t<div class=\"e-con-inner\">\n\t\t\t\t<div class=\"elementor-element elementor-element-bbc8010 elementor-widget elementor-widget-heading\" data-id=\"bbc8010\" data-element_type=\"widget\" data-widget_type=\"heading.default\">\n\t\t\t\t\t<h2 class=\"elementor-heading-title elementor-size-default\">Firdevs K\u00fclek\u00e7io\u011flu<\/h2>\t\t\t\t<\/div>\n\t\t\t\t<div class=\"elementor-element elementor-element-9dc359e elementor-widget__width-initial elementor-widget elementor-widget-text-editor\" data-id=\"9dc359e\" data-element_type=\"widget\" data-widget_type=\"text-editor.default\">\n\t\t\t\t\t\t\t\t\t<p>Firdevs K\u00fclek\u00e7io\u011flu \u51fa\u751f\u4e8e 1980 \u5e74\uff0c\u4ece\u4e4c\u9c81\u8fbe\u5927\u5b66\u83b7\u5f97\u5bf9\u5916\u8d38\u6613\u548c\u5de5\u5546\u7ba1\u7406\u5b66\u4f4d\u540e\uff0c\u4fbf\u5f00\u59cb\u5728\u5bb6\u65cf\u4f01\u4e1a\u4e2d\u4ece\u4e8b\u5979\u7684\u804c\u4e1a\u751f\u6daf\u3002 \u81ea2001\u5e74\u8d77\uff0c\u5979\u4e00\u76f4\u62c5\u4efb\u8428\u8d21\u96c6\u56e2\u7684\u8463\u4e8b\u4f1a\u6210\u5458\u3002<br>2018\u5e74\uff0c\u5979\u6210\u4e3a\u4f0a\u65af\u5766\u5e03\u5c14\u6d77\u4ea7\u54c1\u548c\u52a8\u7269\u4ea7\u54c1\u51fa\u53e3\u5546\u534f\u4f1a\u7684\u9996\u4f4d\u5973\u6027\u8463\u4e8b\u4f1a\u6210\u5458\uff0c\u5e76\u4e00\u76f4\u62c5\u4efb\u8be5\u804c\u52a1\u81f3\u4eca\u3002<\/p>\t\t\t\t\t\t\t\t<\/div>\n\t\t\t\t\t<\/div>\n\t\t\t\t<\/div>\n\t\t\t\t<\/div>\n\t\t","protected":false},"excerpt":{"rendered":"<p>F\u0130RDEVS K\u00dcLEK\u00c7\u0130O\u011eLU Firdevs K\u00fclek\u00e7io\u011flu Firdevs K\u00fclek\u00e7io\u011flu \u51fa\u751f\u4e8e 1980 \u5e74\uff0c\u4ece\u4e4c\u9c81\u8fbe\u5927\u5b66\u83b7\u5f97\u5bf9\u5916\u8d38\u6613\u548c\u5de5\u5546\u7ba1\u7406\u5b66\u4f4d\u540e\uff0c\u4fbf\u5f00\u59cb\u5728\u5bb6\u65cf\u4f01\u4e1a\u4e2d\u4ece\u4e8b\u5979\u7684\u804c\u4e1a\u751f\u6daf\u3002 \u81ea2001\u5e74\u8d77\uff0c\u5979\u4e00\u76f4\u62c5\u4efb\u8428\u8d21\u96c6\u56e2\u7684\u8463\u4e8b\u4f1a\u6210\u5458\u30022018\u5e74\uff0c\u5979\u6210\u4e3a\u4f0a\u65af\u5766\u5e03\u5c14\u6d77\u4ea7\u54c1\u548c\u52a8\u7269\u4ea7\u54c1\u51fa\u53e3\u5546\u534f\u4f1a\u7684\u9996\u4f4d\u5973\u6027\u8463\u4e8b\u4f1a\u6210\u5458\uff0c\u5e76\u4e00\u76f4\u62c5\u4efb\u8be5\u804c\u52a1\u81f3\u4eca\u3002<\/p>\n","protected":false},"author":1,"featured_media":0,"parent":0,"menu_order":0,"comment_status":"closed","ping_status":"closed","template":"elementor_header_footer","meta":{"footnotes":""},"class_list":["post-3715","page","type-page","status-publish","hentry"],"_links":{"self":[{"href":"https:\/\/windmedya.net\/sagun\/index.php\/wp-json\/wp\/v2\/pages\/3715","targetHints":{"allow":["GET"]}}],"collection":[{"href":"https:\/\/windmedya.net\/sagun\/index.php\/wp-json\/wp\/v2\/pages"}],"about":[{"href":"https:\/\/windmedya.net\/sagun\/index.php\/wp-json\/wp\/v2\/types\/page"}],"author":[{"embeddable":true,"href":"https:\/\/windmedya.net\/sagun\/index.php\/wp-json\/wp\/v2\/users\/1"}],"replies":[{"embeddable":true,"href":"https:\/\/windmedya.net\/sagun\/index.php\/wp-json\/wp\/v2\/comments?post=3715"}],"version-history":[{"count":1,"href":"https:\/\/windmedya.net\/sagun\/index.php\/wp-json\/wp\/v2\/pages\/3715\/revisions"}],"predecessor-version":[{"id":3716,"href":"https:\/\/windmedya.net\/sagun\/index.php\/wp-json\/wp\/v2\/pages\/3715\/revisions\/3716"}],"wp:attachment":[{"href":"https:\/\/windmedya.net\/sagun\/index.php\/wp-json\/wp\/v2\/media?parent=3715"}],"curies":[{"name":"wp","href":"https:\/\/api.w.org\/{rel}","templated":true}]}}