{"id":3610,"date":"2025-11-14T10:22:29","date_gmt":"2025-11-14T10:22:29","guid":{"rendered":"https:\/\/windmedya.net\/sagun\/index.php\/ahmet-tuncay-sagun\/"},"modified":"2025-12-29T15:01:22","modified_gmt":"2025-12-29T15:01:22","slug":"ahmet-tuncay-sagun","status":"publish","type":"page","link":"https:\/\/windmedya.net\/sagun\/index.php\/ahmet-tuncay-sagun\/?lang=zh-hans","title":{"rendered":"Ahmet Tuncay Sagun"},"content":{"rendered":"\t\t<div data-elementor-type=\"wp-page\" data-elementor-id=\"3610\" class=\"elementor elementor-3610 elementor-1489\" data-elementor-settings=\"{&quot;ha_cmc_init_switcher&quot;:&quot;no&quot;}\" data-elementor-post-type=\"page\">\n\t\t\t\t<div class=\"elementor-element elementor-element-1fbc4e2 e-flex e-con-boxed elementor-invisible e-con e-parent\" data-id=\"1fbc4e2\" data-element_type=\"container\" data-settings=\"{&quot;background_background&quot;:&quot;classic&quot;,&quot;animation&quot;:&quot;slideInDown&quot;,&quot;_ha_eqh_enable&quot;:false}\">\n\t\t\t\t\t<div class=\"e-con-inner\">\n\t\t<div class=\"elementor-element elementor-element-50f3eab e-con-full e-flex e-con e-child\" data-id=\"50f3eab\" data-element_type=\"container\" data-settings=\"{&quot;_ha_eqh_enable&quot;:false}\">\n\t\t\t\t<div class=\"elementor-element elementor-element-50bd1c3 elementor-widget elementor-widget-heading\" data-id=\"50bd1c3\" data-element_type=\"widget\" data-widget_type=\"heading.default\">\n\t\t\t\t\t<h2 class=\"elementor-heading-title elementor-size-default\">AHMET TUNCAY SAGUN<\/h2>\t\t\t\t<\/div>\n\t\t\t\t<\/div>\n\t\t\t\t\t<\/div>\n\t\t\t\t<\/div>\n\t\t<div class=\"elementor-element elementor-element-6251e8f e-flex e-con-boxed elementor-invisible e-con e-parent\" data-id=\"6251e8f\" data-element_type=\"container\" data-settings=\"{&quot;animation&quot;:&quot;slideInUp&quot;,&quot;_ha_eqh_enable&quot;:false}\">\n\t\t\t\t\t<div class=\"e-con-inner\">\n\t\t\t\t<div class=\"elementor-element elementor-element-0cb5131 elementor-widget elementor-widget-video\" data-id=\"0cb5131\" data-element_type=\"widget\" data-settings=\"{&quot;youtube_url&quot;:&quot;https:\\\/\\\/www.youtube.com\\\/watch?v=W_kJHXg_6HE&amp;t=1s&quot;,&quot;video_type&quot;:&quot;youtube&quot;,&quot;controls&quot;:&quot;yes&quot;}\" data-widget_type=\"video.default\">\n\t\t\t\t\t\t\t<div class=\"elementor-wrapper elementor-open-inline\">\n\t\t\t<div class=\"elementor-video\"><\/div>\t\t<\/div>\n\t\t\t\t\t\t<\/div>\n\t\t\t\t<div class=\"elementor-element elementor-element-bbc8010 elementor-widget elementor-widget-heading\" data-id=\"bbc8010\" data-element_type=\"widget\" data-widget_type=\"heading.default\">\n\t\t\t\t\t<h2 class=\"elementor-heading-title elementor-size-default\">\u4e00\u4e2a\u6210\u529f\u6848\u4f8b\u2026\u2026<\/h2>\t\t\t\t<\/div>\n\t\t\t\t<div class=\"elementor-element elementor-element-9dc359e elementor-widget__width-initial elementor-widget elementor-widget-text-editor\" data-id=\"9dc359e\" data-element_type=\"widget\" data-widget_type=\"text-editor.default\">\n\t\t\t\t\t\t\t\t\t<p>\u6e14\u4e1a\u4e1a\u52a1\u59cb\u4e8e\u8428\u59c6\u677e\u2026\u2026SAGUN \u96c6\u56e2\u8463\u4e8b\u4f1a\u4e3b\u5e2d A. Tuncay SAGUN \u5c06\u5176\u4ece\u7236\u4eb2 Kemal SAGUN \u90a3\u91cc\u7ee7\u627f\u7684 Kemal Bal\u0131k\u00e7\u0131l\u0131k \u516c\u53f8\u53d1\u5c55\u6210\u4e3a SAGUN \u96c6\u56e2\uff0c\u5982\u4eca\u8be5\u96c6\u56e2\u65d7\u4e0b\u62e5\u6709 12 \u5bb6\u516c\u53f8\uff0c\u5728\u571f\u8033\u5176 6 \u4e2a\u4e0d\u540c\u5730\u533a\u8bbe\u6709 18 \u4e2a\u72ec\u7acb\u5de5\u5382\uff0c\u5e76\u5728\u56fd\u5916 3 \u4e2a\u4e0d\u540c\u56fd\u5bb6\u8bbe\u6709\u751f\u4ea7\u8bbe\u65bd\u3002 A. Tuncay SAGUN \u5728\u4ed6\u7684\u9886\u57df\u53d6\u5f97\u4e86\u5de8\u5927\u7684\u6210\u529f\uff0c\u800c\u4ed6\u53d6\u5f97\u8fd9\u4e00\u6210\u529f\u7684\u6700\u5927\u56e0\u7d20\u662f\u4ed6\u5bf9\u9493\u9c7c\u8fd1\u4e4e\u72c2\u70ed\u7684\u70ed\u7231\u3002 \u5728 A. Tuncay SAGUN \u7684\u7ba1\u7406\u4e0b\uff0cSAGUN \u96c6\u56e2\u5982\u4eca\u5df2\u6210\u4e3a\u5168\u7403\u8be5\u9886\u57df\u7684\u9886\u5148\u4f01\u4e1a\u4e4b\u4e00\uff0c\u5176\u4ea7\u54c1\u4ea7\u91cf\u4e5f\u521b\u4e0b\u4e86\u884c\u4e1a\u7eaa\u5f55\u3002 \u5982\u4eca\uff0c\u8be5\u96c6\u56e2\u62e5\u6709 1500 \u540d\u5458\u5de5\uff0c\u5176\u4ea7\u54c1 70% \u7528\u4e8e\u51fa\u53e3\u3002 \u51ed\u501f\u5176\u4e30\u5bcc\u7684\u4ea7\u54c1\u7ec4\u5408\u548c\u5728\u6240\u6709\u8fd0\u8425\u9886\u57df\u7684\u670d\u52a1\uff0cSAGUN \u96c6\u56e2\u662f\u571f\u8033\u5176\u6700\u5927\u7684\u5de5\u4e1a\u516c\u53f8\u4e4b\u4e00\uff0c\u4f4d\u5217\u51fa\u53e3\u4f01\u4e1a\u524d 500 \u5f3a\uff0c\u5e76\u5728\u5176\u6240\u5728\u884c\u4e1a\u4e2d\u5360\u636e\u9886\u5148\u5730\u4f4d\u3002 \u8be5\u96c6\u56e2\u76ee\u524d\u76f4\u63a5\u51fa\u53e3\u5230 35 \u4e2a\u56fd\u5bb6\uff0c\u4e3b\u8981\u51fa\u53e3\u5230\u6b27\u6d32\u548c\u65e5\u672c\u3002<\/p><p>A. Tuncay SAGUN \u7387\u5148\u5c06\u6e14\u4e1a\u8f6c\u578b\u4e3a\u5de5\u4e1a\u90e8\u95e8\uff0c\u4ed6\u5728 SAGUN \u96c6\u56e2\u516c\u53f8\u5185\u8fd0\u8425\uff0c\u8d1f\u8d23\u6e14\u4e1a\u7684\u5404\u4e2a\u73af\u8282\uff0c\u4ece\u6355\u635e\u548c\u517b\u6b96\u5230\u52a0\u5de5\u3001\u50a8\u5b58\u3001\u8fdb\u53e3\u3001\u51fa\u53e3\u548c\u7269\u6d41\u3002<\/p><p>\u5728\u7ea6 40 \u5e74\u7684\u65f6\u95f4\u91cc\uff0cA. Tuncay Sagun \u5c06 Kemal Bal\u0131k\u00e7\u0131l\u0131k \u6253\u9020\u6210\u4e86\u571f\u8033\u5176\u8be5\u9886\u57df\u6700\u5927\u7684\u96c6\u56e2\uff0c\u4ed6\u68a6\u60f3\u7740\u5c06 Sagun \u6253\u9020\u6210\u5168\u7403\u77e5\u540d\u7684\u54c1\u724c\u3002 \u9664\u4e86\u5546\u4eba\u8eab\u4efd\u4e4b\u5916\uff0cA. Tuncay Sagun \u8fd8\u66fe\u62c5\u4efb\u4f0a\u65af\u5766\u5e03\u5c14\u6d77\u9c9c\u548c\u52a8\u7269\u4ea7\u54c1\u51fa\u53e3\u5546\u534f\u4f1a\u4e3b\u5e2d 12 \u5e74\uff0c\u5e76\u62c5\u4efb\u571f\u8033\u5176\u51fa\u53e3\u5546\u5927\u4f1a\u884c\u4e1a\u59d4\u5458\u4f1a\u6210\u5458\u3002<\/p><p>Tuncay SAGUN\uff0c1963\u5e74\u51fa\u751f\uff0c\u5df2\u5a5a\uff0c\u6709\u4e24\u4e2a\u5b69\u5b50\u3002<\/p><p><strong>Tuncay SAGUN\u7684\u6210\u529f\u6545\u4e8b\u8be6\u60c5\u2026\u2026<\/strong><\/p><ul><li>\u4ed6\u5efa\u7acb\u4e86\u571f\u8033\u5176\u7b2c\u4e00\u4e2a\u91d1\u67aa\u9c7c\u517b\u6b96\u573a\u3002<\/li><li>\u4ed6\u521b\u7acb\u4e86 Marines\uff0c\u8fd9\u662f\u571f\u8033\u5176\u552f\u4e00\u4e00\u4e2a\u4e13\u6ce8\u4e8e\u6c34\u4ea7\u517b\u6b96\u7684\u4e13\u4e1a\u54c1\u724c\u3002<\/li><li>\u4ed6\u5efa\u7acb\u4e86\u571f\u8033\u5176\u7b2c\u4e00\u4e2a\u6d3b\u86d9\u517b\u6b96\u573a\u3002<\/li><li>\u8be5\u516c\u53f8\u5df2\u5728\u6d77\u5916\u8bbe\u7acb\u751f\u4ea7\u8bbe\u65bd\u3002<\/li><li>\u65e5\u672c\u7684\u5168\u7403\u884c\u4e1a\u5de8\u5934\u4e09\u83f1\u516c\u53f8\u5df2\u6210\u4e3a\u571f\u8033\u5176\u7684\u5408\u4f5c\u4f19\u4f34\u3002<\/li><li>2004 \u5e74\uff0c\u8be5\u516c\u53f8\u4f4d\u4e8e\u5b89\u5854\u5229\u4e9a\u7684\u517b\u6b96\u573a\u83b7\u5f97\u4e86 ISO 9001 \u8d28\u91cf\u8ba4\u8bc1\uff0c\u6210\u4e3a\u6574\u4e2a\u5730\u4e2d\u6d77\u5730\u533a\u552f\u4e00\u83b7\u5f97 ISO \u8d28\u91cf\u8ba4\u8bc1\u7684\u91d1\u67aa\u9c7c\u517b\u6b96\u573a\u3002<\/li><li>2015\u5e74\uff0c\u8be5\u516c\u53f8\u5728\u4e4c\u5c14\u62c9\u5efa\u7acb\u4e86\u571f\u8033\u5176\u4e43\u81f3\u6b27\u6d32\u6700\u73b0\u4ee3\u5316\u7684\u9c7c\u7c7b\u52a0\u5de5\u548c\u50a8\u5b58\u8bbe\u65bd\u4e4b\u4e00\u3002<\/li><li>2016 \u5e74\uff0c\u8be5\u516c\u53f8\u6210\u7acb\u4e86 Biomar-Sagun\uff0c\u4ee5\u6ee1\u8db3\u571f\u8033\u5176\u548c\u4e2d\u4e1c\u7684\u9c7c\u9972\u6599\u9700\u6c42\u3002<\/li><li>2018 \u5e74\uff0c\u4ed6\u5728\u9521\u8bfa\u666e\u5efa\u7acb\u4e86\u9ed1\u6d77\u9c91\u9c7c\u52a0\u5de5\u5382\uff0c\u8fd9\u662f\u6211\u56fd\u7684\u4e00\u9879\u91cd\u8981\u8d44\u4ea7\uff0c\u5e76\u5c06\u8be5\u4ea7\u54c1\u63a8\u5411\u4e86\u5168\u7403\u5e02\u573a\u3002<\/li><li>2020\u5e74\u65e5\u672c\u5927\u4f7f\u5148\u751f \u4ed6\u56e0\u5bf9\u571f\u8033\u5176\u548c\u65e5\u672c\u8d38\u6613\u5173\u7cfb\u7684\u8d21\u732e\uff0c\u88ab\u5bab\u5c9b\u662d\u592b\u6388\u4e88\u65e5\u672c\u5927\u4f7f\u5956\u3002<\/li><li>2021 \u5e74\uff0c\u8be5\u516c\u53f8\u5c06\u4ece\u4e8b\u5730\u4e2d\u6d77\u548c\u7231\u7434\u6d77\u5730\u533a\u6d77\u4ea7\u54c1\u52a0\u5de5\u548c\u9500\u552e\u7684 Antalya Bal\u0131k A.\u015e. \u5e76\u5165\u5176\u96c6\u56e2\u516c\u53f8\u3002<\/li><li>2022\u5e74\uff0c\u4ed6\u521b\u7acb\u4e86Sagun Tunisia\u516c\u53f8\uff0c\u5728\u7a81\u5c3c\u65af\u4ece\u4e8b\u91d1\u67aa\u9c7c\u517b\u6b96\u3002<\/li><li>2023\u5e74\uff0c\u6211\u4eec\u6210\u7acb\u4e86Sagun Korea\uff0c\u4ee5\u63d0\u9ad8\u6211\u4eec\u5728\u4e9a\u6d32\u5e02\u573a\u7684\u5e02\u573a\u4efd\u989d\u548c\u5f71\u54cd\u529b\u3002<\/li><li>2025\u5e74\uff0c\u571f\u8033\u5176\u4e0b\u6c34\u4e86\u7b2c\u4e00\u8258\u51b7\u85cf\u548c\u52a0\u5de5\u8239\u201cMME SEDA SAGUN\u201d\u3002<\/li><\/ul>\t\t\t\t\t\t\t\t<\/div>\n\t\t\t\t\t<\/div>\n\t\t\t\t<\/div>\n\t\t\t\t<\/div>\n\t\t","protected":false},"excerpt":{"rendered":"<p>AHMET TUNCAY SAGUN https:\/\/www.youtube.com\/watch?v=W_kJHXg_6HE&#038;t=1s \u4e00\u4e2a\u6210\u529f\u6848\u4f8b\u2026\u2026 \u6e14\u4e1a\u4e1a\u52a1\u59cb\u4e8e\u8428\u59c6\u677e\u2026\u2026SAGUN \u96c6\u56e2\u8463\u4e8b\u4f1a\u4e3b\u5e2d A. Tuncay SAGUN \u5c06\u5176\u4ece\u7236\u4eb2 Kemal SAGUN \u90a3\u91cc\u7ee7\u627f\u7684 Kemal Bal\u0131k\u00e7\u0131l\u0131k \u516c\u53f8\u53d1\u5c55\u6210\u4e3a SAGUN \u96c6\u56e2\uff0c\u5982\u4eca\u8be5\u96c6\u56e2\u65d7\u4e0b\u62e5\u6709 12 \u5bb6\u516c\u53f8\uff0c\u5728\u571f\u8033\u5176 6 \u4e2a\u4e0d\u540c\u5730\u533a\u8bbe\u6709 18 \u4e2a\u72ec\u7acb\u5de5\u5382\uff0c\u5e76\u5728\u56fd\u5916 3 \u4e2a\u4e0d\u540c\u56fd\u5bb6\u8bbe\u6709\u751f\u4ea7\u8bbe\u65bd\u3002 A. Tuncay SAGUN \u5728\u4ed6\u7684\u9886\u57df\u53d6\u5f97\u4e86\u5de8\u5927\u7684\u6210\u529f\uff0c\u800c\u4ed6\u53d6\u5f97\u8fd9\u4e00\u6210\u529f\u7684\u6700\u5927\u56e0\u7d20\u662f\u4ed6\u5bf9\u9493\u9c7c\u8fd1\u4e4e\u72c2\u70ed\u7684\u70ed\u7231\u3002 \u5728 A. Tuncay SAGUN \u7684\u7ba1\u7406\u4e0b\uff0cSAGUN \u96c6\u56e2\u5982\u4eca\u5df2\u6210\u4e3a\u5168\u7403\u8be5\u9886\u57df\u7684\u9886\u5148\u4f01\u4e1a\u4e4b\u4e00\uff0c\u5176\u4ea7\u54c1\u4ea7\u91cf\u4e5f\u521b\u4e0b\u4e86\u884c\u4e1a\u7eaa\u5f55\u3002 \u5982\u4eca\uff0c\u8be5\u96c6\u56e2\u62e5\u6709 1500 \u540d\u5458\u5de5\uff0c\u5176\u4ea7\u54c1 70% \u7528\u4e8e\u51fa\u53e3\u3002 \u51ed\u501f\u5176\u4e30\u5bcc\u7684\u4ea7\u54c1\u7ec4\u5408\u548c\u5728\u6240\u6709\u8fd0\u8425\u9886\u57df\u7684\u670d\u52a1\uff0cSAGUN \u96c6\u56e2\u662f\u571f\u8033\u5176\u6700\u5927\u7684\u5de5\u4e1a\u516c\u53f8\u4e4b\u4e00\uff0c\u4f4d\u5217\u51fa\u53e3\u4f01\u4e1a\u524d 500 \u5f3a\uff0c\u5e76\u5728\u5176\u6240\u5728\u884c\u4e1a\u4e2d\u5360\u636e\u9886\u5148\u5730\u4f4d\u3002 \u8be5\u96c6\u56e2\u76ee\u524d\u76f4\u63a5\u51fa\u53e3\u5230 35 \u4e2a\u56fd\u5bb6\uff0c\u4e3b\u8981\u51fa\u53e3\u5230\u6b27\u6d32\u548c\u65e5\u672c\u3002 A. Tuncay SAGUN \u7387\u5148\u5c06\u6e14\u4e1a\u8f6c\u578b\u4e3a\u5de5\u4e1a\u90e8\u95e8\uff0c\u4ed6\u5728 SAGUN \u96c6\u56e2\u516c\u53f8\u5185\u8fd0\u8425\uff0c\u8d1f\u8d23\u6e14\u4e1a\u7684\u5404\u4e2a\u73af\u8282\uff0c\u4ece\u6355\u635e\u548c\u517b\u6b96\u5230\u52a0\u5de5\u3001\u50a8\u5b58\u3001\u8fdb\u53e3\u3001\u51fa\u53e3\u548c\u7269\u6d41\u3002 [&hellip;]<\/p>\n","protected":false},"author":1,"featured_media":0,"parent":0,"menu_order":0,"comment_status":"closed","ping_status":"closed","template":"elementor_header_footer","meta":{"footnotes":""},"class_list":["post-3610","page","type-page","status-publish","hentry"],"_links":{"self":[{"href":"https:\/\/windmedya.net\/sagun\/index.php\/wp-json\/wp\/v2\/pages\/3610","targetHints":{"allow":["GET"]}}],"collection":[{"href":"https:\/\/windmedya.net\/sagun\/index.php\/wp-json\/wp\/v2\/pages"}],"about":[{"href":"https:\/\/windmedya.net\/sagun\/index.php\/wp-json\/wp\/v2\/types\/page"}],"author":[{"embeddable":true,"href":"https:\/\/windmedya.net\/sagun\/index.php\/wp-json\/wp\/v2\/users\/1"}],"replies":[{"embeddable":true,"href":"https:\/\/windmedya.net\/sagun\/index.php\/wp-json\/wp\/v2\/comments?post=3610"}],"version-history":[{"count":1,"href":"https:\/\/windmedya.net\/sagun\/index.php\/wp-json\/wp\/v2\/pages\/3610\/revisions"}],"predecessor-version":[{"id":3611,"href":"https:\/\/windmedya.net\/sagun\/index.php\/wp-json\/wp\/v2\/pages\/3610\/revisions\/3611"}],"wp:attachment":[{"href":"https:\/\/windmedya.net\/sagun\/index.php\/wp-json\/wp\/v2\/media?parent=3610"}],"curies":[{"name":"wp","href":"https:\/\/api.w.org\/{rel}","templated":true}]}}