{"id":3598,"date":"2025-10-21T14:05:32","date_gmt":"2025-10-21T14:05:32","guid":{"rendered":"https:\/\/windmedya.net\/sagun\/index.php\/%d9%85%d8%ac%d9%84%d8%b3-%d8%a5%d8%af%d8%a7%d8%b1%d8%a9\/"},"modified":"2025-12-29T21:50:06","modified_gmt":"2025-12-29T21:50:06","slug":"board-of-directors","status":"publish","type":"page","link":"https:\/\/windmedya.net\/sagun\/index.php\/board-of-directors\/?lang=ar","title":{"rendered":"board of directors"},"content":{"rendered":"\t\t<div data-elementor-type=\"wp-page\" data-elementor-id=\"3598\" class=\"elementor elementor-3598 elementor-303\" data-elementor-settings=\"{&quot;ha_cmc_init_switcher&quot;:&quot;no&quot;}\" data-elementor-post-type=\"page\">\n\t\t\t\t<div class=\"elementor-element elementor-element-1fbc4e2 e-flex e-con-boxed elementor-invisible e-con e-parent\" data-id=\"1fbc4e2\" data-element_type=\"container\" data-settings=\"{&quot;background_background&quot;:&quot;classic&quot;,&quot;animation&quot;:&quot;slideInDown&quot;,&quot;_ha_eqh_enable&quot;:false}\">\n\t\t\t\t\t<div class=\"e-con-inner\">\n\t\t<div class=\"elementor-element elementor-element-50f3eab e-con-full e-flex e-con e-child\" data-id=\"50f3eab\" data-element_type=\"container\" data-settings=\"{&quot;_ha_eqh_enable&quot;:false}\">\n\t\t\t\t<div class=\"elementor-element elementor-element-50bd1c3 elementor-widget elementor-widget-heading\" data-id=\"50bd1c3\" data-element_type=\"widget\" data-widget_type=\"heading.default\">\n\t\t\t\t\t<h2 class=\"elementor-heading-title elementor-size-default\">\u0645\u062c\u0644\u0633 \u0625\u062f\u0627\u0631\u0629<\/h2>\t\t\t\t<\/div>\n\t\t\t\t<\/div>\n\t\t\t\t\t<\/div>\n\t\t\t\t<\/div>\n\t\t<div class=\"elementor-element elementor-element-9e32ab1 e-flex e-con-boxed e-con e-parent\" data-id=\"9e32ab1\" data-element_type=\"container\" data-settings=\"{&quot;_ha_eqh_enable&quot;:false}\">\n\t\t\t\t\t<div class=\"e-con-inner\">\n\t\t<div class=\"elementor-element elementor-element-b8085ae e-con-full e-flex e-con e-child\" data-id=\"b8085ae\" data-element_type=\"container\" data-settings=\"{&quot;_ha_eqh_enable&quot;:false}\">\n\t\t\t\t<div class=\"elementor-element elementor-element-ab60f91 elementor-widget elementor-widget-ha-member happy-addon ha-member\" data-id=\"ab60f91\" data-element_type=\"widget\" data-widget_type=\"ha-member.default\">\n\t\t\t\t\t\n\t\t\t\t\t<figure class=\"ha-member-figure\">\n\t\t\t\t<img decoding=\"async\" src=\"https:\/\/windmedya.net\/sagun\/wp-content\/plugins\/elementor\/assets\/images\/placeholder.png\" title=\"\" alt=\"\" class=\"elementor-animation-disable-animation\" loading=\"lazy\" \/>\t\t\t<\/figure>\n\t\t\n\t\t<div class=\"ha-member-body\">\n\t\t\t<h2 class=\"ha-member-name\">Ahmet Tuncay SAGUN<\/h2>\n\t\t\t\t\t\t\t<div class=\"ha-member-position\">\u0631\u0626\u064a\u0633 \u0645\u062c\u0644\u0633 \u0627\u0644\u0625\u062f\u0627\u0631\u0629<\/div>\n\t\t\t\n\t\t\t\n\t\t\t<a class=\"ha-btn ha-btn--link\" href=\"https:\/\/windmedya.net\/sagun\/index.php\/ahmet-tuncay-sagun\/\"><span class=\"ha-btn-text\">Detayl\u0131 Bilgi<\/span><\/a>\n\t\t\t\n\t\t\t\t\t<\/div>\n\t\t\t\t\t\t<\/div>\n\t\t\t\t<\/div>\n\t\t<div class=\"elementor-element elementor-element-1eb4987 e-con-full e-flex e-con e-child\" data-id=\"1eb4987\" data-element_type=\"container\" data-settings=\"{&quot;_ha_eqh_enable&quot;:false}\">\n\t\t\t\t<div class=\"elementor-element elementor-element-be3d095 elementor-widget elementor-widget-ha-member happy-addon ha-member\" data-id=\"be3d095\" data-element_type=\"widget\" data-widget_type=\"ha-member.default\">\n\t\t\t\t\t\n\t\t\t\t\t<figure class=\"ha-member-figure\">\n\t\t\t\t<img decoding=\"async\" src=\"https:\/\/windmedya.net\/sagun\/wp-content\/plugins\/elementor\/assets\/images\/placeholder.png\" title=\"\" alt=\"\" class=\"elementor-animation-disable-animation\" loading=\"lazy\" \/>\t\t\t<\/figure>\n\t\t\n\t\t<div class=\"ha-member-body\">\n\t\t\t<h2 class=\"ha-member-name\">Dr. O\u011fulcan Kemal SAGUN<\/h2>\n\t\t\t\t\t\t\t<div class=\"ha-member-position\">\u0646\u0627\u0626\u0628 \u0631\u0626\u064a\u0633 \u0645\u062c\u0644\u0633 \u0627\u0644\u0625\u062f\u0627\u0631\u0629<\/div>\n\t\t\t\n\t\t\t\n\t\t\t<a class=\"ha-btn ha-btn--link\" href=\"https:\/\/windmedya.net\/sagun\/index.php\/ogulcan-kemal-sagun\/\"><span class=\"ha-btn-text\">Detayl\u0131 Bilgi<\/span><\/a>\n\t\t\t\n\t\t\t\t\t<\/div>\n\t\t\t\t\t\t<\/div>\n\t\t\t\t<\/div>\n\t\t<div class=\"elementor-element elementor-element-cebaa8e e-con-full e-flex e-con e-child\" data-id=\"cebaa8e\" data-element_type=\"container\" data-settings=\"{&quot;_ha_eqh_enable&quot;:false}\">\n\t\t\t\t<div class=\"elementor-element elementor-element-a800c13 elementor-widget elementor-widget-ha-member happy-addon ha-member\" data-id=\"a800c13\" data-element_type=\"widget\" data-widget_type=\"ha-member.default\">\n\t\t\t\t\t\n\t\t\t\t\t<figure class=\"ha-member-figure\">\n\t\t\t\t<img decoding=\"async\" src=\"https:\/\/windmedya.net\/sagun\/wp-content\/plugins\/elementor\/assets\/images\/placeholder.png\" title=\"\" alt=\"\" class=\"elementor-animation-disable-animation\" loading=\"lazy\" \/>\t\t\t<\/figure>\n\t\t\n\t\t<div class=\"ha-member-body\">\n\t\t\t<h2 class=\"ha-member-name\">Av. Nazl\u0131can SAGUN \u00c7\u0130FT\u00c7\u0130 <\/h2>\n\t\t\t\t\t\t\t<div class=\"ha-member-position\">\u0646\u0627\u0626\u0628 \u0631\u0626\u064a\u0633 \u0645\u062c\u0644\u0633 \u0627\u0644\u0625\u062f\u0627\u0631\u0629 \u0648\u0627\u0644\u0645\u0633\u062a\u0634\u0627\u0631 \u0627\u0644\u0642\u0627\u0646\u0648\u0646\u064a <\/div>\n\t\t\t\n\t\t\t\n\t\t\t<a class=\"ha-btn ha-btn--link\" href=\"https:\/\/windmedya.net\/sagun\/index.php\/nazlican-sagun-ciftci\/\"><span class=\"ha-btn-text\">Detayl\u0131 Bilgi<\/span><\/a>\n\t\t\t\n\t\t\t\t\t<\/div>\n\t\t\t\t\t\t<\/div>\n\t\t\t\t<\/div>\n\t\t<div class=\"elementor-element elementor-element-021211e e-con-full e-flex e-con e-child\" data-id=\"021211e\" data-element_type=\"container\" data-settings=\"{&quot;_ha_eqh_enable&quot;:false}\">\n\t\t\t\t<div class=\"elementor-element elementor-element-59d0100 elementor-widget elementor-widget-ha-member happy-addon ha-member\" data-id=\"59d0100\" data-element_type=\"widget\" data-widget_type=\"ha-member.default\">\n\t\t\t\t\t\n\t\t\t\t\t<figure class=\"ha-member-figure\">\n\t\t\t\t<img decoding=\"async\" src=\"https:\/\/windmedya.net\/sagun\/wp-content\/plugins\/elementor\/assets\/images\/placeholder.png\" title=\"\" alt=\"\" class=\"elementor-animation-disable-animation\" loading=\"lazy\" \/>\t\t\t<\/figure>\n\t\t\n\t\t<div class=\"ha-member-body\">\n\t\t\t<h2 class=\"ha-member-name\">Firdevs K\u00dcLEK\u00c7\u0130O\u011eLU<\/h2>\n\t\t\t\t\t\t\t<div class=\"ha-member-position\">\u0639\u0636\u0648 \u0645\u062c\u0644\u0633 \u0627\u0644\u0625\u062f\u0627\u0631\u0629 \u0648\u0627\u0644\u0645\u062f\u064a\u0631 \u0627\u0644\u0645\u0627\u0644\u064a<\/div>\n\t\t\t\n\t\t\t\n\t\t\t<a class=\"ha-btn ha-btn--link\" href=\"https:\/\/windmedya.net\/sagun\/index.php\/firdevs-kulekcioglu\/\"><span class=\"ha-btn-text\">Detayl\u0131 Bilgi<\/span><\/a>\n\t\t\t\n\t\t\t\t\t<\/div>\n\t\t\t\t\t\t<\/div>\n\t\t\t\t<\/div>\n\t\t\t\t\t<\/div>\n\t\t\t\t<\/div>\n\t\t\t\t<\/div>\n\t\t","protected":false},"excerpt":{"rendered":"<p>\u0645\u062c\u0644\u0633 \u0625\u062f\u0627\u0631\u0629 Ahmet Tuncay SAGUN \u0631\u0626\u064a\u0633 \u0645\u062c\u0644\u0633 \u0627\u0644\u0625\u062f\u0627\u0631\u0629 Detayl\u0131 Bilgi Dr. O\u011fulcan Kemal SAGUN \u0646\u0627\u0626\u0628 \u0631\u0626\u064a\u0633 \u0645\u062c\u0644\u0633 \u0627\u0644\u0625\u062f\u0627\u0631\u0629 Detayl\u0131 Bilgi Av. Nazl\u0131can SAGUN \u00c7\u0130FT\u00c7\u0130 \u0646\u0627\u0626\u0628 \u0631\u0626\u064a\u0633 \u0645\u062c\u0644\u0633 \u0627\u0644\u0625\u062f\u0627\u0631\u0629 \u0648\u0627\u0644\u0645\u0633\u062a\u0634\u0627\u0631 \u0627\u0644\u0642\u0627\u0646\u0648\u0646\u064a Detayl\u0131 Bilgi Firdevs K\u00dcLEK\u00c7\u0130O\u011eLU \u0639\u0636\u0648 \u0645\u062c\u0644\u0633 \u0627\u0644\u0625\u062f\u0627\u0631\u0629 \u0648\u0627\u0644\u0645\u062f\u064a\u0631 \u0627\u0644\u0645\u0627\u0644\u064a Detayl\u0131 Bilgi<\/p>\n","protected":false},"author":1,"featured_media":0,"parent":0,"menu_order":0,"comment_status":"closed","ping_status":"closed","template":"elementor_header_footer","meta":{"footnotes":""},"class_list":["post-3598","page","type-page","status-publish","hentry"],"_links":{"self":[{"href":"https:\/\/windmedya.net\/sagun\/index.php\/wp-json\/wp\/v2\/pages\/3598","targetHints":{"allow":["GET"]}}],"collection":[{"href":"https:\/\/windmedya.net\/sagun\/index.php\/wp-json\/wp\/v2\/pages"}],"about":[{"href":"https:\/\/windmedya.net\/sagun\/index.php\/wp-json\/wp\/v2\/types\/page"}],"author":[{"embeddable":true,"href":"https:\/\/windmedya.net\/sagun\/index.php\/wp-json\/wp\/v2\/users\/1"}],"replies":[{"embeddable":true,"href":"https:\/\/windmedya.net\/sagun\/index.php\/wp-json\/wp\/v2\/comments?post=3598"}],"version-history":[{"count":2,"href":"https:\/\/windmedya.net\/sagun\/index.php\/wp-json\/wp\/v2\/pages\/3598\/revisions"}],"predecessor-version":[{"id":4902,"href":"https:\/\/windmedya.net\/sagun\/index.php\/wp-json\/wp\/v2\/pages\/3598\/revisions\/4902"}],"wp:attachment":[{"href":"https:\/\/windmedya.net\/sagun\/index.php\/wp-json\/wp\/v2\/media?parent=3598"}],"curies":[{"name":"wp","href":"https:\/\/api.w.org\/{rel}","templated":true}]}}