{"id":3555,"date":"2025-10-21T21:53:03","date_gmt":"2025-10-21T21:53:03","guid":{"rendered":"https:\/\/windmedya.net\/sagun\/index.php\/tsm-deniz-urunleri\/"},"modified":"2026-01-06T16:01:00","modified_gmt":"2026-01-06T16:01:00","slug":"tsm-deniz-urunleri","status":"publish","type":"page","link":"https:\/\/windmedya.net\/sagun\/index.php\/tsm-deniz-urunleri\/?lang=ar","title":{"rendered":"TSM Deniz \u00dcr\u00fcnleri"},"content":{"rendered":"\t\t<div data-elementor-type=\"wp-page\" data-elementor-id=\"3555\" class=\"elementor elementor-3555 elementor-420\" data-elementor-settings=\"{&quot;ha_cmc_init_switcher&quot;:&quot;no&quot;}\" data-elementor-post-type=\"page\">\n\t\t\t\t<div class=\"elementor-element elementor-element-5d8388d4 e-flex e-con-boxed e-con e-parent\" data-id=\"5d8388d4\" data-element_type=\"container\" data-settings=\"{&quot;background_background&quot;:&quot;classic&quot;,&quot;_ha_eqh_enable&quot;:false}\">\n\t\t\t\t\t<div class=\"e-con-inner\">\n\t\t<div class=\"elementor-element elementor-element-58ab2f46 e-con-full e-flex e-con e-child\" data-id=\"58ab2f46\" data-element_type=\"container\" data-settings=\"{&quot;_ha_eqh_enable&quot;:false}\">\n\t\t\t\t<div class=\"elementor-element elementor-element-8d7661a elementor-invisible elementor-widget elementor-widget-image\" data-id=\"8d7661a\" data-element_type=\"widget\" data-settings=\"{&quot;_animation&quot;:&quot;fadeIn&quot;}\" data-widget_type=\"image.default\">\n\t\t\t\t\t\t\t\t\t\t\t\t\t\t\t<img fetchpriority=\"high\" decoding=\"async\" width=\"300\" height=\"308\" src=\"https:\/\/windmedya.net\/sagun\/wp-content\/uploads\/2025\/12\/tsm-new-8912984.png\" class=\"attachment-full size-full wp-image-3554\" alt=\"\" srcset=\"https:\/\/windmedya.net\/sagun\/wp-content\/uploads\/2025\/12\/tsm-new-8912984.png 300w, https:\/\/windmedya.net\/sagun\/wp-content\/uploads\/2025\/12\/tsm-new-8912984-292x300.png 292w\" sizes=\"(max-width: 300px) 100vw, 300px\" \/>\t\t\t\t\t\t\t\t\t\t\t\t\t\t\t<\/div>\n\t\t\t\t<\/div>\n\t\t\t\t\t<\/div>\n\t\t\t\t<\/div>\n\t\t<div class=\"elementor-element elementor-element-81d4cf2 e-flex e-con-boxed e-con e-parent\" data-id=\"81d4cf2\" data-element_type=\"container\" data-settings=\"{&quot;_ha_eqh_enable&quot;:false}\">\n\t\t\t\t\t<div class=\"e-con-inner\">\n\t\t\t\t<div class=\"elementor-element elementor-element-c25f2cf elementor-widget elementor-widget-heading\" data-id=\"c25f2cf\" data-element_type=\"widget\" data-widget_type=\"heading.default\">\n\t\t\t\t\t<h2 class=\"elementor-heading-title elementor-size-default\">TSM DEN\u0130Z \u00dcR\u00dcNLER\u0130<\/h2>\t\t\t\t<\/div>\n\t\t\t\t<div class=\"elementor-element elementor-element-0e3899f elementor-widget__width-initial elementor-widget elementor-widget-text-editor\" data-id=\"0e3899f\" data-element_type=\"widget\" data-widget_type=\"text-editor.default\">\n\t\t\t\t\t\t\t\t\t<p>\u062a\u0623\u0633\u0633\u062a \u0634\u0631\u0643\u0629 TSM Deniz \u00dcr\u00fcnleri San. ve Tic. A.\u015e. \u0641\u064a \u0639\u0627\u0645 2002 \u0644\u0644\u0642\u064a\u0627\u0645 \u0628\u0623\u0646\u0634\u0637\u0629 \u062a\u0631\u0628\u064a\u0629 \u0627\u0644\u062a\u0648\u0646\u0629 \u062f\u0627\u062e\u0644 \u0627\u0644\u0645\u062c\u0645\u0648\u0639\u0629\u060c \u0648\u0642\u062f \u0627\u0633\u062a\u0645\u0631\u062a \u0641\u064a \u0627\u0644\u0646\u0645\u0648 \u0648\u0627\u0644\u062a\u0637\u0648\u0631 \u0628\u0634\u0643\u0644 \u0645\u0637\u0631\u062f \u0645\u0646\u0630 \u0625\u0646\u0634\u0627\u0626\u0647\u0627.<\/p>\n<p>\u0627\u0641\u062a\u064f\u062a\u062d\u062a \u0645\u0631\u0627\u0641\u0642 \u0627\u0644\u0634\u0631\u0643\u0629 \u0641\u064a \u0627\u0644\u0645\u0646\u0637\u0642\u0629 \u0627\u0644\u0635\u0646\u0627\u0639\u064a\u0629 \u0627\u0644\u0645\u0646\u0638\u0645\u0629 \u0641\u064a \u0623\u0646\u0637\u0627\u0644\u064a\u0627 \u0639\u0627\u0645 \u0662\u0660\u0661\u0661. \u0648\u0628\u0639\u062f \u0627\u062c\u062a\u064a\u0627\u0632\u0647\u0627 \u0628\u0646\u062c\u0627\u062d \u062a\u0641\u062a\u064a\u0634 \u0648\u0632\u0627\u0631\u0629 \u0627\u0644\u0632\u0631\u0627\u0639\u0629\u060c \u062d\u0635\u0644\u062a \u0627\u0644\u0645\u0646\u0634\u0623\u0629 \u0639\u0644\u0649 \u0631\u0642\u0645 \u062a\u0639\u0631\u064a\u0641 \u0645\u0646 \u0627\u0644\u0627\u062a\u062d\u0627\u062f \u0627\u0644\u0623\u0648\u0631\u0648\u0628\u064a. \u0648\u0627\u0644\u064a\u0648\u0645\u060c \u062a\u064f\u0639\u0627\u0644\u064e\u062c \u0648\u062a\u064f\u0635\u062f\u064e\u0651\u0631 \u0645\u0646 \u0647\u0630\u0647 \u0627\u0644\u0645\u0646\u0634\u0623\u0629 \u0627\u0644\u0639\u062f\u064a\u062f \u0645\u0646 \u0627\u0644\u0645\u0646\u062a\u062c\u0627\u062a \u0627\u0644\u062a\u064a \u064a\u062a\u0645 \u0627\u0644\u062d\u0635\u0648\u0644 \u0639\u0644\u064a\u0647\u0627 \u0645\u0646 \u0627\u0644\u0635\u064a\u062f \u0648\u062a\u0631\u0628\u064a\u0629 \u0627\u0644\u0623\u062d\u064a\u0627\u0621 \u0627\u0644\u0645\u0627\u0626\u064a\u0629.  <\/p>\n\t\t\t\t\t\t\t\t<\/div>\n\t\t\t\t\t<\/div>\n\t\t\t\t<\/div>\n\t\t<div class=\"elementor-element elementor-element-ba6ded5 e-con-full e-flex e-con e-parent\" data-id=\"ba6ded5\" data-element_type=\"container\" data-settings=\"{&quot;_ha_eqh_enable&quot;:false}\">\n\t\t\t\t<div class=\"elementor-element elementor-element-597aa1f elementor-widget elementor-widget-google_maps\" data-id=\"597aa1f\" data-element_type=\"widget\" data-widget_type=\"google_maps.default\">\n\t\t\t\t\t\t\t<div class=\"elementor-custom-embed\">\n\t\t\t<iframe loading=\"lazy\"\n\t\t\t\t\tsrc=\"https:\/\/maps.google.com\/maps?q=TSM%20Deniz%20%C3%9Cr%C3%BCnleri&#038;t=m&#038;z=14&#038;output=embed&#038;iwloc=near\"\n\t\t\t\t\ttitle=\"TSM Deniz \u00dcr\u00fcnleri\"\n\t\t\t\t\taria-label=\"TSM Deniz \u00dcr\u00fcnleri\"\n\t\t\t><\/iframe>\n\t\t<\/div>\n\t\t\t\t\t\t<\/div>\n\t\t\t\t<\/div>\n\t\t\t\t<\/div>\n\t\t","protected":false},"excerpt":{"rendered":"<p>TSM DEN\u0130Z \u00dcR\u00dcNLER\u0130 \u062a\u0623\u0633\u0633\u062a \u0634\u0631\u0643\u0629 TSM Deniz \u00dcr\u00fcnleri San. ve Tic. A.\u015e. \u0641\u064a \u0639\u0627\u0645 2002 \u0644\u0644\u0642\u064a\u0627\u0645 \u0628\u0623\u0646\u0634\u0637\u0629 \u062a\u0631\u0628\u064a\u0629 \u0627\u0644\u062a\u0648\u0646\u0629 \u062f\u0627\u062e\u0644 \u0627\u0644\u0645\u062c\u0645\u0648\u0639\u0629\u060c \u0648\u0642\u062f \u0627\u0633\u062a\u0645\u0631\u062a \u0641\u064a \u0627\u0644\u0646\u0645\u0648 \u0648\u0627\u0644\u062a\u0637\u0648\u0631 \u0628\u0634\u0643\u0644 \u0645\u0637\u0631\u062f \u0645\u0646\u0630 \u0625\u0646\u0634\u0627\u0626\u0647\u0627. \u0627\u0641\u062a\u064f\u062a\u062d\u062a \u0645\u0631\u0627\u0641\u0642 \u0627\u0644\u0634\u0631\u0643\u0629 \u0641\u064a \u0627\u0644\u0645\u0646\u0637\u0642\u0629 \u0627\u0644\u0635\u0646\u0627\u0639\u064a\u0629 \u0627\u0644\u0645\u0646\u0638\u0645\u0629 \u0641\u064a \u0623\u0646\u0637\u0627\u0644\u064a\u0627 \u0639\u0627\u0645 \u0662\u0660\u0661\u0661. \u0648\u0628\u0639\u062f \u0627\u062c\u062a\u064a\u0627\u0632\u0647\u0627 \u0628\u0646\u062c\u0627\u062d \u062a\u0641\u062a\u064a\u0634 \u0648\u0632\u0627\u0631\u0629 \u0627\u0644\u0632\u0631\u0627\u0639\u0629\u060c \u062d\u0635\u0644\u062a \u0627\u0644\u0645\u0646\u0634\u0623\u0629 \u0639\u0644\u0649 \u0631\u0642\u0645 \u062a\u0639\u0631\u064a\u0641 \u0645\u0646 \u0627\u0644\u0627\u062a\u062d\u0627\u062f \u0627\u0644\u0623\u0648\u0631\u0648\u0628\u064a. [&hellip;]<\/p>\n","protected":false},"author":1,"featured_media":0,"parent":0,"menu_order":0,"comment_status":"closed","ping_status":"closed","template":"elementor_header_footer","meta":{"footnotes":""},"class_list":["post-3555","page","type-page","status-publish","hentry"],"_links":{"self":[{"href":"https:\/\/windmedya.net\/sagun\/index.php\/wp-json\/wp\/v2\/pages\/3555","targetHints":{"allow":["GET"]}}],"collection":[{"href":"https:\/\/windmedya.net\/sagun\/index.php\/wp-json\/wp\/v2\/pages"}],"about":[{"href":"https:\/\/windmedya.net\/sagun\/index.php\/wp-json\/wp\/v2\/types\/page"}],"author":[{"embeddable":true,"href":"https:\/\/windmedya.net\/sagun\/index.php\/wp-json\/wp\/v2\/users\/1"}],"replies":[{"embeddable":true,"href":"https:\/\/windmedya.net\/sagun\/index.php\/wp-json\/wp\/v2\/comments?post=3555"}],"version-history":[{"count":2,"href":"https:\/\/windmedya.net\/sagun\/index.php\/wp-json\/wp\/v2\/pages\/3555\/revisions"}],"predecessor-version":[{"id":5690,"href":"https:\/\/windmedya.net\/sagun\/index.php\/wp-json\/wp\/v2\/pages\/3555\/revisions\/5690"}],"wp:attachment":[{"href":"https:\/\/windmedya.net\/sagun\/index.php\/wp-json\/wp\/v2\/media?parent=3555"}],"curies":[{"name":"wp","href":"https:\/\/api.w.org\/{rel}","templated":true}]}}