{"id":3488,"date":"2025-11-14T10:28:35","date_gmt":"2025-11-14T10:28:35","guid":{"rendered":"https:\/\/windmedya.net\/sagun\/index.php\/nazlican-sagun-ciftci\/"},"modified":"2025-12-29T14:29:49","modified_gmt":"2025-12-29T14:29:49","slug":"nazlican-sagun-ciftci","status":"publish","type":"page","link":"https:\/\/windmedya.net\/sagun\/index.php\/nazlican-sagun-ciftci\/?lang=ar","title":{"rendered":"Nazl\u0131can Sagun \u00c7ift\u00e7i"},"content":{"rendered":"\t\t<div data-elementor-type=\"wp-page\" data-elementor-id=\"3488\" class=\"elementor elementor-3488 elementor-1503\" data-elementor-settings=\"{&quot;ha_cmc_init_switcher&quot;:&quot;no&quot;}\" data-elementor-post-type=\"page\">\n\t\t\t\t<div class=\"elementor-element elementor-element-1fbc4e2 e-flex e-con-boxed elementor-invisible e-con e-parent\" data-id=\"1fbc4e2\" data-element_type=\"container\" data-settings=\"{&quot;background_background&quot;:&quot;classic&quot;,&quot;animation&quot;:&quot;slideInDown&quot;,&quot;_ha_eqh_enable&quot;:false}\">\n\t\t\t\t\t<div class=\"e-con-inner\">\n\t\t<div class=\"elementor-element elementor-element-50f3eab e-con-full e-flex e-con e-child\" data-id=\"50f3eab\" data-element_type=\"container\" data-settings=\"{&quot;_ha_eqh_enable&quot;:false}\">\n\t\t\t\t<div class=\"elementor-element elementor-element-50bd1c3 elementor-widget elementor-widget-heading\" data-id=\"50bd1c3\" data-element_type=\"widget\" data-widget_type=\"heading.default\">\n\t\t\t\t\t<h2 class=\"elementor-heading-title elementor-size-default\">NAZLICAN SAGUN \u00c7\u0130FT\u00c7\u0130<\/h2>\t\t\t\t<\/div>\n\t\t\t\t<\/div>\n\t\t\t\t\t<\/div>\n\t\t\t\t<\/div>\n\t\t<div class=\"elementor-element elementor-element-6251e8f e-flex e-con-boxed elementor-invisible e-con e-parent\" data-id=\"6251e8f\" data-element_type=\"container\" data-settings=\"{&quot;animation&quot;:&quot;slideInUp&quot;,&quot;_ha_eqh_enable&quot;:false}\">\n\t\t\t\t\t<div class=\"e-con-inner\">\n\t\t\t\t<div class=\"elementor-element elementor-element-bbc8010 elementor-widget elementor-widget-heading\" data-id=\"bbc8010\" data-element_type=\"widget\" data-widget_type=\"heading.default\">\n\t\t\t\t\t<h2 class=\"elementor-heading-title elementor-size-default\">Nazl\u0131can Sagun \u00c7ift\u00e7i<\/h2>\t\t\t\t<\/div>\n\t\t\t\t<div class=\"elementor-element elementor-element-9dc359e elementor-widget__width-initial elementor-widget elementor-widget-text-editor\" data-id=\"9dc359e\" data-element_type=\"widget\" data-widget_type=\"text-editor.default\">\n\t\t\t\t\t\t\t\t\t<p>\u0648\u0644\u062f\u062a \u0646\u0627\u0632\u0644\u064a\u062c\u0627\u0646 \u0633\u0627\u062c\u0648\u0646 \u062a\u0634\u064a\u0641\u062a\u0634\u064a \u0641\u064a \u0625\u0633\u0637\u0646\u0628\u0648\u0644 \u0639\u0627\u0645 1995\u060c \u0648\u0623\u0643\u0645\u0644\u062a \u062a\u0639\u0644\u064a\u0645\u0647\u0627 \u0627\u0644\u062b\u0627\u0646\u0648\u064a \u0641\u064a \u0645\u062f\u0631\u0633\u0629 \u0633\u0627\u0646\u062a \u0628\u064a\u0646\u0648\u0627 \u0627\u0644\u0641\u0631\u0646\u0633\u064a\u0629 \u0627\u0644\u062b\u0627\u0646\u0648\u064a\u0629\u060c \u0648\u0628\u0639\u062f \u062a\u062e\u0631\u062c\u0647\u0627 \u0645\u0646 \u0643\u0644\u064a\u0629 \u0627\u0644\u062d\u0642\u0648\u0642 \u0628\u062c\u0627\u0645\u0639\u0629 \u0623\u0648\u0632\u064a\u063a\u064a\u0646 \u0639\u0627\u0645 2019\u060c \u0628\u062f\u0623\u062a \u0645\u0633\u064a\u0631\u062a\u0647\u0627 \u0627\u0644\u0645\u0647\u0646\u064a\u0629 \u0641\u064a \u0627\u0644\u0639\u0645\u0644 \u0627\u0644\u0639\u0627\u0626\u0644\u064a \u0643\u062c\u064a\u0644 \u0631\u0627\u0628\u0639.  <\/p><p>\u062a\u0634\u063a\u0644 \u0646\u0627\u0632\u0644\u064a\u062c\u0627\u0646 \u0633\u0627\u062c\u0648\u0646 \u062a\u0634\u064a\u0641\u062a\u0634\u064a \u0645\u0646\u0635\u0628 \u0646\u0627\u0626\u0628 \u0631\u0626\u064a\u0633 \u0645\u062c\u0644\u0633 \u0627\u0644\u0625\u062f\u0627\u0631\u0629 \u0648\u0627\u0644\u0645\u0633\u062a\u0634\u0627\u0631\u0629 \u0627\u0644\u0642\u0627\u0646\u0648\u0646\u064a\u0629 \u062f\u0627\u062e\u0644 \u0645\u062c\u0645\u0648\u0639\u0629 \u0633\u0627\u062c\u0648\u0646.<\/p>\t\t\t\t\t\t\t\t<\/div>\n\t\t\t\t\t<\/div>\n\t\t\t\t<\/div>\n\t\t\t\t<\/div>\n\t\t","protected":false},"excerpt":{"rendered":"<p>NAZLICAN SAGUN \u00c7\u0130FT\u00c7\u0130 Nazl\u0131can Sagun \u00c7ift\u00e7i \u0648\u0644\u062f\u062a \u0646\u0627\u0632\u0644\u064a\u062c\u0627\u0646 \u0633\u0627\u062c\u0648\u0646 \u062a\u0634\u064a\u0641\u062a\u0634\u064a \u0641\u064a \u0625\u0633\u0637\u0646\u0628\u0648\u0644 \u0639\u0627\u0645 1995\u060c \u0648\u0623\u0643\u0645\u0644\u062a \u062a\u0639\u0644\u064a\u0645\u0647\u0627 \u0627\u0644\u062b\u0627\u0646\u0648\u064a \u0641\u064a \u0645\u062f\u0631\u0633\u0629 \u0633\u0627\u0646\u062a \u0628\u064a\u0646\u0648\u0627 \u0627\u0644\u0641\u0631\u0646\u0633\u064a\u0629 \u0627\u0644\u062b\u0627\u0646\u0648\u064a\u0629\u060c \u0648\u0628\u0639\u062f \u062a\u062e\u0631\u062c\u0647\u0627 \u0645\u0646 \u0643\u0644\u064a\u0629 \u0627\u0644\u062d\u0642\u0648\u0642 \u0628\u062c\u0627\u0645\u0639\u0629 \u0623\u0648\u0632\u064a\u063a\u064a\u0646 \u0639\u0627\u0645 2019\u060c \u0628\u062f\u0623\u062a \u0645\u0633\u064a\u0631\u062a\u0647\u0627 \u0627\u0644\u0645\u0647\u0646\u064a\u0629 \u0641\u064a \u0627\u0644\u0639\u0645\u0644 \u0627\u0644\u0639\u0627\u0626\u0644\u064a \u0643\u062c\u064a\u0644 \u0631\u0627\u0628\u0639. \u062a\u0634\u063a\u0644 \u0646\u0627\u0632\u0644\u064a\u062c\u0627\u0646 \u0633\u0627\u062c\u0648\u0646 \u062a\u0634\u064a\u0641\u062a\u0634\u064a \u0645\u0646\u0635\u0628 \u0646\u0627\u0626\u0628 \u0631\u0626\u064a\u0633 \u0645\u062c\u0644\u0633 \u0627\u0644\u0625\u062f\u0627\u0631\u0629 \u0648\u0627\u0644\u0645\u0633\u062a\u0634\u0627\u0631\u0629 \u0627\u0644\u0642\u0627\u0646\u0648\u0646\u064a\u0629 \u062f\u0627\u062e\u0644 \u0645\u062c\u0645\u0648\u0639\u0629 \u0633\u0627\u062c\u0648\u0646.<\/p>\n","protected":false},"author":1,"featured_media":0,"parent":0,"menu_order":0,"comment_status":"closed","ping_status":"closed","template":"elementor_header_footer","meta":{"footnotes":""},"class_list":["post-3488","page","type-page","status-publish","hentry"],"_links":{"self":[{"href":"https:\/\/windmedya.net\/sagun\/index.php\/wp-json\/wp\/v2\/pages\/3488","targetHints":{"allow":["GET"]}}],"collection":[{"href":"https:\/\/windmedya.net\/sagun\/index.php\/wp-json\/wp\/v2\/pages"}],"about":[{"href":"https:\/\/windmedya.net\/sagun\/index.php\/wp-json\/wp\/v2\/types\/page"}],"author":[{"embeddable":true,"href":"https:\/\/windmedya.net\/sagun\/index.php\/wp-json\/wp\/v2\/users\/1"}],"replies":[{"embeddable":true,"href":"https:\/\/windmedya.net\/sagun\/index.php\/wp-json\/wp\/v2\/comments?post=3488"}],"version-history":[{"count":1,"href":"https:\/\/windmedya.net\/sagun\/index.php\/wp-json\/wp\/v2\/pages\/3488\/revisions"}],"predecessor-version":[{"id":3489,"href":"https:\/\/windmedya.net\/sagun\/index.php\/wp-json\/wp\/v2\/pages\/3488\/revisions\/3489"}],"wp:attachment":[{"href":"https:\/\/windmedya.net\/sagun\/index.php\/wp-json\/wp\/v2\/media?parent=3488"}],"curies":[{"name":"wp","href":"https:\/\/api.w.org\/{rel}","templated":true}]}}