{"id":3437,"date":"2025-10-21T21:51:21","date_gmt":"2025-10-21T21:51:21","guid":{"rendered":"https:\/\/windmedya.net\/sagun\/index.php\/kemal-balikcilik\/"},"modified":"2026-01-06T19:45:57","modified_gmt":"2026-01-06T19:45:57","slug":"kemal-balikcilik","status":"publish","type":"page","link":"https:\/\/windmedya.net\/sagun\/index.php\/kemal-balikcilik\/?lang=ar","title":{"rendered":"Kemal Bal\u0131k\u00e7\u0131l\u0131k"},"content":{"rendered":"\t\t<div data-elementor-type=\"wp-page\" data-elementor-id=\"3437\" class=\"elementor elementor-3437 elementor-415\" data-elementor-settings=\"{&quot;ha_cmc_init_switcher&quot;:&quot;no&quot;}\" data-elementor-post-type=\"page\">\n\t\t\t\t<div class=\"elementor-element elementor-element-5d8388d4 e-flex e-con-boxed e-con e-parent\" data-id=\"5d8388d4\" data-element_type=\"container\" data-settings=\"{&quot;background_background&quot;:&quot;classic&quot;,&quot;_ha_eqh_enable&quot;:false}\">\n\t\t\t\t\t<div class=\"e-con-inner\">\n\t\t<div class=\"elementor-element elementor-element-58ab2f46 e-con-full e-flex e-con e-child\" data-id=\"58ab2f46\" data-element_type=\"container\" data-settings=\"{&quot;_ha_eqh_enable&quot;:false}\">\n\t\t\t\t<div class=\"elementor-element elementor-element-7ce74d9 elementor-invisible elementor-widget elementor-widget-image\" data-id=\"7ce74d9\" data-element_type=\"widget\" data-settings=\"{&quot;_animation&quot;:&quot;fadeIn&quot;}\" data-widget_type=\"image.default\">\n\t\t\t\t\t\t\t\t\t\t\t\t\t\t\t<img fetchpriority=\"high\" decoding=\"async\" width=\"300\" height=\"308\" src=\"https:\/\/windmedya.net\/sagun\/wp-content\/uploads\/2025\/12\/kml-blk-new-919.png\" class=\"attachment-full size-full wp-image-3436\" alt=\"\" srcset=\"https:\/\/windmedya.net\/sagun\/wp-content\/uploads\/2025\/12\/kml-blk-new-919.png 300w, https:\/\/windmedya.net\/sagun\/wp-content\/uploads\/2025\/12\/kml-blk-new-919-292x300.png 292w\" sizes=\"(max-width: 300px) 100vw, 300px\" \/>\t\t\t\t\t\t\t\t\t\t\t\t\t\t\t<\/div>\n\t\t\t\t<\/div>\n\t\t\t\t\t<\/div>\n\t\t\t\t<\/div>\n\t\t<div class=\"elementor-element elementor-element-81d4cf2 e-flex e-con-boxed e-con e-parent\" data-id=\"81d4cf2\" data-element_type=\"container\" data-settings=\"{&quot;_ha_eqh_enable&quot;:false}\">\n\t\t\t\t\t<div class=\"e-con-inner\">\n\t\t\t\t<div class=\"elementor-element elementor-element-c25f2cf elementor-widget elementor-widget-heading\" data-id=\"c25f2cf\" data-element_type=\"widget\" data-widget_type=\"heading.default\">\n\t\t\t\t\t<h2 class=\"elementor-heading-title elementor-size-default\">KEMAL BALIK\u00c7ILIK<\/h2>\t\t\t\t<\/div>\n\t\t\t\t<div class=\"elementor-element elementor-element-0e3899f elementor-widget__width-initial elementor-widget elementor-widget-text-editor\" data-id=\"0e3899f\" data-element_type=\"widget\" data-widget_type=\"text-editor.default\">\n\t\t\t\t\t\t\t\t\t<p>\u062a\u0623\u0633\u0633\u062a \u0634\u0631\u0643\u0629 \u0643\u0645\u0627\u0644 \u0628\u0627\u0644\u064a\u0643\u062c\u064a\u0644\u064a\u0643 \u0627\u0644\u0645\u062d\u062f\u0648\u062f\u0629 \u0641\u064a \u0633\u0627\u0645\u0633\u0648\u0646 \u0641\u064a \u0623\u0648\u0627\u0626\u0644 \u0627\u0644\u0633\u062a\u064a\u0646\u064a\u0627\u062a\u060c \u062b\u0645 \u062a\u0648\u0633\u0639\u062a \u062a\u062c\u0627\u0631\u062a\u0647\u0627 \u0628\u0627\u0641\u062a\u062a\u0627\u062d \u0645\u062a\u062c\u0631 \u0641\u064a \u0633\u0648\u0642 \u0643\u0648\u0645\u0643\u0627\u0628\u064a \u0644\u0644\u0623\u0633\u0645\u0627\u0643 \u0641\u064a \u0625\u0633\u0637\u0646\u0628\u0648\u0644. \u0648\u0627\u0644\u064a\u0648\u0645\u060c \u062a\u064f\u0639\u062f\u0651 \u0627\u0644\u0634\u0631\u0643\u0629 \u0627\u0644\u0631\u0627\u0626\u062f\u0629 \u0641\u064a \u0645\u062c\u0645\u0648\u0639\u0629 \u0633\u0627\u062c\u0648\u0646\u060c \u0643\u0648\u0646\u0647\u0627 \u0623\u0648\u0644 \u0634\u0631\u0643\u0629 \u062a\u0627\u0628\u0639\u0629 \u0644\u0644\u0645\u062c\u0645\u0648\u0639\u0629 \u0648\u0645\u0635\u062f\u0631\u0647\u0627 \u0627\u0644\u0631\u0626\u064a\u0633\u064a.<\/p><p>\u0627\u0644\u064a\u0648\u0645\u060c \u064a\u0635\u062f\u0651\u0631 \u0643\u0645\u0627\u0644 \u0628\u0627\u0644\u064a\u0643\u062c\u064a\u0644\u064a\u0643 \u0645\u0646\u062a\u062c\u0627\u062a\u0647 \u0625\u0644\u0649 \u0627\u0644\u0639\u062f\u064a\u062f \u0645\u0646 \u0627\u0644\u0628\u0644\u062f\u0627\u0646\u060c \u0645\u0646 \u0641\u0631\u0646\u0633\u0627 \u0625\u0644\u0649 \u0623\u0644\u0645\u0627\u0646\u064a\u0627\u060c \u0648\u0645\u0646 \u0633\u0648\u064a\u0633\u0631\u0627 \u0625\u0644\u0649 \u0628\u0648\u0644\u0646\u062f\u0627\u060c \u0648\u0645\u0646 \u0625\u064a\u0637\u0627\u0644\u064a\u0627 \u0625\u0644\u0649 \u0631\u0648\u0633\u064a\u0627\u060c \u0648\u0645\u0646 \u0627\u0644\u0648\u0644\u0627\u064a\u0627\u062a \u0627\u0644\u0645\u062a\u062d\u062f\u0629 \u0627\u0644\u0623\u0645\u0631\u064a\u0643\u064a\u0629 \u0625\u0644\u0649 \u0627\u0644\u064a\u0627\u0628\u0627\u0646\u060c \u0648\u0645\u0646 \u0643\u0646\u062f\u0627 \u0625\u0644\u0649 \u0643\u0648\u0631\u064a\u0627 \u0627\u0644\u062c\u0646\u0648\u0628\u064a\u0629 \u0648\u0627\u0644\u0635\u064a\u0646\u060c \u0648\u0642\u062f \u0641\u0627\u0632 \u0628\u0627\u0644\u0639\u062f\u064a\u062f \u0645\u0646 \u0627\u0644\u062c\u0648\u0627\u0626\u0632 \u0648\u062d\u0635\u0644 \u0639\u0644\u0649 \u0627\u0644\u0645\u0631\u0643\u0632 \u0627\u0644\u0623\u0648\u0644 \u0641\u064a \u0642\u0637\u0627\u0639\u0647. <\/p><p>\u0641\u064a \u0642\u0637\u0627\u0639 \u062a\u0631\u0628\u064a\u0629 \u0627\u0644\u0623\u062d\u064a\u0627\u0621 \u0627\u0644\u0645\u0627\u0626\u064a\u0629\u060c \u062a\u0645\u062a\u0644\u0643 \u0634\u0631\u0643\u0629 \u0633\u0627\u062c\u0648\u0646 \u0645\u062c\u0645\u0648\u0639\u0629 \u0648\u0627\u0633\u0639\u0629 \u0645\u0646 \u0627\u0644\u0645\u0646\u062a\u062c\u0627\u062a\u060c \u062d\u064a\u062b \u0644\u0627 \u062a\u0635\u062f\u0631 \u0641\u0642\u0637 \u0627\u0644\u062a\u0648\u0646\u0629\u060c \u0648\u0627\u0644\u062f\u0646\u064a\u0633\u060c \u0648\u0627\u0644\u0642\u0627\u0631\u0648\u0635\u060c \u0648\u0627\u0644\u0647\u0627\u0645\u0648\u0631\u060c \u0648\u0633\u0645\u0643 \u0627\u0644\u0633\u0644\u0645\u0648\u0646 \u0627\u0644\u0645\u0631\u0642\u0637\u060c \u0648\u0633\u0645\u0643 \u0627\u0644\u0633\u0644\u0645\u0648\u0646 \u0627\u0644\u0623\u0633\u0648\u062f \u0627\u0644\u0630\u064a \u062a\u0642\u0648\u0645 \u0628\u062a\u0631\u0628\u064a\u062a\u0647 \u0628\u0646\u0641\u0633\u0647\u0627\u060c \u0648\u0644\u0643\u0646 \u0623\u064a\u0636\u064b\u0627 \u0645\u0646\u062a\u062c\u0627\u062a \u0645\u062b\u0644 \u0627\u0644\u0636\u0641\u0627\u062f\u0639 \u0648\u0627\u0644\u0641\u0637\u0631 \u0648\u0627\u0644\u0642\u0648\u0627\u0642\u0639.<\/p><p>\u062a\u064f\u062f\u0627\u0631 \u0627\u0644\u0634\u0631\u0643\u0629 \u0645\u0646 \u0642\u0628\u0644 \u0639\u0627\u0626\u0644\u0629 \u0633\u0627\u062c\u0648\u0646 \u0645\u0646\u0630 \u0623\u0631\u0628\u0639\u0629 \u0623\u062c\u064a\u0627\u0644.<\/p>\t\t\t\t\t\t\t\t<\/div>\n\t\t\t\t\t<\/div>\n\t\t\t\t<\/div>\n\t\t<div class=\"elementor-element elementor-element-4f385a2 e-con-full e-flex e-con e-parent\" data-id=\"4f385a2\" data-element_type=\"container\" data-settings=\"{&quot;_ha_eqh_enable&quot;:false}\">\n\t\t\t\t<div class=\"elementor-element elementor-element-1881ada elementor-widget elementor-widget-google_maps\" data-id=\"1881ada\" data-element_type=\"widget\" data-widget_type=\"google_maps.default\">\n\t\t\t\t\t\t\t<div class=\"elementor-custom-embed\">\n\t\t\t<iframe loading=\"lazy\"\n\t\t\t\t\tsrc=\"https:\/\/maps.google.com\/maps?q=Osmangazi%20Mah.%20Battalgazi%20Cad.%20Sagun%20Plaza%20No%3A%2021&#038;t=m&#038;z=14&#038;output=embed&#038;iwloc=near\"\n\t\t\t\t\ttitle=\"Osmangazi Mah. Battalgazi Cad. Sagun Plaza No: 21\"\n\t\t\t\t\taria-label=\"Osmangazi Mah. Battalgazi Cad. Sagun Plaza No: 21\"\n\t\t\t><\/iframe>\n\t\t<\/div>\n\t\t\t\t\t\t<\/div>\n\t\t\t\t<\/div>\n\t\t\t\t<\/div>\n\t\t","protected":false},"excerpt":{"rendered":"<p>KEMAL BALIK\u00c7ILIK \u062a\u0623\u0633\u0633\u062a \u0634\u0631\u0643\u0629 \u0643\u0645\u0627\u0644 \u0628\u0627\u0644\u064a\u0643\u062c\u064a\u0644\u064a\u0643 \u0627\u0644\u0645\u062d\u062f\u0648\u062f\u0629 \u0641\u064a \u0633\u0627\u0645\u0633\u0648\u0646 \u0641\u064a \u0623\u0648\u0627\u0626\u0644 \u0627\u0644\u0633\u062a\u064a\u0646\u064a\u0627\u062a\u060c \u062b\u0645 \u062a\u0648\u0633\u0639\u062a \u062a\u062c\u0627\u0631\u062a\u0647\u0627 \u0628\u0627\u0641\u062a\u062a\u0627\u062d \u0645\u062a\u062c\u0631 \u0641\u064a \u0633\u0648\u0642 \u0643\u0648\u0645\u0643\u0627\u0628\u064a \u0644\u0644\u0623\u0633\u0645\u0627\u0643 \u0641\u064a \u0625\u0633\u0637\u0646\u0628\u0648\u0644. \u0648\u0627\u0644\u064a\u0648\u0645\u060c \u062a\u064f\u0639\u062f\u0651 \u0627\u0644\u0634\u0631\u0643\u0629 \u0627\u0644\u0631\u0627\u0626\u062f\u0629 \u0641\u064a \u0645\u062c\u0645\u0648\u0639\u0629 \u0633\u0627\u062c\u0648\u0646\u060c \u0643\u0648\u0646\u0647\u0627 \u0623\u0648\u0644 \u0634\u0631\u0643\u0629 \u062a\u0627\u0628\u0639\u0629 \u0644\u0644\u0645\u062c\u0645\u0648\u0639\u0629 \u0648\u0645\u0635\u062f\u0631\u0647\u0627 \u0627\u0644\u0631\u0626\u064a\u0633\u064a. \u0627\u0644\u064a\u0648\u0645\u060c \u064a\u0635\u062f\u0651\u0631 \u0643\u0645\u0627\u0644 \u0628\u0627\u0644\u064a\u0643\u062c\u064a\u0644\u064a\u0643 \u0645\u0646\u062a\u062c\u0627\u062a\u0647 \u0625\u0644\u0649 \u0627\u0644\u0639\u062f\u064a\u062f \u0645\u0646 \u0627\u0644\u0628\u0644\u062f\u0627\u0646\u060c \u0645\u0646 \u0641\u0631\u0646\u0633\u0627 \u0625\u0644\u0649 \u0623\u0644\u0645\u0627\u0646\u064a\u0627\u060c \u0648\u0645\u0646 \u0633\u0648\u064a\u0633\u0631\u0627 \u0625\u0644\u0649 \u0628\u0648\u0644\u0646\u062f\u0627\u060c \u0648\u0645\u0646 [&hellip;]<\/p>\n","protected":false},"author":1,"featured_media":0,"parent":0,"menu_order":0,"comment_status":"closed","ping_status":"closed","template":"elementor_header_footer","meta":{"footnotes":""},"class_list":["post-3437","page","type-page","status-publish","hentry"],"_links":{"self":[{"href":"https:\/\/windmedya.net\/sagun\/index.php\/wp-json\/wp\/v2\/pages\/3437","targetHints":{"allow":["GET"]}}],"collection":[{"href":"https:\/\/windmedya.net\/sagun\/index.php\/wp-json\/wp\/v2\/pages"}],"about":[{"href":"https:\/\/windmedya.net\/sagun\/index.php\/wp-json\/wp\/v2\/types\/page"}],"author":[{"embeddable":true,"href":"https:\/\/windmedya.net\/sagun\/index.php\/wp-json\/wp\/v2\/users\/1"}],"replies":[{"embeddable":true,"href":"https:\/\/windmedya.net\/sagun\/index.php\/wp-json\/wp\/v2\/comments?post=3437"}],"version-history":[{"count":4,"href":"https:\/\/windmedya.net\/sagun\/index.php\/wp-json\/wp\/v2\/pages\/3437\/revisions"}],"predecessor-version":[{"id":5721,"href":"https:\/\/windmedya.net\/sagun\/index.php\/wp-json\/wp\/v2\/pages\/3437\/revisions\/5721"}],"wp:attachment":[{"href":"https:\/\/windmedya.net\/sagun\/index.php\/wp-json\/wp\/v2\/media?parent=3437"}],"curies":[{"name":"wp","href":"https:\/\/api.w.org\/{rel}","templated":true}]}}