{"id":3383,"date":"2025-11-14T10:26:54","date_gmt":"2025-11-14T10:26:54","guid":{"rendered":"https:\/\/windmedya.net\/sagun\/index.php\/firdevs-kulekcioglu\/"},"modified":"2025-12-29T13:57:14","modified_gmt":"2025-12-29T13:57:14","slug":"firdevs-kulekcioglu","status":"publish","type":"page","link":"https:\/\/windmedya.net\/sagun\/index.php\/firdevs-kulekcioglu\/?lang=ar","title":{"rendered":"Firdevs K\u00fclek\u00e7io\u011flu"},"content":{"rendered":"\t\t<div data-elementor-type=\"wp-page\" data-elementor-id=\"3383\" class=\"elementor elementor-3383 elementor-1499\" data-elementor-settings=\"{&quot;ha_cmc_init_switcher&quot;:&quot;no&quot;}\" data-elementor-post-type=\"page\">\n\t\t\t\t<div class=\"elementor-element elementor-element-1fbc4e2 e-flex e-con-boxed elementor-invisible e-con e-parent\" data-id=\"1fbc4e2\" data-element_type=\"container\" data-settings=\"{&quot;background_background&quot;:&quot;classic&quot;,&quot;animation&quot;:&quot;slideInDown&quot;,&quot;_ha_eqh_enable&quot;:false}\">\n\t\t\t\t\t<div class=\"e-con-inner\">\n\t\t<div class=\"elementor-element elementor-element-50f3eab e-con-full e-flex e-con e-child\" data-id=\"50f3eab\" data-element_type=\"container\" data-settings=\"{&quot;_ha_eqh_enable&quot;:false}\">\n\t\t\t\t<div class=\"elementor-element elementor-element-50bd1c3 elementor-widget elementor-widget-heading\" data-id=\"50bd1c3\" data-element_type=\"widget\" data-widget_type=\"heading.default\">\n\t\t\t\t\t<h2 class=\"elementor-heading-title elementor-size-default\">F\u0130RDEVS K\u00dcLEK\u00c7\u0130O\u011eLU<\/h2>\t\t\t\t<\/div>\n\t\t\t\t<\/div>\n\t\t\t\t\t<\/div>\n\t\t\t\t<\/div>\n\t\t<div class=\"elementor-element elementor-element-6251e8f e-flex e-con-boxed elementor-invisible e-con e-parent\" data-id=\"6251e8f\" data-element_type=\"container\" data-settings=\"{&quot;animation&quot;:&quot;slideInUp&quot;,&quot;_ha_eqh_enable&quot;:false}\">\n\t\t\t\t\t<div class=\"e-con-inner\">\n\t\t\t\t<div class=\"elementor-element elementor-element-bbc8010 elementor-widget elementor-widget-heading\" data-id=\"bbc8010\" data-element_type=\"widget\" data-widget_type=\"heading.default\">\n\t\t\t\t\t<h2 class=\"elementor-heading-title elementor-size-default\">Firdevs K\u00fclek\u00e7io\u011flu<\/h2>\t\t\t\t<\/div>\n\t\t\t\t<div class=\"elementor-element elementor-element-9dc359e elementor-widget__width-initial elementor-widget elementor-widget-text-editor\" data-id=\"9dc359e\" data-element_type=\"widget\" data-widget_type=\"text-editor.default\">\n\t\t\t\t\t\t\t\t\t<p>\u0648\u0644\u062f\u062a \u0641\u0631\u062f\u0648\u0633 \u0643\u0648\u0644\u064a\u0643\u062c\u064a \u0623\u0648\u063a\u0644\u0648 \u0639\u0627\u0645 1980\u060c \u0648\u062a\u062e\u0631\u062c\u062a \u0645\u0646 \u0642\u0633\u0645 \u0627\u0644\u062a\u062c\u0627\u0631\u0629 \u0627\u0644\u062e\u0627\u0631\u062c\u064a\u0629 \u0648\u0625\u062f\u0627\u0631\u0629 \u0627\u0644\u0623\u0639\u0645\u0627\u0644 \u0628\u062c\u0627\u0645\u0639\u0629 \u0623\u0648\u0644\u0648\u062f\u0627\u063a\u060c \u062b\u0645 \u0628\u062f\u0623\u062a \u062d\u064a\u0627\u062a\u0647\u0627 \u0627\u0644\u0645\u0647\u0646\u064a\u0629 \u0641\u064a \u0627\u0644\u0634\u0631\u0643\u0629 \u0627\u0644\u0639\u0627\u0626\u0644\u064a\u0629. \u0623\u0635\u0628\u062d\u062a \u0641\u0631\u062f\u0648\u0633 \u0643\u0648\u0644\u064a\u0643\u062c\u064a \u0623\u0648\u063a\u0644\u0648\u060c \u0627\u0644\u062a\u064a \u0634\u063a\u0644\u062a \u0645\u0646\u0635\u0628 \u0639\u0636\u0648 \u0645\u062c\u0644\u0633 \u0625\u062f\u0627\u0631\u0629 \u0641\u064a \u0645\u062c\u0645\u0648\u0639\u0629 \u0633\u0627\u063a\u0648\u0646 \u0645\u0646\u0630 \u0639\u0627\u0645 2001\u060c \u0623\u0648\u0644 \u0627\u0645\u0631\u0623\u0629 \u062a\u0634\u063a\u0644 \u0645\u0646\u0635\u0628 \u0639\u0636\u0648 \u0645\u062c\u0644\u0633 \u0625\u062f\u0627\u0631\u0629 \u0641\u064a \u062c\u0645\u0639\u064a\u0629 \u0645\u0635\u062f\u0631\u064a \u0627\u0644\u0645\u0623\u0643\u0648\u0644\u0627\u062a \u0627\u0644\u0628\u062d\u0631\u064a\u0629 \u0648\u0627\u0644\u0645\u0646\u062a\u062c\u0627\u062a \u0627\u0644\u062d\u064a\u0648\u0627\u0646\u064a\u0629 \u0641\u064a \u0625\u0633\u0637\u0646\u0628\u0648\u0644 \u0641\u064a \u0639\u0627\u0645 2018\u060c \u0648\u0645\u0627 \u0632\u0627\u0644\u062a \u062a\u0639\u0645\u0644 \u0641\u064a \u0647\u0630\u0627 \u0627\u0644\u0645\u0646\u0635\u0628.<\/p>\t\t\t\t\t\t\t\t<\/div>\n\t\t\t\t\t<\/div>\n\t\t\t\t<\/div>\n\t\t\t\t<\/div>\n\t\t","protected":false},"excerpt":{"rendered":"<p>F\u0130RDEVS K\u00dcLEK\u00c7\u0130O\u011eLU Firdevs K\u00fclek\u00e7io\u011flu \u0648\u0644\u062f\u062a \u0641\u0631\u062f\u0648\u0633 \u0643\u0648\u0644\u064a\u0643\u062c\u064a \u0623\u0648\u063a\u0644\u0648 \u0639\u0627\u0645 1980\u060c \u0648\u062a\u062e\u0631\u062c\u062a \u0645\u0646 \u0642\u0633\u0645 \u0627\u0644\u062a\u062c\u0627\u0631\u0629 \u0627\u0644\u062e\u0627\u0631\u062c\u064a\u0629 \u0648\u0625\u062f\u0627\u0631\u0629 \u0627\u0644\u0623\u0639\u0645\u0627\u0644 \u0628\u062c\u0627\u0645\u0639\u0629 \u0623\u0648\u0644\u0648\u062f\u0627\u063a\u060c \u062b\u0645 \u0628\u062f\u0623\u062a \u062d\u064a\u0627\u062a\u0647\u0627 \u0627\u0644\u0645\u0647\u0646\u064a\u0629 \u0641\u064a \u0627\u0644\u0634\u0631\u0643\u0629 \u0627\u0644\u0639\u0627\u0626\u0644\u064a\u0629. \u0623\u0635\u0628\u062d\u062a \u0641\u0631\u062f\u0648\u0633 \u0643\u0648\u0644\u064a\u0643\u062c\u064a \u0623\u0648\u063a\u0644\u0648\u060c \u0627\u0644\u062a\u064a \u0634\u063a\u0644\u062a \u0645\u0646\u0635\u0628 \u0639\u0636\u0648 \u0645\u062c\u0644\u0633 \u0625\u062f\u0627\u0631\u0629 \u0641\u064a \u0645\u062c\u0645\u0648\u0639\u0629 \u0633\u0627\u063a\u0648\u0646 \u0645\u0646\u0630 \u0639\u0627\u0645 2001\u060c \u0623\u0648\u0644 \u0627\u0645\u0631\u0623\u0629 \u062a\u0634\u063a\u0644 \u0645\u0646\u0635\u0628 \u0639\u0636\u0648 \u0645\u062c\u0644\u0633 \u0625\u062f\u0627\u0631\u0629 \u0641\u064a \u062c\u0645\u0639\u064a\u0629 \u0645\u0635\u062f\u0631\u064a \u0627\u0644\u0645\u0623\u0643\u0648\u0644\u0627\u062a \u0627\u0644\u0628\u062d\u0631\u064a\u0629 \u0648\u0627\u0644\u0645\u0646\u062a\u062c\u0627\u062a [&hellip;]<\/p>\n","protected":false},"author":1,"featured_media":0,"parent":0,"menu_order":0,"comment_status":"closed","ping_status":"closed","template":"elementor_header_footer","meta":{"footnotes":""},"class_list":["post-3383","page","type-page","status-publish","hentry"],"_links":{"self":[{"href":"https:\/\/windmedya.net\/sagun\/index.php\/wp-json\/wp\/v2\/pages\/3383","targetHints":{"allow":["GET"]}}],"collection":[{"href":"https:\/\/windmedya.net\/sagun\/index.php\/wp-json\/wp\/v2\/pages"}],"about":[{"href":"https:\/\/windmedya.net\/sagun\/index.php\/wp-json\/wp\/v2\/types\/page"}],"author":[{"embeddable":true,"href":"https:\/\/windmedya.net\/sagun\/index.php\/wp-json\/wp\/v2\/users\/1"}],"replies":[{"embeddable":true,"href":"https:\/\/windmedya.net\/sagun\/index.php\/wp-json\/wp\/v2\/comments?post=3383"}],"version-history":[{"count":1,"href":"https:\/\/windmedya.net\/sagun\/index.php\/wp-json\/wp\/v2\/pages\/3383\/revisions"}],"predecessor-version":[{"id":3384,"href":"https:\/\/windmedya.net\/sagun\/index.php\/wp-json\/wp\/v2\/pages\/3383\/revisions\/3384"}],"wp:attachment":[{"href":"https:\/\/windmedya.net\/sagun\/index.php\/wp-json\/wp\/v2\/media?parent=3383"}],"curies":[{"name":"wp","href":"https:\/\/api.w.org\/{rel}","templated":true}]}}