{"id":3347,"date":"2025-11-14T09:30:25","date_gmt":"2025-11-14T09:30:25","guid":{"rendered":"https:\/\/windmedya.net\/sagun\/index.php\/%d8%a3%d8%b3%d9%85%d8%a7%d9%83-%d8%a3%d9%86%d8%b7%d8%a7%d9%84%d9%8a%d8%a7\/"},"modified":"2025-12-30T11:34:14","modified_gmt":"2025-12-30T11:34:14","slug":"antalya-balik","status":"publish","type":"page","link":"https:\/\/windmedya.net\/sagun\/index.php\/antalya-balik\/?lang=ar","title":{"rendered":"Antalya Bal\u0131k"},"content":{"rendered":"\t\t<div data-elementor-type=\"wp-page\" data-elementor-id=\"3347\" class=\"elementor elementor-3347 elementor-1461\" data-elementor-settings=\"{&quot;ha_cmc_init_switcher&quot;:&quot;no&quot;}\" data-elementor-post-type=\"page\">\n\t\t\t\t<div class=\"elementor-element elementor-element-67a7bbf e-flex e-con-boxed e-con e-parent\" data-id=\"67a7bbf\" data-element_type=\"container\" data-settings=\"{&quot;background_background&quot;:&quot;classic&quot;,&quot;_ha_eqh_enable&quot;:false}\">\n\t\t\t\t\t<div class=\"e-con-inner\">\n\t\t\t\t<div class=\"elementor-element elementor-element-8f24678 elementor-invisible elementor-widget elementor-widget-image\" data-id=\"8f24678\" data-element_type=\"widget\" data-settings=\"{&quot;_animation&quot;:&quot;fadeIn&quot;}\" data-widget_type=\"image.default\">\n\t\t\t\t\t\t\t\t\t\t\t\t\t\t\t<img fetchpriority=\"high\" decoding=\"async\" width=\"300\" height=\"308\" src=\"https:\/\/windmedya.net\/sagun\/wp-content\/uploads\/2025\/12\/antalya-balik-new-9812985.png\" class=\"attachment-full size-full wp-image-3346\" alt=\"\" srcset=\"https:\/\/windmedya.net\/sagun\/wp-content\/uploads\/2025\/12\/antalya-balik-new-9812985.png 300w, https:\/\/windmedya.net\/sagun\/wp-content\/uploads\/2025\/12\/antalya-balik-new-9812985-292x300.png 292w\" sizes=\"(max-width: 300px) 100vw, 300px\" \/>\t\t\t\t\t\t\t\t\t\t\t\t\t\t\t<\/div>\n\t\t\t\t\t<\/div>\n\t\t\t\t<\/div>\n\t\t<div class=\"elementor-element elementor-element-20722ab e-flex e-con-boxed e-con e-parent\" data-id=\"20722ab\" data-element_type=\"container\" data-settings=\"{&quot;_ha_eqh_enable&quot;:false}\">\n\t\t\t\t\t<div class=\"e-con-inner\">\n\t\t\t\t<div class=\"elementor-element elementor-element-4e2cbf7 elementor-widget elementor-widget-heading\" data-id=\"4e2cbf7\" data-element_type=\"widget\" data-widget_type=\"heading.default\">\n\t\t\t\t\t<h2 class=\"elementor-heading-title elementor-size-default\">\u0623\u0633\u0645\u0627\u0643 \u0623\u0646\u0637\u0627\u0644\u064a\u0627<\/h2>\t\t\t\t<\/div>\n\t\t\t\t<div class=\"elementor-element elementor-element-e5d5611 elementor-widget__width-initial elementor-widget elementor-widget-text-editor\" data-id=\"e5d5611\" data-element_type=\"widget\" data-widget_type=\"text-editor.default\">\n\t\t\t\t\t\t\t\t\t<p>\u0623\u0646\u0637\u0627\u0644\u064a\u0627 Bal\u0131k Turizm G\u0131da Ta\u015f\u0131mac\u0131l\u0131k In\u015faat Sanayi ve Ticaret A.\u015e. \u062a\u0623\u0633\u0633\u062a \u0641\u064a \u0623\u0646\u0637\u0627\u0644\u064a\u0627 \u0639\u0627\u0645 1985 \u0648\u062a\u062f\u064a\u0631 \u0645\u0646\u0634\u0623\u0629 \u0644\u0625\u0646\u062a\u0627\u062c \u0627\u0644\u0645\u0623\u0643\u0648\u0644\u0627\u062a \u0627\u0644\u0628\u062d\u0631\u064a\u0629 \u0630\u0627\u062a \u0642\u062f\u0631\u0629 \u0639\u0627\u0644\u064a\u0629 \u062a\u0639\u0645\u0644 \u0641\u064a \u0645\u0639\u0627\u0644\u062c\u0629 \u0627\u0644\u0645\u0623\u0643\u0648\u0644\u0627\u062a \u0627\u0644\u0628\u062d\u0631\u064a\u0629\u060c \u0648\u0627\u0644\u062a\u062c\u0645\u064a\u062f \u0627\u0644\u0645\u0641\u0627\u062c\u0626\u060c \u0648\u0627\u0644\u062a\u0632\u062c\u064a\u062c\u060c \u0648\u0627\u0644\u062a\u062a\u0628\u064a\u0644\u060c \u0648\u0625\u0646\u062a\u0627\u062c \u0627\u0644\u062a\u062f\u062e\u064a\u0646\u060c \u0648\u0627\u0644\u062a\u0639\u0628\u0626\u0629\u060c \u0648\u0627\u0644\u062a\u062e\u0632\u064a\u0646.<\/p>\t\t\t\t\t\t\t\t<\/div>\n\t\t\t\t\t<\/div>\n\t\t\t\t<\/div>\n\t\t<div class=\"elementor-element elementor-element-6db97e6 e-con-full e-flex e-con e-parent\" data-id=\"6db97e6\" data-element_type=\"container\" data-settings=\"{&quot;_ha_eqh_enable&quot;:false}\">\n\t\t\t\t<div class=\"elementor-element elementor-element-7fa0815 elementor-widget elementor-widget-google_maps\" data-id=\"7fa0815\" data-element_type=\"widget\" data-widget_type=\"google_maps.default\">\n\t\t\t\t\t\t\t<div class=\"elementor-custom-embed\">\n\t\t\t<iframe loading=\"lazy\"\n\t\t\t\t\tsrc=\"https:\/\/maps.google.com\/maps?q=Organize%20Sanayi%20B%C3%B6lgesi%202.%20K%C4%B1s%C4%B1m%2024.%20Cadde%20D%C3%96%C5%9EEMEALTI%2FANTALYA%20-%20Antalya%20%2F%20T%C3%BCrkiye&#038;t=m&#038;z=14&#038;output=embed&#038;iwloc=near\"\n\t\t\t\t\ttitle=\"Organize Sanayi B\u00f6lgesi 2. K\u0131s\u0131m 24. Cadde D\u00d6\u015eEMEALTI\/ANTALYA - Antalya \/ T\u00fcrkiye\"\n\t\t\t\t\taria-label=\"Organize Sanayi B\u00f6lgesi 2. K\u0131s\u0131m 24. Cadde D\u00d6\u015eEMEALTI\/ANTALYA - Antalya \/ T\u00fcrkiye\"\n\t\t\t><\/iframe>\n\t\t<\/div>\n\t\t\t\t\t\t<\/div>\n\t\t\t\t<\/div>\n\t\t\t\t<\/div>\n\t\t","protected":false},"excerpt":{"rendered":"<p>\u0623\u0633\u0645\u0627\u0643 \u0623\u0646\u0637\u0627\u0644\u064a\u0627 \u0623\u0646\u0637\u0627\u0644\u064a\u0627 Bal\u0131k Turizm G\u0131da Ta\u015f\u0131mac\u0131l\u0131k In\u015faat Sanayi ve Ticaret A.\u015e. \u062a\u0623\u0633\u0633\u062a \u0641\u064a \u0623\u0646\u0637\u0627\u0644\u064a\u0627 \u0639\u0627\u0645 1985 \u0648\u062a\u062f\u064a\u0631 \u0645\u0646\u0634\u0623\u0629 \u0644\u0625\u0646\u062a\u0627\u062c \u0627\u0644\u0645\u0623\u0643\u0648\u0644\u0627\u062a \u0627\u0644\u0628\u062d\u0631\u064a\u0629 \u0630\u0627\u062a \u0642\u062f\u0631\u0629 \u0639\u0627\u0644\u064a\u0629 \u062a\u0639\u0645\u0644 \u0641\u064a \u0645\u0639\u0627\u0644\u062c\u0629 \u0627\u0644\u0645\u0623\u0643\u0648\u0644\u0627\u062a \u0627\u0644\u0628\u062d\u0631\u064a\u0629\u060c \u0648\u0627\u0644\u062a\u062c\u0645\u064a\u062f \u0627\u0644\u0645\u0641\u0627\u062c\u0626\u060c \u0648\u0627\u0644\u062a\u0632\u062c\u064a\u062c\u060c \u0648\u0627\u0644\u062a\u062a\u0628\u064a\u0644\u060c \u0648\u0625\u0646\u062a\u0627\u062c \u0627\u0644\u062a\u062f\u062e\u064a\u0646\u060c \u0648\u0627\u0644\u062a\u0639\u0628\u0626\u0629\u060c \u0648\u0627\u0644\u062a\u062e\u0632\u064a\u0646.<\/p>\n","protected":false},"author":1,"featured_media":0,"parent":0,"menu_order":0,"comment_status":"closed","ping_status":"closed","template":"elementor_header_footer","meta":{"footnotes":""},"class_list":["post-3347","page","type-page","status-publish","hentry"],"_links":{"self":[{"href":"https:\/\/windmedya.net\/sagun\/index.php\/wp-json\/wp\/v2\/pages\/3347","targetHints":{"allow":["GET"]}}],"collection":[{"href":"https:\/\/windmedya.net\/sagun\/index.php\/wp-json\/wp\/v2\/pages"}],"about":[{"href":"https:\/\/windmedya.net\/sagun\/index.php\/wp-json\/wp\/v2\/types\/page"}],"author":[{"embeddable":true,"href":"https:\/\/windmedya.net\/sagun\/index.php\/wp-json\/wp\/v2\/users\/1"}],"replies":[{"embeddable":true,"href":"https:\/\/windmedya.net\/sagun\/index.php\/wp-json\/wp\/v2\/comments?post=3347"}],"version-history":[{"count":3,"href":"https:\/\/windmedya.net\/sagun\/index.php\/wp-json\/wp\/v2\/pages\/3347\/revisions"}],"predecessor-version":[{"id":4852,"href":"https:\/\/windmedya.net\/sagun\/index.php\/wp-json\/wp\/v2\/pages\/3347\/revisions\/4852"}],"wp:attachment":[{"href":"https:\/\/windmedya.net\/sagun\/index.php\/wp-json\/wp\/v2\/media?parent=3347"}],"curies":[{"name":"wp","href":"https:\/\/api.w.org\/{rel}","templated":true}]}}