{"id":250,"date":"2025-10-21T11:52:07","date_gmt":"2025-10-21T11:52:07","guid":{"rendered":"https:\/\/windmedya.net\/sagun\/?page_id=250"},"modified":"2025-12-11T20:21:06","modified_gmt":"2025-12-11T20:21:06","slug":"yem-uretimi","status":"publish","type":"page","link":"https:\/\/windmedya.net\/sagun\/index.php\/yem-uretimi\/","title":{"rendered":"Yem \u00dcretimi"},"content":{"rendered":"\t\t<div data-elementor-type=\"wp-page\" data-elementor-id=\"250\" class=\"elementor elementor-250\" data-elementor-settings=\"{&quot;ha_cmc_init_switcher&quot;:&quot;no&quot;}\" data-elementor-post-type=\"page\">\n\t\t\t\t<div class=\"elementor-element elementor-element-e879e9b e-flex e-con-boxed e-con e-parent\" data-id=\"e879e9b\" data-element_type=\"container\" data-settings=\"{&quot;background_background&quot;:&quot;classic&quot;,&quot;_ha_eqh_enable&quot;:false}\">\n\t\t\t\t\t<div class=\"e-con-inner\">\n\t\t<div class=\"elementor-element elementor-element-f044146 e-con-full e-flex e-con e-child\" data-id=\"f044146\" data-element_type=\"container\" data-settings=\"{&quot;_ha_eqh_enable&quot;:false}\">\n\t\t\t\t<div class=\"elementor-element elementor-element-d4c3139 elementor-widget elementor-widget-heading\" data-id=\"d4c3139\" data-element_type=\"widget\" data-widget_type=\"heading.default\">\n\t\t\t\t\t<h2 class=\"elementor-heading-title elementor-size-default\">YEM \u00dcRET\u0130M\u0130<\/h2>\t\t\t\t<\/div>\n\t\t\t\t<\/div>\n\t\t\t\t\t<\/div>\n\t\t\t\t<\/div>\n\t\t<div class=\"elementor-element elementor-element-2148e2a e-flex e-con-boxed e-con e-parent\" data-id=\"2148e2a\" data-element_type=\"container\" data-settings=\"{&quot;_ha_eqh_enable&quot;:false}\">\n\t\t\t\t\t<div class=\"e-con-inner\">\n\t\t<div class=\"elementor-element elementor-element-7a61a2eb e-con-full e-flex elementor-invisible e-con e-child\" data-id=\"7a61a2eb\" data-element_type=\"container\" data-settings=\"{&quot;animation&quot;:&quot;fadeInLeft&quot;,&quot;_ha_eqh_enable&quot;:false}\">\n\t\t\t\t<div class=\"elementor-element elementor-element-5e893329 elementor-widget elementor-widget-heading\" data-id=\"5e893329\" data-element_type=\"widget\" data-widget_type=\"heading.default\">\n\t\t\t\t\t<h2 class=\"elementor-heading-title elementor-size-default\">Yem \u00dcretimi<\/h2>\t\t\t\t<\/div>\n\t\t\t\t<div class=\"elementor-element elementor-element-1279621 elementor-widget__width-initial elementor-widget elementor-widget-text-editor\" data-id=\"1279621\" data-element_type=\"widget\" data-widget_type=\"text-editor.default\">\n\t\t\t\t\t\t\t\t\t<p>Group Sagun, su \u00fcr\u00fcnleri yeti\u015ftiricili\u011finde s\u00fcrd\u00fcr\u00fclebilirli\u011fi desteklemek amac\u0131yla\u00a0y\u00fcksek performansl\u0131 yem \u00fcretim sistemlerine\u00a0sahiptir. Bu faaliyet, Danimarka merkezli\u00a0BioMar Group\u00a0ile y\u00fcr\u00fct\u00fclen stratejik ortakl\u0131k kapsam\u0131nda ger\u00e7ekle\u015ftirilmekte olup,\u00a0BioMar-Sagun\u00a0markas\u0131 alt\u0131nda faaliyet g\u00f6stermektedir.<\/p>\t\t\t\t\t\t\t\t<\/div>\n\t\t\t\t<\/div>\n\t\t<div class=\"elementor-element elementor-element-6e06b100 e-con-full e-flex e-con e-child\" data-id=\"6e06b100\" data-element_type=\"container\" data-settings=\"{&quot;_ha_eqh_enable&quot;:false}\">\n\t\t<div class=\"elementor-element elementor-element-77043bc e-con-full e-flex e-con e-child\" data-id=\"77043bc\" data-element_type=\"container\" data-settings=\"{&quot;_ha_eqh_enable&quot;:false}\">\n\t\t\t\t<div class=\"elementor-element elementor-element-1e4952cb elementor-arrows-position-inside elementor-invisible elementor-widget elementor-widget-image-carousel\" data-id=\"1e4952cb\" data-element_type=\"widget\" data-settings=\"{&quot;slides_to_show&quot;:&quot;1&quot;,&quot;navigation&quot;:&quot;arrows&quot;,&quot;_animation&quot;:&quot;fadeInLeft&quot;,&quot;autoplay&quot;:&quot;yes&quot;,&quot;pause_on_hover&quot;:&quot;yes&quot;,&quot;pause_on_interaction&quot;:&quot;yes&quot;,&quot;autoplay_speed&quot;:5000,&quot;infinite&quot;:&quot;yes&quot;,&quot;effect&quot;:&quot;slide&quot;,&quot;speed&quot;:500}\" data-widget_type=\"image-carousel.default\">\n\t\t\t\t\t\t\t<div class=\"elementor-image-carousel-wrapper swiper\" role=\"region\" aria-roledescription=\"carousel\" aria-label=\"Image Carousel\" dir=\"ltr\">\n\t\t\t<div class=\"elementor-image-carousel swiper-wrapper\" aria-live=\"off\">\n\t\t\t\t\t\t\t\t<div class=\"swiper-slide\" role=\"group\" aria-roledescription=\"slide\" aria-label=\"1 \/ 2\"><figure class=\"swiper-slide-inner\"><img decoding=\"async\" class=\"swiper-slide-image\" src=\"https:\/\/windmedya.net\/sagun\/wp-content\/uploads\/elementor\/thumbs\/HENDER_FOLDER-Large-rg0kb8cgw015rge898y1edbfl7idzxccwcr45jl3bc.jpg\" alt=\"HENDER_FOLDER (Large)\" \/><\/figure><\/div><div class=\"swiper-slide\" role=\"group\" aria-roledescription=\"slide\" aria-label=\"2 \/ 2\"><figure class=\"swiper-slide-inner\"><img decoding=\"async\" class=\"swiper-slide-image\" src=\"https:\/\/windmedya.net\/sagun\/wp-content\/uploads\/elementor\/thumbs\/balik-yemi-2-e1555590731633-rd6yedygxreot5z89905w2xu17cgikn1kw2drw0lxk.png\" alt=\"balik-yemi-2-e1555590731633\" \/><\/figure><\/div>\t\t\t<\/div>\n\t\t\t\t\t\t\t\t\t\t\t\t<div class=\"elementor-swiper-button elementor-swiper-button-prev\" role=\"button\" tabindex=\"0\">\n\t\t\t\t\t\t<svg aria-hidden=\"true\" class=\"e-font-icon-svg e-eicon-chevron-left\" viewBox=\"0 0 1000 1000\" xmlns=\"http:\/\/www.w3.org\/2000\/svg\"><path d=\"M646 125C629 125 613 133 604 142L308 442C296 454 292 471 292 487 292 504 296 521 308 533L604 854C617 867 629 875 646 875 663 875 679 871 692 858 704 846 713 829 713 812 713 796 708 779 692 767L438 487 692 225C700 217 708 204 708 187 708 171 704 154 692 142 675 129 663 125 646 125Z\"><\/path><\/svg>\t\t\t\t\t<\/div>\n\t\t\t\t\t<div class=\"elementor-swiper-button elementor-swiper-button-next\" role=\"button\" tabindex=\"0\">\n\t\t\t\t\t\t<svg aria-hidden=\"true\" class=\"e-font-icon-svg e-eicon-chevron-right\" viewBox=\"0 0 1000 1000\" xmlns=\"http:\/\/www.w3.org\/2000\/svg\"><path d=\"M696 533C708 521 713 504 713 487 713 471 708 454 696 446L400 146C388 133 375 125 354 125 338 125 325 129 313 142 300 154 292 171 292 187 292 204 296 221 308 233L563 492 304 771C292 783 288 800 288 817 288 833 296 850 308 863 321 871 338 875 354 875 371 875 388 867 400 854L696 533Z\"><\/path><\/svg>\t\t\t\t\t<\/div>\n\t\t\t\t\n\t\t\t\t\t\t\t\t\t<\/div>\n\t\t\t\t\t\t<\/div>\n\t\t\t\t<\/div>\n\t\t<div class=\"elementor-element elementor-element-5a0e67c1 e-con-full e-flex e-con e-child\" data-id=\"5a0e67c1\" data-element_type=\"container\" data-settings=\"{&quot;_ha_eqh_enable&quot;:false}\">\n\t\t<div class=\"elementor-element elementor-element-c2e9cbf e-con-full e-flex e-con e-child\" data-id=\"c2e9cbf\" data-element_type=\"container\" data-settings=\"{&quot;_ha_eqh_enable&quot;:false}\">\n\t\t<div class=\"elementor-element elementor-element-59a868fc e-con-full e-flex elementor-invisible e-con e-child\" data-id=\"59a868fc\" data-element_type=\"container\" data-settings=\"{&quot;animation&quot;:&quot;zoomIn&quot;,&quot;_ha_eqh_enable&quot;:false}\">\n\t\t\t\t<div class=\"elementor-element elementor-element-7b0ad202 jkit-equal-height-disable elementor-widget elementor-widget-jkit_icon_box\" data-id=\"7b0ad202\" data-element_type=\"widget\" data-widget_type=\"jkit_icon_box.default\">\n\t\t\t\t\t<div  class=\"jeg-elementor-kit jkit-icon-box icon-position- elementor-animation- jeg_module___69d2ab1638767\" ><div class=\"jkit-icon-box-wrapper hover-from-left\"><div class=\"icon-box icon-box-header elementor-animation-\"><div class=\"icon style-color\"><i aria-hidden=\"true\" class=\"huge huge-recycle-01\"><\/i><\/div><\/div><div class=\"icon-box icon-box-body\">\n                <h2 class=\"title\">S\u00fcrd\u00fcr\u00fclebilir \u00dcretim<\/h2>\n            <\/div>\n            \n            <\/div><\/div>\t\t\t\t<\/div>\n\t\t\t\t<\/div>\n\t\t<div class=\"elementor-element elementor-element-7639a9f1 e-con-full e-flex elementor-invisible e-con e-child\" data-id=\"7639a9f1\" data-element_type=\"container\" data-settings=\"{&quot;animation&quot;:&quot;fadeInRight&quot;,&quot;_ha_eqh_enable&quot;:false}\">\n\t\t\t\t<div class=\"elementor-element elementor-element-948df4a jkit-equal-height-disable elementor-widget elementor-widget-jkit_icon_box\" data-id=\"948df4a\" data-element_type=\"widget\" data-widget_type=\"jkit_icon_box.default\">\n\t\t\t\t\t<div  class=\"jeg-elementor-kit jkit-icon-box icon-position- elementor-animation- jeg_module__1_69d2ab163a0e7\" ><div class=\"jkit-icon-box-wrapper hover-from-left\"><div class=\"icon-box icon-box-header elementor-animation-\"><div class=\"icon style-color\"><i aria-hidden=\"true\" class=\"jki jki-diamond11-light\"><\/i><\/div><\/div><div class=\"icon-box icon-box-body\">\n                <h2 class=\"title\">Y\u00fcksek Kalite Standartlar\u0131<\/h2>\n            <\/div>\n            \n            <\/div><\/div>\t\t\t\t<\/div>\n\t\t\t\t<\/div>\n\t\t\t\t<\/div>\n\t\t<div class=\"elementor-element elementor-element-71f4a8dc e-con-full e-flex e-con e-child\" data-id=\"71f4a8dc\" data-element_type=\"container\" data-settings=\"{&quot;_ha_eqh_enable&quot;:false}\">\n\t\t<div class=\"elementor-element elementor-element-4b3bbe04 e-con-full e-flex elementor-invisible e-con e-child\" data-id=\"4b3bbe04\" data-element_type=\"container\" data-settings=\"{&quot;animation&quot;:&quot;zoomIn&quot;,&quot;_ha_eqh_enable&quot;:false}\">\n\t\t\t\t<div class=\"elementor-element elementor-element-52b492c7 jkit-equal-height-disable elementor-widget elementor-widget-jkit_icon_box\" data-id=\"52b492c7\" data-element_type=\"widget\" data-widget_type=\"jkit_icon_box.default\">\n\t\t\t\t\t<div  class=\"jeg-elementor-kit jkit-icon-box icon-position- elementor-animation- jeg_module__2_69d2ab163afd0\" ><div class=\"jkit-icon-box-wrapper hover-from-left\"><div class=\"icon-box icon-box-header elementor-animation-\"><div class=\"icon style-color\"><i aria-hidden=\"true\" class=\"jki jki-user-line\"><\/i><\/div><\/div><div class=\"icon-box icon-box-body\">\n                <h2 class=\"title\">Uzman<br> Kadro<\/h2>\n            <\/div>\n            \n            <\/div><\/div>\t\t\t\t<\/div>\n\t\t\t\t<\/div>\n\t\t<div class=\"elementor-element elementor-element-e482320 e-con-full e-flex elementor-invisible e-con e-child\" data-id=\"e482320\" data-element_type=\"container\" data-settings=\"{&quot;animation&quot;:&quot;fadeInRight&quot;,&quot;_ha_eqh_enable&quot;:false}\">\n\t\t\t\t<div class=\"elementor-element elementor-element-323ab33d jkit-equal-height-disable elementor-widget elementor-widget-jkit_icon_box\" data-id=\"323ab33d\" data-element_type=\"widget\" data-widget_type=\"jkit_icon_box.default\">\n\t\t\t\t\t<div  class=\"jeg-elementor-kit jkit-icon-box icon-position- elementor-animation- jeg_module__3_69d2ab163bf18\" ><div class=\"jkit-icon-box-wrapper hover-from-left\"><div class=\"icon-box icon-box-header elementor-animation-\"><div class=\"icon style-color\"><i aria-hidden=\"true\" class=\"hm hm-plane\"><\/i><\/div><\/div><div class=\"icon-box icon-box-body\">\n                <h2 class=\"title\">D\u00fcnya \u00c7ap\u0131nda Teslimat<\/h2>\n            <\/div>\n            \n            <\/div><\/div>\t\t\t\t<\/div>\n\t\t\t\t<\/div>\n\t\t\t\t<\/div>\n\t\t<div class=\"elementor-element elementor-element-7d2df8cd e-con-full e-flex e-con e-child\" data-id=\"7d2df8cd\" data-element_type=\"container\" data-settings=\"{&quot;_ha_eqh_enable&quot;:false}\">\n\t\t<div class=\"elementor-element elementor-element-49cbcf64 e-con-full e-flex elementor-invisible e-con e-child\" data-id=\"49cbcf64\" data-element_type=\"container\" data-settings=\"{&quot;animation&quot;:&quot;zoomIn&quot;,&quot;_ha_eqh_enable&quot;:false}\">\n\t\t\t\t<div class=\"elementor-element elementor-element-2354c787 jkit-equal-height-disable elementor-widget elementor-widget-jkit_icon_box\" data-id=\"2354c787\" data-element_type=\"widget\" data-widget_type=\"jkit_icon_box.default\">\n\t\t\t\t\t<div  class=\"jeg-elementor-kit jkit-icon-box icon-position- elementor-animation- jeg_module__4_69d2ab163cce4\" ><div class=\"jkit-icon-box-wrapper hover-from-left\"><div class=\"icon-box icon-box-header elementor-animation-\"><div class=\"icon style-color\"><i aria-hidden=\"true\" class=\"jki jki-certificate-solid\"><\/i><\/div><\/div><div class=\"icon-box icon-box-body\">\n                <h2 class=\"title\">Sertifikal\u0131<br> \u00dcretim<\/h2>\n            <\/div>\n            \n            <\/div><\/div>\t\t\t\t<\/div>\n\t\t\t\t<\/div>\n\t\t<div class=\"elementor-element elementor-element-416c4668 e-con-full e-flex elementor-invisible e-con e-child\" data-id=\"416c4668\" data-element_type=\"container\" data-settings=\"{&quot;animation&quot;:&quot;fadeInRight&quot;,&quot;_ha_eqh_enable&quot;:false}\">\n\t\t\t\t<div class=\"elementor-element elementor-element-cdcfd0a jkit-equal-height-disable elementor-widget elementor-widget-jkit_icon_box\" data-id=\"cdcfd0a\" data-element_type=\"widget\" data-widget_type=\"jkit_icon_box.default\">\n\t\t\t\t\t<div  class=\"jeg-elementor-kit jkit-icon-box icon-position- elementor-animation- jeg_module__5_69d2ab163dc0b\" ><div class=\"jkit-icon-box-wrapper hover-from-left\"><div class=\"icon-box icon-box-header elementor-animation-\"><div class=\"icon style-color\"><i aria-hidden=\"true\" class=\"jki jki-leaf-light\"><\/i><\/div><\/div><div class=\"icon-box icon-box-body\">\n                <h2 class=\"title\">Do\u011fa Dostu <br>\u00dcretim<\/h2>\n            <\/div>\n            \n            <\/div><\/div>\t\t\t\t<\/div>\n\t\t\t\t<\/div>\n\t\t\t\t<\/div>\n\t\t\t\t<\/div>\n\t\t\t\t<\/div>\n\t\t\t\t\t<\/div>\n\t\t\t\t<\/div>\n\t\t<div class=\"elementor-element elementor-element-5c8ca99 e-flex e-con-boxed e-con e-parent\" data-id=\"5c8ca99\" data-element_type=\"container\" data-settings=\"{&quot;_ha_eqh_enable&quot;:false}\">\n\t\t\t\t\t<div class=\"e-con-inner\">\n\t\t\t\t<div class=\"elementor-element elementor-element-fd6d640 elementor-widget__width-initial elementor-widget elementor-widget-text-editor\" data-id=\"fd6d640\" data-element_type=\"widget\" data-widget_type=\"text-editor.default\">\n\t\t\t\t\t\t\t\t\t<p>Yem \u00fcretim tesisleri\u00a0Ayd\u0131n\/S\u00f6ke\u2019de\u00a0yer almakta ve bal\u0131klar\u0131n t\u00fcm ya\u015fam d\u00f6ng\u00fcs\u00fcn\u00fc kapsayacak \u015fekilde \u00f6zel form\u00fcller geli\u015ftirilmektedir. BioMar-Sagun, farkl\u0131 t\u00fcrlerin\u00a0beslenme ihtiya\u00e7lar\u0131na g\u00f6re \u00f6zelle\u015ftirilmi\u015f yem \u00e7\u00f6z\u00fcmleri sunmaktad\u0131r. Bu \u00fcr\u00fcnler, y\u00fcksek\u00a0sindirilebilirlik,\u00a0enerji yo\u011funlu\u011fu\u00a0ve\u00a0besin dengesine\u00a0sahip form\u00fclasyonlar\u0131yla \u00f6ne \u00e7\u0131kmaktad\u0131r.<\/p><p>\u00dcretim s\u00fcre\u00e7leri,\u00a0BioMar\u2019\u0131n Danimarka\u2019daki Ar-Ge merkeziyle entegre\u00a0\u00e7al\u0131\u015fmaktad\u0131r. Bu sayede her yem form\u00fcl\u00fc bilimsel testlerden ge\u00e7irilerek geli\u015ftirilmektedir. Hedef, bal\u0131klar\u0131n h\u0131zl\u0131 ve sa\u011fl\u0131kl\u0131 geli\u015fimini desteklemek, su kaynaklar\u0131n\u0131n verimli kullan\u0131lmas\u0131n\u0131 sa\u011flamak ve \u00e7evresel etkileri en aza indirmektir.<\/p><p>Sagun\u2019un yem \u00fcretim tesislerinde kullan\u0131lan hammaddeler titizlikle se\u00e7ilmekle birlikte; hi\u00e7bir \u015fekilde GDO\u2019lu bile\u015fen kullan\u0131lmamaktad\u0131r. \u00dcretim,\u00a0ISO 9001, ISO 22000 ve GlobalG.A.P.\u00a0standartlar\u0131na uygun \u015fekilde y\u00fcr\u00fct\u00fclmektedir.<\/p><p>Bu yakla\u015f\u0131m sayesinde Group Sagun, hem\u00a0verimli yeti\u015ftiricili\u011fi\u00a0hem de\u00a0s\u00fcrd\u00fcr\u00fclebilir \u00e7evre politikalar\u0131n\u0131\u00a0ayn\u0131 \u00e7at\u0131 alt\u0131nda bulu\u015fturmaktad\u0131r. \u201cFeeding the Future of Aquaculture\u201d vizyonuyla hareket eden BioMar-Sagun, T\u00fcrkiye ve \u00e7evre \u00fclkelerde su \u00fcr\u00fcnleri sekt\u00f6r\u00fcn\u00fcn geli\u015fimine y\u00f6n vermektedir.<\/p>\t\t\t\t\t\t\t\t<\/div>\n\t\t\t\t\t<\/div>\n\t\t\t\t<\/div>\n\t\t\t\t<\/div>\n\t\t","protected":false},"excerpt":{"rendered":"<p>YEM \u00dcRET\u0130M\u0130 Yem \u00dcretimi Group Sagun, su \u00fcr\u00fcnleri yeti\u015ftiricili\u011finde s\u00fcrd\u00fcr\u00fclebilirli\u011fi desteklemek amac\u0131yla\u00a0y\u00fcksek performansl\u0131 yem \u00fcretim sistemlerine\u00a0sahiptir. Bu faaliyet, Danimarka merkezli\u00a0BioMar Group\u00a0ile y\u00fcr\u00fct\u00fclen stratejik ortakl\u0131k kapsam\u0131nda ger\u00e7ekle\u015ftirilmekte olup,\u00a0BioMar-Sagun\u00a0markas\u0131 alt\u0131nda faaliyet g\u00f6stermektedir. S\u00fcrd\u00fcr\u00fclebilir \u00dcretim Y\u00fcksek Kalite Standartlar\u0131 Uzman Kadro D\u00fcnya \u00c7ap\u0131nda Teslimat Sertifikal\u0131 \u00dcretim Do\u011fa Dostu \u00dcretim Yem \u00fcretim tesisleri\u00a0Ayd\u0131n\/S\u00f6ke\u2019de\u00a0yer almakta ve bal\u0131klar\u0131n t\u00fcm ya\u015fam d\u00f6ng\u00fcs\u00fcn\u00fc kapsayacak [&hellip;]<\/p>\n","protected":false},"author":1,"featured_media":0,"parent":0,"menu_order":0,"comment_status":"closed","ping_status":"closed","template":"elementor_header_footer","meta":{"footnotes":""},"class_list":["post-250","page","type-page","status-publish","hentry"],"_links":{"self":[{"href":"https:\/\/windmedya.net\/sagun\/index.php\/wp-json\/wp\/v2\/pages\/250","targetHints":{"allow":["GET"]}}],"collection":[{"href":"https:\/\/windmedya.net\/sagun\/index.php\/wp-json\/wp\/v2\/pages"}],"about":[{"href":"https:\/\/windmedya.net\/sagun\/index.php\/wp-json\/wp\/v2\/types\/page"}],"author":[{"embeddable":true,"href":"https:\/\/windmedya.net\/sagun\/index.php\/wp-json\/wp\/v2\/users\/1"}],"replies":[{"embeddable":true,"href":"https:\/\/windmedya.net\/sagun\/index.php\/wp-json\/wp\/v2\/comments?post=250"}],"version-history":[{"count":30,"href":"https:\/\/windmedya.net\/sagun\/index.php\/wp-json\/wp\/v2\/pages\/250\/revisions"}],"predecessor-version":[{"id":2857,"href":"https:\/\/windmedya.net\/sagun\/index.php\/wp-json\/wp\/v2\/pages\/250\/revisions\/2857"}],"wp:attachment":[{"href":"https:\/\/windmedya.net\/sagun\/index.php\/wp-json\/wp\/v2\/media?parent=250"}],"curies":[{"name":"wp","href":"https:\/\/api.w.org\/{rel}","templated":true}]}}