{"id":236,"date":"2025-10-21T11:27:08","date_gmt":"2025-10-21T11:27:08","guid":{"rendered":"https:\/\/windmedya.net\/sagun\/?page_id=236"},"modified":"2026-01-06T11:57:56","modified_gmt":"2026-01-06T11:57:56","slug":"enerji-uretimi","status":"publish","type":"page","link":"https:\/\/windmedya.net\/sagun\/index.php\/enerji-uretimi\/","title":{"rendered":"Ye\u015fil Enerji \u00dcretimi"},"content":{"rendered":"\t\t<div data-elementor-type=\"wp-page\" data-elementor-id=\"236\" class=\"elementor elementor-236\" data-elementor-settings=\"{&quot;ha_cmc_init_switcher&quot;:&quot;no&quot;}\" data-elementor-post-type=\"page\">\n\t\t\t\t<div class=\"elementor-element elementor-element-e879e9b e-flex e-con-boxed e-con e-parent\" data-id=\"e879e9b\" data-element_type=\"container\" data-settings=\"{&quot;background_background&quot;:&quot;classic&quot;,&quot;_ha_eqh_enable&quot;:false}\">\n\t\t\t\t\t<div class=\"e-con-inner\">\n\t\t<div class=\"elementor-element elementor-element-f044146 e-con-full e-flex e-con e-child\" data-id=\"f044146\" data-element_type=\"container\" data-settings=\"{&quot;_ha_eqh_enable&quot;:false}\">\n\t\t\t\t<div class=\"elementor-element elementor-element-d4c3139 elementor-widget elementor-widget-heading\" data-id=\"d4c3139\" data-element_type=\"widget\" data-widget_type=\"heading.default\">\n\t\t\t\t\t<h2 class=\"elementor-heading-title elementor-size-default\">YE\u015e\u0130L ENERJ\u0130 \u00dcRET\u0130M\u0130<\/h2>\t\t\t\t<\/div>\n\t\t\t\t<\/div>\n\t\t\t\t\t<\/div>\n\t\t\t\t<\/div>\n\t\t<div class=\"elementor-element elementor-element-2148e2a e-flex e-con-boxed e-con e-parent\" data-id=\"2148e2a\" data-element_type=\"container\" data-settings=\"{&quot;_ha_eqh_enable&quot;:false}\">\n\t\t\t\t\t<div class=\"e-con-inner\">\n\t\t<div class=\"elementor-element elementor-element-7a61a2eb e-con-full e-flex elementor-invisible e-con e-child\" data-id=\"7a61a2eb\" data-element_type=\"container\" data-settings=\"{&quot;animation&quot;:&quot;fadeInLeft&quot;,&quot;_ha_eqh_enable&quot;:false}\">\n\t\t\t\t<div class=\"elementor-element elementor-element-5e893329 elementor-widget elementor-widget-heading\" data-id=\"5e893329\" data-element_type=\"widget\" data-widget_type=\"heading.default\">\n\t\t\t\t\t<h2 class=\"elementor-heading-title elementor-size-default\">Ye\u015fil Enerji \u00dcretimi<\/h2>\t\t\t\t<\/div>\n\t\t\t\t<div class=\"elementor-element elementor-element-1279621 elementor-widget__width-initial elementor-widget elementor-widget-text-editor\" data-id=\"1279621\" data-element_type=\"widget\" data-widget_type=\"text-editor.default\">\n\t\t\t\t\t\t\t\t\t<p>Group Sagun, \u00e7evreye duyarl\u0131 \u00fcretim anlay\u0131\u015f\u0131n\u0131 destekleyen yenilenebilir enerji sistemleriyle faaliyet g\u00f6stermektedir. \u015eirketin hedefi, su \u00fcr\u00fcnleri yeti\u015ftiricili\u011fi ve i\u015fleme tesislerinde\u00a0do\u011fadan ald\u0131\u011f\u0131n\u0131 yine do\u011faya kazand\u0131rmak\u00a0ilkesini benimseyerek enerji t\u00fcketiminde s\u00fcrd\u00fcr\u00fclebilir \u00e7\u00f6z\u00fcmler sunmakt\u0131r.<\/p><p>Group Sagun, s\u00fcrd\u00fcr\u00fclebilir \u00fcretim anlay\u0131\u015f\u0131yla yaln\u0131zca deniz \u00fcr\u00fcnlerinde de\u011fil, enerji \u00fcretiminde de \u00f6nc\u00fc bir konuma sahiptir. \u00c7evre dostu yat\u0131r\u0131mlar\u0131yla yenilenebilir enerji kaynaklar\u0131n\u0131 etkin \u015fekilde kullanan \u015firket, \u00fcretim tesislerinde kurulu\u00a08 MW enerji \u00fcretim kapasitesi\u00a0ile sekt\u00f6rde fark yaratmaktad\u0131r.<\/p>\t\t\t\t\t\t\t\t<\/div>\n\t\t\t\t<\/div>\n\t\t<div class=\"elementor-element elementor-element-6e06b100 e-con-full e-flex e-con e-child\" data-id=\"6e06b100\" data-element_type=\"container\" data-settings=\"{&quot;_ha_eqh_enable&quot;:false}\">\n\t\t<div class=\"elementor-element elementor-element-77043bc e-con-full e-flex e-con e-child\" data-id=\"77043bc\" data-element_type=\"container\" data-settings=\"{&quot;_ha_eqh_enable&quot;:false}\">\n\t\t\t\t<div class=\"elementor-element elementor-element-1e4952cb elementor-arrows-position-inside elementor-invisible elementor-widget elementor-widget-image-carousel\" data-id=\"1e4952cb\" data-element_type=\"widget\" data-settings=\"{&quot;slides_to_show&quot;:&quot;1&quot;,&quot;navigation&quot;:&quot;arrows&quot;,&quot;_animation&quot;:&quot;fadeInLeft&quot;,&quot;autoplay&quot;:&quot;yes&quot;,&quot;pause_on_hover&quot;:&quot;yes&quot;,&quot;pause_on_interaction&quot;:&quot;yes&quot;,&quot;autoplay_speed&quot;:5000,&quot;infinite&quot;:&quot;yes&quot;,&quot;effect&quot;:&quot;slide&quot;,&quot;speed&quot;:500}\" data-widget_type=\"image-carousel.default\">\n\t\t\t\t\t\t\t<div class=\"elementor-image-carousel-wrapper swiper\" role=\"region\" aria-roledescription=\"carousel\" aria-label=\"Image Carousel\" dir=\"ltr\">\n\t\t\t<div class=\"elementor-image-carousel swiper-wrapper\" aria-live=\"off\">\n\t\t\t\t\t\t\t\t<div class=\"swiper-slide\" role=\"group\" aria-roledescription=\"slide\" aria-label=\"1 \/ 1\"><figure class=\"swiper-slide-inner\"><img decoding=\"async\" class=\"swiper-slide-image\" src=\"https:\/\/windmedya.net\/sagun\/wp-content\/uploads\/elementor\/thumbs\/yesilenerji-rh97rppkgzme2171ypuz4yk53r4kt67g2qyb0nerrc.png\" alt=\"yesilenerji\" \/><\/figure><\/div>\t\t\t<\/div>\n\t\t\t\t\t<\/div>\n\t\t\t\t\t\t<\/div>\n\t\t\t\t<\/div>\n\t\t<div class=\"elementor-element elementor-element-5a0e67c1 e-con-full e-flex e-con e-child\" data-id=\"5a0e67c1\" data-element_type=\"container\" data-settings=\"{&quot;_ha_eqh_enable&quot;:false}\">\n\t\t<div class=\"elementor-element elementor-element-c2e9cbf e-con-full e-flex e-con e-child\" data-id=\"c2e9cbf\" data-element_type=\"container\" data-settings=\"{&quot;_ha_eqh_enable&quot;:false}\">\n\t\t<div class=\"elementor-element elementor-element-59a868fc e-con-full e-flex elementor-invisible e-con e-child\" data-id=\"59a868fc\" data-element_type=\"container\" data-settings=\"{&quot;animation&quot;:&quot;zoomIn&quot;,&quot;_ha_eqh_enable&quot;:false}\">\n\t\t\t\t<div class=\"elementor-element elementor-element-7b0ad202 jkit-equal-height-disable elementor-widget elementor-widget-jkit_icon_box\" data-id=\"7b0ad202\" data-element_type=\"widget\" data-widget_type=\"jkit_icon_box.default\">\n\t\t\t\t\t<div  class=\"jeg-elementor-kit jkit-icon-box icon-position- elementor-animation- jeg_module___69d032f4add8d\" ><div class=\"jkit-icon-box-wrapper hover-from-left\"><div class=\"icon-box icon-box-header elementor-animation-\"><div class=\"icon style-color\"><i aria-hidden=\"true\" class=\"huge huge-recycle-01\"><\/i><\/div><\/div><div class=\"icon-box icon-box-body\">\n                <h2 class=\"title\">S\u00fcrd\u00fcr\u00fclebilir \u00dcretim<\/h2>\n            <\/div>\n            \n            <\/div><\/div>\t\t\t\t<\/div>\n\t\t\t\t<\/div>\n\t\t<div class=\"elementor-element elementor-element-7639a9f1 e-con-full e-flex elementor-invisible e-con e-child\" data-id=\"7639a9f1\" data-element_type=\"container\" data-settings=\"{&quot;animation&quot;:&quot;fadeInRight&quot;,&quot;_ha_eqh_enable&quot;:false}\">\n\t\t\t\t<div class=\"elementor-element elementor-element-948df4a jkit-equal-height-disable elementor-widget elementor-widget-jkit_icon_box\" data-id=\"948df4a\" data-element_type=\"widget\" data-widget_type=\"jkit_icon_box.default\">\n\t\t\t\t\t<div  class=\"jeg-elementor-kit jkit-icon-box icon-position- elementor-animation- jeg_module__1_69d032f4b3648\" ><div class=\"jkit-icon-box-wrapper hover-from-left\"><div class=\"icon-box icon-box-header elementor-animation-\"><div class=\"icon style-color\"><i aria-hidden=\"true\" class=\"jki jki-diamond11-light\"><\/i><\/div><\/div><div class=\"icon-box icon-box-body\">\n                <h2 class=\"title\">Y\u00fcksek Kalite Standartlar\u0131<\/h2>\n            <\/div>\n            \n            <\/div><\/div>\t\t\t\t<\/div>\n\t\t\t\t<\/div>\n\t\t\t\t<\/div>\n\t\t<div class=\"elementor-element elementor-element-71f4a8dc e-con-full e-flex e-con e-child\" data-id=\"71f4a8dc\" data-element_type=\"container\" data-settings=\"{&quot;_ha_eqh_enable&quot;:false}\">\n\t\t<div class=\"elementor-element elementor-element-4b3bbe04 e-con-full e-flex elementor-invisible e-con e-child\" data-id=\"4b3bbe04\" data-element_type=\"container\" data-settings=\"{&quot;animation&quot;:&quot;zoomIn&quot;,&quot;_ha_eqh_enable&quot;:false}\">\n\t\t\t\t<div class=\"elementor-element elementor-element-52b492c7 jkit-equal-height-disable elementor-widget elementor-widget-jkit_icon_box\" data-id=\"52b492c7\" data-element_type=\"widget\" data-widget_type=\"jkit_icon_box.default\">\n\t\t\t\t\t<div  class=\"jeg-elementor-kit jkit-icon-box icon-position- elementor-animation- jeg_module__2_69d032f4b44c6\" ><div class=\"jkit-icon-box-wrapper hover-from-left\"><div class=\"icon-box icon-box-header elementor-animation-\"><div class=\"icon style-color\"><i aria-hidden=\"true\" class=\"jki jki-user-line\"><\/i><\/div><\/div><div class=\"icon-box icon-box-body\">\n                <h2 class=\"title\">Uzman<br> Kadro<\/h2>\n            <\/div>\n            \n            <\/div><\/div>\t\t\t\t<\/div>\n\t\t\t\t<\/div>\n\t\t<div class=\"elementor-element elementor-element-e482320 e-con-full e-flex elementor-invisible e-con e-child\" data-id=\"e482320\" data-element_type=\"container\" data-settings=\"{&quot;animation&quot;:&quot;fadeInRight&quot;,&quot;_ha_eqh_enable&quot;:false}\">\n\t\t\t\t<div class=\"elementor-element elementor-element-323ab33d jkit-equal-height-disable elementor-widget elementor-widget-jkit_icon_box\" data-id=\"323ab33d\" data-element_type=\"widget\" data-widget_type=\"jkit_icon_box.default\">\n\t\t\t\t\t<div  class=\"jeg-elementor-kit jkit-icon-box icon-position- elementor-animation- jeg_module__3_69d032f4b52ee\" ><div class=\"jkit-icon-box-wrapper hover-from-left\"><div class=\"icon-box icon-box-header elementor-animation-\"><div class=\"icon style-color\"><i aria-hidden=\"true\" class=\"hm hm-plane\"><\/i><\/div><\/div><div class=\"icon-box icon-box-body\">\n                <h2 class=\"title\">D\u00fcnya \u00c7ap\u0131nda Teslimat<\/h2>\n            <\/div>\n            \n            <\/div><\/div>\t\t\t\t<\/div>\n\t\t\t\t<\/div>\n\t\t\t\t<\/div>\n\t\t<div class=\"elementor-element elementor-element-7d2df8cd e-con-full e-flex e-con e-child\" data-id=\"7d2df8cd\" data-element_type=\"container\" data-settings=\"{&quot;_ha_eqh_enable&quot;:false}\">\n\t\t<div class=\"elementor-element elementor-element-49cbcf64 e-con-full e-flex elementor-invisible e-con e-child\" data-id=\"49cbcf64\" data-element_type=\"container\" data-settings=\"{&quot;animation&quot;:&quot;zoomIn&quot;,&quot;_ha_eqh_enable&quot;:false}\">\n\t\t\t\t<div class=\"elementor-element elementor-element-2354c787 jkit-equal-height-disable elementor-widget elementor-widget-jkit_icon_box\" data-id=\"2354c787\" data-element_type=\"widget\" data-widget_type=\"jkit_icon_box.default\">\n\t\t\t\t\t<div  class=\"jeg-elementor-kit jkit-icon-box icon-position- elementor-animation- jeg_module__4_69d032f4b6016\" ><div class=\"jkit-icon-box-wrapper hover-from-left\"><div class=\"icon-box icon-box-header elementor-animation-\"><div class=\"icon style-color\"><i aria-hidden=\"true\" class=\"jki jki-certificate-solid\"><\/i><\/div><\/div><div class=\"icon-box icon-box-body\">\n                <h2 class=\"title\">Sertifikal\u0131<br> \u00dcretim<\/h2>\n            <\/div>\n            \n            <\/div><\/div>\t\t\t\t<\/div>\n\t\t\t\t<\/div>\n\t\t<div class=\"elementor-element elementor-element-416c4668 e-con-full e-flex elementor-invisible e-con e-child\" data-id=\"416c4668\" data-element_type=\"container\" data-settings=\"{&quot;animation&quot;:&quot;fadeInRight&quot;,&quot;_ha_eqh_enable&quot;:false}\">\n\t\t\t\t<div class=\"elementor-element elementor-element-cdcfd0a jkit-equal-height-disable elementor-widget elementor-widget-jkit_icon_box\" data-id=\"cdcfd0a\" data-element_type=\"widget\" data-widget_type=\"jkit_icon_box.default\">\n\t\t\t\t\t<div  class=\"jeg-elementor-kit jkit-icon-box icon-position- elementor-animation- jeg_module__5_69d032f4ba11b\" ><div class=\"jkit-icon-box-wrapper hover-from-left\"><div class=\"icon-box icon-box-header elementor-animation-\"><div class=\"icon style-color\"><i aria-hidden=\"true\" class=\"jki jki-leaf-light\"><\/i><\/div><\/div><div class=\"icon-box icon-box-body\">\n                <h2 class=\"title\">Do\u011fa Dostu <br>\u00dcretim<\/h2>\n            <\/div>\n            \n            <\/div><\/div>\t\t\t\t<\/div>\n\t\t\t\t<\/div>\n\t\t\t\t<\/div>\n\t\t\t\t<\/div>\n\t\t\t\t<\/div>\n\t\t\t\t\t<\/div>\n\t\t\t\t<\/div>\n\t\t<div class=\"elementor-element elementor-element-5c8ca99 e-flex e-con-boxed e-con e-parent\" data-id=\"5c8ca99\" data-element_type=\"container\" data-settings=\"{&quot;_ha_eqh_enable&quot;:false}\">\n\t\t\t\t\t<div class=\"e-con-inner\">\n\t\t\t\t<div class=\"elementor-element elementor-element-fd6d640 elementor-widget__width-initial elementor-widget elementor-widget-text-editor\" data-id=\"fd6d640\" data-element_type=\"widget\" data-widget_type=\"text-editor.default\">\n\t\t\t\t\t\t\t\t\t<p>T\u00fcm \u00fcretim tesislerinde kullan\u0131lan enerji, m\u00fcmk\u00fcn oldu\u011funca\u00a0g\u00fcne\u015f ve r\u00fczg\u00e2r kaynaklar\u0131ndan\u00a0elde edilmektedir. \u00d6zellikle Ege ve Akdeniz b\u00f6lgelerinde yer alan \u00e7iftliklerde,\u00a0g\u00fcne\u015f panelleri ve enerji geri kazan\u0131m sistemleri\u00a0aktif olarak kullan\u0131lmakta; at\u0131k \u0131s\u0131 ve su kaynaklar\u0131ndan enerji verimlili\u011fi sa\u011flanmaktad\u0131r.<\/p><p>Bu sistemler sayesinde Sagun,\u00a0karbon ayak izini azaltarak, do\u011fa dostu \u00fcretim yakla\u015f\u0131m\u0131n\u0131 sadece bir sertifika de\u011fil, bir kurumsal k\u00fclt\u00fcr haline getirmi\u015ftir. Enerji y\u00f6netimi s\u00fcre\u00e7leri, uluslararas\u0131 standartlara uygun olarak y\u00fcr\u00fct\u00fclmekte; enerji t\u00fcketimi, \u00fcretim a\u015famalar\u0131yla entegre bi\u00e7imde\u00a0veri tabanl\u0131 izleme sistemleri\u00a0\u00fczerinden kontrol edilmektedir.<\/p><p>Enerji \u00fcretimi yat\u0131r\u0131mlar\u0131, yaln\u0131zca \u00e7evresel de\u011fil ayn\u0131 zamanda ekonomik s\u00fcrd\u00fcr\u00fclebilirli\u011fi de destekler. Bu yat\u0131r\u0131mlar sayesinde tesisler, hem enerji maliyetlerini azaltmakta hem de \u00fcretim s\u0131ras\u0131nda ortaya \u00e7\u0131kan karbon sal\u0131n\u0131m\u0131n\u0131 minimuma indirmektedir.<\/p><p>Group Sagun, \u201cS\u00fcrd\u00fcr\u00fclebilir Enerjiyle G\u00fc\u00e7lenen \u00dcretim\u201d vizyonuyla, gelecekte tamamen yenilenebilir kaynaklara dayal\u0131 \u00fcretim altyap\u0131s\u0131na ge\u00e7meyi hedeflemektedir. \u015eirketin bu alandaki \u00e7al\u0131\u015fmalar\u0131, hem T\u00fcrkiye\u2019de hem de global pazarda\u00a0\u00e7evre bilinci y\u00fcksek end\u00fcstriyel \u00fcretim modeli\u00a0olarak \u00f6rnek g\u00f6sterilmektedir.<\/p>\t\t\t\t\t\t\t\t<\/div>\n\t\t\t\t\t<\/div>\n\t\t\t\t<\/div>\n\t\t\t\t<\/div>\n\t\t","protected":false},"excerpt":{"rendered":"<p>YE\u015e\u0130L ENERJ\u0130 \u00dcRET\u0130M\u0130 Ye\u015fil Enerji \u00dcretimi Group Sagun, \u00e7evreye duyarl\u0131 \u00fcretim anlay\u0131\u015f\u0131n\u0131 destekleyen yenilenebilir enerji sistemleriyle faaliyet g\u00f6stermektedir. \u015eirketin hedefi, su \u00fcr\u00fcnleri yeti\u015ftiricili\u011fi ve i\u015fleme tesislerinde\u00a0do\u011fadan ald\u0131\u011f\u0131n\u0131 yine do\u011faya kazand\u0131rmak\u00a0ilkesini benimseyerek enerji t\u00fcketiminde s\u00fcrd\u00fcr\u00fclebilir \u00e7\u00f6z\u00fcmler sunmakt\u0131r. Group Sagun, s\u00fcrd\u00fcr\u00fclebilir \u00fcretim anlay\u0131\u015f\u0131yla yaln\u0131zca deniz \u00fcr\u00fcnlerinde de\u011fil, enerji \u00fcretiminde de \u00f6nc\u00fc bir konuma sahiptir. \u00c7evre dostu yat\u0131r\u0131mlar\u0131yla [&hellip;]<\/p>\n","protected":false},"author":1,"featured_media":0,"parent":0,"menu_order":0,"comment_status":"closed","ping_status":"closed","template":"elementor_header_footer","meta":{"footnotes":""},"class_list":["post-236","page","type-page","status-publish","hentry"],"_links":{"self":[{"href":"https:\/\/windmedya.net\/sagun\/index.php\/wp-json\/wp\/v2\/pages\/236","targetHints":{"allow":["GET"]}}],"collection":[{"href":"https:\/\/windmedya.net\/sagun\/index.php\/wp-json\/wp\/v2\/pages"}],"about":[{"href":"https:\/\/windmedya.net\/sagun\/index.php\/wp-json\/wp\/v2\/types\/page"}],"author":[{"embeddable":true,"href":"https:\/\/windmedya.net\/sagun\/index.php\/wp-json\/wp\/v2\/users\/1"}],"replies":[{"embeddable":true,"href":"https:\/\/windmedya.net\/sagun\/index.php\/wp-json\/wp\/v2\/comments?post=236"}],"version-history":[{"count":45,"href":"https:\/\/windmedya.net\/sagun\/index.php\/wp-json\/wp\/v2\/pages\/236\/revisions"}],"predecessor-version":[{"id":5457,"href":"https:\/\/windmedya.net\/sagun\/index.php\/wp-json\/wp\/v2\/pages\/236\/revisions\/5457"}],"wp:attachment":[{"href":"https:\/\/windmedya.net\/sagun\/index.php\/wp-json\/wp\/v2\/media?parent=236"}],"curies":[{"name":"wp","href":"https:\/\/api.w.org\/{rel}","templated":true}]}}