{"id":1953,"date":"2025-10-21T12:11:27","date_gmt":"2025-10-21T12:11:27","guid":{"rendered":"https:\/\/windmedya.net\/sagun\/index.php\/cold-storage-food-processing-logistics\/"},"modified":"2025-12-29T08:51:37","modified_gmt":"2025-12-29T08:51:37","slug":"cold-storage-food-processing-logistics","status":"publish","type":"page","link":"https:\/\/windmedya.net\/sagun\/index.php\/cold-storage-food-processing-logistics\/?lang=en","title":{"rendered":"Cold Storage, Food Processing &amp; Logistics"},"content":{"rendered":"\t\t<div data-elementor-type=\"wp-page\" data-elementor-id=\"1953\" class=\"elementor elementor-1953 elementor-261\" data-elementor-settings=\"{&quot;ha_cmc_init_switcher&quot;:&quot;no&quot;}\" data-elementor-post-type=\"page\">\n\t\t\t\t<div class=\"elementor-element elementor-element-e879e9b e-flex e-con-boxed e-con e-parent\" data-id=\"e879e9b\" data-element_type=\"container\" data-settings=\"{&quot;background_background&quot;:&quot;classic&quot;,&quot;_ha_eqh_enable&quot;:false}\">\n\t\t\t\t\t<div class=\"e-con-inner\">\n\t\t<div class=\"elementor-element elementor-element-f044146 e-con-full e-flex e-con e-child\" data-id=\"f044146\" data-element_type=\"container\" data-settings=\"{&quot;_ha_eqh_enable&quot;:false}\">\n\t\t\t\t<div class=\"elementor-element elementor-element-d4c3139 elementor-widget elementor-widget-heading\" data-id=\"d4c3139\" data-element_type=\"widget\" data-widget_type=\"heading.default\">\n\t\t\t\t\t<h2 class=\"elementor-heading-title elementor-size-default\">COLD STORAGE &amp; FOOD PROCESSING &amp; LOGISTICS<\/h2>\t\t\t\t<\/div>\n\t\t\t\t<\/div>\n\t\t\t\t\t<\/div>\n\t\t\t\t<\/div>\n\t\t<div class=\"elementor-element elementor-element-2148e2a e-flex e-con-boxed e-con e-parent\" data-id=\"2148e2a\" data-element_type=\"container\" data-settings=\"{&quot;_ha_eqh_enable&quot;:false}\">\n\t\t\t\t\t<div class=\"e-con-inner\">\n\t\t<div class=\"elementor-element elementor-element-7a61a2eb e-con-full e-flex elementor-invisible e-con e-child\" data-id=\"7a61a2eb\" data-element_type=\"container\" data-settings=\"{&quot;animation&quot;:&quot;fadeInLeft&quot;,&quot;_ha_eqh_enable&quot;:false}\">\n\t\t\t\t<div class=\"elementor-element elementor-element-5e893329 elementor-widget elementor-widget-heading\" data-id=\"5e893329\" data-element_type=\"widget\" data-widget_type=\"heading.default\">\n\t\t\t\t\t<h2 class=\"elementor-heading-title elementor-size-default\">Cold Storage, Food Processing &amp; Logistics<\/h2>\t\t\t\t<\/div>\n\t\t\t\t<div class=\"elementor-element elementor-element-1279621 elementor-widget__width-initial elementor-widget elementor-widget-text-editor\" data-id=\"1279621\" data-element_type=\"widget\" data-widget_type=\"text-editor.default\">\n\t\t\t\t\t\t\t\t\t<p>Group Sagun\u2019s logistics and storage infrastructure consists of 18 modern facilities located across 6 different regions of T\u00fcrkiye. Each facility plays a vital role at various stages of the supply chain, ensuring that products reach global markets in their freshest and highest-quality form.<\/p>\t\t\t\t\t\t\t\t<\/div>\n\t\t\t\t<\/div>\n\t\t<div class=\"elementor-element elementor-element-6e06b100 e-con-full e-flex e-con e-child\" data-id=\"6e06b100\" data-element_type=\"container\" data-settings=\"{&quot;_ha_eqh_enable&quot;:false}\">\n\t\t<div class=\"elementor-element elementor-element-77043bc e-con-full e-flex e-con e-child\" data-id=\"77043bc\" data-element_type=\"container\" data-settings=\"{&quot;_ha_eqh_enable&quot;:false}\">\n\t\t\t\t<div class=\"elementor-element elementor-element-1f1fdf7 elementor-arrows-position-inside elementor-invisible elementor-widget elementor-widget-image-carousel\" data-id=\"1f1fdf7\" data-element_type=\"widget\" data-settings=\"{&quot;slides_to_show&quot;:&quot;1&quot;,&quot;navigation&quot;:&quot;arrows&quot;,&quot;_animation&quot;:&quot;fadeInLeft&quot;,&quot;autoplay&quot;:&quot;yes&quot;,&quot;pause_on_hover&quot;:&quot;yes&quot;,&quot;pause_on_interaction&quot;:&quot;yes&quot;,&quot;autoplay_speed&quot;:5000,&quot;infinite&quot;:&quot;yes&quot;,&quot;effect&quot;:&quot;slide&quot;,&quot;speed&quot;:500}\" data-widget_type=\"image-carousel.default\">\n\t\t\t\t\t\t\t<div class=\"elementor-image-carousel-wrapper swiper\" role=\"region\" aria-roledescription=\"carousel\" aria-label=\"Image Carousel\" dir=\"ltr\">\n\t\t\t<div class=\"elementor-image-carousel swiper-wrapper\" aria-live=\"off\">\n\t\t\t\t\t\t\t\t<div class=\"swiper-slide\" role=\"group\" aria-roledescription=\"slide\" aria-label=\"1 of 1\"><figure class=\"swiper-slide-inner\"><img decoding=\"async\" class=\"swiper-slide-image\" src=\"https:\/\/windmedya.net\/sagun\/wp-content\/uploads\/2025\/12\/4lu-son-8931268.jpg\" alt=\"4lu-son-8931268\" \/><\/figure><\/div>\t\t\t<\/div>\n\t\t\t\t\t<\/div>\n\t\t\t\t\t\t<\/div>\n\t\t\t\t<\/div>\n\t\t<div class=\"elementor-element elementor-element-5a0e67c1 e-con-full e-flex e-con e-child\" data-id=\"5a0e67c1\" data-element_type=\"container\" data-settings=\"{&quot;_ha_eqh_enable&quot;:false}\">\n\t\t<div class=\"elementor-element elementor-element-c2e9cbf e-con-full e-flex e-con e-child\" data-id=\"c2e9cbf\" data-element_type=\"container\" data-settings=\"{&quot;_ha_eqh_enable&quot;:false}\">\n\t\t<div class=\"elementor-element elementor-element-59a868fc e-con-full e-flex elementor-invisible e-con e-child\" data-id=\"59a868fc\" data-element_type=\"container\" data-settings=\"{&quot;animation&quot;:&quot;zoomIn&quot;,&quot;_ha_eqh_enable&quot;:false}\">\n\t\t\t\t<div class=\"elementor-element elementor-element-7b0ad202 jkit-equal-height-disable elementor-widget elementor-widget-jkit_icon_box\" data-id=\"7b0ad202\" data-element_type=\"widget\" data-widget_type=\"jkit_icon_box.default\">\n\t\t\t\t\t<div  class=\"jeg-elementor-kit jkit-icon-box icon-position- elementor-animation- jeg_module___69d4e21e050c0\" ><div class=\"jkit-icon-box-wrapper hover-from-left\"><div class=\"icon-box icon-box-header elementor-animation-\"><div class=\"icon style-color\"><i aria-hidden=\"true\" class=\"huge huge-recycle-01\"><\/i><\/div><\/div><div class=\"icon-box icon-box-body\">\n                <h2 class=\"title\">Sustainable Production<\/h2>\n            <\/div>\n            \n            <\/div><\/div>\t\t\t\t<\/div>\n\t\t\t\t<\/div>\n\t\t<div class=\"elementor-element elementor-element-7639a9f1 e-con-full e-flex elementor-invisible e-con e-child\" data-id=\"7639a9f1\" data-element_type=\"container\" data-settings=\"{&quot;animation&quot;:&quot;fadeInRight&quot;,&quot;_ha_eqh_enable&quot;:false}\">\n\t\t\t\t<div class=\"elementor-element elementor-element-948df4a jkit-equal-height-disable elementor-widget elementor-widget-jkit_icon_box\" data-id=\"948df4a\" data-element_type=\"widget\" data-widget_type=\"jkit_icon_box.default\">\n\t\t\t\t\t<div  class=\"jeg-elementor-kit jkit-icon-box icon-position- elementor-animation- jeg_module__1_69d4e21e090c4\" ><div class=\"jkit-icon-box-wrapper hover-from-left\"><div class=\"icon-box icon-box-header elementor-animation-\"><div class=\"icon style-color\"><i aria-hidden=\"true\" class=\"jki jki-diamond11-light\"><\/i><\/div><\/div><div class=\"icon-box icon-box-body\">\n                <h2 class=\"title\">High Quality Standards<\/h2>\n            <\/div>\n            \n            <\/div><\/div>\t\t\t\t<\/div>\n\t\t\t\t<\/div>\n\t\t\t\t<\/div>\n\t\t<div class=\"elementor-element elementor-element-71f4a8dc e-con-full e-flex e-con e-child\" data-id=\"71f4a8dc\" data-element_type=\"container\" data-settings=\"{&quot;_ha_eqh_enable&quot;:false}\">\n\t\t<div class=\"elementor-element elementor-element-4b3bbe04 e-con-full e-flex elementor-invisible e-con e-child\" data-id=\"4b3bbe04\" data-element_type=\"container\" data-settings=\"{&quot;animation&quot;:&quot;zoomIn&quot;,&quot;_ha_eqh_enable&quot;:false}\">\n\t\t\t\t<div class=\"elementor-element elementor-element-52b492c7 jkit-equal-height-disable elementor-widget elementor-widget-jkit_icon_box\" data-id=\"52b492c7\" data-element_type=\"widget\" data-widget_type=\"jkit_icon_box.default\">\n\t\t\t\t\t<div  class=\"jeg-elementor-kit jkit-icon-box icon-position- elementor-animation- jeg_module__2_69d4e21e09ef0\" ><div class=\"jkit-icon-box-wrapper hover-from-left\"><div class=\"icon-box icon-box-header elementor-animation-\"><div class=\"icon style-color\"><i aria-hidden=\"true\" class=\"jki jki-user-line\"><\/i><\/div><\/div><div class=\"icon-box icon-box-body\">\n                <h2 class=\"title\">Expert <br>Team<\/h2>\n            <\/div>\n            \n            <\/div><\/div>\t\t\t\t<\/div>\n\t\t\t\t<\/div>\n\t\t<div class=\"elementor-element elementor-element-e482320 e-con-full e-flex elementor-invisible e-con e-child\" data-id=\"e482320\" data-element_type=\"container\" data-settings=\"{&quot;animation&quot;:&quot;fadeInRight&quot;,&quot;_ha_eqh_enable&quot;:false}\">\n\t\t\t\t<div class=\"elementor-element elementor-element-323ab33d jkit-equal-height-disable elementor-widget elementor-widget-jkit_icon_box\" data-id=\"323ab33d\" data-element_type=\"widget\" data-widget_type=\"jkit_icon_box.default\">\n\t\t\t\t\t<div  class=\"jeg-elementor-kit jkit-icon-box icon-position- elementor-animation- jeg_module__3_69d4e21e0c030\" ><div class=\"jkit-icon-box-wrapper hover-from-left\"><div class=\"icon-box icon-box-header elementor-animation-\"><div class=\"icon style-color\"><i aria-hidden=\"true\" class=\"hm hm-plane\"><\/i><\/div><\/div><div class=\"icon-box icon-box-body\">\n                <h2 class=\"title\">Worldwide<br> Delivery<\/h2>\n            <\/div>\n            \n            <\/div><\/div>\t\t\t\t<\/div>\n\t\t\t\t<\/div>\n\t\t\t\t<\/div>\n\t\t<div class=\"elementor-element elementor-element-7d2df8cd e-con-full e-flex e-con e-child\" data-id=\"7d2df8cd\" data-element_type=\"container\" data-settings=\"{&quot;_ha_eqh_enable&quot;:false}\">\n\t\t<div class=\"elementor-element elementor-element-49cbcf64 e-con-full e-flex elementor-invisible e-con e-child\" data-id=\"49cbcf64\" data-element_type=\"container\" data-settings=\"{&quot;animation&quot;:&quot;zoomIn&quot;,&quot;_ha_eqh_enable&quot;:false}\">\n\t\t\t\t<div class=\"elementor-element elementor-element-2354c787 jkit-equal-height-disable elementor-widget elementor-widget-jkit_icon_box\" data-id=\"2354c787\" data-element_type=\"widget\" data-widget_type=\"jkit_icon_box.default\">\n\t\t\t\t\t<div  class=\"jeg-elementor-kit jkit-icon-box icon-position- elementor-animation- jeg_module__4_69d4e21e0ce5d\" ><div class=\"jkit-icon-box-wrapper hover-from-left\"><div class=\"icon-box icon-box-header elementor-animation-\"><div class=\"icon style-color\"><i aria-hidden=\"true\" class=\"jki jki-certificate-solid\"><\/i><\/div><\/div><div class=\"icon-box icon-box-body\">\n                <h2 class=\"title\">Certified Production<\/h2>\n            <\/div>\n            \n            <\/div><\/div>\t\t\t\t<\/div>\n\t\t\t\t<\/div>\n\t\t<div class=\"elementor-element elementor-element-416c4668 e-con-full e-flex elementor-invisible e-con e-child\" data-id=\"416c4668\" data-element_type=\"container\" data-settings=\"{&quot;animation&quot;:&quot;fadeInRight&quot;,&quot;_ha_eqh_enable&quot;:false}\">\n\t\t\t\t<div class=\"elementor-element elementor-element-cdcfd0a jkit-equal-height-disable elementor-widget elementor-widget-jkit_icon_box\" data-id=\"cdcfd0a\" data-element_type=\"widget\" data-widget_type=\"jkit_icon_box.default\">\n\t\t\t\t\t<div  class=\"jeg-elementor-kit jkit-icon-box icon-position- elementor-animation- jeg_module__5_69d4e21e0db85\" ><div class=\"jkit-icon-box-wrapper hover-from-left\"><div class=\"icon-box icon-box-header elementor-animation-\"><div class=\"icon style-color\"><i aria-hidden=\"true\" class=\"jki jki-leaf-light\"><\/i><\/div><\/div><div class=\"icon-box icon-box-body\">\n                <h2 class=\"title\">Nature-Friendly Production<\/h2>\n            <\/div>\n            \n            <\/div><\/div>\t\t\t\t<\/div>\n\t\t\t\t<\/div>\n\t\t\t\t<\/div>\n\t\t\t\t<\/div>\n\t\t\t\t<\/div>\n\t\t\t\t\t<\/div>\n\t\t\t\t<\/div>\n\t\t<div class=\"elementor-element elementor-element-5c8ca99 e-flex e-con-boxed e-con e-parent\" data-id=\"5c8ca99\" data-element_type=\"container\" data-settings=\"{&quot;_ha_eqh_enable&quot;:false}\">\n\t\t\t\t\t<div class=\"e-con-inner\">\n\t\t\t\t<div class=\"elementor-element elementor-element-fd6d640 elementor-widget__width-initial elementor-widget elementor-widget-text-editor\" data-id=\"fd6d640\" data-element_type=\"widget\" data-widget_type=\"text-editor.default\">\n\t\t\t\t\t\t\t\t\t<p><strong>Advanced Processing &amp; Freezing Technology<\/strong><\/p><p>The automated filleting, packaging, and freezing systems used in the facilities comply with international food safety standards. Every stage of production adheres to ISO 9001:2015, ISO 22000, BRC and IFS certifications. Freezing processes are carried out in a way that preserves the product\u2019s cellular structure without damage, maintaining maximum freshness and nutritional value.  <\/p><p><strong>Global Transportation Network<\/strong><\/p><p>Group Sagun\u2019s cold-chain supported logistics system enables products to reach customers worldwide within 24\u201348 hours from harvest. Throughout this process, specially designed refrigerated container vessels and temperature-controlled land transportation vehicles are used to ensure maximum freshness, quality, and safety. <\/p><p><strong>Quality From Sea To The World<\/strong><\/p><p>Sagun\u2019s processing and transportation operations are not only a production cycle but also a chain of excellence that represents the prestige of Turkish seafood in global markets. Guided by the motto \u201cFrom Sea to the World \u2014 Freshness Delivered Globally,\u201d the company exports to more than 45 countries.  <\/p><ul><li>\u0130stanbul Headquarters: The center where management, finance, foreign trade, and general coordination processes are carried out.<\/li><li>\u0130stanbul Fish Processing Facility: Processing and freezing operations for both domestic and export markets are conducted here.<\/li><li>Tekirda\u011f and \u0130psala Processing Facilities: Provide high-hygiene fish processing and cold storage services suitable for domestic and export operations.<\/li><li>Ayd\u0131n Biomar-Sagun Feed Facility: Produces fish feed in collaboration with the Denmark-based Biomar Group and distributes it to aquaculture farms across T\u00fcrkiye.<\/li><li>Tokat, Karaca\u00f6ren, Kayseri, K\u0131r\u015fehir, and Elaz\u0131\u011f Facilities: Feature trout and rainbow trout farming and processing units; logistics networks operate from these regions.<\/li><li>Antalya Facility: Conducts seabream and seabass farming, as well as processing, freezing, packaging, and storage operations.<\/li><li>\u0130zmir-Urla Facility: Hosts farming and advanced processing for seabream, seabass, and bluefin tuna, while also serving as a shipment hub.<\/li><li>Sinop Facility: A strategic storage center supporting fishing and advanced processing operations in the Black Sea; also home to Turkish Salmon farming and processing.<\/li><li>Adana Facility: Carries out processing and cold-chain operations for the Central Anatolia and Mediterranean regions.<\/li><li>Tunceli, Erzurum, Artvin, Burdur, and Van Facilities: Contain trout and rainbow trout farming and processing units; logistics networks enable distribution from these regions.<\/li><\/ul><p> Group Sagun\u2019s multi-centered logistics structure guarantees freshness and quality throughout the entire journey from sea to table. All production and storage processes in each facility are managed in compliance with international standards (BRC, IFS, ISO 9001, ISO 22000, GlobalG.A.P). <\/p>\t\t\t\t\t\t\t\t<\/div>\n\t\t\t\t\t<\/div>\n\t\t\t\t<\/div>\n\t\t\t\t<\/div>\n\t\t","protected":false},"excerpt":{"rendered":"<p>COLD STORAGE &amp; FOOD PROCESSING &amp; LOGISTICS Cold Storage, Food Processing &amp; Logistics Group Sagun\u2019s logistics and storage infrastructure consists of 18 modern facilities located across 6 different regions of T\u00fcrkiye. Each facility plays a vital role at various stages of the supply chain, ensuring that products reach global markets in their freshest and highest-quality [&hellip;]<\/p>\n","protected":false},"author":1,"featured_media":0,"parent":0,"menu_order":0,"comment_status":"closed","ping_status":"closed","template":"elementor_header_footer","meta":{"footnotes":""},"class_list":["post-1953","page","type-page","status-publish","hentry"],"_links":{"self":[{"href":"https:\/\/windmedya.net\/sagun\/index.php\/wp-json\/wp\/v2\/pages\/1953","targetHints":{"allow":["GET"]}}],"collection":[{"href":"https:\/\/windmedya.net\/sagun\/index.php\/wp-json\/wp\/v2\/pages"}],"about":[{"href":"https:\/\/windmedya.net\/sagun\/index.php\/wp-json\/wp\/v2\/types\/page"}],"author":[{"embeddable":true,"href":"https:\/\/windmedya.net\/sagun\/index.php\/wp-json\/wp\/v2\/users\/1"}],"replies":[{"embeddable":true,"href":"https:\/\/windmedya.net\/sagun\/index.php\/wp-json\/wp\/v2\/comments?post=1953"}],"version-history":[{"count":15,"href":"https:\/\/windmedya.net\/sagun\/index.php\/wp-json\/wp\/v2\/pages\/1953\/revisions"}],"predecessor-version":[{"id":3084,"href":"https:\/\/windmedya.net\/sagun\/index.php\/wp-json\/wp\/v2\/pages\/1953\/revisions\/3084"}],"wp:attachment":[{"href":"https:\/\/windmedya.net\/sagun\/index.php\/wp-json\/wp\/v2\/media?parent=1953"}],"curies":[{"name":"wp","href":"https:\/\/api.w.org\/{rel}","templated":true}]}}