{"id":168,"date":"2025-10-21T08:49:22","date_gmt":"2025-10-21T08:49:22","guid":{"rendered":"https:\/\/windmedya.net\/sagun\/?page_id=168"},"modified":"2025-11-12T11:14:46","modified_gmt":"2025-11-12T11:14:46","slug":"yabani-av-urunleri","status":"publish","type":"page","link":"https:\/\/windmedya.net\/sagun\/index.php\/yabani-av-urunleri\/","title":{"rendered":"Yabani Av \u00dcr\u00fcnleri"},"content":{"rendered":"\t\t<div data-elementor-type=\"wp-page\" data-elementor-id=\"168\" class=\"elementor elementor-168\" data-elementor-settings=\"{&quot;ha_cmc_init_switcher&quot;:&quot;no&quot;}\" data-elementor-post-type=\"page\">\n\t\t\t\t<div class=\"elementor-element elementor-element-13ca4e8a e-flex e-con-boxed e-con e-parent\" data-id=\"13ca4e8a\" data-element_type=\"container\" data-settings=\"{&quot;background_background&quot;:&quot;classic&quot;,&quot;_ha_eqh_enable&quot;:false}\">\n\t\t\t\t\t<div class=\"e-con-inner\">\n\t\t<div class=\"elementor-element elementor-element-1527fa0a e-con-full e-flex e-con e-child\" data-id=\"1527fa0a\" data-element_type=\"container\" data-settings=\"{&quot;_ha_eqh_enable&quot;:false}\">\n\t\t\t\t<div class=\"elementor-element elementor-element-35d8b242 elementor-widget elementor-widget-heading\" data-id=\"35d8b242\" data-element_type=\"widget\" data-widget_type=\"heading.default\">\n\t\t\t\t\t<h2 class=\"elementor-heading-title elementor-size-default\">YABAN\u0130 AV \u00dcR\u00dcNLER\u0130<\/h2>\t\t\t\t<\/div>\n\t\t\t\t<\/div>\n\t\t\t\t\t<\/div>\n\t\t\t\t<\/div>\n\t\t<div class=\"elementor-element elementor-element-089c3db e-flex e-con-boxed e-con e-parent\" data-id=\"089c3db\" data-element_type=\"container\" data-settings=\"{&quot;_ha_eqh_enable&quot;:false}\">\n\t\t\t\t\t<div class=\"e-con-inner\">\n\t\t<div class=\"elementor-element elementor-element-a8e2ecf e-con-full e-flex e-con e-child\" data-id=\"a8e2ecf\" data-element_type=\"container\" data-settings=\"{&quot;_ha_eqh_enable&quot;:false}\">\n\t\t\t\t<div class=\"elementor-element elementor-element-f559eaa elementor-position-top elementor-widget elementor-widget-image-box\" data-id=\"f559eaa\" data-element_type=\"widget\" data-widget_type=\"image-box.default\">\n\t\t\t\t\t<div class=\"elementor-image-box-wrapper\"><figure class=\"elementor-image-box-img\"><a href=\"https:\/\/windmedya.net\/sagun\/index.php\/barbun\/\" tabindex=\"-1\"><img fetchpriority=\"high\" decoding=\"async\" width=\"757\" height=\"500\" src=\"https:\/\/windmedya.net\/sagun\/wp-content\/uploads\/2025\/10\/barbun.jpg\" class=\"attachment-full size-full wp-image-174\" alt=\"\" srcset=\"https:\/\/windmedya.net\/sagun\/wp-content\/uploads\/2025\/10\/barbun.jpg 757w, https:\/\/windmedya.net\/sagun\/wp-content\/uploads\/2025\/10\/barbun-300x198.jpg 300w\" sizes=\"(max-width: 757px) 100vw, 757px\" \/><\/a><\/figure><div class=\"elementor-image-box-content\"><h3 class=\"elementor-image-box-title\"><a href=\"https:\/\/windmedya.net\/sagun\/index.php\/barbun\/\">BARBUN<\/a><\/h3><p class=\"elementor-image-box-description\">Detayl\u0131 Bilgi \u0130\u00e7in T\u0131klay\u0131n\u0131z.<\/p><\/div><\/div>\t\t\t\t<\/div>\n\t\t\t\t<\/div>\n\t\t<div class=\"elementor-element elementor-element-4b7b872 e-con-full e-flex e-con e-child\" data-id=\"4b7b872\" data-element_type=\"container\" data-settings=\"{&quot;_ha_eqh_enable&quot;:false}\">\n\t\t\t\t<div class=\"elementor-element elementor-element-75538c5 elementor-position-top elementor-widget elementor-widget-image-box\" data-id=\"75538c5\" data-element_type=\"widget\" data-widget_type=\"image-box.default\">\n\t\t\t\t\t<div class=\"elementor-image-box-wrapper\"><figure class=\"elementor-image-box-img\"><a href=\"https:\/\/windmedya.net\/sagun\/index.php\/hamsi\/\" tabindex=\"-1\"><img decoding=\"async\" width=\"757\" height=\"500\" src=\"https:\/\/windmedya.net\/sagun\/wp-content\/uploads\/2025\/10\/anchovy-37.jpg\" class=\"attachment-full size-full wp-image-175\" alt=\"\" srcset=\"https:\/\/windmedya.net\/sagun\/wp-content\/uploads\/2025\/10\/anchovy-37.jpg 757w, https:\/\/windmedya.net\/sagun\/wp-content\/uploads\/2025\/10\/anchovy-37-300x198.jpg 300w\" sizes=\"(max-width: 757px) 100vw, 757px\" \/><\/a><\/figure><div class=\"elementor-image-box-content\"><h3 class=\"elementor-image-box-title\"><a href=\"https:\/\/windmedya.net\/sagun\/index.php\/hamsi\/\">HAMS\u0130<\/a><\/h3><p class=\"elementor-image-box-description\">Detayl\u0131 Bilgi \u0130\u00e7in T\u0131klay\u0131n\u0131z.<\/p><\/div><\/div>\t\t\t\t<\/div>\n\t\t\t\t<\/div>\n\t\t<div class=\"elementor-element elementor-element-b679e1f e-con-full e-flex e-con e-child\" data-id=\"b679e1f\" data-element_type=\"container\" data-settings=\"{&quot;_ha_eqh_enable&quot;:false}\">\n\t\t\t\t<div class=\"elementor-element elementor-element-6379d1d elementor-position-top elementor-widget elementor-widget-image-box\" data-id=\"6379d1d\" data-element_type=\"widget\" data-widget_type=\"image-box.default\">\n\t\t\t\t\t<div class=\"elementor-image-box-wrapper\"><figure class=\"elementor-image-box-img\"><a href=\"https:\/\/windmedya.net\/sagun\/index.php\/palamut\/\" tabindex=\"-1\"><img decoding=\"async\" width=\"757\" height=\"500\" src=\"https:\/\/windmedya.net\/sagun\/wp-content\/uploads\/2025\/10\/bonito.jpg\" class=\"attachment-full size-full wp-image-176\" alt=\"\" srcset=\"https:\/\/windmedya.net\/sagun\/wp-content\/uploads\/2025\/10\/bonito.jpg 757w, https:\/\/windmedya.net\/sagun\/wp-content\/uploads\/2025\/10\/bonito-300x198.jpg 300w\" sizes=\"(max-width: 757px) 100vw, 757px\" \/><\/a><\/figure><div class=\"elementor-image-box-content\"><h3 class=\"elementor-image-box-title\"><a href=\"https:\/\/windmedya.net\/sagun\/index.php\/palamut\/\">PALAMUT<\/a><\/h3><p class=\"elementor-image-box-description\">Detayl\u0131 Bilgi \u0130\u00e7in T\u0131klay\u0131n\u0131z.<\/p><\/div><\/div>\t\t\t\t<\/div>\n\t\t\t\t<\/div>\n\t\t\t\t\t<\/div>\n\t\t\t\t<\/div>\n\t\t<div class=\"elementor-element elementor-element-03ea193 e-flex e-con-boxed e-con e-parent\" data-id=\"03ea193\" data-element_type=\"container\" data-settings=\"{&quot;_ha_eqh_enable&quot;:false}\">\n\t\t\t\t\t<div class=\"e-con-inner\">\n\t\t<div class=\"elementor-element elementor-element-2f4a059 e-con-full e-flex e-con e-child\" data-id=\"2f4a059\" data-element_type=\"container\" data-settings=\"{&quot;_ha_eqh_enable&quot;:false}\">\n\t\t\t\t<div class=\"elementor-element elementor-element-25e6d81 elementor-position-top elementor-widget elementor-widget-image-box\" data-id=\"25e6d81\" data-element_type=\"widget\" data-widget_type=\"image-box.default\">\n\t\t\t\t\t<div class=\"elementor-image-box-wrapper\"><figure class=\"elementor-image-box-img\"><a href=\"https:\/\/windmedya.net\/sagun\/index.php\/istavrit\/\" tabindex=\"-1\"><img loading=\"lazy\" decoding=\"async\" width=\"757\" height=\"500\" src=\"https:\/\/windmedya.net\/sagun\/wp-content\/uploads\/2025\/10\/istavrit.jpg\" class=\"attachment-full size-full wp-image-177\" alt=\"\" srcset=\"https:\/\/windmedya.net\/sagun\/wp-content\/uploads\/2025\/10\/istavrit.jpg 757w, https:\/\/windmedya.net\/sagun\/wp-content\/uploads\/2025\/10\/istavrit-300x198.jpg 300w\" sizes=\"(max-width: 757px) 100vw, 757px\" \/><\/a><\/figure><div class=\"elementor-image-box-content\"><h3 class=\"elementor-image-box-title\"><a href=\"https:\/\/windmedya.net\/sagun\/index.php\/istavrit\/\">\u0130STAVR\u0130T<\/a><\/h3><p class=\"elementor-image-box-description\">Detayl\u0131 Bilgi \u0130\u00e7in T\u0131klay\u0131n\u0131z.<\/p><\/div><\/div>\t\t\t\t<\/div>\n\t\t\t\t<\/div>\n\t\t<div class=\"elementor-element elementor-element-e22235d e-con-full e-flex e-con e-child\" data-id=\"e22235d\" data-element_type=\"container\" data-settings=\"{&quot;_ha_eqh_enable&quot;:false}\">\n\t\t\t\t<div class=\"elementor-element elementor-element-4906f11 elementor-position-top elementor-widget elementor-widget-image-box\" data-id=\"4906f11\" data-element_type=\"widget\" data-widget_type=\"image-box.default\">\n\t\t\t\t\t<div class=\"elementor-image-box-wrapper\"><figure class=\"elementor-image-box-img\"><a href=\"https:\/\/windmedya.net\/sagun\/index.php\/cinekop\/\" tabindex=\"-1\"><img loading=\"lazy\" decoding=\"async\" width=\"757\" height=\"500\" src=\"https:\/\/windmedya.net\/sagun\/wp-content\/uploads\/2025\/10\/cinekop.jpg\" class=\"attachment-full size-full wp-image-178\" alt=\"\" srcset=\"https:\/\/windmedya.net\/sagun\/wp-content\/uploads\/2025\/10\/cinekop.jpg 757w, https:\/\/windmedya.net\/sagun\/wp-content\/uploads\/2025\/10\/cinekop-300x198.jpg 300w\" sizes=\"(max-width: 757px) 100vw, 757px\" \/><\/a><\/figure><div class=\"elementor-image-box-content\"><h3 class=\"elementor-image-box-title\"><a href=\"https:\/\/windmedya.net\/sagun\/index.php\/cinekop\/\">\u00c7\u0130NEKOP<\/a><\/h3><p class=\"elementor-image-box-description\">Detayl\u0131 Bilgi \u0130\u00e7in T\u0131klay\u0131n\u0131z.<\/p><\/div><\/div>\t\t\t\t<\/div>\n\t\t\t\t<\/div>\n\t\t<div class=\"elementor-element elementor-element-8abbce4 e-con-full e-flex e-con e-child\" data-id=\"8abbce4\" data-element_type=\"container\" data-settings=\"{&quot;_ha_eqh_enable&quot;:false}\">\n\t\t\t\t<div class=\"elementor-element elementor-element-32b5059 elementor-position-top elementor-widget elementor-widget-image-box\" data-id=\"32b5059\" data-element_type=\"widget\" data-widget_type=\"image-box.default\">\n\t\t\t\t\t<div class=\"elementor-image-box-wrapper\"><figure class=\"elementor-image-box-img\"><a href=\"https:\/\/windmedya.net\/sagun\/index.php\/deniz-salyangozu\/\" tabindex=\"-1\"><img loading=\"lazy\" decoding=\"async\" width=\"757\" height=\"500\" src=\"https:\/\/windmedya.net\/sagun\/wp-content\/uploads\/2025\/11\/salyangoz-cover-1.jpg\" class=\"attachment-full size-full wp-image-1405\" alt=\"\" srcset=\"https:\/\/windmedya.net\/sagun\/wp-content\/uploads\/2025\/11\/salyangoz-cover-1.jpg 757w, https:\/\/windmedya.net\/sagun\/wp-content\/uploads\/2025\/11\/salyangoz-cover-1-300x198.jpg 300w\" sizes=\"(max-width: 757px) 100vw, 757px\" \/><\/a><\/figure><div class=\"elementor-image-box-content\"><h3 class=\"elementor-image-box-title\"><a href=\"https:\/\/windmedya.net\/sagun\/index.php\/deniz-salyangozu\/\">DEN\u0130Z SALYANGOZU<\/a><\/h3><p class=\"elementor-image-box-description\">Detayl\u0131 Bilgi \u0130\u00e7in T\u0131klay\u0131n\u0131z.<\/p><\/div><\/div>\t\t\t\t<\/div>\n\t\t\t\t<\/div>\n\t\t\t\t\t<\/div>\n\t\t\t\t<\/div>\n\t\t\t\t<\/div>\n\t\t","protected":false},"excerpt":{"rendered":"<p>YABAN\u0130 AV \u00dcR\u00dcNLER\u0130 BARBUN Detayl\u0131 Bilgi \u0130\u00e7in T\u0131klay\u0131n\u0131z. HAMS\u0130 Detayl\u0131 Bilgi \u0130\u00e7in T\u0131klay\u0131n\u0131z. PALAMUT Detayl\u0131 Bilgi \u0130\u00e7in T\u0131klay\u0131n\u0131z. \u0130STAVR\u0130T Detayl\u0131 Bilgi \u0130\u00e7in T\u0131klay\u0131n\u0131z. \u00c7\u0130NEKOP Detayl\u0131 Bilgi \u0130\u00e7in T\u0131klay\u0131n\u0131z. DEN\u0130Z SALYANGOZU Detayl\u0131 Bilgi \u0130\u00e7in T\u0131klay\u0131n\u0131z.<\/p>\n","protected":false},"author":1,"featured_media":0,"parent":0,"menu_order":0,"comment_status":"closed","ping_status":"closed","template":"elementor_header_footer","meta":{"footnotes":""},"class_list":["post-168","page","type-page","status-publish","hentry"],"_links":{"self":[{"href":"https:\/\/windmedya.net\/sagun\/index.php\/wp-json\/wp\/v2\/pages\/168","targetHints":{"allow":["GET"]}}],"collection":[{"href":"https:\/\/windmedya.net\/sagun\/index.php\/wp-json\/wp\/v2\/pages"}],"about":[{"href":"https:\/\/windmedya.net\/sagun\/index.php\/wp-json\/wp\/v2\/types\/page"}],"author":[{"embeddable":true,"href":"https:\/\/windmedya.net\/sagun\/index.php\/wp-json\/wp\/v2\/users\/1"}],"replies":[{"embeddable":true,"href":"https:\/\/windmedya.net\/sagun\/index.php\/wp-json\/wp\/v2\/comments?post=168"}],"version-history":[{"count":21,"href":"https:\/\/windmedya.net\/sagun\/index.php\/wp-json\/wp\/v2\/pages\/168\/revisions"}],"predecessor-version":[{"id":1408,"href":"https:\/\/windmedya.net\/sagun\/index.php\/wp-json\/wp\/v2\/pages\/168\/revisions\/1408"}],"wp:attachment":[{"href":"https:\/\/windmedya.net\/sagun\/index.php\/wp-json\/wp\/v2\/media?parent=168"}],"curies":[{"name":"wp","href":"https:\/\/api.w.org\/{rel}","templated":true}]}}