{"id":1499,"date":"2025-11-14T10:26:54","date_gmt":"2025-11-14T10:26:54","guid":{"rendered":"https:\/\/windmedya.net\/sagun\/?page_id=1499"},"modified":"2025-12-29T12:18:48","modified_gmt":"2025-12-29T12:18:48","slug":"firdevs-kulekcioglu","status":"publish","type":"page","link":"https:\/\/windmedya.net\/sagun\/index.php\/firdevs-kulekcioglu\/","title":{"rendered":"Firdevs K\u00fclek\u00e7io\u011flu"},"content":{"rendered":"\t\t<div data-elementor-type=\"wp-page\" data-elementor-id=\"1499\" class=\"elementor elementor-1499\" data-elementor-settings=\"{&quot;ha_cmc_init_switcher&quot;:&quot;no&quot;}\" data-elementor-post-type=\"page\">\n\t\t\t\t<div class=\"elementor-element elementor-element-1fbc4e2 e-flex e-con-boxed elementor-invisible e-con e-parent\" data-id=\"1fbc4e2\" data-element_type=\"container\" data-settings=\"{&quot;background_background&quot;:&quot;classic&quot;,&quot;animation&quot;:&quot;slideInDown&quot;,&quot;_ha_eqh_enable&quot;:false}\">\n\t\t\t\t\t<div class=\"e-con-inner\">\n\t\t<div class=\"elementor-element elementor-element-50f3eab e-con-full e-flex e-con e-child\" data-id=\"50f3eab\" data-element_type=\"container\" data-settings=\"{&quot;_ha_eqh_enable&quot;:false}\">\n\t\t\t\t<div class=\"elementor-element elementor-element-50bd1c3 elementor-widget elementor-widget-heading\" data-id=\"50bd1c3\" data-element_type=\"widget\" data-widget_type=\"heading.default\">\n\t\t\t\t\t<h2 class=\"elementor-heading-title elementor-size-default\">F\u0130RDEVS K\u00dcLEK\u00c7\u0130O\u011eLU<\/h2>\t\t\t\t<\/div>\n\t\t\t\t<\/div>\n\t\t\t\t\t<\/div>\n\t\t\t\t<\/div>\n\t\t<div class=\"elementor-element elementor-element-6251e8f e-flex e-con-boxed elementor-invisible e-con e-parent\" data-id=\"6251e8f\" data-element_type=\"container\" data-settings=\"{&quot;animation&quot;:&quot;slideInUp&quot;,&quot;_ha_eqh_enable&quot;:false}\">\n\t\t\t\t\t<div class=\"e-con-inner\">\n\t\t\t\t<div class=\"elementor-element elementor-element-bbc8010 elementor-widget elementor-widget-heading\" data-id=\"bbc8010\" data-element_type=\"widget\" data-widget_type=\"heading.default\">\n\t\t\t\t\t<h2 class=\"elementor-heading-title elementor-size-default\">Firdevs K\u00fclek\u00e7io\u011flu<\/h2>\t\t\t\t<\/div>\n\t\t\t\t<div class=\"elementor-element elementor-element-9dc359e elementor-widget__width-initial elementor-widget elementor-widget-text-editor\" data-id=\"9dc359e\" data-element_type=\"widget\" data-widget_type=\"text-editor.default\">\n\t\t\t\t\t\t\t\t\t<p>1980 y\u0131l\u0131nda do\u011fan Firdevs K\u00fclek\u00e7io\u011flu, Uluda\u011f \u00dcniversitesi D\u0131\u015f Ticaret ve \u0130\u015fletme b\u00f6l\u00fcm\u00fcnden mezun olduktan sonra aile \u015firketinde i\u015f hayat\u0131na ba\u015flam\u0131\u015ft\u0131r. 2001 y\u0131l\u0131ndan beri Group Sagun b\u00fcnyesinde Y\u00f6netim Kurulu \u00dcyesi olarak g\u00f6rev alan Firdevs K\u00fclek\u00e7io\u011flu, 2018 y\u0131l\u0131nda \u0130stanbul Su \u00dcr\u00fcnleri ve Hayvansal Mamuller \u0130hracat\u00e7\u0131lar\u0131 Birli\u011finde ilk kad\u0131n y\u00f6netim kurulu \u00fcyesi olmu\u015ftur ve halen bu g\u00f6revlerine devam etmektedir.<\/p>\t\t\t\t\t\t\t\t<\/div>\n\t\t\t\t\t<\/div>\n\t\t\t\t<\/div>\n\t\t\t\t<\/div>\n\t\t","protected":false},"excerpt":{"rendered":"<p>F\u0130RDEVS K\u00dcLEK\u00c7\u0130O\u011eLU Firdevs K\u00fclek\u00e7io\u011flu 1980 y\u0131l\u0131nda do\u011fan Firdevs K\u00fclek\u00e7io\u011flu, Uluda\u011f \u00dcniversitesi D\u0131\u015f Ticaret ve \u0130\u015fletme b\u00f6l\u00fcm\u00fcnden mezun olduktan sonra aile \u015firketinde i\u015f hayat\u0131na ba\u015flam\u0131\u015ft\u0131r. 2001 y\u0131l\u0131ndan beri Group Sagun b\u00fcnyesinde Y\u00f6netim Kurulu \u00dcyesi olarak g\u00f6rev alan Firdevs K\u00fclek\u00e7io\u011flu, 2018 y\u0131l\u0131nda \u0130stanbul Su \u00dcr\u00fcnleri ve Hayvansal Mamuller \u0130hracat\u00e7\u0131lar\u0131 Birli\u011finde ilk kad\u0131n y\u00f6netim kurulu \u00fcyesi olmu\u015ftur ve [&hellip;]<\/p>\n","protected":false},"author":1,"featured_media":0,"parent":0,"menu_order":0,"comment_status":"closed","ping_status":"closed","template":"elementor_header_footer","meta":{"footnotes":""},"class_list":["post-1499","page","type-page","status-publish","hentry"],"_links":{"self":[{"href":"https:\/\/windmedya.net\/sagun\/index.php\/wp-json\/wp\/v2\/pages\/1499","targetHints":{"allow":["GET"]}}],"collection":[{"href":"https:\/\/windmedya.net\/sagun\/index.php\/wp-json\/wp\/v2\/pages"}],"about":[{"href":"https:\/\/windmedya.net\/sagun\/index.php\/wp-json\/wp\/v2\/types\/page"}],"author":[{"embeddable":true,"href":"https:\/\/windmedya.net\/sagun\/index.php\/wp-json\/wp\/v2\/users\/1"}],"replies":[{"embeddable":true,"href":"https:\/\/windmedya.net\/sagun\/index.php\/wp-json\/wp\/v2\/comments?post=1499"}],"version-history":[{"count":12,"href":"https:\/\/windmedya.net\/sagun\/index.php\/wp-json\/wp\/v2\/pages\/1499\/revisions"}],"predecessor-version":[{"id":3266,"href":"https:\/\/windmedya.net\/sagun\/index.php\/wp-json\/wp\/v2\/pages\/1499\/revisions\/3266"}],"wp:attachment":[{"href":"https:\/\/windmedya.net\/sagun\/index.php\/wp-json\/wp\/v2\/media?parent=1499"}],"curies":[{"name":"wp","href":"https:\/\/api.w.org\/{rel}","templated":true}]}}