{"id":1489,"date":"2025-11-14T10:22:29","date_gmt":"2025-11-14T10:22:29","guid":{"rendered":"https:\/\/windmedya.net\/sagun\/?page_id=1489"},"modified":"2025-12-29T12:19:08","modified_gmt":"2025-12-29T12:19:08","slug":"ahmet-tuncay-sagun","status":"publish","type":"page","link":"https:\/\/windmedya.net\/sagun\/index.php\/ahmet-tuncay-sagun\/","title":{"rendered":"Ahmet Tuncay Sagun"},"content":{"rendered":"\t\t<div data-elementor-type=\"wp-page\" data-elementor-id=\"1489\" class=\"elementor elementor-1489\" data-elementor-settings=\"{&quot;ha_cmc_init_switcher&quot;:&quot;no&quot;}\" data-elementor-post-type=\"page\">\n\t\t\t\t<div class=\"elementor-element elementor-element-1fbc4e2 e-flex e-con-boxed elementor-invisible e-con e-parent\" data-id=\"1fbc4e2\" data-element_type=\"container\" data-settings=\"{&quot;background_background&quot;:&quot;classic&quot;,&quot;animation&quot;:&quot;slideInDown&quot;,&quot;_ha_eqh_enable&quot;:false}\">\n\t\t\t\t\t<div class=\"e-con-inner\">\n\t\t<div class=\"elementor-element elementor-element-50f3eab e-con-full e-flex e-con e-child\" data-id=\"50f3eab\" data-element_type=\"container\" data-settings=\"{&quot;_ha_eqh_enable&quot;:false}\">\n\t\t\t\t<div class=\"elementor-element elementor-element-50bd1c3 elementor-widget elementor-widget-heading\" data-id=\"50bd1c3\" data-element_type=\"widget\" data-widget_type=\"heading.default\">\n\t\t\t\t\t<h2 class=\"elementor-heading-title elementor-size-default\">AHMET TUNCAY SAGUN<\/h2>\t\t\t\t<\/div>\n\t\t\t\t<\/div>\n\t\t\t\t\t<\/div>\n\t\t\t\t<\/div>\n\t\t<div class=\"elementor-element elementor-element-6251e8f e-flex e-con-boxed elementor-invisible e-con e-parent\" data-id=\"6251e8f\" data-element_type=\"container\" data-settings=\"{&quot;animation&quot;:&quot;slideInUp&quot;,&quot;_ha_eqh_enable&quot;:false}\">\n\t\t\t\t\t<div class=\"e-con-inner\">\n\t\t\t\t<div class=\"elementor-element elementor-element-0cb5131 elementor-widget elementor-widget-video\" data-id=\"0cb5131\" data-element_type=\"widget\" data-settings=\"{&quot;youtube_url&quot;:&quot;https:\\\/\\\/www.youtube.com\\\/watch?v=W_kJHXg_6HE&amp;t=1s&quot;,&quot;video_type&quot;:&quot;youtube&quot;,&quot;controls&quot;:&quot;yes&quot;}\" data-widget_type=\"video.default\">\n\t\t\t\t\t\t\t<div class=\"elementor-wrapper elementor-open-inline\">\n\t\t\t<div class=\"elementor-video\"><\/div>\t\t<\/div>\n\t\t\t\t\t\t<\/div>\n\t\t\t\t<div class=\"elementor-element elementor-element-bbc8010 elementor-widget elementor-widget-heading\" data-id=\"bbc8010\" data-element_type=\"widget\" data-widget_type=\"heading.default\">\n\t\t\t\t\t<h2 class=\"elementor-heading-title elementor-size-default\">Bir Ba\u015far\u0131 \u00d6yk\u00fcs\u00fc\u2026<\/h2>\t\t\t\t<\/div>\n\t\t\t\t<div class=\"elementor-element elementor-element-9dc359e elementor-widget__width-initial elementor-widget elementor-widget-text-editor\" data-id=\"9dc359e\" data-element_type=\"widget\" data-widget_type=\"text-editor.default\">\n\t\t\t\t\t\t\t\t\t<p>Samsun\u2019 da ba\u015flayan bal\u0131k\u00e7\u0131l\u0131k\u2026 Group SAGUN\u2019un Y\u00f6netim Kurulu Ba\u015fkan\u0131\u00a0A. Tuncay SAGUN, babas\u0131\u00a0Kemal SAGUN\u2019 dan devrald\u0131\u011f\u0131\u00a0Kemal Bal\u0131k\u00e7\u0131l\u0131\u011f\u0131,\u00a0bug\u00fcn b\u00fcnyesinde 12 \u015firketin yan\u0131 s\u0131ra T\u00fcrkiye\u2019 de; 6 ayr\u0131 b\u00f6lgede 18 ayr\u0131 tesiste; yurtd\u0131\u015f\u0131nda ise 3 ayr\u0131 \u00fclkede \u00fcretim tesisine sahip\u00a0Group SAGUN\u2019 a ta\u015f\u0131m\u0131\u015f bir isim. Sekt\u00f6r\u00fcnde tam bir ba\u015far\u0131 \u00f6yk\u00fcs\u00fcne imza atm\u0131\u015f\u00a0A. Tuncay SAGUN\u2019 un bu ba\u015far\u0131s\u0131ndaki en b\u00fcy\u00fck fakt\u00f6r ise bal\u0131k\u00e7\u0131l\u0131\u011f\u0131 neredeyse a\u015fkla sevmesi. A. Tuncay SAGUN\u2019 un y\u00f6netiminde alan\u0131nda bug\u00fcn d\u00fcnyan\u0131n say\u0131l\u0131 \u015firketleri aras\u0131nda g\u00f6sterilen\u00a0Group SAGUN\u00a0ise \u00fcretimini yapt\u0131\u011f\u0131 \u00fcr\u00fcn say\u0131s\u0131 ile alan\u0131nda bir rekora da imza atm\u0131\u015f durumda. Grup, bug\u00fcn 1.500 ki\u015filik insan kayna\u011f\u0131 ile \u00fcretiminin y\u00fczde 70\u2019ini ihra\u00e7 ediyor. Faaliyet g\u00f6sterdi\u011fi t\u00fcm sekt\u00f6rlerde zengin \u00fcr\u00fcn portf\u00f6y\u00fc ve hizmetleri ile T\u00fcrkiye\u2019nin en b\u00fcy\u00fck sanayi kurulu\u015flar\u0131 aras\u0131na giren Group SAGUN, en \u00e7ok ihra\u00e7 yapan ilk 500 firma i\u00e7erisinde yer almas\u0131n\u0131n yan\u0131s\u0131ra kendi sekt\u00f6r\u00fcnde \u00a0de liderli\u011fi elinde tutuyor. Grup halen ba\u015fta Avrupa ve Japonya olmak \u00fczere 35 \u00fclkeye do\u011frudan ihracat ger\u00e7ekle\u015ftiriyor.<\/p><p>Bal\u0131k\u00e7\u0131l\u0131\u011f\u0131n sanayicili\u011fe d\u00f6n\u00fc\u015fmesini ger\u00e7ekle\u015ftiren\u00a0A. Tuncay SAGUN,\u00a0Group SAGUN\u00a0b\u00fcnyesindeki \u015firketlerle, bal\u0131k\u00e7\u0131l\u0131\u011f\u0131n avlanmas\u0131ndan yeti\u015ftirilmesine, i\u015flenip depolanmas\u0131na, ithalat ve ihracat\u0131ndan lojisti\u011fine kadar her a\u015famas\u0131nda faaliyet g\u00f6steriyor.<\/p><p>Kemal Bal\u0131k\u00e7\u0131l\u0131\u011f\u0131\u00a0yakla\u015f\u0131k 40 y\u0131lda alan\u0131nda T\u00fcrkiye\u2019 nin en b\u00fcy\u00fck grubu haline getiren\u00a0A.Tuncay SAGUN\u2019un, en b\u00fcy\u00fck hayali ise\u00a0SAGUN\u2019 u d\u00fcnyaca tan\u0131nan bir marka yapmak.\u00a0A.Tuncay SAGUN\u00a0i\u015f adam\u0131 kimli\u011finin yan\u0131 s\u0131ra; 12 y\u0131l \u0130stanbul Su \u00dcr\u00fcnleri ve Hayvansal Mam\u00fcller \u0130hracat\u00e7\u0131lar\u0131 Birli\u011fi Ba\u015fkanl\u0131\u011f\u0131 ve T\u00fcrkiye \u0130hracat\u00e7\u0131lar Meclisi Sekt\u00f6rler Konseyi \u00dcyeli\u011fi\u00a0yapm\u0131\u015ft\u0131r.<\/p><p>1963 y\u0131l\u0131 do\u011fumlu olan Tuncay SAGUN, evli ve iki \u00e7ocuk babas\u0131.<\/p><p><strong>Tuncay SAGUN\u2019 un ba\u015far\u0131 \u00f6yk\u00fcs\u00fcnden ayr\u0131nt\u0131lar\u2026<\/strong><\/p><ul><li>T\u00fcrkiye\u2019nin ilk orkinos \u00e7iftli\u011fini kurdu.<\/li><li>T\u00fcrkiye\u2019nin su \u00fcr\u00fcnleri konusunda tek ihtisas markas\u0131 olan Marines\u2019i yaratt\u0131.<\/li><li>T\u00fcrkiye\u2019nin ilk canl\u0131 kurba\u011fa yeti\u015ftirme tesisini kurdu.<\/li><li>Yurtd\u0131\u015f\u0131nda \u00fcretim tesislerini faaliyete ge\u00e7irdi.<\/li><li>Japonya\u2019n\u0131n alan\u0131ndaki d\u00fcnya devi Mitsubishi\u2019nin T\u00fcrkiye\u2019deki partneri oldu.<\/li><li>2004 y\u0131l\u0131nda Antalya\u2019daki \u00e7iftli\u011fi ISO 9001 Kalite Sertifikas\u0131n\u0131 alarak, b\u00fct\u00fcn Akdeniz b\u00f6lgesinde ISO Kalite Sertifikas\u0131na sahip tek orkinos \u00e7iftli\u011fini olu\u015fturdu.<\/li><li>2015 y\u0131l\u0131nda T\u00fcrkiye ve Avrupan\u0131n en modern Bal\u0131k i\u015fleme ve depolama tesislerinden birisini Urla\u2019ya kurdu.<\/li><li>2016 y\u0131l\u0131nda T\u00fcrkiye ve Ortado\u011fu bal\u0131k yemi ihtiyac\u0131n\u0131 kar\u015f\u0131lamak i\u00e7in Biomar-Sagun firmas\u0131n\u0131 hayata ge\u00e7irdi.<\/li><li>2018 y\u0131l\u0131nda \u00fclkemizin \u00f6nemli bir de\u011feri olan Karadeniz somonu tesislerini Sinop\u2019ta kurdu ve bu \u00fcr\u00fcn\u00fc d\u00fcnya pazar\u0131yla tan\u0131\u015ft\u0131rd\u0131.<\/li><li>2020 Japonya b\u00fcy\u00fckel\u00e7isi Sn. Akio Miyajima taraf\u0131ndan T\u00fcrkiye ve Japonya aras\u0131nda ticari ili\u015fkilerine katk\u0131lar\u0131ndan dolay\u0131 Japonya B\u00fcy\u00fckel\u00e7isi \u00d6d\u00fcl\u00fcne lay\u0131k g\u00f6r\u00fcld\u00fc.<\/li><li>2021 y\u0131l\u0131nda Akdeniz ve Ege b\u00f6lgesinde su \u00fcr\u00fcnleri i\u015fleme ve pazarlama alan\u0131nda faaliyet g\u00f6steren Antalya Bal\u0131k A.\u015e.\u2019yi grup firmalar\u0131na dahil etti.<\/li><li>2022 Tunus\u2019da orkinos besicili\u011fi yapmak \u00fczere Sagun Tunisia firmas\u0131n\u0131 kurdu.<\/li><li>2023 Asya pazar\u0131ndaki pay\u0131m\u0131z\u0131 ve etkimizi artt\u0131rmak i\u00e7in Sagun Korea firmas\u0131n\u0131 kurdu.<\/li><li>2025 T\u00fcrkiyenin ilk so\u011fuk hava depolama ve i\u015fleme gemisi MME SEDA SAGUN\u2019u suya indirdi.<\/li><\/ul>\t\t\t\t\t\t\t\t<\/div>\n\t\t\t\t\t<\/div>\n\t\t\t\t<\/div>\n\t\t\t\t<\/div>\n\t\t","protected":false},"excerpt":{"rendered":"<p>AHMET TUNCAY SAGUN https:\/\/www.youtube.com\/watch?v=W_kJHXg_6HE&#038;t=1s Bir Ba\u015far\u0131 \u00d6yk\u00fcs\u00fc\u2026 Samsun\u2019 da ba\u015flayan bal\u0131k\u00e7\u0131l\u0131k\u2026 Group SAGUN\u2019un Y\u00f6netim Kurulu Ba\u015fkan\u0131\u00a0A. Tuncay SAGUN, babas\u0131\u00a0Kemal SAGUN\u2019 dan devrald\u0131\u011f\u0131\u00a0Kemal Bal\u0131k\u00e7\u0131l\u0131\u011f\u0131,\u00a0bug\u00fcn b\u00fcnyesinde 12 \u015firketin yan\u0131 s\u0131ra T\u00fcrkiye\u2019 de; 6 ayr\u0131 b\u00f6lgede 18 ayr\u0131 tesiste; yurtd\u0131\u015f\u0131nda ise 3 ayr\u0131 \u00fclkede \u00fcretim tesisine sahip\u00a0Group SAGUN\u2019 a ta\u015f\u0131m\u0131\u015f bir isim. Sekt\u00f6r\u00fcnde tam bir ba\u015far\u0131 \u00f6yk\u00fcs\u00fcne imza [&hellip;]<\/p>\n","protected":false},"author":1,"featured_media":0,"parent":0,"menu_order":0,"comment_status":"closed","ping_status":"closed","template":"elementor_header_footer","meta":{"footnotes":""},"class_list":["post-1489","page","type-page","status-publish","hentry"],"_links":{"self":[{"href":"https:\/\/windmedya.net\/sagun\/index.php\/wp-json\/wp\/v2\/pages\/1489","targetHints":{"allow":["GET"]}}],"collection":[{"href":"https:\/\/windmedya.net\/sagun\/index.php\/wp-json\/wp\/v2\/pages"}],"about":[{"href":"https:\/\/windmedya.net\/sagun\/index.php\/wp-json\/wp\/v2\/types\/page"}],"author":[{"embeddable":true,"href":"https:\/\/windmedya.net\/sagun\/index.php\/wp-json\/wp\/v2\/users\/1"}],"replies":[{"embeddable":true,"href":"https:\/\/windmedya.net\/sagun\/index.php\/wp-json\/wp\/v2\/comments?post=1489"}],"version-history":[{"count":12,"href":"https:\/\/windmedya.net\/sagun\/index.php\/wp-json\/wp\/v2\/pages\/1489\/revisions"}],"predecessor-version":[{"id":3272,"href":"https:\/\/windmedya.net\/sagun\/index.php\/wp-json\/wp\/v2\/pages\/1489\/revisions\/3272"}],"wp:attachment":[{"href":"https:\/\/windmedya.net\/sagun\/index.php\/wp-json\/wp\/v2\/media?parent=1489"}],"curies":[{"name":"wp","href":"https:\/\/api.w.org\/{rel}","templated":true}]}}