{"id":1325,"date":"2025-11-12T09:42:05","date_gmt":"2025-11-12T09:42:05","guid":{"rendered":"https:\/\/windmedya.net\/sagun\/?page_id=1325"},"modified":"2025-11-12T09:43:08","modified_gmt":"2025-11-12T09:43:08","slug":"hamsi-fileto","status":"publish","type":"page","link":"https:\/\/windmedya.net\/sagun\/index.php\/hamsi-fileto\/","title":{"rendered":"Hamsi Fileto"},"content":{"rendered":"\t\t<div data-elementor-type=\"wp-page\" data-elementor-id=\"1325\" class=\"elementor elementor-1325\" data-elementor-settings=\"{&quot;ha_cmc_init_switcher&quot;:&quot;no&quot;}\" data-elementor-post-type=\"page\">\n\t\t\t\t<div class=\"elementor-element elementor-element-1fbc4e2 e-flex e-con-boxed e-con e-parent\" data-id=\"1fbc4e2\" data-element_type=\"container\" data-settings=\"{&quot;background_background&quot;:&quot;classic&quot;,&quot;_ha_eqh_enable&quot;:false}\">\n\t\t\t\t\t<div class=\"e-con-inner\">\n\t\t<div class=\"elementor-element elementor-element-50f3eab e-con-full e-flex e-con e-child\" data-id=\"50f3eab\" data-element_type=\"container\" data-settings=\"{&quot;_ha_eqh_enable&quot;:false}\">\n\t\t\t\t<div class=\"elementor-element elementor-element-50bd1c3 elementor-widget elementor-widget-heading\" data-id=\"50bd1c3\" data-element_type=\"widget\" data-widget_type=\"heading.default\">\n\t\t\t\t\t<h2 class=\"elementor-heading-title elementor-size-default\">HAMS\u0130 F\u0130LETO<\/h2>\t\t\t\t<\/div>\n\t\t\t\t<\/div>\n\t\t\t\t\t<\/div>\n\t\t\t\t<\/div>\n\t\t<div class=\"elementor-element elementor-element-7c760056 e-flex e-con-boxed e-con e-parent\" data-id=\"7c760056\" data-element_type=\"container\" data-settings=\"{&quot;_ha_eqh_enable&quot;:false}\">\n\t\t\t\t\t<div class=\"e-con-inner\">\n\t\t<div class=\"elementor-element elementor-element-d656117 e-con-full e-flex e-con e-child\" data-id=\"d656117\" data-element_type=\"container\" data-settings=\"{&quot;_ha_eqh_enable&quot;:false}\">\n\t\t\t\t<div class=\"elementor-element elementor-element-c0c1085 elementor-invisible elementor-widget elementor-widget-image\" data-id=\"c0c1085\" data-element_type=\"widget\" data-settings=\"{&quot;_animation&quot;:&quot;fadeInLeft&quot;}\" data-widget_type=\"image.default\">\n\t\t\t\t\t\t\t\t\t\t\t\t\t\t\t<img fetchpriority=\"high\" decoding=\"async\" width=\"500\" height=\"500\" src=\"https:\/\/windmedya.net\/sagun\/wp-content\/uploads\/2025\/11\/hamsi-fileto_market.jpg\" class=\"attachment-full size-full wp-image-1326\" alt=\"\" srcset=\"https:\/\/windmedya.net\/sagun\/wp-content\/uploads\/2025\/11\/hamsi-fileto_market.jpg 500w, https:\/\/windmedya.net\/sagun\/wp-content\/uploads\/2025\/11\/hamsi-fileto_market-300x300.jpg 300w, https:\/\/windmedya.net\/sagun\/wp-content\/uploads\/2025\/11\/hamsi-fileto_market-150x150.jpg 150w\" sizes=\"(max-width: 500px) 100vw, 500px\" \/>\t\t\t\t\t\t\t\t\t\t\t\t\t\t\t<\/div>\n\t\t\t\t<div class=\"elementor-element elementor-element-2d73fc13 elementor-widget__width-initial elementor-absolute ha-has-bg-overlay elementor-invisible elementor-widget elementor-widget-spacer\" data-id=\"2d73fc13\" data-element_type=\"widget\" data-settings=\"{&quot;_position&quot;:&quot;absolute&quot;,&quot;_animation&quot;:&quot;zoomIn&quot;}\" data-widget_type=\"spacer.default\">\n\t\t\t\t\t\t\t<div class=\"elementor-spacer\">\n\t\t\t<div class=\"elementor-spacer-inner\"><\/div>\n\t\t<\/div>\n\t\t\t\t\t\t<\/div>\n\t\t\t\t<\/div>\n\t\t<div class=\"elementor-element elementor-element-5aac7b53 e-con-full e-flex elementor-invisible e-con e-child\" data-id=\"5aac7b53\" data-element_type=\"container\" data-settings=\"{&quot;animation&quot;:&quot;fadeInRight&quot;,&quot;_ha_eqh_enable&quot;:false}\">\n\t\t\t\t<div class=\"elementor-element elementor-element-490bd1b5 elementor-widget elementor-widget-heading\" data-id=\"490bd1b5\" data-element_type=\"widget\" data-widget_type=\"heading.default\">\n\t\t\t\t\t<h2 class=\"elementor-heading-title elementor-size-default\">Hamsi Fileto<\/h2>\t\t\t\t<\/div>\n\t\t\t\t<div class=\"elementor-element elementor-element-6ac24823 elementor-widget__width-initial elementor-widget elementor-widget-text-editor\" data-id=\"6ac24823\" data-element_type=\"widget\" data-widget_type=\"text-editor.default\">\n\t\t\t\t\t\t\t\t\t<table class=\"product-specs mtr-table mtr-thead-th\" role=\"table\"><caption>\u00dcr\u00fcn Teknik Bilgiler<\/caption>\n  <thead><tr><th data-mtr-content=\"A\u011f\u0131rl\u0131k\" class=\"mtr-th-tag\"><div class=\"mtr-cell-content\">A\u011f\u0131rl\u0131k<\/div><\/th>\n      <th data-mtr-content=\"Koli Adedi\" class=\"mtr-th-tag\"><div class=\"mtr-cell-content\">Koli Adedi<\/div><\/th>\n      <th data-mtr-content=\"Nitelik\" class=\"mtr-th-tag\"><div class=\"mtr-cell-content\">Nitelik<\/div><\/th>\n      <th data-mtr-content=\"EAN Kodu\" class=\"mtr-th-tag\"><div class=\"mtr-cell-content\">EAN Kodu<\/div><\/th>\n      <th data-mtr-content=\"EAN Kodu\" class=\"mtr-th-tag\"><div class=\"mtr-cell-content\">EAN Kodu<\/div><\/th>\n      <th data-mtr-content=\"Raf \u00d6mr\u00fc\" class=\"mtr-th-tag\"><div class=\"mtr-cell-content\">Raf \u00d6mr\u00fc<\/div><\/th>\n    <\/tr><\/thead><tbody><tr><td data-mtr-content=\"A\u011f\u0131rl\u0131k\" class=\"mtr-td-tag\"><div class=\"mtr-cell-content\">10 kg<\/div><\/td>\n      <td data-mtr-content=\"Koli Adedi\" class=\"mtr-td-tag\"><div class=\"mtr-cell-content\">12 \u00d7 1000 kg<\/div><\/td>\n      <td data-mtr-content=\"Nitelik\" class=\"mtr-td-tag\"><div class=\"mtr-cell-content\">15\u201320 g\/adet<\/div><\/td>\n      <td data-mtr-content=\"EAN Kodu\" class=\"mtr-td-tag\"><div class=\"mtr-cell-content\">8691934200608<\/div><\/td>\n      <td data-mtr-content=\"EAN Kodu\" class=\"mtr-td-tag\"><div class=\"mtr-cell-content\">8691934207010<\/div><\/td>\n      <td data-mtr-content=\"Raf \u00d6mr\u00fc\" class=\"mtr-td-tag\"><div class=\"mtr-cell-content\">18 ay<\/div><\/td>\n    <\/tr><tr><td data-mtr-content=\"A\u011f\u0131rl\u0131k\" class=\"mtr-td-tag\"><div class=\"mtr-cell-content\">1000 g<\/div><\/td>\n      <td data-mtr-content=\"Koli Adedi\" class=\"mtr-td-tag\"><div class=\"mtr-cell-content\">12 \u00d7 1000 kg<\/div><\/td>\n      <td data-mtr-content=\"Nitelik\" class=\"mtr-td-tag\"><div class=\"mtr-cell-content\">Marinat<\/div><\/td>\n      <td data-mtr-content=\"EAN Kodu\" class=\"mtr-td-tag\"><div class=\"mtr-cell-content\">8691934203869<\/div><\/td>\n      <td data-mtr-content=\"EAN Kodu\" class=\"mtr-td-tag\"><div class=\"mtr-cell-content\">8691934207461<\/div><\/td>\n      <td data-mtr-content=\"Raf \u00d6mr\u00fc\" class=\"mtr-td-tag\"><div class=\"mtr-cell-content\">18 ay<\/div><\/td>\n    <\/tr><\/tbody><\/table>\n\t\t\t\t\t\t\t\t<\/div>\n\t\t\t\t<\/div>\n\t\t\t\t\t<\/div>\n\t\t\t\t<\/div>\n\t\t\t\t<\/div>\n\t\t","protected":false},"excerpt":{"rendered":"<p>HAMS\u0130 F\u0130LETO Hamsi Fileto \u00dcr\u00fcn Teknik Bilgiler A\u011f\u0131rl\u0131k Koli Adedi Nitelik EAN Kodu EAN Kodu Raf \u00d6mr\u00fc 10 kg 12 \u00d7 1000 kg 15\u201320 g\/adet 8691934200608 8691934207010 18 ay 1000 g 12 \u00d7 1000 kg Marinat 8691934203869 8691934207461 18 ay<\/p>\n","protected":false},"author":1,"featured_media":0,"parent":0,"menu_order":0,"comment_status":"closed","ping_status":"closed","template":"elementor_header_footer","meta":{"footnotes":""},"class_list":["post-1325","page","type-page","status-publish","hentry"],"_links":{"self":[{"href":"https:\/\/windmedya.net\/sagun\/index.php\/wp-json\/wp\/v2\/pages\/1325","targetHints":{"allow":["GET"]}}],"collection":[{"href":"https:\/\/windmedya.net\/sagun\/index.php\/wp-json\/wp\/v2\/pages"}],"about":[{"href":"https:\/\/windmedya.net\/sagun\/index.php\/wp-json\/wp\/v2\/types\/page"}],"author":[{"embeddable":true,"href":"https:\/\/windmedya.net\/sagun\/index.php\/wp-json\/wp\/v2\/users\/1"}],"replies":[{"embeddable":true,"href":"https:\/\/windmedya.net\/sagun\/index.php\/wp-json\/wp\/v2\/comments?post=1325"}],"version-history":[{"count":3,"href":"https:\/\/windmedya.net\/sagun\/index.php\/wp-json\/wp\/v2\/pages\/1325\/revisions"}],"predecessor-version":[{"id":1330,"href":"https:\/\/windmedya.net\/sagun\/index.php\/wp-json\/wp\/v2\/pages\/1325\/revisions\/1330"}],"wp:attachment":[{"href":"https:\/\/windmedya.net\/sagun\/index.php\/wp-json\/wp\/v2\/media?parent=1325"}],"curies":[{"name":"wp","href":"https:\/\/api.w.org\/{rel}","templated":true}]}}