{"id":1313,"date":"2025-11-12T09:33:50","date_gmt":"2025-11-12T09:33:50","guid":{"rendered":"https:\/\/windmedya.net\/sagun\/?page_id=1313"},"modified":"2025-11-12T09:34:18","modified_gmt":"2025-11-12T09:34:18","slug":"mezgit-fileto","status":"publish","type":"page","link":"https:\/\/windmedya.net\/sagun\/index.php\/mezgit-fileto\/","title":{"rendered":"Mezgit Fileto"},"content":{"rendered":"\t\t<div data-elementor-type=\"wp-page\" data-elementor-id=\"1313\" class=\"elementor elementor-1313\" data-elementor-settings=\"{&quot;ha_cmc_init_switcher&quot;:&quot;no&quot;}\" data-elementor-post-type=\"page\">\n\t\t\t\t<div class=\"elementor-element elementor-element-1fbc4e2 e-flex e-con-boxed e-con e-parent\" data-id=\"1fbc4e2\" data-element_type=\"container\" data-settings=\"{&quot;background_background&quot;:&quot;classic&quot;,&quot;_ha_eqh_enable&quot;:false}\">\n\t\t\t\t\t<div class=\"e-con-inner\">\n\t\t<div class=\"elementor-element elementor-element-50f3eab e-con-full e-flex e-con e-child\" data-id=\"50f3eab\" data-element_type=\"container\" data-settings=\"{&quot;_ha_eqh_enable&quot;:false}\">\n\t\t\t\t<div class=\"elementor-element elementor-element-50bd1c3 elementor-widget elementor-widget-heading\" data-id=\"50bd1c3\" data-element_type=\"widget\" data-widget_type=\"heading.default\">\n\t\t\t\t\t<h2 class=\"elementor-heading-title elementor-size-default\">MEZG\u0130T F\u0130LETO<\/h2>\t\t\t\t<\/div>\n\t\t\t\t<\/div>\n\t\t\t\t\t<\/div>\n\t\t\t\t<\/div>\n\t\t<div class=\"elementor-element elementor-element-7c760056 e-flex e-con-boxed e-con e-parent\" data-id=\"7c760056\" data-element_type=\"container\" data-settings=\"{&quot;_ha_eqh_enable&quot;:false}\">\n\t\t\t\t\t<div class=\"e-con-inner\">\n\t\t<div class=\"elementor-element elementor-element-d656117 e-con-full e-flex e-con e-child\" data-id=\"d656117\" data-element_type=\"container\" data-settings=\"{&quot;_ha_eqh_enable&quot;:false}\">\n\t\t\t\t<div class=\"elementor-element elementor-element-c0c1085 elementor-invisible elementor-widget elementor-widget-image\" data-id=\"c0c1085\" data-element_type=\"widget\" data-settings=\"{&quot;_animation&quot;:&quot;fadeInLeft&quot;}\" data-widget_type=\"image.default\">\n\t\t\t\t\t\t\t\t\t\t\t\t\t\t\t<img fetchpriority=\"high\" decoding=\"async\" width=\"1080\" height=\"1410\" src=\"https:\/\/windmedya.net\/sagun\/wp-content\/uploads\/2025\/11\/Marines-Mockup_Mezgit-Fileto-1-Large.jpg\" class=\"attachment-full size-full wp-image-1314\" alt=\"\" srcset=\"https:\/\/windmedya.net\/sagun\/wp-content\/uploads\/2025\/11\/Marines-Mockup_Mezgit-Fileto-1-Large.jpg 1080w, https:\/\/windmedya.net\/sagun\/wp-content\/uploads\/2025\/11\/Marines-Mockup_Mezgit-Fileto-1-Large-230x300.jpg 230w, https:\/\/windmedya.net\/sagun\/wp-content\/uploads\/2025\/11\/Marines-Mockup_Mezgit-Fileto-1-Large-784x1024.jpg 784w, https:\/\/windmedya.net\/sagun\/wp-content\/uploads\/2025\/11\/Marines-Mockup_Mezgit-Fileto-1-Large-768x1003.jpg 768w\" sizes=\"(max-width: 1080px) 100vw, 1080px\" \/>\t\t\t\t\t\t\t\t\t\t\t\t\t\t\t<\/div>\n\t\t\t\t<div class=\"elementor-element elementor-element-2d73fc13 elementor-widget__width-initial elementor-absolute ha-has-bg-overlay elementor-invisible elementor-widget elementor-widget-spacer\" data-id=\"2d73fc13\" data-element_type=\"widget\" data-settings=\"{&quot;_position&quot;:&quot;absolute&quot;,&quot;_animation&quot;:&quot;zoomIn&quot;}\" data-widget_type=\"spacer.default\">\n\t\t\t\t\t\t\t<div class=\"elementor-spacer\">\n\t\t\t<div class=\"elementor-spacer-inner\"><\/div>\n\t\t<\/div>\n\t\t\t\t\t\t<\/div>\n\t\t\t\t<\/div>\n\t\t<div class=\"elementor-element elementor-element-5aac7b53 e-con-full e-flex elementor-invisible e-con e-child\" data-id=\"5aac7b53\" data-element_type=\"container\" data-settings=\"{&quot;animation&quot;:&quot;fadeInRight&quot;,&quot;_ha_eqh_enable&quot;:false}\">\n\t\t\t\t<div class=\"elementor-element elementor-element-490bd1b5 elementor-widget elementor-widget-heading\" data-id=\"490bd1b5\" data-element_type=\"widget\" data-widget_type=\"heading.default\">\n\t\t\t\t\t<h2 class=\"elementor-heading-title elementor-size-default\">Mezgit Fileto<\/h2>\t\t\t\t<\/div>\n\t\t\t\t<div class=\"elementor-element elementor-element-6ac24823 elementor-widget__width-initial elementor-widget elementor-widget-text-editor\" data-id=\"6ac24823\" data-element_type=\"widget\" data-widget_type=\"text-editor.default\">\n\t\t\t\t\t\t\t\t\t<table class=\"product-specs mtr-table mtr-thead-th\" role=\"table\"><caption>\u00dcr\u00fcn Teknik Bilgiler<\/caption>\n  <thead><tr><th data-mtr-content=\"A\u011f\u0131rl\u0131k\" class=\"mtr-th-tag\"><div class=\"mtr-cell-content\">A\u011f\u0131rl\u0131k<\/div><\/th>\n      <th data-mtr-content=\"Koli Adedi\" class=\"mtr-th-tag\"><div class=\"mtr-cell-content\">Koli Adedi<\/div><\/th>\n      <th data-mtr-content=\"Nitelik\" class=\"mtr-th-tag\"><div class=\"mtr-cell-content\">Nitelik<\/div><\/th>\n      <th data-mtr-content=\"EAN Kodu\" class=\"mtr-th-tag\"><div class=\"mtr-cell-content\">EAN Kodu<\/div><\/th>\n      <th data-mtr-content=\"EAN Kodu\" class=\"mtr-th-tag\"><div class=\"mtr-cell-content\">EAN Kodu<\/div><\/th>\n      <th data-mtr-content=\"Raf \u00d6mr\u00fc\" class=\"mtr-th-tag\"><div class=\"mtr-cell-content\">Raf \u00d6mr\u00fc<\/div><\/th>\n    <\/tr><\/thead><tbody><tr><td data-mtr-content=\"A\u011f\u0131rl\u0131k\" class=\"mtr-td-tag\"><div class=\"mtr-cell-content\">10 kg<\/div><\/td>\n      <td data-mtr-content=\"Koli Adedi\" class=\"mtr-td-tag\"><div class=\"mtr-cell-content\">10 \u00d7 1000 g<\/div><\/td>\n      <td data-mtr-content=\"Nitelik\" class=\"mtr-td-tag\"><div class=\"mtr-cell-content\">250 g\/adet<\/div><\/td>\n      <td data-mtr-content=\"EAN Kodu\" class=\"mtr-td-tag\"><div class=\"mtr-cell-content\">8691934204507<\/div><\/td>\n      <td data-mtr-content=\"EAN Kodu\" class=\"mtr-td-tag\"><div class=\"mtr-cell-content\">8691934206106<\/div><\/td>\n      <td data-mtr-content=\"Raf \u00d6mr\u00fc\" class=\"mtr-td-tag\"><div class=\"mtr-cell-content\">18 ay<\/div><\/td>\n    <\/tr><tr><td data-mtr-content=\"A\u011f\u0131rl\u0131k\" class=\"mtr-td-tag\"><div class=\"mtr-cell-content\">6 kg<\/div><\/td>\n      <td data-mtr-content=\"Koli Adedi\" class=\"mtr-td-tag\"><div class=\"mtr-cell-content\">12 \u00d7 500 kg<\/div><\/td>\n      <td data-mtr-content=\"Nitelik\" class=\"mtr-td-tag\"><div class=\"mtr-cell-content\">\u2013<\/div><\/td>\n      <td data-mtr-content=\"EAN Kodu\" class=\"mtr-td-tag\"><div class=\"mtr-cell-content\">8691934204378<\/div><\/td>\n      <td data-mtr-content=\"EAN Kodu\" class=\"mtr-td-tag\"><div class=\"mtr-cell-content\">\u2013<\/div><\/td>\n      <td data-mtr-content=\"Raf \u00d6mr\u00fc\" class=\"mtr-td-tag\"><div class=\"mtr-cell-content\">18 ay<\/div><\/td>\n    <\/tr><\/tbody><\/table>\n\t\t\t\t\t\t\t\t<\/div>\n\t\t\t\t<\/div>\n\t\t\t\t\t<\/div>\n\t\t\t\t<\/div>\n\t\t\t\t<\/div>\n\t\t","protected":false},"excerpt":{"rendered":"<p>MEZG\u0130T F\u0130LETO Mezgit Fileto \u00dcr\u00fcn Teknik Bilgiler A\u011f\u0131rl\u0131k Koli Adedi Nitelik EAN Kodu EAN Kodu Raf \u00d6mr\u00fc 10 kg 10 \u00d7 1000 g 250 g\/adet 8691934204507 8691934206106 18 ay 6 kg 12 \u00d7 500 kg \u2013 8691934204378 \u2013 18 ay<\/p>\n","protected":false},"author":1,"featured_media":0,"parent":0,"menu_order":0,"comment_status":"closed","ping_status":"closed","template":"elementor_header_footer","meta":{"footnotes":""},"class_list":["post-1313","page","type-page","status-publish","hentry"],"_links":{"self":[{"href":"https:\/\/windmedya.net\/sagun\/index.php\/wp-json\/wp\/v2\/pages\/1313","targetHints":{"allow":["GET"]}}],"collection":[{"href":"https:\/\/windmedya.net\/sagun\/index.php\/wp-json\/wp\/v2\/pages"}],"about":[{"href":"https:\/\/windmedya.net\/sagun\/index.php\/wp-json\/wp\/v2\/types\/page"}],"author":[{"embeddable":true,"href":"https:\/\/windmedya.net\/sagun\/index.php\/wp-json\/wp\/v2\/users\/1"}],"replies":[{"embeddable":true,"href":"https:\/\/windmedya.net\/sagun\/index.php\/wp-json\/wp\/v2\/comments?post=1313"}],"version-history":[{"count":3,"href":"https:\/\/windmedya.net\/sagun\/index.php\/wp-json\/wp\/v2\/pages\/1313\/revisions"}],"predecessor-version":[{"id":1318,"href":"https:\/\/windmedya.net\/sagun\/index.php\/wp-json\/wp\/v2\/pages\/1313\/revisions\/1318"}],"wp:attachment":[{"href":"https:\/\/windmedya.net\/sagun\/index.php\/wp-json\/wp\/v2\/media?parent=1313"}],"curies":[{"name":"wp","href":"https:\/\/api.w.org\/{rel}","templated":true}]}}