{"id":1186,"date":"2025-11-11T13:13:48","date_gmt":"2025-11-11T13:13:48","guid":{"rendered":"https:\/\/windmedya.net\/sagun\/?page_id=1186"},"modified":"2025-12-29T11:32:13","modified_gmt":"2025-12-29T11:32:13","slug":"alabalik","status":"publish","type":"page","link":"https:\/\/windmedya.net\/sagun\/index.php\/alabalik\/","title":{"rendered":"Alabal\u0131k"},"content":{"rendered":"\t\t<div data-elementor-type=\"wp-page\" data-elementor-id=\"1186\" class=\"elementor elementor-1186\" data-elementor-settings=\"{&quot;ha_cmc_init_switcher&quot;:&quot;no&quot;}\" data-elementor-post-type=\"page\">\n\t\t\t\t<div class=\"elementor-element elementor-element-1fbc4e2 e-flex e-con-boxed e-con e-parent\" data-id=\"1fbc4e2\" data-element_type=\"container\" data-settings=\"{&quot;background_background&quot;:&quot;classic&quot;,&quot;_ha_eqh_enable&quot;:false}\">\n\t\t\t\t\t<div class=\"e-con-inner\">\n\t\t<div class=\"elementor-element elementor-element-50f3eab e-con-full e-flex e-con e-child\" data-id=\"50f3eab\" data-element_type=\"container\" data-settings=\"{&quot;_ha_eqh_enable&quot;:false}\">\n\t\t\t\t<div class=\"elementor-element elementor-element-50bd1c3 elementor-widget elementor-widget-heading\" data-id=\"50bd1c3\" data-element_type=\"widget\" data-widget_type=\"heading.default\">\n\t\t\t\t\t<h2 class=\"elementor-heading-title elementor-size-default\">ALABALIK<\/h2>\t\t\t\t<\/div>\n\t\t\t\t<\/div>\n\t\t\t\t\t<\/div>\n\t\t\t\t<\/div>\n\t\t<div class=\"elementor-element elementor-element-7c760056 e-flex e-con-boxed e-con e-parent\" data-id=\"7c760056\" data-element_type=\"container\" data-settings=\"{&quot;_ha_eqh_enable&quot;:false}\">\n\t\t\t\t\t<div class=\"e-con-inner\">\n\t\t<div class=\"elementor-element elementor-element-d656117 e-con-full e-flex e-con e-child\" data-id=\"d656117\" data-element_type=\"container\" data-settings=\"{&quot;_ha_eqh_enable&quot;:false}\">\n\t\t\t\t<div class=\"elementor-element elementor-element-c0c1085 elementor-invisible elementor-widget elementor-widget-image\" data-id=\"c0c1085\" data-element_type=\"widget\" data-settings=\"{&quot;_animation&quot;:&quot;fadeInLeft&quot;}\" data-widget_type=\"image.default\">\n\t\t\t\t\t\t\t\t\t\t\t\t\t\t\t<img decoding=\"async\" src=\"https:\/\/windmedya.net\/sagun\/wp-content\/uploads\/elementor\/thumbs\/alabalik-rejtwmooex9m9e58ovf23q07vn7rk7sw9ts4cqa53g.jpg\" title=\"alabal\u0131k\" alt=\"alabal\u0131k\" loading=\"lazy\" \/>\t\t\t\t\t\t\t\t\t\t\t\t\t\t\t<\/div>\n\t\t\t\t<div class=\"elementor-element elementor-element-2d73fc13 elementor-widget__width-initial elementor-absolute ha-has-bg-overlay elementor-invisible elementor-widget elementor-widget-spacer\" data-id=\"2d73fc13\" data-element_type=\"widget\" data-settings=\"{&quot;_position&quot;:&quot;absolute&quot;,&quot;_animation&quot;:&quot;zoomIn&quot;}\" data-widget_type=\"spacer.default\">\n\t\t\t\t\t\t\t<div class=\"elementor-spacer\">\n\t\t\t<div class=\"elementor-spacer-inner\"><\/div>\n\t\t<\/div>\n\t\t\t\t\t\t<\/div>\n\t\t\t\t<\/div>\n\t\t<div class=\"elementor-element elementor-element-5aac7b53 e-con-full e-flex elementor-invisible e-con e-child\" data-id=\"5aac7b53\" data-element_type=\"container\" data-settings=\"{&quot;animation&quot;:&quot;fadeInRight&quot;,&quot;_ha_eqh_enable&quot;:false}\">\n\t\t\t\t<div class=\"elementor-element elementor-element-490bd1b5 elementor-widget elementor-widget-heading\" data-id=\"490bd1b5\" data-element_type=\"widget\" data-widget_type=\"heading.default\">\n\t\t\t\t\t<h2 class=\"elementor-heading-title elementor-size-default\">Alabal\u0131k<\/h2>\t\t\t\t<\/div>\n\t\t\t\t<div class=\"elementor-element elementor-element-6ac24823 elementor-widget__width-initial elementor-widget elementor-widget-text-editor\" data-id=\"6ac24823\" data-element_type=\"widget\" data-widget_type=\"text-editor.default\">\n\t\t\t\t\t\t\t\t\t<p>G\u00f6kku\u015fa\u011f\u0131 alabal\u0131\u011f\u0131, de\u011ferli bir tatl\u0131 su bal\u0131\u011f\u0131d\u0131r ve ince dokusu ile zengin besin profiliyle tan\u0131n\u0131r.<br data-start=\"103\" data-end=\"106\" \/>Y\u00fcksek kaliteli protein ve bol miktarda omega-3 ya\u011f asidi ile dolu olan bu bal\u0131k, hem ola\u011fan\u00fcst\u00fc lezzet hem de sa\u011fl\u0131k i\u00e7in \u00f6nemli faydalar sunar.<br data-start=\"251\" data-end=\"254\" \/>Taze g\u00f6kku\u015fa\u011f\u0131 alabal\u0131\u011f\u0131m\u0131z y\u0131l boyunca mevcuttur ve dondurulmu\u015f se\u00e7eneklerimiz, \u00fcst\u00fcn lezzet ve dokusunun korunmas\u0131 i\u00e7in titizlikle saklanmaktad\u0131r.<br data-start=\"402\" data-end=\"405\" \/>Premium g\u00f6kku\u015fa\u011f\u0131 alabal\u0131\u011f\u0131m\u0131zla safl\u0131k, beslenme ve lezzetin m\u00fckemmel uyumunu deneyimleyin.<br \/><br \/><\/p><p>Latince \u0130smi: ONCORHYNCHUS MYKISS<\/p><p>\u0130\u00e7i Temizlenmi\u015f B\u00fct\u00fcn Alabal\u0131k (Whole Gutted)<\/p><p>Alabal\u0131k Fileto \/ Derili (Fillets)<\/p><p>B\u00fct\u00fcn Alabal\u0131k (Whole Round)<\/p><table><tbody><tr><td><p class=\"urun-ic-p4\">Taze\/So\u011futulmu\u015f &amp; Dondurulmu\u015f<\/p><\/td><\/tr><tr><td><p class=\"urun-ic-p5\">Boylar : 180\/200; 200\/250; 250\/300; 300\/350; 350\/400<\/p><\/td><\/tr><tr><td><p class=\"urun-ic-p7\">5 kg, 6 kg veya 10 kg\u2019lik kolilerde ambalajl\u0131<\/p><\/td><\/tr><\/tbody><\/table>\t\t\t\t\t\t\t\t<\/div>\n\t\t\t\t<\/div>\n\t\t\t\t\t<\/div>\n\t\t\t\t<\/div>\n\t\t\t\t<\/div>\n\t\t","protected":false},"excerpt":{"rendered":"<p>ALABALIK Alabal\u0131k G\u00f6kku\u015fa\u011f\u0131 alabal\u0131\u011f\u0131, de\u011ferli bir tatl\u0131 su bal\u0131\u011f\u0131d\u0131r ve ince dokusu ile zengin besin profiliyle tan\u0131n\u0131r.Y\u00fcksek kaliteli protein ve bol miktarda omega-3 ya\u011f asidi ile dolu olan bu bal\u0131k, hem ola\u011fan\u00fcst\u00fc lezzet hem de sa\u011fl\u0131k i\u00e7in \u00f6nemli faydalar sunar.Taze g\u00f6kku\u015fa\u011f\u0131 alabal\u0131\u011f\u0131m\u0131z y\u0131l boyunca mevcuttur ve dondurulmu\u015f se\u00e7eneklerimiz, \u00fcst\u00fcn lezzet ve dokusunun korunmas\u0131 i\u00e7in titizlikle [&hellip;]<\/p>\n","protected":false},"author":1,"featured_media":0,"parent":0,"menu_order":0,"comment_status":"closed","ping_status":"closed","template":"elementor_header_footer","meta":{"footnotes":""},"class_list":["post-1186","page","type-page","status-publish","hentry"],"_links":{"self":[{"href":"https:\/\/windmedya.net\/sagun\/index.php\/wp-json\/wp\/v2\/pages\/1186","targetHints":{"allow":["GET"]}}],"collection":[{"href":"https:\/\/windmedya.net\/sagun\/index.php\/wp-json\/wp\/v2\/pages"}],"about":[{"href":"https:\/\/windmedya.net\/sagun\/index.php\/wp-json\/wp\/v2\/types\/page"}],"author":[{"embeddable":true,"href":"https:\/\/windmedya.net\/sagun\/index.php\/wp-json\/wp\/v2\/users\/1"}],"replies":[{"embeddable":true,"href":"https:\/\/windmedya.net\/sagun\/index.php\/wp-json\/wp\/v2\/comments?post=1186"}],"version-history":[{"count":6,"href":"https:\/\/windmedya.net\/sagun\/index.php\/wp-json\/wp\/v2\/pages\/1186\/revisions"}],"predecessor-version":[{"id":3163,"href":"https:\/\/windmedya.net\/sagun\/index.php\/wp-json\/wp\/v2\/pages\/1186\/revisions\/3163"}],"wp:attachment":[{"href":"https:\/\/windmedya.net\/sagun\/index.php\/wp-json\/wp\/v2\/media?parent=1186"}],"curies":[{"name":"wp","href":"https:\/\/api.w.org\/{rel}","templated":true}]}}