{"id":1181,"date":"2025-11-11T13:08:58","date_gmt":"2025-11-11T13:08:58","guid":{"rendered":"https:\/\/windmedya.net\/sagun\/?page_id=1181"},"modified":"2025-12-29T11:30:57","modified_gmt":"2025-12-29T11:30:57","slug":"granyoz","status":"publish","type":"page","link":"https:\/\/windmedya.net\/sagun\/index.php\/granyoz\/","title":{"rendered":"Grany\u00f6z"},"content":{"rendered":"\t\t<div data-elementor-type=\"wp-page\" data-elementor-id=\"1181\" class=\"elementor elementor-1181\" data-elementor-settings=\"{&quot;ha_cmc_init_switcher&quot;:&quot;no&quot;}\" data-elementor-post-type=\"page\">\n\t\t\t\t<div class=\"elementor-element elementor-element-1fbc4e2 e-flex e-con-boxed e-con e-parent\" data-id=\"1fbc4e2\" data-element_type=\"container\" data-settings=\"{&quot;background_background&quot;:&quot;classic&quot;,&quot;_ha_eqh_enable&quot;:false}\">\n\t\t\t\t\t<div class=\"e-con-inner\">\n\t\t<div class=\"elementor-element elementor-element-50f3eab e-con-full e-flex e-con e-child\" data-id=\"50f3eab\" data-element_type=\"container\" data-settings=\"{&quot;_ha_eqh_enable&quot;:false}\">\n\t\t\t\t<div class=\"elementor-element elementor-element-50bd1c3 elementor-widget elementor-widget-heading\" data-id=\"50bd1c3\" data-element_type=\"widget\" data-widget_type=\"heading.default\">\n\t\t\t\t\t<h2 class=\"elementor-heading-title elementor-size-default\">GRANY\u00d6Z<\/h2>\t\t\t\t<\/div>\n\t\t\t\t<\/div>\n\t\t\t\t\t<\/div>\n\t\t\t\t<\/div>\n\t\t<div class=\"elementor-element elementor-element-7c760056 e-flex e-con-boxed e-con e-parent\" data-id=\"7c760056\" data-element_type=\"container\" data-settings=\"{&quot;_ha_eqh_enable&quot;:false}\">\n\t\t\t\t\t<div class=\"e-con-inner\">\n\t\t<div class=\"elementor-element elementor-element-d656117 e-con-full e-flex e-con e-child\" data-id=\"d656117\" data-element_type=\"container\" data-settings=\"{&quot;_ha_eqh_enable&quot;:false}\">\n\t\t\t\t<div class=\"elementor-element elementor-element-c0c1085 elementor-invisible elementor-widget elementor-widget-image\" data-id=\"c0c1085\" data-element_type=\"widget\" data-settings=\"{&quot;_animation&quot;:&quot;fadeInLeft&quot;}\" data-widget_type=\"image.default\">\n\t\t\t\t\t\t\t\t\t\t\t\t\t\t\t<img decoding=\"async\" src=\"https:\/\/windmedya.net\/sagun\/wp-content\/uploads\/elementor\/thumbs\/granyoz-rejtqgurm0ty5f3go7j3r9zfopl53nc8rbtj3ff1vw.jpg\" title=\"grany\u00f6z\" alt=\"grany\u00f6z\" loading=\"lazy\" \/>\t\t\t\t\t\t\t\t\t\t\t\t\t\t\t<\/div>\n\t\t\t\t<div class=\"elementor-element elementor-element-2d73fc13 elementor-widget__width-initial elementor-absolute ha-has-bg-overlay elementor-invisible elementor-widget elementor-widget-spacer\" data-id=\"2d73fc13\" data-element_type=\"widget\" data-settings=\"{&quot;_position&quot;:&quot;absolute&quot;,&quot;_animation&quot;:&quot;zoomIn&quot;}\" data-widget_type=\"spacer.default\">\n\t\t\t\t\t\t\t<div class=\"elementor-spacer\">\n\t\t\t<div class=\"elementor-spacer-inner\"><\/div>\n\t\t<\/div>\n\t\t\t\t\t\t<\/div>\n\t\t\t\t<\/div>\n\t\t<div class=\"elementor-element elementor-element-5aac7b53 e-con-full e-flex elementor-invisible e-con e-child\" data-id=\"5aac7b53\" data-element_type=\"container\" data-settings=\"{&quot;animation&quot;:&quot;fadeInRight&quot;,&quot;_ha_eqh_enable&quot;:false}\">\n\t\t\t\t<div class=\"elementor-element elementor-element-490bd1b5 elementor-widget elementor-widget-heading\" data-id=\"490bd1b5\" data-element_type=\"widget\" data-widget_type=\"heading.default\">\n\t\t\t\t\t<h2 class=\"elementor-heading-title elementor-size-default\">Grany\u00f6z<\/h2>\t\t\t\t<\/div>\n\t\t\t\t<div class=\"elementor-element elementor-element-6ac24823 elementor-widget__width-initial elementor-widget elementor-widget-text-editor\" data-id=\"6ac24823\" data-element_type=\"widget\" data-widget_type=\"text-editor.default\">\n\t\t\t\t\t\t\t\t\t<p>Yumu\u015fak, pul pul dokusu ve hafif, zarif lezzetiyle bilinen premium beyaz bal\u0131k <strong data-start=\"79\" data-end=\"89\">Grany\u00f6z<\/strong>, deniz \u00fcr\u00fcnleri tutkunlar\u0131 aras\u0131nda en \u00fcst tercihlerden biridir.<br data-start=\"154\" data-end=\"157\" \/>Do\u011fal olarak d\u00fc\u015f\u00fck ya\u011fl\u0131, y\u00fcksek proteinli, omega-3 ya\u011f asitleri ve temel mikro besin maddeleri bak\u0131m\u0131ndan zengin olan <strong data-start=\"276\" data-end=\"286\">Grany\u00f6z<\/strong>, sa\u011fl\u0131kl\u0131 ve dengeli bir diyete katk\u0131da bulunur. Izgaradan f\u0131r\u0131nlamaya, nazik\u00e7e ha\u015flamaya kadar geni\u015f bir haz\u0131rl\u0131k \u00e7e\u015fitlili\u011fi sunarak, ince mutfakta \u00f6ne \u00e7\u0131kan bir malzeme olmas\u0131n\u0131 sa\u011flar.<\/p><p>Latince \u0130smi: ARGYROSOMUS REG\u0130US<\/p><p>B\u00fct\u00fcn Grany\u00f6z (Whole Round)<\/p><table><tbody><tr><td><p class=\"urun-ic-p4\">Taze\/So\u011futulmu\u015f &amp; Dondurulmu\u015f<\/p><\/td><\/tr><tr><td><p class=\"urun-ic-p5\">Boylar : 200\/300; 300\/400; 400\/600; 600\/800; 800\/1000; 1000\/2000; 2000\/3000; 3000\/5000<\/p><\/td><\/tr><tr><td><p class=\"urun-ic-p7\">5 kg, 6 kg veya 10 kg\u2019lik kolilerde ambalajl\u0131<\/p><\/td><\/tr><\/tbody><\/table>\t\t\t\t\t\t\t\t<\/div>\n\t\t\t\t<\/div>\n\t\t\t\t\t<\/div>\n\t\t\t\t<\/div>\n\t\t\t\t<\/div>\n\t\t","protected":false},"excerpt":{"rendered":"<p>GRANY\u00d6Z Grany\u00f6z Yumu\u015fak, pul pul dokusu ve hafif, zarif lezzetiyle bilinen premium beyaz bal\u0131k Grany\u00f6z, deniz \u00fcr\u00fcnleri tutkunlar\u0131 aras\u0131nda en \u00fcst tercihlerden biridir.Do\u011fal olarak d\u00fc\u015f\u00fck ya\u011fl\u0131, y\u00fcksek proteinli, omega-3 ya\u011f asitleri ve temel mikro besin maddeleri bak\u0131m\u0131ndan zengin olan Grany\u00f6z, sa\u011fl\u0131kl\u0131 ve dengeli bir diyete katk\u0131da bulunur. Izgaradan f\u0131r\u0131nlamaya, nazik\u00e7e ha\u015flamaya kadar geni\u015f bir haz\u0131rl\u0131k [&hellip;]<\/p>\n","protected":false},"author":1,"featured_media":0,"parent":0,"menu_order":0,"comment_status":"closed","ping_status":"closed","template":"elementor_header_footer","meta":{"footnotes":""},"class_list":["post-1181","page","type-page","status-publish","hentry"],"_links":{"self":[{"href":"https:\/\/windmedya.net\/sagun\/index.php\/wp-json\/wp\/v2\/pages\/1181","targetHints":{"allow":["GET"]}}],"collection":[{"href":"https:\/\/windmedya.net\/sagun\/index.php\/wp-json\/wp\/v2\/pages"}],"about":[{"href":"https:\/\/windmedya.net\/sagun\/index.php\/wp-json\/wp\/v2\/types\/page"}],"author":[{"embeddable":true,"href":"https:\/\/windmedya.net\/sagun\/index.php\/wp-json\/wp\/v2\/users\/1"}],"replies":[{"embeddable":true,"href":"https:\/\/windmedya.net\/sagun\/index.php\/wp-json\/wp\/v2\/comments?post=1181"}],"version-history":[{"count":6,"href":"https:\/\/windmedya.net\/sagun\/index.php\/wp-json\/wp\/v2\/pages\/1181\/revisions"}],"predecessor-version":[{"id":3160,"href":"https:\/\/windmedya.net\/sagun\/index.php\/wp-json\/wp\/v2\/pages\/1181\/revisions\/3160"}],"wp:attachment":[{"href":"https:\/\/windmedya.net\/sagun\/index.php\/wp-json\/wp\/v2\/media?parent=1181"}],"curies":[{"name":"wp","href":"https:\/\/api.w.org\/{rel}","templated":true}]}}