{"id":1176,"date":"2025-11-11T13:03:39","date_gmt":"2025-11-11T13:03:39","guid":{"rendered":"https:\/\/windmedya.net\/sagun\/?page_id=1176"},"modified":"2025-12-29T11:29:50","modified_gmt":"2025-12-29T11:29:50","slug":"cipura","status":"publish","type":"page","link":"https:\/\/windmedya.net\/sagun\/index.php\/cipura\/","title":{"rendered":"\u00c7ipura"},"content":{"rendered":"\t\t<div data-elementor-type=\"wp-page\" data-elementor-id=\"1176\" class=\"elementor elementor-1176\" data-elementor-settings=\"{&quot;ha_cmc_init_switcher&quot;:&quot;no&quot;}\" data-elementor-post-type=\"page\">\n\t\t\t\t<div class=\"elementor-element elementor-element-1fbc4e2 e-flex e-con-boxed e-con e-parent\" data-id=\"1fbc4e2\" data-element_type=\"container\" data-settings=\"{&quot;background_background&quot;:&quot;classic&quot;,&quot;_ha_eqh_enable&quot;:false}\">\n\t\t\t\t\t<div class=\"e-con-inner\">\n\t\t<div class=\"elementor-element elementor-element-50f3eab e-con-full e-flex e-con e-child\" data-id=\"50f3eab\" data-element_type=\"container\" data-settings=\"{&quot;_ha_eqh_enable&quot;:false}\">\n\t\t\t\t<div class=\"elementor-element elementor-element-50bd1c3 elementor-widget elementor-widget-heading\" data-id=\"50bd1c3\" data-element_type=\"widget\" data-widget_type=\"heading.default\">\n\t\t\t\t\t<h2 class=\"elementor-heading-title elementor-size-default\">\u00c7\u0130PURA<\/h2>\t\t\t\t<\/div>\n\t\t\t\t<\/div>\n\t\t\t\t\t<\/div>\n\t\t\t\t<\/div>\n\t\t<div class=\"elementor-element elementor-element-7c760056 e-flex e-con-boxed e-con e-parent\" data-id=\"7c760056\" data-element_type=\"container\" data-settings=\"{&quot;_ha_eqh_enable&quot;:false}\">\n\t\t\t\t\t<div class=\"e-con-inner\">\n\t\t<div class=\"elementor-element elementor-element-d656117 e-con-full e-flex e-con e-child\" data-id=\"d656117\" data-element_type=\"container\" data-settings=\"{&quot;_ha_eqh_enable&quot;:false}\">\n\t\t\t\t<div class=\"elementor-element elementor-element-c0c1085 elementor-invisible elementor-widget elementor-widget-image\" data-id=\"c0c1085\" data-element_type=\"widget\" data-settings=\"{&quot;_animation&quot;:&quot;fadeInLeft&quot;}\" data-widget_type=\"image.default\">\n\t\t\t\t\t\t\t\t\t\t\t\t\t\t\t<img decoding=\"async\" src=\"https:\/\/windmedya.net\/sagun\/wp-content\/uploads\/elementor\/thumbs\/cipura-39951-rejthig4huklj63ryu62i1cbxjq8rgsb701zhip364.jpg\" title=\"\u00e7ipura-39951\" alt=\"\u00e7ipura-39951\" loading=\"lazy\" \/>\t\t\t\t\t\t\t\t\t\t\t\t\t\t\t<\/div>\n\t\t\t\t<div class=\"elementor-element elementor-element-2d73fc13 elementor-widget__width-initial elementor-absolute ha-has-bg-overlay elementor-invisible elementor-widget elementor-widget-spacer\" data-id=\"2d73fc13\" data-element_type=\"widget\" data-settings=\"{&quot;_position&quot;:&quot;absolute&quot;,&quot;_animation&quot;:&quot;zoomIn&quot;}\" data-widget_type=\"spacer.default\">\n\t\t\t\t\t\t\t<div class=\"elementor-spacer\">\n\t\t\t<div class=\"elementor-spacer-inner\"><\/div>\n\t\t<\/div>\n\t\t\t\t\t\t<\/div>\n\t\t\t\t<\/div>\n\t\t<div class=\"elementor-element elementor-element-5aac7b53 e-con-full e-flex elementor-invisible e-con e-child\" data-id=\"5aac7b53\" data-element_type=\"container\" data-settings=\"{&quot;animation&quot;:&quot;fadeInRight&quot;,&quot;_ha_eqh_enable&quot;:false}\">\n\t\t\t\t<div class=\"elementor-element elementor-element-490bd1b5 elementor-widget elementor-widget-heading\" data-id=\"490bd1b5\" data-element_type=\"widget\" data-widget_type=\"heading.default\">\n\t\t\t\t\t<h2 class=\"elementor-heading-title elementor-size-default\">\u00c7ipura<\/h2>\t\t\t\t<\/div>\n\t\t\t\t<div class=\"elementor-element elementor-element-6ac24823 elementor-widget__width-initial elementor-widget elementor-widget-text-editor\" data-id=\"6ac24823\" data-element_type=\"widget\" data-widget_type=\"text-editor.default\">\n\t\t\t\t\t\t\t\t\t<p>Latince \u0130smi: SPARUS AURATA<\/p><p>B\u00fct\u00fcn \u00c7ipura (Whole Round)<\/p><p>\u0130\u00e7i Temizlenmi\u015f B\u00fct\u00fcn \u00c7ipura (Whole Gutted)<\/p><p>\u00c7ipura Fileto \/ Derili \/ Pulsuz \/ Derisiz (Fillets)<\/p><table width=\"474\"><tbody><tr><td><p class=\"urun-ic-p4\">Taze\/So\u011futulmu\u015f &amp; Dondurulmu\u015f<\/p><\/td><\/tr><tr><td><p class=\"urun-ic-p5\">Boylar : 200\/300; 300\/400; 400\/600; 600\/800; 800\/1000; 1000 +<\/p><\/td><\/tr><tr><td><p class=\"urun-ic-p7\">5 kg, 6 kg veya 10 kg\u2019lik kolilerde ambalajl\u0131<\/p><\/td><\/tr><\/tbody><\/table><p><br \/><br \/><\/p>\t\t\t\t\t\t\t\t<\/div>\n\t\t\t\t<\/div>\n\t\t\t\t\t<\/div>\n\t\t\t\t<\/div>\n\t\t\t\t<\/div>\n\t\t","protected":false},"excerpt":{"rendered":"<p>\u00c7\u0130PURA \u00c7ipura Latince \u0130smi: SPARUS AURATA B\u00fct\u00fcn \u00c7ipura (Whole Round) \u0130\u00e7i Temizlenmi\u015f B\u00fct\u00fcn \u00c7ipura (Whole Gutted) \u00c7ipura Fileto \/ Derili \/ Pulsuz \/ Derisiz (Fillets) Taze\/So\u011futulmu\u015f &amp; Dondurulmu\u015f Boylar : 200\/300; 300\/400; 400\/600; 600\/800; 800\/1000; 1000 + 5 kg, 6 kg veya 10 kg\u2019lik kolilerde ambalajl\u0131<\/p>\n","protected":false},"author":1,"featured_media":0,"parent":0,"menu_order":0,"comment_status":"closed","ping_status":"closed","template":"elementor_header_footer","meta":{"footnotes":""},"class_list":["post-1176","page","type-page","status-publish","hentry"],"_links":{"self":[{"href":"https:\/\/windmedya.net\/sagun\/index.php\/wp-json\/wp\/v2\/pages\/1176","targetHints":{"allow":["GET"]}}],"collection":[{"href":"https:\/\/windmedya.net\/sagun\/index.php\/wp-json\/wp\/v2\/pages"}],"about":[{"href":"https:\/\/windmedya.net\/sagun\/index.php\/wp-json\/wp\/v2\/types\/page"}],"author":[{"embeddable":true,"href":"https:\/\/windmedya.net\/sagun\/index.php\/wp-json\/wp\/v2\/users\/1"}],"replies":[{"embeddable":true,"href":"https:\/\/windmedya.net\/sagun\/index.php\/wp-json\/wp\/v2\/comments?post=1176"}],"version-history":[{"count":6,"href":"https:\/\/windmedya.net\/sagun\/index.php\/wp-json\/wp\/v2\/pages\/1176\/revisions"}],"predecessor-version":[{"id":3157,"href":"https:\/\/windmedya.net\/sagun\/index.php\/wp-json\/wp\/v2\/pages\/1176\/revisions\/3157"}],"wp:attachment":[{"href":"https:\/\/windmedya.net\/sagun\/index.php\/wp-json\/wp\/v2\/media?parent=1176"}],"curies":[{"name":"wp","href":"https:\/\/api.w.org\/{rel}","templated":true}]}}