{"id":1131,"date":"2025-11-11T09:10:42","date_gmt":"2025-11-11T09:10:42","guid":{"rendered":"https:\/\/windmedya.net\/sagun\/?page_id=1131"},"modified":"2025-12-29T08:42:49","modified_gmt":"2025-12-29T08:42:49","slug":"tunusia","status":"publish","type":"page","link":"https:\/\/windmedya.net\/sagun\/index.php\/tunusia\/","title":{"rendered":"Sagun Tunusia"},"content":{"rendered":"\t\t<div data-elementor-type=\"wp-page\" data-elementor-id=\"1131\" class=\"elementor elementor-1131\" data-elementor-settings=\"{&quot;ha_cmc_init_switcher&quot;:&quot;no&quot;}\" data-elementor-post-type=\"page\">\n\t\t\t\t<div class=\"elementor-element elementor-element-5d8388d4 e-flex e-con-boxed e-con e-parent\" data-id=\"5d8388d4\" data-element_type=\"container\" data-settings=\"{&quot;background_background&quot;:&quot;classic&quot;,&quot;_ha_eqh_enable&quot;:false}\">\n\t\t\t\t\t<div class=\"e-con-inner\">\n\t\t<div class=\"elementor-element elementor-element-58ab2f46 e-con-full e-flex e-con e-child\" data-id=\"58ab2f46\" data-element_type=\"container\" data-settings=\"{&quot;_ha_eqh_enable&quot;:false}\">\n\t\t\t\t<div class=\"elementor-element elementor-element-8b56274 elementor-widget elementor-widget-image\" data-id=\"8b56274\" data-element_type=\"widget\" data-widget_type=\"image.default\">\n\t\t\t\t\t\t\t\t\t\t\t\t\t\t\t<img fetchpriority=\"high\" decoding=\"async\" width=\"242\" height=\"232\" src=\"https:\/\/windmedya.net\/sagun\/wp-content\/uploads\/2025\/12\/sagun-tunisia-yuvarlak-1.png\" class=\"attachment-full size-full wp-image-3066\" alt=\"\" \/>\t\t\t\t\t\t\t\t\t\t\t\t\t\t\t<\/div>\n\t\t\t\t<\/div>\n\t\t\t\t\t<\/div>\n\t\t\t\t<\/div>\n\t\t<div class=\"elementor-element elementor-element-81d4cf2 e-flex e-con-boxed e-con e-parent\" data-id=\"81d4cf2\" data-element_type=\"container\" data-settings=\"{&quot;_ha_eqh_enable&quot;:false}\">\n\t\t\t\t\t<div class=\"e-con-inner\">\n\t\t\t\t<div class=\"elementor-element elementor-element-c25f2cf elementor-widget elementor-widget-heading\" data-id=\"c25f2cf\" data-element_type=\"widget\" data-widget_type=\"heading.default\">\n\t\t\t\t\t<h2 class=\"elementor-heading-title elementor-size-default\">SAGUN TUNISIA<\/h2>\t\t\t\t<\/div>\n\t\t\t\t<div class=\"elementor-element elementor-element-9a06644 elementor-widget__width-initial elementor-widget elementor-widget-text-editor\" data-id=\"9a06644\" data-element_type=\"widget\" data-widget_type=\"text-editor.default\">\n\t\t\t\t\t\t\t\t\t<p>Group Sagun, Tunus\u2019ta orkinos besicili\u011fi faaliyetlerini y\u00fcr\u00fctmek \u00fczere Sagun Tunusia firmas\u0131n\u0131 kurarak, Akdeniz\u2019deki s\u00fcrd\u00fcr\u00fclebilir \u00fcretim kapasitesini uluslararas\u0131 boyuta ta\u015f\u0131m\u0131\u015ft\u0131r. B\u00f6lgedeki g\u00fc\u00e7l\u00fc altyap\u0131s\u0131 ve deneyimli ekibiyle Sagun Tunusia, hem kalite hem de verimlilik odakl\u0131 \u00fcretim anlay\u0131\u015f\u0131yla global pazarlarda T\u00fcrkiye\u2019nin su\u00a0 \u00fcr\u00fcnlerindeki \u00fcretim g\u00fcc\u00fcn\u00fc temsil etmektedir.<\/p>\t\t\t\t\t\t\t\t<\/div>\n\t\t\t\t\t<\/div>\n\t\t\t\t<\/div>\n\t\t<div class=\"elementor-element elementor-element-b16740a e-con-full e-flex e-con e-parent\" data-id=\"b16740a\" data-element_type=\"container\" data-settings=\"{&quot;_ha_eqh_enable&quot;:false}\">\n\t\t\t\t<div class=\"elementor-element elementor-element-6027459 elementor-widget elementor-widget-google_maps\" data-id=\"6027459\" data-element_type=\"widget\" data-widget_type=\"google_maps.default\">\n\t\t\t\t\t\t\t<div class=\"elementor-custom-embed\">\n\t\t\t<iframe loading=\"lazy\"\n\t\t\t\t\tsrc=\"https:\/\/maps.google.com\/maps?q=Tunisia&#038;t=m&#038;z=14&#038;output=embed&#038;iwloc=near\"\n\t\t\t\t\ttitle=\"Tunisia\"\n\t\t\t\t\taria-label=\"Tunisia\"\n\t\t\t><\/iframe>\n\t\t<\/div>\n\t\t\t\t\t\t<\/div>\n\t\t\t\t<\/div>\n\t\t\t\t<\/div>\n\t\t","protected":false},"excerpt":{"rendered":"<p>SAGUN TUNISIA Group Sagun, Tunus\u2019ta orkinos besicili\u011fi faaliyetlerini y\u00fcr\u00fctmek \u00fczere Sagun Tunusia firmas\u0131n\u0131 kurarak, Akdeniz\u2019deki s\u00fcrd\u00fcr\u00fclebilir \u00fcretim kapasitesini uluslararas\u0131 boyuta ta\u015f\u0131m\u0131\u015ft\u0131r. B\u00f6lgedeki g\u00fc\u00e7l\u00fc altyap\u0131s\u0131 ve deneyimli ekibiyle Sagun Tunusia, hem kalite hem de verimlilik odakl\u0131 \u00fcretim anlay\u0131\u015f\u0131yla global pazarlarda T\u00fcrkiye\u2019nin su\u00a0 \u00fcr\u00fcnlerindeki \u00fcretim g\u00fcc\u00fcn\u00fc temsil etmektedir.<\/p>\n","protected":false},"author":1,"featured_media":0,"parent":0,"menu_order":0,"comment_status":"closed","ping_status":"closed","template":"elementor_header_footer","meta":{"footnotes":""},"class_list":["post-1131","page","type-page","status-publish","hentry"],"_links":{"self":[{"href":"https:\/\/windmedya.net\/sagun\/index.php\/wp-json\/wp\/v2\/pages\/1131","targetHints":{"allow":["GET"]}}],"collection":[{"href":"https:\/\/windmedya.net\/sagun\/index.php\/wp-json\/wp\/v2\/pages"}],"about":[{"href":"https:\/\/windmedya.net\/sagun\/index.php\/wp-json\/wp\/v2\/types\/page"}],"author":[{"embeddable":true,"href":"https:\/\/windmedya.net\/sagun\/index.php\/wp-json\/wp\/v2\/users\/1"}],"replies":[{"embeddable":true,"href":"https:\/\/windmedya.net\/sagun\/index.php\/wp-json\/wp\/v2\/comments?post=1131"}],"version-history":[{"count":41,"href":"https:\/\/windmedya.net\/sagun\/index.php\/wp-json\/wp\/v2\/pages\/1131\/revisions"}],"predecessor-version":[{"id":3069,"href":"https:\/\/windmedya.net\/sagun\/index.php\/wp-json\/wp\/v2\/pages\/1131\/revisions\/3069"}],"wp:attachment":[{"href":"https:\/\/windmedya.net\/sagun\/index.php\/wp-json\/wp\/v2\/media?parent=1131"}],"curies":[{"name":"wp","href":"https:\/\/api.w.org\/{rel}","templated":true}]}}