{"id":1075,"date":"2025-11-10T12:53:25","date_gmt":"2025-11-10T12:53:25","guid":{"rendered":"https:\/\/windmedya.net\/sagun\/?page_id=1075"},"modified":"2025-12-29T11:09:40","modified_gmt":"2025-12-29T11:09:40","slug":"marine","status":"publish","type":"page","link":"https:\/\/windmedya.net\/sagun\/index.php\/marine\/","title":{"rendered":"Sagun Marine"},"content":{"rendered":"\t\t<div data-elementor-type=\"wp-page\" data-elementor-id=\"1075\" class=\"elementor elementor-1075\" data-elementor-settings=\"{&quot;ha_cmc_init_switcher&quot;:&quot;no&quot;}\" data-elementor-post-type=\"page\">\n\t\t\t\t<div class=\"elementor-element elementor-element-436ff6e e-flex e-con-boxed e-con e-parent\" data-id=\"436ff6e\" data-element_type=\"container\" data-settings=\"{&quot;background_background&quot;:&quot;classic&quot;,&quot;_ha_eqh_enable&quot;:false}\">\n\t\t\t\t\t<div class=\"e-con-inner\">\n\t\t<div class=\"elementor-element elementor-element-f2bba6a e-con-full e-flex e-con e-child\" data-id=\"f2bba6a\" data-element_type=\"container\" data-settings=\"{&quot;_ha_eqh_enable&quot;:false}\">\n\t\t\t\t<div class=\"elementor-element elementor-element-5aa527e elementor-invisible elementor-widget elementor-widget-image\" data-id=\"5aa527e\" data-element_type=\"widget\" data-settings=\"{&quot;_animation&quot;:&quot;fadeIn&quot;}\" data-widget_type=\"image.default\">\n\t\t\t\t\t\t\t\t\t\t\t\t\t\t\t<img fetchpriority=\"high\" decoding=\"async\" width=\"300\" height=\"308\" src=\"https:\/\/windmedya.net\/sagun\/wp-content\/uploads\/2025\/12\/sagun-marine-018138-new.png\" class=\"attachment-full size-full wp-image-2991\" alt=\"\" srcset=\"https:\/\/windmedya.net\/sagun\/wp-content\/uploads\/2025\/12\/sagun-marine-018138-new.png 300w, https:\/\/windmedya.net\/sagun\/wp-content\/uploads\/2025\/12\/sagun-marine-018138-new-292x300.png 292w\" sizes=\"(max-width: 300px) 100vw, 300px\" \/>\t\t\t\t\t\t\t\t\t\t\t\t\t\t\t<\/div>\n\t\t\t\t<\/div>\n\t\t\t\t\t<\/div>\n\t\t\t\t<\/div>\n\t\t<div class=\"elementor-element elementor-element-15b6963 e-flex e-con-boxed e-con e-parent\" data-id=\"15b6963\" data-element_type=\"container\" data-settings=\"{&quot;_ha_eqh_enable&quot;:false}\">\n\t\t\t\t\t<div class=\"e-con-inner\">\n\t\t\t\t<div class=\"elementor-element elementor-element-08a64a6 elementor-widget elementor-widget-heading\" data-id=\"08a64a6\" data-element_type=\"widget\" data-widget_type=\"heading.default\">\n\t\t\t\t\t<h2 class=\"elementor-heading-title elementor-size-default\">SAGUN MARINE<\/h2>\t\t\t\t<\/div>\n\t\t\t\t<div class=\"elementor-element elementor-element-d251d79 elementor-widget__width-initial elementor-widget elementor-widget-text-editor\" data-id=\"d251d79\" data-element_type=\"widget\" data-widget_type=\"text-editor.default\">\n\t\t\t\t\t\t\t\t\t<p>Sagun Marine Denizcilik ve Gemi \u0130\u015fletmecili\u011fi A.\u015e., Group Sagun b\u00fcnyesinde bulunan i\u015fleme ve frigorifik y\u00fck gemisinin i\u015fletilmesi amac\u0131yla 2025 y\u0131l\u0131nda kurulmu\u015ftur.<\/p>\t\t\t\t\t\t\t\t<\/div>\n\t\t\t\t\t<\/div>\n\t\t\t\t<\/div>\n\t\t<div class=\"elementor-element elementor-element-b16740a e-con-full e-flex e-con e-parent\" data-id=\"b16740a\" data-element_type=\"container\" data-settings=\"{&quot;_ha_eqh_enable&quot;:false}\">\n\t\t\t\t<div class=\"elementor-element elementor-element-6027459 elementor-widget elementor-widget-google_maps\" data-id=\"6027459\" data-element_type=\"widget\" data-widget_type=\"google_maps.default\">\n\t\t\t\t\t\t\t<div class=\"elementor-custom-embed\">\n\t\t\t<iframe loading=\"lazy\"\n\t\t\t\t\tsrc=\"https:\/\/maps.google.com\/maps?q=Group%20Sagun&#038;t=m&#038;z=14&#038;output=embed&#038;iwloc=near\"\n\t\t\t\t\ttitle=\"Group Sagun\"\n\t\t\t\t\taria-label=\"Group Sagun\"\n\t\t\t><\/iframe>\n\t\t<\/div>\n\t\t\t\t\t\t<\/div>\n\t\t\t\t<\/div>\n\t\t\t\t<\/div>\n\t\t","protected":false},"excerpt":{"rendered":"<p>SAGUN MARINE Sagun Marine Denizcilik ve Gemi \u0130\u015fletmecili\u011fi A.\u015e., Group Sagun b\u00fcnyesinde bulunan i\u015fleme ve frigorifik y\u00fck gemisinin i\u015fletilmesi amac\u0131yla 2025 y\u0131l\u0131nda kurulmu\u015ftur.<\/p>\n","protected":false},"author":1,"featured_media":0,"parent":0,"menu_order":0,"comment_status":"closed","ping_status":"closed","template":"elementor_header_footer","meta":{"footnotes":""},"class_list":["post-1075","page","type-page","status-publish","hentry"],"_links":{"self":[{"href":"https:\/\/windmedya.net\/sagun\/index.php\/wp-json\/wp\/v2\/pages\/1075","targetHints":{"allow":["GET"]}}],"collection":[{"href":"https:\/\/windmedya.net\/sagun\/index.php\/wp-json\/wp\/v2\/pages"}],"about":[{"href":"https:\/\/windmedya.net\/sagun\/index.php\/wp-json\/wp\/v2\/types\/page"}],"author":[{"embeddable":true,"href":"https:\/\/windmedya.net\/sagun\/index.php\/wp-json\/wp\/v2\/users\/1"}],"replies":[{"embeddable":true,"href":"https:\/\/windmedya.net\/sagun\/index.php\/wp-json\/wp\/v2\/comments?post=1075"}],"version-history":[{"count":33,"href":"https:\/\/windmedya.net\/sagun\/index.php\/wp-json\/wp\/v2\/pages\/1075\/revisions"}],"predecessor-version":[{"id":3137,"href":"https:\/\/windmedya.net\/sagun\/index.php\/wp-json\/wp\/v2\/pages\/1075\/revisions\/3137"}],"wp:attachment":[{"href":"https:\/\/windmedya.net\/sagun\/index.php\/wp-json\/wp\/v2\/media?parent=1075"}],"curies":[{"name":"wp","href":"https:\/\/api.w.org\/{rel}","templated":true}]}}