{"id":1022,"date":"2025-11-10T11:30:15","date_gmt":"2025-11-10T11:30:15","guid":{"rendered":"https:\/\/windmedya.net\/sagun\/?page_id=1022"},"modified":"2025-12-29T12:15:47","modified_gmt":"2025-12-29T12:15:47","slug":"ogulcan-kemal-sagun","status":"publish","type":"page","link":"https:\/\/windmedya.net\/sagun\/index.php\/ogulcan-kemal-sagun\/","title":{"rendered":"O\u011fulcan Kemal Sagun"},"content":{"rendered":"\t\t<div data-elementor-type=\"wp-page\" data-elementor-id=\"1022\" class=\"elementor elementor-1022\" data-elementor-settings=\"{&quot;ha_cmc_init_switcher&quot;:&quot;no&quot;}\" data-elementor-post-type=\"page\">\n\t\t\t\t<div class=\"elementor-element elementor-element-1fbc4e2 e-flex e-con-boxed elementor-invisible e-con e-parent\" data-id=\"1fbc4e2\" data-element_type=\"container\" data-settings=\"{&quot;background_background&quot;:&quot;classic&quot;,&quot;animation&quot;:&quot;slideInDown&quot;,&quot;_ha_eqh_enable&quot;:false}\">\n\t\t\t\t\t<div class=\"e-con-inner\">\n\t\t<div class=\"elementor-element elementor-element-50f3eab e-con-full e-flex e-con e-child\" data-id=\"50f3eab\" data-element_type=\"container\" data-settings=\"{&quot;_ha_eqh_enable&quot;:false}\">\n\t\t\t\t<div class=\"elementor-element elementor-element-50bd1c3 elementor-widget elementor-widget-heading\" data-id=\"50bd1c3\" data-element_type=\"widget\" data-widget_type=\"heading.default\">\n\t\t\t\t\t<h2 class=\"elementor-heading-title elementor-size-default\">O\u011eULCAN KEMAL SAGUN<\/h2>\t\t\t\t<\/div>\n\t\t\t\t<\/div>\n\t\t\t\t\t<\/div>\n\t\t\t\t<\/div>\n\t\t<div class=\"elementor-element elementor-element-6251e8f e-flex e-con-boxed elementor-invisible e-con e-parent\" data-id=\"6251e8f\" data-element_type=\"container\" data-settings=\"{&quot;animation&quot;:&quot;slideInUp&quot;,&quot;_ha_eqh_enable&quot;:false}\">\n\t\t\t\t\t<div class=\"e-con-inner\">\n\t\t\t\t<div class=\"elementor-element elementor-element-bbc8010 elementor-widget elementor-widget-heading\" data-id=\"bbc8010\" data-element_type=\"widget\" data-widget_type=\"heading.default\">\n\t\t\t\t\t<h2 class=\"elementor-heading-title elementor-size-default\">O\u011fulcan Kemal Sagun<\/h2>\t\t\t\t<\/div>\n\t\t\t\t<div class=\"elementor-element elementor-element-9dc359e elementor-widget__width-initial elementor-widget elementor-widget-text-editor\" data-id=\"9dc359e\" data-element_type=\"widget\" data-widget_type=\"text-editor.default\">\n\t\t\t\t\t\t\t\t\t<p>1991 y\u0131l\u0131nda \u0130stanbul\u2019da do\u011fan O\u011fulcan Kemal Sagun, lise \u00f6\u011fretimini Saint-Joseph Frans\u0131z Lisesi&#8217;nde tamamlad\u0131ktan sonra 2014 y\u0131l\u0131nda Sabanc\u0131 \u00dcniversitesi Ekonomi B\u00f6l\u00fcm\u00fcnden mezun olmu\u015ftur. \u00dcniversite mezuniyetinin ard\u0131ndan Ege \u00dcniversitesi\u2019nde Su \u00dcr\u00fcnleri \u0130\u015fletmecili\u011finde y\u00fcksek lisans\u0131n\u0131 ve doktoras\u0131n\u0131 tamamlam\u0131\u015ft\u0131r. Group Sagun Y\u00f6netim Kurulu Ba\u015fkan Yard\u0131mc\u0131l\u0131\u011f\u0131 g\u00f6revini y\u00fcr\u00fcten O\u011fulcan Kemal Sagun, ayn\u0131 zamanda \u0130stanbul Su \u00dcr\u00fcnleri ve Hayvansal Mam\u00fcller \u0130hracat\u00e7\u0131lar\u0131 Birli\u011fi Y\u00f6netim Kurulu Ba\u015fkan Yard\u0131mc\u0131s\u0131 olarak g\u00f6rev almaktad\u0131r.<\/p>\t\t\t\t\t\t\t\t<\/div>\n\t\t\t\t\t<\/div>\n\t\t\t\t<\/div>\n\t\t\t\t<\/div>\n\t\t","protected":false},"excerpt":{"rendered":"<p>O\u011eULCAN KEMAL SAGUN O\u011fulcan Kemal Sagun 1991 y\u0131l\u0131nda \u0130stanbul\u2019da do\u011fan O\u011fulcan Kemal Sagun, lise \u00f6\u011fretimini Saint-Joseph Frans\u0131z Lisesi&#8217;nde tamamlad\u0131ktan sonra 2014 y\u0131l\u0131nda Sabanc\u0131 \u00dcniversitesi Ekonomi B\u00f6l\u00fcm\u00fcnden mezun olmu\u015ftur. \u00dcniversite mezuniyetinin ard\u0131ndan Ege \u00dcniversitesi\u2019nde Su \u00dcr\u00fcnleri \u0130\u015fletmecili\u011finde y\u00fcksek lisans\u0131n\u0131 ve doktoras\u0131n\u0131 tamamlam\u0131\u015ft\u0131r. Group Sagun Y\u00f6netim Kurulu Ba\u015fkan Yard\u0131mc\u0131l\u0131\u011f\u0131 g\u00f6revini y\u00fcr\u00fcten O\u011fulcan Kemal Sagun, ayn\u0131 zamanda \u0130stanbul [&hellip;]<\/p>\n","protected":false},"author":1,"featured_media":0,"parent":0,"menu_order":0,"comment_status":"closed","ping_status":"closed","template":"elementor_header_footer","meta":{"footnotes":""},"class_list":["post-1022","page","type-page","status-publish","hentry"],"_links":{"self":[{"href":"https:\/\/windmedya.net\/sagun\/index.php\/wp-json\/wp\/v2\/pages\/1022","targetHints":{"allow":["GET"]}}],"collection":[{"href":"https:\/\/windmedya.net\/sagun\/index.php\/wp-json\/wp\/v2\/pages"}],"about":[{"href":"https:\/\/windmedya.net\/sagun\/index.php\/wp-json\/wp\/v2\/types\/page"}],"author":[{"embeddable":true,"href":"https:\/\/windmedya.net\/sagun\/index.php\/wp-json\/wp\/v2\/users\/1"}],"replies":[{"embeddable":true,"href":"https:\/\/windmedya.net\/sagun\/index.php\/wp-json\/wp\/v2\/comments?post=1022"}],"version-history":[{"count":24,"href":"https:\/\/windmedya.net\/sagun\/index.php\/wp-json\/wp\/v2\/pages\/1022\/revisions"}],"predecessor-version":[{"id":3254,"href":"https:\/\/windmedya.net\/sagun\/index.php\/wp-json\/wp\/v2\/pages\/1022\/revisions\/3254"}],"wp:attachment":[{"href":"https:\/\/windmedya.net\/sagun\/index.php\/wp-json\/wp\/v2\/media?parent=1022"}],"curies":[{"name":"wp","href":"https:\/\/api.w.org\/{rel}","templated":true}]}}